{"id":85,"date":"2017-01-30T19:07:29","date_gmt":"2017-01-30T19:07:29","guid":{"rendered":"http:\/\/www.sotograndeguide.com\/?page_id=85"},"modified":"2021-02-15T19:18:41","modified_gmt":"2021-02-15T19:18:41","slug":"sotogrande-strande","status":"publish","type":"page","link":"https:\/\/www.sotograndeguide.com\/de\/sotogrande-beaches\/","title":{"rendered":"Sotogrande Str\u00e4nde"},"content":{"rendered":"<p>In und um Sotogrande finden Sie einige wundersch\u00f6ne Str\u00e4nde, darunter <a href=\"https:\/\/www.sotograndeguide.com\/de\/sotogrande-strande\/der-strand-la-reserva-club\/\"><em>Der Strand<\/em> im Club La Reserva<\/a>Ein k\u00fcnstlich angelegter Strand und eine Lagune in der exklusiven Gated Community La Reserva. Einige breit und lang und andere kleiner und gem\u00fctlicher. Ganz gleich, ob Sie einen Ort zum Entspannen suchen oder einen langen Spaziergang mit spektakul\u00e4rem Blick auf Gibraltar und das Mittelmeer unternehmen m\u00f6chten, es gibt einen Strand f\u00fcr Sie. Zu den Str\u00e4nden in der N\u00e4he von Sotogrande geh\u00f6ren:<\/p>\n<h2>Sotogrande Hafen Strand<\/h2>\n<p>Der Strand des Hafens von Sotogrande befindet sich neben dem <a href=\"https:\/\/www.sotograndeguide.com\/de\/sotogrande-strande\/el-octogono\/\">Strandclub Oct\u00f3gono<\/a> am Paseo del Mar. In der N\u00e4he gibt es eine Reihe von Restaurants und Bars, darunter die beliebte Gigi's Beach Bar und das Restaurant sowie die typische spanische Strandbude <a href=\"https:\/\/www.sotograndeguide.com\/de\/sotogrande-strande\/chiringuito-altamar\/\">Chiringuito Altamar<\/a>.<\/p>\n<p>L\u00e4nge: 500 Meter<br \/>\nDurchschnittliche Breite: 70 Meter<br \/>\nParkplatz: 100 Pl\u00e4tze<\/p>\n<h2>Torreguadiaro Strand<\/h2>\n<p><img decoding=\"async\" class=\"alignnone size-full wp-image-35270\" src=\"https:\/\/www.sotograndeguide.com\/wp-content\/uploads\/2019\/07\/Torreguadiaro-Beach.jpeg\" alt=\"Torreguadiaro Strand\" width=\"1180\" height=\"846\" srcset=\"https:\/\/www.sotograndeguide.com\/wp-content\/uploads\/2019\/07\/Torreguadiaro-Beach.jpeg 1180w, https:\/\/www.sotograndeguide.com\/wp-content\/uploads\/2019\/07\/Torreguadiaro-Beach-300x215.jpeg 300w, https:\/\/www.sotograndeguide.com\/wp-content\/uploads\/2019\/07\/Torreguadiaro-Beach-768x551.jpeg 768w, https:\/\/www.sotograndeguide.com\/wp-content\/uploads\/2019\/07\/Torreguadiaro-Beach-1024x734.jpeg 1024w\" sizes=\"(max-width: 1180px) 100vw, 1180px\" \/><\/p>\n<p>Der Strand Torreguadiaro (auch bekannt als Playa de las Conchas) ist einer der belebtesten Str\u00e4nde in Sotogrande. Der Strand hat feinen Sand und einige kleine Steine. Der Strand befindet sich am Eingang des Hafens von Sotogrande und erstreckt sich in Richtung Torreguadiaro, wo Sie die <a href=\"https:\/\/www.sotograndeguide.com\/de\/sotogrande-strande\/chambao\/\">Strandbar Chambao<\/a> sowie die <a href=\"https:\/\/www.sotograndeguide.com\/de\/sotogrande-strande\/bahia-limon-chiringochill\/\">Bahia Limon chiringuito<\/a>.<\/p>\n<p>L\u00e4nge: 1.300 Meter<br \/>\nDurchschnittliche Breite: 60 Meter<br \/>\nParkplatz: 300 Pl\u00e4tze<\/p>\n<h2>Alcaidesa Strand<\/h2>\n<p>Die Alcaidesa-Str\u00e4nde von Torrecarbonera und Hacienda geh\u00f6ren zu den nat\u00fcrlichsten und rustikalsten Umgebungen in und um Sotogrande. Der Strand von Alcaidesa tr\u00e4gt die blaue Flagge f\u00fcr sein sauberes Wasser. Es gibt auch einen Teil des Strandes, der offiziell als FKK-Strand ausgewiesen ist.<\/p>\n<p>L\u00e4nge: 840 Meter<br \/>\nDurchschnittliche Breite: 70 Meter<br \/>\nParkplatz: 100 Pl\u00e4tze<\/p>\n<h2>Strand Cala Sardina<\/h2>\n<p>Der Strand Cala Sardina (auch bekannt als Playa El Cabrero oder Cala Taraje) ist ein unber\u00fchrter Strand mit dunklem, feinem Sand. Der Strand ist recht abgelegen und das ganze Jahr \u00fcber gut besucht.<\/p>\n<p>L\u00e4nge: 900 Meter<br \/>\nDurchschnittliche Breite: 60 Meter<br \/>\nParkplatz: 100 Pl\u00e4tze<\/p>\n<h2>Strand von Sotogrande<\/h2>\n<p>Der als Strand von Sotogrande oder Guadaquit\u00f3n und Borondo bekannte Strand befindet sich am Paseo del Parque neben dem Tennisclub. Der Strand beginnt am Fluss Guadiaro und erstreckt sich bis zum Leuchtturm Faro de Carbonera. Dieser Strand ist ideal f\u00fcr einen langen Spaziergang. Hier finden Sie die beliebten Strandbars <a href=\"https:\/\/www.sotograndeguide.com\/de\/restaurants-in-sotogrande\/trocadero\/\">Trocadero<\/a> und <a href=\"https:\/\/www.sotograndeguide.com\/de\/sotogrande-strande\/bunker-beach-club\/\">Bunker Strand<\/a>.<\/p>\n<p>L\u00e4nge: 5450 Meter<br \/>\nDurchschnittliche Breite: 70 Meter<br \/>\nParkplatz: 100 Pl\u00e4tze<\/p>\n<p><a href=\"https:\/\/www.sotograndeguide.com\/de\/strandclubs-von-sotogrande\/\">Bevor Sie sich an den Strand begeben, lesen Sie unseren F\u00fchrer zu allen Strandbars und Beachclubs in und um Sotogrande<\/a>.<\/p>","protected":false},"excerpt":{"rendered":"<p>In und um Sotogrande finden Sie einige wunderbare Str\u00e4nde, darunter The Beach im La Reserva Club, ein k\u00fcnstlich angelegter Strand und eine Lagune in der exklusiven Wohnanlage von La Reserva. Einige sind breit und lang, andere kleiner und gem\u00fctlicher. Ob Sie nun einen Ort zum Entspannen oder f\u00fcr einen langen Spaziergang suchen ... <a title=\"Sotogrande Str\u00e4nde\" class=\"read-more\" href=\"https:\/\/www.sotograndeguide.com\/de\/sotogrande-beaches\/\" aria-label=\"Mehr Informationen \u00fcber die Str\u00e4nde von Sotogrande\">Mehr lesen<\/a><\/p>","protected":false},"author":1,"featured_media":33164,"parent":0,"menu_order":0,"comment_status":"closed","ping_status":"closed","template":"","meta":{"footnotes":""},"class_list":["post-85","page","type-page","status-publish","has-post-thumbnail"],"yoast_head":"<!-- This site is optimized with the Yoast SEO Premium plugin v20.5 (Yoast SEO v27.5) - https:\/\/yoast.com\/product\/yoast-seo-premium-wordpress\/ -->\n<title>Sotogrande Beaches: The Complete Guide - Sotogrande Guide<\/title>\n<meta name=\"description\" content=\"In and around Sotogrande you will find some wonderful beaches, our guide provides a comprehensive overview of every single beach in the Sotogrande area.\" \/>\n<meta name=\"robots\" content=\"index, follow, max-snippet:-1, max-image-preview:large, max-video-preview:-1\" \/>\n<link rel=\"canonical\" href=\"https:\/\/www.sotograndeguide.com\/de\/sotogrande-strande\/\" \/>\n<meta property=\"og:locale\" content=\"de_DE\" \/>\n<meta property=\"og:type\" content=\"article\" \/>\n<meta property=\"og:title\" content=\"Sotogrande Beaches\" \/>\n<meta property=\"og:description\" content=\"In and around Sotogrande you will find some wonderful beaches, our guide provides a comprehensive overview of every single beach in the Sotogrande area.\" \/>\n<meta property=\"og:url\" content=\"https:\/\/www.sotograndeguide.com\/de\/sotogrande-strande\/\" \/>\n<meta property=\"og:site_name\" content=\"Sotogrande Guide\" \/>\n<meta property=\"article:publisher\" content=\"https:\/\/www.facebook.com\/sotograndeguide\" \/>\n<meta property=\"article:modified_time\" content=\"2021-02-15T19:18:41+00:00\" \/>\n<meta property=\"og:image\" content=\"https:\/\/www.sotograndeguide.com\/wp-content\/uploads\/2017\/02\/Bunker-Beach-Club-Sotogrande.jpg\" \/>\n\t<meta property=\"og:image:width\" content=\"1766\" \/>\n\t<meta property=\"og:image:height\" content=\"1074\" \/>\n\t<meta property=\"og:image:type\" content=\"image\/jpeg\" \/>\n<meta name=\"twitter:card\" content=\"summary_large_image\" \/>\n<meta name=\"twitter:site\" content=\"@sotograndeguide\" \/>\n<meta name=\"twitter:label1\" content=\"Gesch\u00e4tzte Lesezeit\" \/>\n\t<meta name=\"twitter:data1\" content=\"2\u00a0Minuten\" \/>\n<!-- \/ Yoast SEO Premium plugin. -->","yoast_head_json":{"title":"Die Str\u00e4nde von Sotogrande: Der komplette Leitfaden - Sotogrande Reisef\u00fchrer","description":"In und um Sotogrande finden Sie einige wundersch\u00f6ne Str\u00e4nde. Unser Reisef\u00fchrer bietet einen umfassenden \u00dcberblick \u00fcber jeden einzelnen Strand in der Umgebung von Sotogrande.","robots":{"index":"index","follow":"follow","max-snippet":"max-snippet:-1","max-image-preview":"max-image-preview:large","max-video-preview":"max-video-preview:-1"},"canonical":"https:\/\/www.sotograndeguide.com\/de\/sotogrande-strande\/","og_locale":"de_DE","og_type":"article","og_title":"Sotogrande Beaches","og_description":"In and around Sotogrande you will find some wonderful beaches, our guide provides a comprehensive overview of every single beach in the Sotogrande area.","og_url":"https:\/\/www.sotograndeguide.com\/de\/sotogrande-strande\/","og_site_name":"Sotogrande Guide","article_publisher":"https:\/\/www.facebook.com\/sotograndeguide","article_modified_time":"2021-02-15T19:18:41+00:00","og_image":[{"width":1766,"height":1074,"url":"https:\/\/www.sotograndeguide.com\/wp-content\/uploads\/2017\/02\/Bunker-Beach-Club-Sotogrande.jpg","type":"image\/jpeg"}],"twitter_card":"summary_large_image","twitter_site":"@sotograndeguide","twitter_misc":{"Gesch\u00e4tzte Lesezeit":"2\u00a0Minuten"},"schema":{"@context":"https:\/\/schema.org","@graph":[{"@type":"WebPage","@id":"https:\/\/www.sotograndeguide.com\/sotogrande-beaches\/","url":"https:\/\/www.sotograndeguide.com\/sotogrande-beaches\/","name":"Die Str\u00e4nde von Sotogrande: Der komplette Leitfaden - Sotogrande Reisef\u00fchrer","isPartOf":{"@id":"https:\/\/www.sotograndeguide.com\/#website"},"primaryImageOfPage":{"@id":"https:\/\/www.sotograndeguide.com\/sotogrande-beaches\/#primaryimage"},"image":{"@id":"https:\/\/www.sotograndeguide.com\/sotogrande-beaches\/#primaryimage"},"thumbnailUrl":"https:\/\/www.sotograndeguide.com\/wp-content\/uploads\/2017\/02\/Bunker-Beach-Club-Sotogrande.jpg","datePublished":"2017-01-30T19:07:29+00:00","dateModified":"2021-02-15T19:18:41+00:00","description":"In und um Sotogrande finden Sie einige wundersch\u00f6ne Str\u00e4nde. Unser Reisef\u00fchrer bietet einen umfassenden \u00dcberblick \u00fcber jeden einzelnen Strand in der Umgebung von Sotogrande.","breadcrumb":{"@id":"https:\/\/www.sotograndeguide.com\/sotogrande-beaches\/#breadcrumb"},"inLanguage":"de","potentialAction":[{"@type":"ReadAction","target":["https:\/\/www.sotograndeguide.com\/sotogrande-beaches\/"]}]},{"@type":"ImageObject","inLanguage":"de","@id":"https:\/\/www.sotograndeguide.com\/sotogrande-beaches\/#primaryimage","url":"https:\/\/www.sotograndeguide.com\/wp-content\/uploads\/2017\/02\/Bunker-Beach-Club-Sotogrande.jpg","contentUrl":"https:\/\/www.sotograndeguide.com\/wp-content\/uploads\/2017\/02\/Bunker-Beach-Club-Sotogrande.jpg","width":1766,"height":1074,"caption":"Bunker Beach Club Sotogrande"},{"@type":"BreadcrumbList","@id":"https:\/\/www.sotograndeguide.com\/sotogrande-beaches\/#breadcrumb","itemListElement":[{"@type":"ListItem","position":1,"name":"Home","item":"https:\/\/www.sotograndeguide.com\/"},{"@type":"ListItem","position":2,"name":"Sotogrande Beaches"}]},{"@type":"WebSite","@id":"https:\/\/www.sotograndeguide.com\/#website","url":"https:\/\/www.sotograndeguide.com\/","name":"Sotogrande Reisef\u00fchrer","description":"Nachrichten, Tipps, Veranstaltungen und Rezensionen","publisher":{"@id":"https:\/\/www.sotograndeguide.com\/#organization"},"potentialAction":[{"@type":"SearchAction","target":{"@type":"EntryPoint","urlTemplate":"https:\/\/www.sotograndeguide.com\/?s={search_term_string}"},"query-input":{"@type":"PropertyValueSpecification","valueRequired":true,"valueName":"search_term_string"}}],"inLanguage":"de"},{"@type":"Organization","@id":"https:\/\/www.sotograndeguide.com\/#organization","name":"Sotogrande Reisef\u00fchrer","url":"https:\/\/www.sotograndeguide.com\/","logo":{"@type":"ImageObject","inLanguage":"de","@id":"https:\/\/www.sotograndeguide.com\/#\/schema\/logo\/image\/","url":"https:\/\/www.sotograndeguide.com\/wp-content\/uploads\/2017\/03\/Sotogrande-Logo-GUIDE.png","contentUrl":"https:\/\/www.sotograndeguide.com\/wp-content\/uploads\/2017\/03\/Sotogrande-Logo-GUIDE.png","width":300,"height":300,"caption":"Sotogrande Guide"},"image":{"@id":"https:\/\/www.sotograndeguide.com\/#\/schema\/logo\/image\/"},"sameAs":["https:\/\/www.facebook.com\/sotograndeguide","https:\/\/x.com\/sotograndeguide","https:\/\/www.tiktok.com\/@sotograndeguide","https:\/\/www.youtube.com\/@SotograndeGuide"]}]}},"jetpack_sharing_enabled":true,"_links":{"self":[{"href":"https:\/\/www.sotograndeguide.com\/de\/wp-json\/wp\/v2\/pages\/85","targetHints":{"allow":["GET"]}}],"collection":[{"href":"https:\/\/www.sotograndeguide.com\/de\/wp-json\/wp\/v2\/pages"}],"about":[{"href":"https:\/\/www.sotograndeguide.com\/de\/wp-json\/wp\/v2\/types\/page"}],"author":[{"embeddable":true,"href":"https:\/\/www.sotograndeguide.com\/de\/wp-json\/wp\/v2\/users\/1"}],"replies":[{"embeddable":true,"href":"https:\/\/www.sotograndeguide.com\/de\/wp-json\/wp\/v2\/comments?post=85"}],"version-history":[{"count":0,"href":"https:\/\/www.sotograndeguide.com\/de\/wp-json\/wp\/v2\/pages\/85\/revisions"}],"wp:featuredmedia":[{"embeddable":true,"href":"https:\/\/www.sotograndeguide.com\/de\/wp-json\/wp\/v2\/media\/33164"}],"wp:attachment":[{"href":"https:\/\/www.sotograndeguide.com\/de\/wp-json\/wp\/v2\/media?parent=85"}],"curies":[{"name":"wp","href":"https:\/\/api.w.org\/{rel}","templated":true}]}}