{"id":79,"date":"2017-01-30T19:05:53","date_gmt":"2017-01-30T19:05:53","guid":{"rendered":"http:\/\/www.sotograndeguide.com\/?page_id=79"},"modified":"2019-04-07T20:59:02","modified_gmt":"2019-04-07T20:59:02","slug":"sotogrande-friseure","status":"publish","type":"page","link":"https:\/\/www.sotograndeguide.com\/de\/sotogrande-hairdressers\/","title":{"rendered":"Sotogrande Friseure"},"content":{"rendered":"<p>Der vollst\u00e4ndige F\u00fchrer und das Verzeichnis der Friseure, Barbiere und Sch\u00f6nheitssalons in und um Sotogrande.<\/p>\n<div class=\"pt-cv-wrapper\"><div class=\"pt-cv-view pt-cv-grid pt-cv-colsys\" id=\"pt-cv-view-07ae014c0e\"><div data-id=\"pt-cv-page-1\" class=\"pt-cv-page\" data-cvc=\"2\"><div class=\"col-md-6 col-sm-6 col-xs-12 pt-cv-content-item pt-cv-1-col\"  data-pid=\"33381\"><div class='pt-cv-ifield'><a href=\"https:\/\/www.sotograndeguide.com\/de\/sotogrande-hairdressers\/versach-beauty-and-hair-salon\/\" class=\"_self pt-cv-href-thumbnail pt-cv-thumb-default cvplbd\" target=\"_self\" ><img decoding=\"async\" width=\"300\" height=\"200\" src=\"https:\/\/www.sotograndeguide.com\/wp-content\/uploads\/2018\/01\/Versach-Sotogrande-1-300x200.jpg\" class=\"pt-cv-thumbnail\" alt=\"Versach Sotogrande\" srcset=\"https:\/\/www.sotograndeguide.com\/wp-content\/uploads\/2018\/01\/Versach-Sotogrande-1-300x200.jpg 300w, https:\/\/www.sotograndeguide.com\/wp-content\/uploads\/2018\/01\/Versach-Sotogrande-1-768x512.jpg 768w, https:\/\/www.sotograndeguide.com\/wp-content\/uploads\/2018\/01\/Versach-Sotogrande-1.jpg 960w\" sizes=\"(max-width: 300px) 100vw, 300px\" \/><\/a>\n<h4 class=\"pt-cv-title\"><a href=\"https:\/\/www.sotograndeguide.com\/de\/sotogrande-hairdressers\/versach-beauty-and-hair-salon\/\" class=\"_self cvplbd\" target=\"_self\" >Versach Sch\u00f6nheits- und Friseursalon<\/a><\/h4><\/div><\/div>\n<div class=\"col-md-6 col-sm-6 col-xs-12 pt-cv-content-item pt-cv-1-col\"  data-pid=\"33911\"><div class='pt-cv-ifield'><a href=\"https:\/\/www.sotograndeguide.com\/de\/sotogrande-hairdressers\/trafalgar-barber\/\" class=\"_self pt-cv-href-thumbnail pt-cv-thumb-default cvplbd\" target=\"_self\" ><img decoding=\"async\" width=\"300\" height=\"200\" src=\"https:\/\/www.sotograndeguide.com\/wp-content\/uploads\/2018\/01\/Trafalgar-Barber-Sotogrande-300x200.jpg\" class=\"pt-cv-thumbnail\" alt=\"Trafalgar Barbier Sotogrande\" srcset=\"https:\/\/www.sotograndeguide.com\/wp-content\/uploads\/2018\/01\/Trafalgar-Barber-Sotogrande-300x200.jpg 300w, https:\/\/www.sotograndeguide.com\/wp-content\/uploads\/2018\/01\/Trafalgar-Barber-Sotogrande-768x512.jpg 768w, https:\/\/www.sotograndeguide.com\/wp-content\/uploads\/2018\/01\/Trafalgar-Barber-Sotogrande.jpg 960w\" sizes=\"(max-width: 300px) 100vw, 300px\" \/><\/a>\n<h4 class=\"pt-cv-title\"><a href=\"https:\/\/www.sotograndeguide.com\/de\/sotogrande-hairdressers\/trafalgar-barber\/\" class=\"_self cvplbd\" target=\"_self\" >Trafalgar Barbier<\/a><\/h4><\/div><\/div><\/div><\/div><\/div>\t\t\t<style type=\"text\/css\" id=\"pt-cv-inline-style-ca41de9any\">#pt-cv-view-07ae014c0e .pt-cv-title a, #pt-cv-view-07ae014c0e  .panel-title { font-weight: 600 !important; }\n#pt-cv-view-07ae014c0e .pt-cv-readmore  { color: #ffffff !important; background-color: #00aeef !important; }\n#pt-cv-view-07ae014c0e .pt-cv-readmore:hover  { color: #ffffff !important; background-color: #00aeef !important; }<\/style>\r\n\t\t\t\n<p><strong>Ginas Haar &amp; Sch\u00f6nheitssalon<\/strong><br \/>\nAnschrift: Centro Comercial Sotomarket, Local 8, 11310 Sotogrande, C\u00e1diz, Spanien<br \/>\nTelefon: <a href=\"tel:+34956793398\">956793398<\/a><\/p>\n<p><strong>Romain Dominique Haare &amp; Sch\u00f6nheit<\/strong><br \/>\nAnschrift: Galerias Paniagua, 21-22, Av. Paniagua, 11310, Sotogrande, C\u00e1diz, Spanien<br \/>\nTelefon: <a href=\"tel:+34956695352\">956695352<\/a><\/p>\n<p><strong>Pelo's Friseure<\/strong><br \/>\nAnschrift: Plaza del Agua, 5E, 11310 Sotogrande Port, C\u00e1diz, Spanien<br \/>\nTelefon: <a href=\"tel:+34956790386\">956790386<\/a><\/p>\n<p><strong>La Barber\u00eda de Guadiaro<\/strong><br \/>\nAnschrift: Avenida Los Canos, 12, Pueblo Nuevo de Guadiaro, 11311, San Roque, C\u00e1diz, Spanien<br \/>\nTelefon: <a href=\"tel:+34956794811\">956794811<\/a><\/p>\n<p><strong>Peluqueria Jose Mar\u00eda<\/strong><br \/>\nAnschrift: Plaza de las Palmeras D3, Hafen Sotogrande, 11310 Sotogrande<br \/>\nTelefon: <a href=\"tel:+34956790375\">956790375<\/a><\/p>\n<p><em>Haben wir einen Friseur, Barbier oder Sch\u00f6nheitssalon in oder um Sotogrande \u00fcbersehen? M\u00f6chten Sie, dass Ihr Gesch\u00e4ft vorgestellt wird? <a href=\"https:\/\/www.sotograndeguide.com\/de\/kontakt\/\">Kontakt aufnehmen<\/a>.<\/em><\/p>","protected":false},"excerpt":{"rendered":"<p>Der komplette F\u00fchrer und das Verzeichnis der Friseure, Barbiere und Sch\u00f6nheitssalons in und um Sotogrande. Gina's Hair &amp; Beauty Sal\u00f3n Adresse: Centro Comercial Sotomarket, Local 8, 11310 Sotogrande, C\u00e1diz, Spanien Telefon: 956793398 Romain Dominique Hair &amp; Beauty Adresse: Galerias Paniagua, 21-22, Av. Paniagua, 11310, Sotogrande, C\u00e1diz, Spanien Telefon: 956695352 Pelo's Hairdressers Adresse: Plaza del Agua, ... <a title=\"Sotogrande Friseure\" class=\"read-more\" href=\"https:\/\/www.sotograndeguide.com\/de\/sotogrande-hairdressers\/\" aria-label=\"Mehr Informationen \u00fcber Sotogrande Friseure\">Mehr lesen<\/a><\/p>","protected":false},"author":1,"featured_media":383,"parent":0,"menu_order":0,"comment_status":"closed","ping_status":"closed","template":"","meta":{"footnotes":""},"class_list":["post-79","page","type-page","status-publish","has-post-thumbnail"],"yoast_head":"<!-- This site is optimized with the Yoast SEO Premium plugin v20.5 (Yoast SEO v27.4) - https:\/\/yoast.com\/product\/yoast-seo-premium-wordpress\/ -->\n<title>Sotogrande Hairdressers<\/title>\n<meta name=\"description\" content=\"A guide to all the Sotogrande Hairdressers as well as beauty salons, barber shops and make up artists in and around Sotogrande.\" \/>\n<meta name=\"robots\" content=\"index, follow, max-snippet:-1, max-image-preview:large, max-video-preview:-1\" \/>\n<link rel=\"canonical\" href=\"https:\/\/www.sotograndeguide.com\/de\/sotogrande-friseure\/\" \/>\n<meta property=\"og:locale\" content=\"de_DE\" \/>\n<meta property=\"og:type\" content=\"article\" \/>\n<meta property=\"og:title\" content=\"Sotogrande Hairdressers\" \/>\n<meta property=\"og:description\" content=\"A guide to all the Sotogrande Hairdressers as well as beauty salons, barber shops and make up artists in and around Sotogrande.\" \/>\n<meta property=\"og:url\" content=\"https:\/\/www.sotograndeguide.com\/de\/sotogrande-friseure\/\" \/>\n<meta property=\"og:site_name\" content=\"Sotogrande Guide\" \/>\n<meta property=\"article:publisher\" content=\"https:\/\/www.facebook.com\/sotograndeguide\" \/>\n<meta property=\"article:modified_time\" content=\"2019-04-07T20:59:02+00:00\" \/>\n<meta property=\"og:image\" content=\"https:\/\/www.sotograndeguide.com\/wp-content\/uploads\/2017\/01\/hairdressers.jpg\" \/>\n\t<meta property=\"og:image:width\" content=\"960\" \/>\n\t<meta property=\"og:image:height\" content=\"637\" \/>\n\t<meta property=\"og:image:type\" content=\"image\/jpeg\" \/>\n<meta name=\"twitter:card\" content=\"summary_large_image\" \/>\n<meta name=\"twitter:site\" content=\"@sotograndeguide\" \/>\n<meta name=\"twitter:label1\" content=\"Gesch\u00e4tzte Lesezeit\" \/>\n\t<meta name=\"twitter:data1\" content=\"1\u00a0Minute\" \/>\n<!-- \/ Yoast SEO Premium plugin. -->","yoast_head_json":{"title":"Sotogrande Friseure","description":"Ein Leitfaden f\u00fcr alle Friseure in Sotogrande sowie f\u00fcr Sch\u00f6nheitssalons, Friseurl\u00e4den und Make-up-K\u00fcnstler in und um Sotogrande.","robots":{"index":"index","follow":"follow","max-snippet":"max-snippet:-1","max-image-preview":"max-image-preview:large","max-video-preview":"max-video-preview:-1"},"canonical":"https:\/\/www.sotograndeguide.com\/de\/sotogrande-friseure\/","og_locale":"de_DE","og_type":"article","og_title":"Sotogrande Hairdressers","og_description":"A guide to all the Sotogrande Hairdressers as well as beauty salons, barber shops and make up artists in and around Sotogrande.","og_url":"https:\/\/www.sotograndeguide.com\/de\/sotogrande-friseure\/","og_site_name":"Sotogrande Guide","article_publisher":"https:\/\/www.facebook.com\/sotograndeguide","article_modified_time":"2019-04-07T20:59:02+00:00","og_image":[{"width":960,"height":637,"url":"https:\/\/www.sotograndeguide.com\/wp-content\/uploads\/2017\/01\/hairdressers.jpg","type":"image\/jpeg"}],"twitter_card":"summary_large_image","twitter_site":"@sotograndeguide","twitter_misc":{"Gesch\u00e4tzte Lesezeit":"1\u00a0Minute"},"schema":{"@context":"https:\/\/schema.org","@graph":[{"@type":"WebPage","@id":"https:\/\/www.sotograndeguide.com\/sotogrande-hairdressers\/","url":"https:\/\/www.sotograndeguide.com\/sotogrande-hairdressers\/","name":"Sotogrande Friseure","isPartOf":{"@id":"https:\/\/www.sotograndeguide.com\/#website"},"primaryImageOfPage":{"@id":"https:\/\/www.sotograndeguide.com\/sotogrande-hairdressers\/#primaryimage"},"image":{"@id":"https:\/\/www.sotograndeguide.com\/sotogrande-hairdressers\/#primaryimage"},"thumbnailUrl":"https:\/\/www.sotograndeguide.com\/wp-content\/uploads\/2017\/01\/hairdressers.jpg","datePublished":"2017-01-30T19:05:53+00:00","dateModified":"2019-04-07T20:59:02+00:00","description":"Ein Leitfaden f\u00fcr alle Friseure in Sotogrande sowie f\u00fcr Sch\u00f6nheitssalons, Friseurl\u00e4den und Make-up-K\u00fcnstler in und um Sotogrande.","breadcrumb":{"@id":"https:\/\/www.sotograndeguide.com\/sotogrande-hairdressers\/#breadcrumb"},"inLanguage":"de","potentialAction":[{"@type":"ReadAction","target":["https:\/\/www.sotograndeguide.com\/sotogrande-hairdressers\/"]}]},{"@type":"ImageObject","inLanguage":"de","@id":"https:\/\/www.sotograndeguide.com\/sotogrande-hairdressers\/#primaryimage","url":"https:\/\/www.sotograndeguide.com\/wp-content\/uploads\/2017\/01\/hairdressers.jpg","contentUrl":"https:\/\/www.sotograndeguide.com\/wp-content\/uploads\/2017\/01\/hairdressers.jpg","width":960,"height":637,"caption":"Sotogrande Hairdressers"},{"@type":"BreadcrumbList","@id":"https:\/\/www.sotograndeguide.com\/sotogrande-hairdressers\/#breadcrumb","itemListElement":[{"@type":"ListItem","position":1,"name":"Home","item":"https:\/\/www.sotograndeguide.com\/"},{"@type":"ListItem","position":2,"name":"Sotogrande Hairdressers"}]},{"@type":"WebSite","@id":"https:\/\/www.sotograndeguide.com\/#website","url":"https:\/\/www.sotograndeguide.com\/","name":"Sotogrande Reisef\u00fchrer","description":"Nachrichten, Tipps, Veranstaltungen und Rezensionen","publisher":{"@id":"https:\/\/www.sotograndeguide.com\/#organization"},"potentialAction":[{"@type":"SearchAction","target":{"@type":"EntryPoint","urlTemplate":"https:\/\/www.sotograndeguide.com\/?s={search_term_string}"},"query-input":{"@type":"PropertyValueSpecification","valueRequired":true,"valueName":"search_term_string"}}],"inLanguage":"de"},{"@type":"Organization","@id":"https:\/\/www.sotograndeguide.com\/#organization","name":"Sotogrande Reisef\u00fchrer","url":"https:\/\/www.sotograndeguide.com\/","logo":{"@type":"ImageObject","inLanguage":"de","@id":"https:\/\/www.sotograndeguide.com\/#\/schema\/logo\/image\/","url":"https:\/\/www.sotograndeguide.com\/wp-content\/uploads\/2017\/03\/Sotogrande-Logo-GUIDE.png","contentUrl":"https:\/\/www.sotograndeguide.com\/wp-content\/uploads\/2017\/03\/Sotogrande-Logo-GUIDE.png","width":300,"height":300,"caption":"Sotogrande Guide"},"image":{"@id":"https:\/\/www.sotograndeguide.com\/#\/schema\/logo\/image\/"},"sameAs":["https:\/\/www.facebook.com\/sotograndeguide","https:\/\/x.com\/sotograndeguide","https:\/\/www.tiktok.com\/@sotograndeguide","https:\/\/www.youtube.com\/@SotograndeGuide"]}]}},"jetpack_sharing_enabled":true,"_links":{"self":[{"href":"https:\/\/www.sotograndeguide.com\/de\/wp-json\/wp\/v2\/pages\/79","targetHints":{"allow":["GET"]}}],"collection":[{"href":"https:\/\/www.sotograndeguide.com\/de\/wp-json\/wp\/v2\/pages"}],"about":[{"href":"https:\/\/www.sotograndeguide.com\/de\/wp-json\/wp\/v2\/types\/page"}],"author":[{"embeddable":true,"href":"https:\/\/www.sotograndeguide.com\/de\/wp-json\/wp\/v2\/users\/1"}],"replies":[{"embeddable":true,"href":"https:\/\/www.sotograndeguide.com\/de\/wp-json\/wp\/v2\/comments?post=79"}],"version-history":[{"count":0,"href":"https:\/\/www.sotograndeguide.com\/de\/wp-json\/wp\/v2\/pages\/79\/revisions"}],"wp:featuredmedia":[{"embeddable":true,"href":"https:\/\/www.sotograndeguide.com\/de\/wp-json\/wp\/v2\/media\/383"}],"wp:attachment":[{"href":"https:\/\/www.sotograndeguide.com\/de\/wp-json\/wp\/v2\/media?parent=79"}],"curies":[{"name":"wp","href":"https:\/\/api.w.org\/{rel}","templated":true}]}}