{"id":75,"date":"2017-01-30T19:04:25","date_gmt":"2017-01-30T19:04:25","guid":{"rendered":"http:\/\/www.sotograndeguide.com\/?page_id=75"},"modified":"2019-04-20T20:39:12","modified_gmt":"2019-04-20T20:39:12","slug":"sotogrande-einkaufen","status":"publish","type":"page","link":"https:\/\/www.sotograndeguide.com\/de\/sotogrande-shopping\/","title":{"rendered":"Sotogrande Einkaufen"},"content":{"rendered":"<p>Die Einkaufsm\u00f6glichkeiten in Sotogrande sind sehr vielf\u00e4ltig. Es gibt viele Gesch\u00e4fte in und um Sotogrande. Au\u00dferdem gibt es mehrere wichtige Einkaufszonen und Einkaufszentren. Ob Sie nun Ihre t\u00e4glichen Lebensmittel oder Mode, Haushaltswaren oder Spezialwerkzeuge ben\u00f6tigen, es gibt unz\u00e4hlige Gesch\u00e4fte, die alles anbieten.<\/p>\n<h2>Verzeichnis der Gesch\u00e4fte in Sotogrande<\/h2>\n<div class=\"pt-cv-wrapper\"><div class=\"pt-cv-view pt-cv-grid pt-cv-colsys\" id=\"pt-cv-view-bc433f2e89\"><div data-id=\"pt-cv-page-1\" class=\"pt-cv-page\" data-cvc=\"2\"><div class=\"col-md-6 col-sm-6 col-xs-12 pt-cv-content-item pt-cv-1-col\"  data-pid=\"34545\"><div class='pt-cv-ifield'><a href=\"https:\/\/www.sotograndeguide.com\/de\/sotogrande-shopping\/calma-natural-food-beer-shop\/\" class=\"_self pt-cv-href-thumbnail pt-cv-thumb-default cvplbd\" target=\"_self\" ><img decoding=\"async\" width=\"300\" height=\"200\" src=\"https:\/\/www.sotograndeguide.com\/wp-content\/uploads\/2018\/06\/Calma-Natural-Food-Beer-Shop-Pueblo-Nuevo-de-Guadiaro-300x200.jpg\" class=\"pt-cv-thumbnail\" alt=\"Calma Naturkost &amp; Bierladen\" srcset=\"https:\/\/www.sotograndeguide.com\/wp-content\/uploads\/2018\/06\/Calma-Natural-Food-Beer-Shop-Pueblo-Nuevo-de-Guadiaro-300x200.jpg 300w, https:\/\/www.sotograndeguide.com\/wp-content\/uploads\/2018\/06\/Calma-Natural-Food-Beer-Shop-Pueblo-Nuevo-de-Guadiaro-768x512.jpg 768w, https:\/\/www.sotograndeguide.com\/wp-content\/uploads\/2018\/06\/Calma-Natural-Food-Beer-Shop-Pueblo-Nuevo-de-Guadiaro.jpg 960w\" sizes=\"(max-width: 300px) 100vw, 300px\" \/><\/a>\n<h4 class=\"pt-cv-title\"><a href=\"https:\/\/www.sotograndeguide.com\/de\/sotogrande-shopping\/calma-natural-food-beer-shop\/\" class=\"_self cvplbd\" target=\"_self\" >Calma Naturkost &amp; Bierladen<\/a><\/h4><\/div><\/div><\/div><\/div><\/div>\t\t\t<style type=\"text\/css\" id=\"pt-cv-inline-style-94082a94o5\">#pt-cv-view-bc433f2e89 .pt-cv-title a, #pt-cv-view-bc433f2e89  .panel-title { font-weight: 600 !important; }\n#pt-cv-view-bc433f2e89 .pt-cv-readmore  { color: #ffffff !important; background-color: #00aeef !important; }\n#pt-cv-view-bc433f2e89 .pt-cv-readmore:hover  { color: #ffffff !important; background-color: #00aeef !important; }<\/style>\r\n\t\t\t\n<h3>Einkaufen im blauen Sotogrande<\/h3>\n<p>Blue Sotogrande ist ein Einkaufszentrum in der Fu\u00dfg\u00e4ngerzone des Jachthafens von Sotogrande. In den Jahren 2016 und 2017 wurden hier zahlreiche neue Gesch\u00e4fte er\u00f6ffnet, darunter Kunstgalerien, Gesch\u00e4fte, Bars und Restaurants.<\/p>\n<h3>Sonntagsmarkt von Sotogrande<\/h3>\n<p>Jeden Sonntag, das ganze Jahr \u00fcber, findet im Gewerbegebiet Ribera del Marlin im Jachthafen von Sotogrande ein Markt statt. Daher ist dies in der Regel sehr besch\u00e4ftigt und die perfekte Zeit zu besuchen, wenn Sie die Stimmung m\u00f6gen.<\/p>\n<h3>Sommermarkt in Sotogrande<\/h3>\n<p>In den Monaten Juli und August findet im Blauen Sotogrande der Markt \"El Mercado de Levante\" statt, der Tausende von Touristen und Einwohnern anzieht.<\/p>\n<p><iframe title=\"Der Levante-Markt im Yachthafen von Sotogrande\" width=\"1200\" height=\"675\" src=\"https:\/\/www.youtube.com\/embed\/RsF2YGYl4fs?feature=oembed\" frameborder=\"0\" allow=\"accelerometer; autoplay; clipboard-write; encrypted-media; gyroscope; picture-in-picture\" allowfullscreen><\/iframe><\/p>\n<h3>Galerias Paniagua Gesch\u00e4fte<\/h3>\n<p>Der Gesch\u00e4ftskomplex Galerias Paniagua befindet sich am Eingang von Sotogrande Costa und beherbergt eine Vielzahl von Immobilienmaklern sowie Restaurants und Gesch\u00e4fte.<\/p>\n<h3>Sotomarket Einkaufszentrum<\/h3>\n<p>Sotomarket liegt an der Autobahn A-7 in Richtung Marbella. In den Jahren 2016 und 2017 haben sich hier mehrere neue Unternehmen angesiedelt, darunter Architekten, Rechtsanw\u00e4lte, Immobilienmakler und Einzelhandelsgesch\u00e4fte. Sotomarket beherbergt auch den Supermarkt Supercor und das Reiseb\u00fcro El Corte Ingles.<\/p>\n<h3>Handelszentrum Sotovila<\/h3>\n<p>In und um Sotogrande gibt es verschiedene Gewerbegebiete von Sotovila. Zu den Unternehmen geh\u00f6ren der Mercedes-Autoh\u00e4ndler, Friseure, Gesch\u00e4fte, Restaurants, das Vanity Gym, B\u00fcros, Immobilienmakler und Lebensmittelgesch\u00e4fte.<\/p>\n<h3>Handelszentrum Mar y Sol<\/h3>\n<p>Das Centro Comercial Mar y Sol befindet sich an der Ausfahrt 130 der Autobahn A-7. Zu den Gesch\u00e4ften geh\u00f6ren ein Golfshop, Immobilienmakler, ein Restaurant, ein Pilates-Zentrum und der Hauptsitz der Gemeinde Sotogrande.<\/p>\n<h2>Superm\u00e4rkte in Sotogrande<\/h2>\n<p>Die drei wichtigsten Superm\u00e4rkte in Sotogrande sind Supercor, Mercadona und LIDL. In Pueblo Nuevo finden Sie den Bazar, einen \"chinesischen\" Supermarkt, den Ruiz Galan Supermarkt und den Iceland (Overseas) Supermarkt. Im nahe gelegenen San Roque Club gibt es au\u00dferdem einen Coviran-Supermarkt. Das Einkaufszentrum El Corte Ingles in Marbella ist 30 Minuten entfernt und das in Algeciras nur 20 Minuten mit dem Auto.<\/p>\n<p><a href=\"https:\/\/www.sotograndeguide.com\/de\/kontakt\/\" target=\"_blank\" rel=\"noopener noreferrer\">Setzen Sie sich mit uns in Verbindung, um Ihr Gesch\u00e4ft in das lokale Verzeichnis Nummer eins, den Sotogrande Guide, einzutragen.<\/a>.<\/p>","protected":false},"excerpt":{"rendered":"<p>Die Einkaufsm\u00f6glichkeiten in Sotogrande sind sehr vielf\u00e4ltig. Es gibt viele Gesch\u00e4fte in und um Sotogrande. Au\u00dferdem gibt es mehrere wichtige Einkaufszonen und Einkaufszentren. Ob Sie nun Ihre t\u00e4glichen Eink\u00e4ufe oder Mode, Haushaltswaren oder Spezialwerkzeuge ben\u00f6tigen, es gibt unz\u00e4hlige Gesch\u00e4fte, die alles anbieten. Sotogrande Shop Directory Einkaufen in Blue Sotogrande Blue ... <a title=\"Sotogrande Einkaufen\" class=\"read-more\" href=\"https:\/\/www.sotograndeguide.com\/de\/sotogrande-shopping\/\" aria-label=\"Mehr Informationen \u00fcber Sotogrande Shopping\">Mehr lesen<\/a><\/p>","protected":false},"author":1,"featured_media":34519,"parent":0,"menu_order":0,"comment_status":"closed","ping_status":"closed","template":"","meta":{"footnotes":""},"class_list":["post-75","page","type-page","status-publish","has-post-thumbnail"],"yoast_head":"<!-- This site is optimized with the Yoast SEO Premium plugin v20.5 (Yoast SEO v27.4) - https:\/\/yoast.com\/product\/yoast-seo-premium-wordpress\/ -->\n<title>Sotogrande Shopping \u00b7 Directory of Shops - Sotogrande Guide<\/title>\n<meta name=\"description\" content=\"The ultimate Sotogrande shopping guide, including a directory of boutiques, shops and shopping malls in and around Sotogrande.\" \/>\n<meta name=\"robots\" content=\"index, follow, max-snippet:-1, max-image-preview:large, max-video-preview:-1\" \/>\n<link rel=\"canonical\" href=\"https:\/\/www.sotograndeguide.com\/de\/sotogrande-einkaufen\/\" \/>\n<meta property=\"og:locale\" content=\"de_DE\" \/>\n<meta property=\"og:type\" content=\"article\" \/>\n<meta property=\"og:title\" content=\"Sotogrande Shopping\" \/>\n<meta property=\"og:description\" content=\"The ultimate Sotogrande shopping guide, including a directory of boutiques, shops and shopping malls in and around Sotogrande.\" \/>\n<meta property=\"og:url\" content=\"https:\/\/www.sotograndeguide.com\/de\/sotogrande-einkaufen\/\" \/>\n<meta property=\"og:site_name\" content=\"Sotogrande Guide\" \/>\n<meta property=\"article:publisher\" content=\"https:\/\/www.facebook.com\/sotograndeguide\" \/>\n<meta property=\"article:modified_time\" content=\"2019-04-20T20:39:12+00:00\" \/>\n<meta property=\"og:image\" content=\"https:\/\/www.sotograndeguide.com\/wp-content\/uploads\/2018\/05\/Sotogrande-Shopping.jpg\" \/>\n\t<meta property=\"og:image:width\" content=\"1851\" \/>\n\t<meta property=\"og:image:height\" content=\"1200\" \/>\n\t<meta property=\"og:image:type\" content=\"image\/jpeg\" \/>\n<meta name=\"twitter:card\" content=\"summary_large_image\" \/>\n<meta name=\"twitter:site\" content=\"@sotograndeguide\" \/>\n<meta name=\"twitter:label1\" content=\"Gesch\u00e4tzte Lesezeit\" \/>\n\t<meta name=\"twitter:data1\" content=\"2\u00a0Minuten\" \/>\n<!-- \/ Yoast SEO Premium plugin. -->","yoast_head_json":{"title":"Sotogrande Shopping - Verzeichnis der Gesch\u00e4fte - Sotogrande Reisef\u00fchrer","description":"Der ultimative Einkaufsf\u00fchrer f\u00fcr Sotogrande, mit einem Verzeichnis von Boutiquen, Gesch\u00e4ften und Einkaufszentren in und um Sotogrande.","robots":{"index":"index","follow":"follow","max-snippet":"max-snippet:-1","max-image-preview":"max-image-preview:large","max-video-preview":"max-video-preview:-1"},"canonical":"https:\/\/www.sotograndeguide.com\/de\/sotogrande-einkaufen\/","og_locale":"de_DE","og_type":"article","og_title":"Sotogrande Shopping","og_description":"The ultimate Sotogrande shopping guide, including a directory of boutiques, shops and shopping malls in and around Sotogrande.","og_url":"https:\/\/www.sotograndeguide.com\/de\/sotogrande-einkaufen\/","og_site_name":"Sotogrande Guide","article_publisher":"https:\/\/www.facebook.com\/sotograndeguide","article_modified_time":"2019-04-20T20:39:12+00:00","og_image":[{"width":1851,"height":1200,"url":"https:\/\/www.sotograndeguide.com\/wp-content\/uploads\/2018\/05\/Sotogrande-Shopping.jpg","type":"image\/jpeg"}],"twitter_card":"summary_large_image","twitter_site":"@sotograndeguide","twitter_misc":{"Gesch\u00e4tzte Lesezeit":"2\u00a0Minuten"},"schema":{"@context":"https:\/\/schema.org","@graph":[{"@type":"WebPage","@id":"https:\/\/www.sotograndeguide.com\/sotogrande-shopping\/","url":"https:\/\/www.sotograndeguide.com\/sotogrande-shopping\/","name":"Sotogrande Shopping - Verzeichnis der Gesch\u00e4fte - Sotogrande Reisef\u00fchrer","isPartOf":{"@id":"https:\/\/www.sotograndeguide.com\/#website"},"primaryImageOfPage":{"@id":"https:\/\/www.sotograndeguide.com\/sotogrande-shopping\/#primaryimage"},"image":{"@id":"https:\/\/www.sotograndeguide.com\/sotogrande-shopping\/#primaryimage"},"thumbnailUrl":"https:\/\/www.sotograndeguide.com\/wp-content\/uploads\/2018\/05\/Sotogrande-Shopping.jpg","datePublished":"2017-01-30T19:04:25+00:00","dateModified":"2019-04-20T20:39:12+00:00","description":"Der ultimative Einkaufsf\u00fchrer f\u00fcr Sotogrande, mit einem Verzeichnis von Boutiquen, Gesch\u00e4ften und Einkaufszentren in und um Sotogrande.","breadcrumb":{"@id":"https:\/\/www.sotograndeguide.com\/sotogrande-shopping\/#breadcrumb"},"inLanguage":"de","potentialAction":[{"@type":"ReadAction","target":["https:\/\/www.sotograndeguide.com\/sotogrande-shopping\/"]}]},{"@type":"ImageObject","inLanguage":"de","@id":"https:\/\/www.sotograndeguide.com\/sotogrande-shopping\/#primaryimage","url":"https:\/\/www.sotograndeguide.com\/wp-content\/uploads\/2018\/05\/Sotogrande-Shopping.jpg","contentUrl":"https:\/\/www.sotograndeguide.com\/wp-content\/uploads\/2018\/05\/Sotogrande-Shopping.jpg","width":1851,"height":1200,"caption":"Sotogrande Shopping"},{"@type":"BreadcrumbList","@id":"https:\/\/www.sotograndeguide.com\/sotogrande-shopping\/#breadcrumb","itemListElement":[{"@type":"ListItem","position":1,"name":"Home","item":"https:\/\/www.sotograndeguide.com\/"},{"@type":"ListItem","position":2,"name":"Sotogrande Shopping"}]},{"@type":"WebSite","@id":"https:\/\/www.sotograndeguide.com\/#website","url":"https:\/\/www.sotograndeguide.com\/","name":"Sotogrande Reisef\u00fchrer","description":"Nachrichten, Tipps, Veranstaltungen und Rezensionen","publisher":{"@id":"https:\/\/www.sotograndeguide.com\/#organization"},"potentialAction":[{"@type":"SearchAction","target":{"@type":"EntryPoint","urlTemplate":"https:\/\/www.sotograndeguide.com\/?s={search_term_string}"},"query-input":{"@type":"PropertyValueSpecification","valueRequired":true,"valueName":"search_term_string"}}],"inLanguage":"de"},{"@type":"Organization","@id":"https:\/\/www.sotograndeguide.com\/#organization","name":"Sotogrande Reisef\u00fchrer","url":"https:\/\/www.sotograndeguide.com\/","logo":{"@type":"ImageObject","inLanguage":"de","@id":"https:\/\/www.sotograndeguide.com\/#\/schema\/logo\/image\/","url":"https:\/\/www.sotograndeguide.com\/wp-content\/uploads\/2017\/03\/Sotogrande-Logo-GUIDE.png","contentUrl":"https:\/\/www.sotograndeguide.com\/wp-content\/uploads\/2017\/03\/Sotogrande-Logo-GUIDE.png","width":300,"height":300,"caption":"Sotogrande Guide"},"image":{"@id":"https:\/\/www.sotograndeguide.com\/#\/schema\/logo\/image\/"},"sameAs":["https:\/\/www.facebook.com\/sotograndeguide","https:\/\/x.com\/sotograndeguide","https:\/\/www.tiktok.com\/@sotograndeguide","https:\/\/www.youtube.com\/@SotograndeGuide"]}]}},"jetpack_sharing_enabled":true,"_links":{"self":[{"href":"https:\/\/www.sotograndeguide.com\/de\/wp-json\/wp\/v2\/pages\/75","targetHints":{"allow":["GET"]}}],"collection":[{"href":"https:\/\/www.sotograndeguide.com\/de\/wp-json\/wp\/v2\/pages"}],"about":[{"href":"https:\/\/www.sotograndeguide.com\/de\/wp-json\/wp\/v2\/types\/page"}],"author":[{"embeddable":true,"href":"https:\/\/www.sotograndeguide.com\/de\/wp-json\/wp\/v2\/users\/1"}],"replies":[{"embeddable":true,"href":"https:\/\/www.sotograndeguide.com\/de\/wp-json\/wp\/v2\/comments?post=75"}],"version-history":[{"count":0,"href":"https:\/\/www.sotograndeguide.com\/de\/wp-json\/wp\/v2\/pages\/75\/revisions"}],"wp:featuredmedia":[{"embeddable":true,"href":"https:\/\/www.sotograndeguide.com\/de\/wp-json\/wp\/v2\/media\/34519"}],"wp:attachment":[{"href":"https:\/\/www.sotograndeguide.com\/de\/wp-json\/wp\/v2\/media?parent=75"}],"curies":[{"name":"wp","href":"https:\/\/api.w.org\/{rel}","templated":true}]}}