{"id":72,"date":"2017-01-30T19:03:07","date_gmt":"2017-01-30T19:03:07","guid":{"rendered":"http:\/\/www.sotograndeguide.com\/?page_id=72"},"modified":"2023-05-26T06:44:17","modified_gmt":"2023-05-26T06:44:17","slug":"sotogrande-immobilienmakler","status":"publish","type":"page","link":"https:\/\/www.sotograndeguide.com\/de\/sotogrande-estate-agents\/","title":{"rendered":"Sotogrande Immobilienmakler"},"content":{"rendered":"<p>Wenn Sie eine Immobilie in oder in der N\u00e4he von Sotogrande kaufen m\u00f6chten, k\u00f6nnen Sie aus den folgenden Angeboten w\u00e4hlen <strong>Immobilienmakler<\/strong>:<\/p>\n<p><strong>Ondomus Sotogrande<\/strong><br \/>\nAnschrift: Centro Comercial Sotomarket, Local 5, 11310 Sotogrande, C\u00e1diz<br \/>\nTelefon: <a href=\"tel:+34956785050\">956785050<\/a><\/p>\n<p><strong>Ayling Sotogrande<\/strong><br \/>\nAdresse: Puerto Deportivo Sotogrande, Plaza de las Palmeras, Edificio D, Sotogrande<br \/>\nTelefon: <a href=\"tel:+34956790317\">956790317<\/a><\/p>\n<p><strong>Gut Teseo<\/strong><br \/>\nAnschrift: Centro Commercial Mar y Sol 28, 11310 San Roque<br \/>\nTelefon: <a href=\"tel:+34956796626\">956796626<\/a><\/p>\n<p><strong>Holmes Sotogrande<\/strong><br \/>\nAnschrift: Av. de Paniagua, s\/n, 11310 San Roque<br \/>\nTelefon: <a href=\"tel:+3495695340\">95695340<\/a><\/p>\n<p><strong>Landcaster<\/strong><br \/>\nAnschrift: Galerias Paniagua local, 8-10, 11310 Sotogrande<br \/>\nTelefon: <a href=\"tel:+34956695400\">956695400<\/a><\/p>\n<p><strong>Schellhammer-Siedlungen<\/strong><br \/>\nAnschrift: Calle Sierra Bermeja, S\/N, Pueblo Nuevo de Guadiaro<br \/>\nTelefon: <a href=\"tel:+34678346061\">678346061<\/a><\/p>\n<p><strong>Soto-Siedlungen<\/strong><br \/>\nAnschrift: Paseo del Mar, s\/n, 11310 Sotogrande<br \/>\nTelefon: <a href=\"tel:+34956615351\">956615351<\/a><\/p>\n<p><strong>Noll &amp; Partner, Sotogrande Immobilien<\/strong><br \/>\nAnschrift: Galer\u00edas Paniagua, Av. de Paniagua, 43, 11310 Sotogrande<br \/>\nTelefon: <a href=\"tel:+34607911661\">607911661<\/a><\/p>\n<p><strong>John Medina<\/strong><br \/>\nAnschrift: Plaza de los Naranjos, Local B-15, Puerto Deportivo, 11310 Sotogrande<br \/>\nTelefon: <a href=\"tel:+34956790370\">956790370<\/a><\/p>\n<p><strong>Offene Grenzen<\/strong><br \/>\nAnschrift: Sotogrande Blue local 41B, 11310 Sotogrande San Roque, Cadiz<br \/>\nTelefon: <a href=\"tel:+34696078461\">696078461<\/a><\/p>\n<p><strong>Noll &amp; Partner<\/strong><br \/>\nAnschrift: Calle Paniagua Local 43, Sotogrande, 11310 San Roque<br \/>\nTelefon: <a href=\"tel:+34956794197\">956794197<\/a><\/p>\n<p><strong>Engel &amp; V\u00f6lkers<\/strong><br \/>\nAnschrift: Puerto de Sotogrande, Edificio D, Local 5, 11310 San Roque<br \/>\nTelefon: <a href=\"tel:+34956100325\">956100325<\/a><\/p>\n<p><strong>Sotobeach<\/strong><br \/>\nAnschrift: Centro Comercial Sotomarket, Local 29B, 11310, Sotogrande<br \/>\nTelefon: <a href=\"tel:+34956695281\">956695281<\/a><\/p>\n<p><strong>Kristina Szekely<\/strong><br \/>\nAnschrift: Plaza del Agua, Ed. D local 1-2, Hafen Sotogrande, 11310 San Roque<br \/>\nTelefon: <a href=\"tel:+34956790490\">956790490<\/a><\/p>","protected":false},"excerpt":{"rendered":"<p>Wenn Sie eine Immobilie in oder in der N\u00e4he von Sotogrande kaufen m\u00f6chten, k\u00f6nnen Sie unter den folgenden etablierten Immobilienmaklern w\u00e4hlen: Ondomus Sotogrande Adresse: Centro Comercial Sotomarket, Local 5, 11310 Sotogrande, C\u00e1diz Telefon: 956785050 Ayling Sotogrande Adresse: Puerto Deportivo Sotogrande, Plaza de las Palmeras, Edificio D, Sotogrande Telefon: 956790317 Teseo Estate Adresse: Centro Commercial ... <a title=\"Sotogrande Immobilienmakler\" class=\"read-more\" href=\"https:\/\/www.sotograndeguide.com\/de\/sotogrande-estate-agents\/\" aria-label=\"Mehr Informationen \u00fcber Sotogrande Immobilienmakler\">Mehr lesen<\/a><\/p>","protected":false},"author":1,"featured_media":34518,"parent":0,"menu_order":0,"comment_status":"closed","ping_status":"closed","template":"","meta":{"footnotes":""},"class_list":["post-72","page","type-page","status-publish","has-post-thumbnail"],"yoast_head":"<!-- This site is optimized with the Yoast SEO Premium plugin v20.5 (Yoast SEO v27.3) - https:\/\/yoast.com\/product\/yoast-seo-premium-wordpress\/ -->\n<title>Sotogrande Estate Agents<\/title>\n<meta name=\"description\" content=\"The comprehensive guide to all Sotogrande Estate Agents. If you are looking for a real estate agent or property expert in Sotogrande, we list them all.\" \/>\n<meta name=\"robots\" content=\"index, follow, max-snippet:-1, max-image-preview:large, max-video-preview:-1\" \/>\n<link rel=\"canonical\" href=\"https:\/\/www.sotograndeguide.com\/de\/sotogrande-immobilienmakler\/\" \/>\n<meta property=\"og:locale\" content=\"de_DE\" \/>\n<meta property=\"og:type\" content=\"article\" \/>\n<meta property=\"og:title\" content=\"Sotogrande Estate Agents\" \/>\n<meta property=\"og:description\" content=\"The comprehensive guide to all Sotogrande Estate Agents. If you are looking for a real estate agent or property expert in Sotogrande, we list them all.\" \/>\n<meta property=\"og:url\" content=\"https:\/\/www.sotograndeguide.com\/de\/sotogrande-immobilienmakler\/\" \/>\n<meta property=\"og:site_name\" content=\"Sotogrande Guide\" \/>\n<meta property=\"article:publisher\" content=\"https:\/\/www.facebook.com\/sotograndeguide\" \/>\n<meta property=\"article:modified_time\" content=\"2023-05-26T06:44:17+00:00\" \/>\n<meta property=\"og:image\" content=\"https:\/\/www.sotograndeguide.com\/wp-content\/uploads\/2018\/05\/Sotogrande-Estate-Agents.jpg\" \/>\n\t<meta property=\"og:image:width\" content=\"1769\" \/>\n\t<meta property=\"og:image:height\" content=\"1200\" \/>\n\t<meta property=\"og:image:type\" content=\"image\/jpeg\" \/>\n<meta name=\"twitter:card\" content=\"summary_large_image\" \/>\n<meta name=\"twitter:site\" content=\"@sotograndeguide\" \/>\n<meta name=\"twitter:label1\" content=\"Gesch\u00e4tzte Lesezeit\" \/>\n\t<meta name=\"twitter:data1\" content=\"1\u00a0Minute\" \/>\n<!-- \/ Yoast SEO Premium plugin. -->","yoast_head_json":{"title":"Sotogrande Immobilienmakler","description":"Der umfassende F\u00fchrer zu allen Immobilienmaklern in Sotogrande. Wenn Sie auf der Suche nach einem Immobilienmakler oder Immobilienexperten in Sotogrande sind, finden Sie hier alle.","robots":{"index":"index","follow":"follow","max-snippet":"max-snippet:-1","max-image-preview":"max-image-preview:large","max-video-preview":"max-video-preview:-1"},"canonical":"https:\/\/www.sotograndeguide.com\/de\/sotogrande-immobilienmakler\/","og_locale":"de_DE","og_type":"article","og_title":"Sotogrande Estate Agents","og_description":"The comprehensive guide to all Sotogrande Estate Agents. If you are looking for a real estate agent or property expert in Sotogrande, we list them all.","og_url":"https:\/\/www.sotograndeguide.com\/de\/sotogrande-immobilienmakler\/","og_site_name":"Sotogrande Guide","article_publisher":"https:\/\/www.facebook.com\/sotograndeguide","article_modified_time":"2023-05-26T06:44:17+00:00","og_image":[{"width":1769,"height":1200,"url":"https:\/\/www.sotograndeguide.com\/wp-content\/uploads\/2018\/05\/Sotogrande-Estate-Agents.jpg","type":"image\/jpeg"}],"twitter_card":"summary_large_image","twitter_site":"@sotograndeguide","twitter_misc":{"Gesch\u00e4tzte Lesezeit":"1\u00a0Minute"},"schema":{"@context":"https:\/\/schema.org","@graph":[{"@type":"WebPage","@id":"https:\/\/www.sotograndeguide.com\/sotogrande-estate-agents\/","url":"https:\/\/www.sotograndeguide.com\/sotogrande-estate-agents\/","name":"Sotogrande Immobilienmakler","isPartOf":{"@id":"https:\/\/www.sotograndeguide.com\/#website"},"primaryImageOfPage":{"@id":"https:\/\/www.sotograndeguide.com\/sotogrande-estate-agents\/#primaryimage"},"image":{"@id":"https:\/\/www.sotograndeguide.com\/sotogrande-estate-agents\/#primaryimage"},"thumbnailUrl":"https:\/\/www.sotograndeguide.com\/wp-content\/uploads\/2018\/05\/Sotogrande-Estate-Agents.jpg","datePublished":"2017-01-30T19:03:07+00:00","dateModified":"2023-05-26T06:44:17+00:00","description":"Der umfassende F\u00fchrer zu allen Immobilienmaklern in Sotogrande. Wenn Sie auf der Suche nach einem Immobilienmakler oder Immobilienexperten in Sotogrande sind, finden Sie hier alle.","breadcrumb":{"@id":"https:\/\/www.sotograndeguide.com\/sotogrande-estate-agents\/#breadcrumb"},"inLanguage":"de","potentialAction":[{"@type":"ReadAction","target":["https:\/\/www.sotograndeguide.com\/sotogrande-estate-agents\/"]}]},{"@type":"ImageObject","inLanguage":"de","@id":"https:\/\/www.sotograndeguide.com\/sotogrande-estate-agents\/#primaryimage","url":"https:\/\/www.sotograndeguide.com\/wp-content\/uploads\/2018\/05\/Sotogrande-Estate-Agents.jpg","contentUrl":"https:\/\/www.sotograndeguide.com\/wp-content\/uploads\/2018\/05\/Sotogrande-Estate-Agents.jpg","width":1769,"height":1200,"caption":"Sotogrande Estate Agents"},{"@type":"BreadcrumbList","@id":"https:\/\/www.sotograndeguide.com\/sotogrande-estate-agents\/#breadcrumb","itemListElement":[{"@type":"ListItem","position":1,"name":"Home","item":"https:\/\/www.sotograndeguide.com\/"},{"@type":"ListItem","position":2,"name":"Sotogrande Estate Agents"}]},{"@type":"WebSite","@id":"https:\/\/www.sotograndeguide.com\/#website","url":"https:\/\/www.sotograndeguide.com\/","name":"Sotogrande Reisef\u00fchrer","description":"Nachrichten, Tipps, Veranstaltungen und Rezensionen","publisher":{"@id":"https:\/\/www.sotograndeguide.com\/#organization"},"potentialAction":[{"@type":"SearchAction","target":{"@type":"EntryPoint","urlTemplate":"https:\/\/www.sotograndeguide.com\/?s={search_term_string}"},"query-input":{"@type":"PropertyValueSpecification","valueRequired":true,"valueName":"search_term_string"}}],"inLanguage":"de"},{"@type":"Organization","@id":"https:\/\/www.sotograndeguide.com\/#organization","name":"Sotogrande Reisef\u00fchrer","url":"https:\/\/www.sotograndeguide.com\/","logo":{"@type":"ImageObject","inLanguage":"de","@id":"https:\/\/www.sotograndeguide.com\/#\/schema\/logo\/image\/","url":"https:\/\/www.sotograndeguide.com\/wp-content\/uploads\/2017\/03\/Sotogrande-Logo-GUIDE.png","contentUrl":"https:\/\/www.sotograndeguide.com\/wp-content\/uploads\/2017\/03\/Sotogrande-Logo-GUIDE.png","width":300,"height":300,"caption":"Sotogrande Guide"},"image":{"@id":"https:\/\/www.sotograndeguide.com\/#\/schema\/logo\/image\/"},"sameAs":["https:\/\/www.facebook.com\/sotograndeguide","https:\/\/x.com\/sotograndeguide","https:\/\/www.tiktok.com\/@sotograndeguide","https:\/\/www.youtube.com\/@SotograndeGuide"]}]}},"jetpack_sharing_enabled":true,"_links":{"self":[{"href":"https:\/\/www.sotograndeguide.com\/de\/wp-json\/wp\/v2\/pages\/72","targetHints":{"allow":["GET"]}}],"collection":[{"href":"https:\/\/www.sotograndeguide.com\/de\/wp-json\/wp\/v2\/pages"}],"about":[{"href":"https:\/\/www.sotograndeguide.com\/de\/wp-json\/wp\/v2\/types\/page"}],"author":[{"embeddable":true,"href":"https:\/\/www.sotograndeguide.com\/de\/wp-json\/wp\/v2\/users\/1"}],"replies":[{"embeddable":true,"href":"https:\/\/www.sotograndeguide.com\/de\/wp-json\/wp\/v2\/comments?post=72"}],"version-history":[{"count":0,"href":"https:\/\/www.sotograndeguide.com\/de\/wp-json\/wp\/v2\/pages\/72\/revisions"}],"wp:featuredmedia":[{"embeddable":true,"href":"https:\/\/www.sotograndeguide.com\/de\/wp-json\/wp\/v2\/media\/34518"}],"wp:attachment":[{"href":"https:\/\/www.sotograndeguide.com\/de\/wp-json\/wp\/v2\/media?parent=72"}],"curies":[{"name":"wp","href":"https:\/\/api.w.org\/{rel}","templated":true}]}}