{"id":69,"date":"2017-01-30T19:02:04","date_gmt":"2017-01-30T19:02:04","guid":{"rendered":"http:\/\/www.sotograndeguide.com\/?page_id=69"},"modified":"2019-01-28T20:08:07","modified_gmt":"2019-01-28T20:08:07","slug":"stadtteile-von-sotogrande","status":"publish","type":"page","link":"https:\/\/www.sotograndeguide.com\/de\/sotogrande-neighbourhoods\/","title":{"rendered":"Sotogrande Nachbarschaften"},"content":{"rendered":"<p>Der Ferienort Sotogrande besteht aus vier Hauptbezirken:<\/p>\n<h2>La Reserva de Sotogrande<\/h2>\n<p>La Reserva liegt im oberen rechten Teil von Sotogrande. Das Gebiet ist von Natur umgeben und mit breiten Stra\u00dfen erschlossen. In La Reserva befinden sich die Sotogrande International School, der Golfplatz La Reserva und das Reitsportzentrum Sotogrande Hipica. Zu den beliebten Immobilienprojekten geh\u00f6rt Los Cortijos De La Reserva.<\/p>\n<h2>Sotogrande Costa<\/h2>\n<p>Sotogrande Costa oder Sotogrande Bajo ist das Gebiet von Sotogrande, das an die K\u00fcste grenzt und das Gebiet Kings &amp; Queens mit seiner Hauptallee 'Paseo del Parque', die Zone A und die Zone B umfasst. Zu den beliebten Immobilienprojekten geh\u00f6ren Los Granados del Mar, Casar Fronda und Royal Golf.<\/p>\n<h2>Jachthafen von Sotogrande<\/h2>\n<p>Im Jachthafen von Sotogrande und im Hafen von Sotogrande finden Sie eine Vielzahl von Gesch\u00e4ften, Bars und Restaurants sowie den Nautic Club und die Strandbar El Octogono. Der Hafen von Sotogrande ist vor allem in den Sommermonaten der zentrale Knotenpunkt. Der Anfang der 90er Jahre erbaute Jachthafen beherbergt 548 Liegepl\u00e4tze. Beliebte Immobilienprojekte sind Paseo del Mar, Paseo del Rio, Ribera del Obispo, Jungla de Loro, Isla Carey, Ribera del Emperador, Isla Pez Volador und Ribera del Marlin.<\/p>\n<h2>Sotogrande Alto<\/h2>\n<p>Sotogrande Alto liegt im oberen linken Teil von Sotogrande und umfasst die Zonen C, D, E, F und G. In Sotogrande Alto finden Sie den Golfplatz Almenara, das Hotel Almenara und den Golfclub Valderrama. Beliebte Immobilienprojekte sind Carmenes de Almenara, Los Gazules und Sotogolf.<\/p>\n<p>Weitere Gebiete und Stadtteile in der Umgebung von Sotogrande sind:<\/p>\n<h2>Guadiaro<\/h2>\n<p>Guadiaro ist ein kleines Dorf, das etwas oberhalb von Pueblo Nuevo de Guadiaro liegt. In Guadiaro gibt es eine Caixa-Bank, einen Tabakladen, mehrere Bars und Restaurants, eine Kirche und eine Schule.<\/p>\n<h2>Pueblo Nuevo de Guadiaro<\/h2>\n<p>Pueblo Nuevo de Guadiaro ist das ganze Jahr \u00fcber das wichtigste Zentrum f\u00fcr die Einwohner. Es gibt unz\u00e4hlige M\u00f6glichkeiten zum Einkaufen, f\u00fcr Gesch\u00e4fte, zum Essen oder zum Genie\u00dfen eines Kaffees oder Getr\u00e4nks.<\/p>\n<h2>Torreguadiaro<\/h2>\n<p>Torreguadiaro liegt direkt \u00f6stlich der Hafeneinfahrt von Sotogrande. Dies ist eine beliebte Stadt zum Essen gehen mit einigen der besten Restaurants in der Gegend und dem belebtesten Strand im Sommer.<\/p>\n<h2>La Alcaidesa<\/h2>\n<p>La Alcaidesa liegt nur f\u00fcnf Autominuten von Sotogrande entfernt. Hier gibt es zwei Golfpl\u00e4tze, ein gro\u00dfes Resort und sch\u00f6ne Str\u00e4nde mit einer trendigen Strandbar. La Alcaidesa ist au\u00dferhalb der Saison eher ruhig, aber in den Sommermonaten ist viel los.<\/p>","protected":false},"excerpt":{"rendered":"<p>Der Ferienort Sotogrande setzt sich aus vier Hauptbezirken zusammen: La Reserva de Sotogrande La Reserva befindet sich im oberen rechten Teil von Sotogrande. Das Gebiet ist von Natur umgeben und mit breiten Stra\u00dfen erschlossen. In La Reserva befinden sich die Internationale Schule Sotogrande, der Golfplatz La Reserva und das Reitzentrum Sotogrande Hipica. ... <a title=\"Sotogrande Nachbarschaften\" class=\"read-more\" href=\"https:\/\/www.sotograndeguide.com\/de\/sotogrande-neighbourhoods\/\" aria-label=\"Mehr Informationen \u00fcber Sotogrande Nachbarschaften\">Mehr lesen<\/a><\/p>","protected":false},"author":1,"featured_media":0,"parent":0,"menu_order":0,"comment_status":"closed","ping_status":"closed","template":"","meta":{"footnotes":""},"class_list":["post-69","page","type-page","status-publish"],"yoast_head":"<!-- This site is optimized with the Yoast SEO Premium plugin v20.5 (Yoast SEO v27.4) - https:\/\/yoast.com\/product\/yoast-seo-premium-wordpress\/ -->\n<title>Sotogrande Neighbourhoods<\/title>\n<meta name=\"robots\" content=\"index, follow, max-snippet:-1, max-image-preview:large, max-video-preview:-1\" \/>\n<link rel=\"canonical\" href=\"https:\/\/www.sotograndeguide.com\/de\/stadtteile-von-sotogrande\/\" \/>\n<meta property=\"og:locale\" content=\"de_DE\" \/>\n<meta property=\"og:type\" content=\"article\" \/>\n<meta property=\"og:title\" content=\"Sotogrande Neighbourhoods\" \/>\n<meta property=\"og:description\" content=\"The resort of Sotogrande is made up of four main districts: La Reserva de Sotogrande La Reserva is towards the top right of Sotogrande. The area is surrounded by nature and developed with wide roads. In La Reserva you will find the Sotogrande International School, La Reserva Golf Course and the Sotogrande Hipica equestrian centre. ... Read more\" \/>\n<meta property=\"og:url\" content=\"https:\/\/www.sotograndeguide.com\/de\/stadtteile-von-sotogrande\/\" \/>\n<meta property=\"og:site_name\" content=\"Sotogrande Guide\" \/>\n<meta property=\"article:publisher\" content=\"https:\/\/www.facebook.com\/sotograndeguide\" \/>\n<meta property=\"article:modified_time\" content=\"2019-01-28T20:08:07+00:00\" \/>\n<meta property=\"og:image\" content=\"https:\/\/www.sotograndeguide.com\/wp-content\/uploads\/2017\/03\/Sotogrande-Logo-GUIDE.png\" \/>\n\t<meta property=\"og:image:width\" content=\"300\" \/>\n\t<meta property=\"og:image:height\" content=\"300\" \/>\n\t<meta property=\"og:image:type\" content=\"image\/png\" \/>\n<meta name=\"twitter:card\" content=\"summary_large_image\" \/>\n<meta name=\"twitter:site\" content=\"@sotograndeguide\" \/>\n<meta name=\"twitter:label1\" content=\"Gesch\u00e4tzte Lesezeit\" \/>\n\t<meta name=\"twitter:data1\" content=\"2\u00a0Minuten\" \/>\n<!-- \/ Yoast SEO Premium plugin. -->","yoast_head_json":{"title":"Sotogrande Nachbarschaften","robots":{"index":"index","follow":"follow","max-snippet":"max-snippet:-1","max-image-preview":"max-image-preview:large","max-video-preview":"max-video-preview:-1"},"canonical":"https:\/\/www.sotograndeguide.com\/de\/stadtteile-von-sotogrande\/","og_locale":"de_DE","og_type":"article","og_title":"Sotogrande Neighbourhoods","og_description":"The resort of Sotogrande is made up of four main districts: La Reserva de Sotogrande La Reserva is towards the top right of Sotogrande. The area is surrounded by nature and developed with wide roads. In La Reserva you will find the Sotogrande International School, La Reserva Golf Course and the Sotogrande Hipica equestrian centre. ... Read more","og_url":"https:\/\/www.sotograndeguide.com\/de\/stadtteile-von-sotogrande\/","og_site_name":"Sotogrande Guide","article_publisher":"https:\/\/www.facebook.com\/sotograndeguide","article_modified_time":"2019-01-28T20:08:07+00:00","og_image":[{"width":300,"height":300,"url":"https:\/\/www.sotograndeguide.com\/wp-content\/uploads\/2017\/03\/Sotogrande-Logo-GUIDE.png","type":"image\/png"}],"twitter_card":"summary_large_image","twitter_site":"@sotograndeguide","twitter_misc":{"Gesch\u00e4tzte Lesezeit":"2\u00a0Minuten"},"schema":{"@context":"https:\/\/schema.org","@graph":[{"@type":"WebPage","@id":"https:\/\/www.sotograndeguide.com\/sotogrande-neighbourhoods\/","url":"https:\/\/www.sotograndeguide.com\/sotogrande-neighbourhoods\/","name":"Sotogrande Nachbarschaften","isPartOf":{"@id":"https:\/\/www.sotograndeguide.com\/#website"},"datePublished":"2017-01-30T19:02:04+00:00","dateModified":"2019-01-28T20:08:07+00:00","breadcrumb":{"@id":"https:\/\/www.sotograndeguide.com\/sotogrande-neighbourhoods\/#breadcrumb"},"inLanguage":"de","potentialAction":[{"@type":"ReadAction","target":["https:\/\/www.sotograndeguide.com\/sotogrande-neighbourhoods\/"]}]},{"@type":"BreadcrumbList","@id":"https:\/\/www.sotograndeguide.com\/sotogrande-neighbourhoods\/#breadcrumb","itemListElement":[{"@type":"ListItem","position":1,"name":"Home","item":"https:\/\/www.sotograndeguide.com\/"},{"@type":"ListItem","position":2,"name":"Sotogrande Neighbourhoods"}]},{"@type":"WebSite","@id":"https:\/\/www.sotograndeguide.com\/#website","url":"https:\/\/www.sotograndeguide.com\/","name":"Sotogrande Reisef\u00fchrer","description":"Nachrichten, Tipps, Veranstaltungen und Rezensionen","publisher":{"@id":"https:\/\/www.sotograndeguide.com\/#organization"},"potentialAction":[{"@type":"SearchAction","target":{"@type":"EntryPoint","urlTemplate":"https:\/\/www.sotograndeguide.com\/?s={search_term_string}"},"query-input":{"@type":"PropertyValueSpecification","valueRequired":true,"valueName":"search_term_string"}}],"inLanguage":"de"},{"@type":"Organization","@id":"https:\/\/www.sotograndeguide.com\/#organization","name":"Sotogrande Reisef\u00fchrer","url":"https:\/\/www.sotograndeguide.com\/","logo":{"@type":"ImageObject","inLanguage":"de","@id":"https:\/\/www.sotograndeguide.com\/#\/schema\/logo\/image\/","url":"https:\/\/www.sotograndeguide.com\/wp-content\/uploads\/2017\/03\/Sotogrande-Logo-GUIDE.png","contentUrl":"https:\/\/www.sotograndeguide.com\/wp-content\/uploads\/2017\/03\/Sotogrande-Logo-GUIDE.png","width":300,"height":300,"caption":"Sotogrande Guide"},"image":{"@id":"https:\/\/www.sotograndeguide.com\/#\/schema\/logo\/image\/"},"sameAs":["https:\/\/www.facebook.com\/sotograndeguide","https:\/\/x.com\/sotograndeguide","https:\/\/www.tiktok.com\/@sotograndeguide","https:\/\/www.youtube.com\/@SotograndeGuide"]}]}},"jetpack_sharing_enabled":true,"_links":{"self":[{"href":"https:\/\/www.sotograndeguide.com\/de\/wp-json\/wp\/v2\/pages\/69","targetHints":{"allow":["GET"]}}],"collection":[{"href":"https:\/\/www.sotograndeguide.com\/de\/wp-json\/wp\/v2\/pages"}],"about":[{"href":"https:\/\/www.sotograndeguide.com\/de\/wp-json\/wp\/v2\/types\/page"}],"author":[{"embeddable":true,"href":"https:\/\/www.sotograndeguide.com\/de\/wp-json\/wp\/v2\/users\/1"}],"replies":[{"embeddable":true,"href":"https:\/\/www.sotograndeguide.com\/de\/wp-json\/wp\/v2\/comments?post=69"}],"version-history":[{"count":0,"href":"https:\/\/www.sotograndeguide.com\/de\/wp-json\/wp\/v2\/pages\/69\/revisions"}],"wp:attachment":[{"href":"https:\/\/www.sotograndeguide.com\/de\/wp-json\/wp\/v2\/media?parent=69"}],"curies":[{"name":"wp","href":"https:\/\/api.w.org\/{rel}","templated":true}]}}