{"id":44,"date":"2017-01-30T14:53:49","date_gmt":"2017-01-30T14:53:49","guid":{"rendered":"http:\/\/www.sotograndeguide.com\/?page_id=44"},"modified":"2021-04-22T11:42:36","modified_gmt":"2021-04-22T11:42:36","slug":"uber","status":"publish","type":"page","link":"https:\/\/www.sotograndeguide.com\/de\/about\/","title":{"rendered":"\u00dcber"},"content":{"rendered":"<p>Sotogrande Guide ist ein Gemeinschaftsportal mit frischen, wertvollen Inhalten f\u00fcr Einzelpersonen, Paare und Familien, die in Sotogrande leben oder arbeiten, und f\u00fcr alle, die aus der ganzen Welt kommen und \u00fcberlegen, nach Sotogrande zu ziehen oder dort zu investieren.<\/p>\n<p>Unser F\u00fchrer stellt lokale Unternehmen vor, darunter Caf\u00e9s, Bars und <a href=\"https:\/\/www.sotograndeguide.com\/de\/restaurants-in-sotogrande\/\" target=\"_blank\" rel=\"noopener noreferrer\">Restaurants<\/a>, <a href=\"https:\/\/www.sotograndeguide.com\/de\/sotogrande-hotels\/\" target=\"_blank\" rel=\"noopener noreferrer\">Hotels<\/a>, <a href=\"https:\/\/www.sotograndeguide.com\/de\/sotogrande-apotheken\/\">Apotheken<\/a>, <a href=\"https:\/\/www.sotograndeguide.com\/de\/sotogrande-architekten\/\">Architekten<\/a>, <a href=\"https:\/\/www.sotograndeguide.com\/de\/schulen-in-sotogrande\/\">Schulen<\/a>, <a href=\"https:\/\/www.sotograndeguide.com\/de\/sotogrande-friseure\/\">Friseure<\/a>, <a href=\"https:\/\/www.sotograndeguide.com\/de\/sotogrande-tierarzte\/\">Tier\u00e4rztinnen und Tier\u00e4rzte<\/a>, <a href=\"https:\/\/www.sotograndeguide.com\/de\/sotogrande-anwalte\/\">Rechtsanw\u00e4lte<\/a>professionellen Dienstleistern und <a href=\"https:\/\/www.sotograndeguide.com\/de\/sotogrande-einkaufen\/\">Gesch\u00e4fte<\/a> mit echten Kundenrezensionen. Der Sotogrande-F\u00fchrer enth\u00e4lt Nachrichten, Veranstaltungen, Unternehmungen, Tipps und Geschichten.<\/p>\n<p>Wir laden die Einwohner von Sotogrande, Guadiaro, Pueblo Nuevo de Guadiaro, Torreguadiaro und La Alcaidesa ein, zu diesem Projekt beizutragen, indem sie ihre Geschichten, Neuigkeiten, Angebote und ihr Wissen \u00fcber Sotogrande vorstellen. Unsere Leser sind aufgefordert, unsere Inhalte in den sozialen Medien zu teilen, insbesondere auf Facebook, Twitter und LinkedIn.<\/p>\n<p>Wir laden auch alle, die in Sotogrande oder Umgebung wohnen, zu unserer <a href=\"https:\/\/www.facebook.com\/groups\/sotogrande\/\" target=\"_blank\" rel=\"noopener noreferrer\">Anschlagbrett der Gemeinde Sotogrande<\/a> auf Facebook.<\/p>\n<p>Wenn Sie Sotogrande lieben, unterst\u00fctzen Sie uns, indem Sie uns auf <a href=\"https:\/\/www.facebook.com\/sotograndeguide\/\">Facebook<\/a>, folgen Sie uns auf <a href=\"https:\/\/twitter.com\/sotograndeguide\">Twitter<\/a> und <a href=\"http:\/\/instagram.com\/sotograndeguide\">Instagram<\/a> und wenn Sie daran interessiert sind, Ihr Unternehmen einzutragen oder einen Beitrag zum Sotogrande-F\u00fchrer zu leisten, nehmen Sie Kontakt mit uns auf:<\/p>\n\n<div class=\"wpcf7 no-js\" id=\"wpcf7-f38-o1\" lang=\"en-US\" dir=\"ltr\" data-wpcf7-id=\"38\">\n<div class=\"screen-reader-response\"><p role=\"status\" aria-live=\"polite\" aria-atomic=\"true\"><\/p> <ul><\/ul><\/div>\n<form action=\"\/de\/wp-json\/wp\/v2\/pages\/44#wpcf7-f38-o1\" method=\"post\" class=\"wpcf7-form init\" aria-label=\"Kontakt-Formular\" novalidate=\"novalidate\" data-status=\"init\" data-trp-original-action=\"\/de\/wp-json\/wp\/v2\/pages\/44#wpcf7-f38-o1\">\n<fieldset class=\"hidden-fields-container\"><input type=\"hidden\" name=\"_wpcf7\" value=\"38\" \/><input type=\"hidden\" name=\"_wpcf7_version\" value=\"6.1.5\" \/><input type=\"hidden\" name=\"_wpcf7_locale\" value=\"en_US\" \/><input type=\"hidden\" name=\"_wpcf7_unit_tag\" value=\"wpcf7-f38-o1\" \/><input type=\"hidden\" name=\"_wpcf7_container_post\" value=\"0\" \/><input type=\"hidden\" name=\"_wpcf7_posted_data_hash\" value=\"\" \/><input type=\"hidden\" name=\"_wpcf7_recaptcha_response\" value=\"\" \/>\n<\/fieldset>\n<div id=\"responsive-form\" class=\"clearfix\">\n\t<div class=\"form-row\">\n\t\t<div class=\"column-half\">\n\t\t\t<p><span class=\"wpcf7-form-control-wrap\" data-name=\"your-name\"><input size=\"40\" maxlength=\"400\" class=\"wpcf7-form-control wpcf7-text wpcf7-validates-as-required cf7r-fb-first-name\" aria-required=\"true\" aria-invalid=\"false\" placeholder=\"Vorname\" value=\"\" type=\"text\" name=\"your-name\" \/><\/span>\n\t\t\t<\/p>\n\t\t<\/div>\n\t\t<div class=\"column-half\">\n\t\t\t<p><span class=\"wpcf7-form-control-wrap\" data-name=\"your-surname\"><input size=\"40\" maxlength=\"400\" class=\"wpcf7-form-control wpcf7-text wpcf7-validates-as-required cf7r-fb-last-name\" aria-required=\"true\" aria-invalid=\"false\" placeholder=\"Nachname\" value=\"\" type=\"text\" name=\"your-surname\" \/><\/span>\n\t\t\t<\/p>\n\t\t<\/div>\n\t<\/div>\n\t<div class=\"form-row\">\n\t\t<div class=\"column-half\">\n\t\t\t<p><span class=\"wpcf7-form-control-wrap\" data-name=\"your-email\"><input size=\"40\" maxlength=\"400\" class=\"wpcf7-form-control wpcf7-email wpcf7-validates-as-required wpcf7-text wpcf7-validates-as-email cf7r-fb-email\" aria-required=\"true\" aria-invalid=\"false\" placeholder=\"Deine E-Mail\" value=\"\" type=\"email\" name=\"your-email\" \/><\/span>\n\t\t\t<\/p>\n\t\t<\/div>\n\t\t<div class=\"column-half\">\n\t\t\t<p><span class=\"wpcf7-form-control-wrap your-tel\"><input class=\"wpcf7-form-control wpcf7-intl_tel wpcf7-intl-tel\" aria-invalid=\"false\" placeholder=\"Ihr Telefon\" size=\"40\" value=\"\" type=\"tel\" name=\"your-tel-cf7it-national\" \/><input name=\"your-tel\" type=\"hidden\" class=\"wpcf7-intl-tel-full\" \/><input type=\"hidden\" name=\"your-tel-cf7it-country-name\" class=\"wpcf7-intl-tel-country-name\" \/><input type=\"hidden\" name=\"your-tel-cf7it-country-code\" class=\"wpcf7-intl-tel-country-code\" \/><\/span>\n\t\t\t<\/p>\n\t\t<\/div>\n\t<\/div>\n\t<div class=\"form-row\">\n\t\t<div class=\"column-full\">\n\t\t\t<p><span class=\"wpcf7-form-control-wrap\" data-name=\"your-message\"><textarea cols=\"10\" rows=\"10\" maxlength=\"2000\" class=\"wpcf7-form-control wpcf7-textarea\" aria-invalid=\"false\" placeholder=\"Haben Sie Fragen oder besondere W\u00fcnsche? Nennen Sie sie hier...\" name=\"your-message\"><\/textarea><\/span>\n\t\t\t<\/p>\n\t\t<\/div>\n\t<\/div>\n\t<div class=\"form-row\">\n\t\t<div class=\"column-full\">\n\t\t\t<p><input class=\"wpcf7-form-control wpcf7-submit has-spinner\" type=\"submit\" value=\"Meine Anfrage jetzt abschicken\" \/>\n\t\t\t<\/p>\n\t\t<\/div>\n\t<\/div>\n<\/div><!--end responsive-form-->\n<p style=\"text-align: center;\"><small>Diese Website ist durch reCAPTCHA und das Google <a href=\"https:\/\/policies.google.com\/privacy\">Datenschutzbestimmungen<\/a> und <a href=\"https:\/\/policies.google.com\/terms\">Bedingungen der Dienstleistung<\/a> anwenden.<\/small>\n<\/p><div class=\"wpcf7-response-output\" aria-hidden=\"true\"><\/div>\n<input type=\"hidden\" name=\"trp-form-language\" value=\"de\"\/><\/form>\n<\/div>","protected":false},"excerpt":{"rendered":"<p>Sotogrande Guide ist ein Gemeinschaftsportal mit frischen, wertvollen Inhalten f\u00fcr Einzelpersonen, Paare und Familien, die in Sotogrande leben oder arbeiten, und f\u00fcr alle, die aus der ganzen Welt kommen und \u00fcberlegen, nach Sotogrande zu ziehen oder dort zu investieren. In unserem F\u00fchrer finden Sie lokale Unternehmen wie Caf\u00e9s, Bars und Restaurants, Hotels, Apotheken, Architekten, Schulen, Friseure, Tier\u00e4rzte, Rechtsanw\u00e4lte, ... <a title=\"\u00dcber\" class=\"read-more\" href=\"https:\/\/www.sotograndeguide.com\/de\/about\/\" aria-label=\"Mehr Informationen \u00fcber About\">Mehr lesen<\/a><\/p>","protected":false},"author":1,"featured_media":0,"parent":0,"menu_order":0,"comment_status":"closed","ping_status":"closed","template":"","meta":{"footnotes":""},"class_list":["post-44","page","type-page","status-publish"],"yoast_head":"<!-- This site is optimized with the Yoast SEO Premium plugin v20.5 (Yoast SEO v27.5) - https:\/\/yoast.com\/product\/yoast-seo-premium-wordpress\/ -->\n<title>About<\/title>\n<meta name=\"robots\" content=\"index, follow, max-snippet:-1, max-image-preview:large, max-video-preview:-1\" \/>\n<link rel=\"canonical\" href=\"https:\/\/www.sotograndeguide.com\/de\/uber\/\" \/>\n<meta property=\"og:locale\" content=\"de_DE\" \/>\n<meta property=\"og:type\" content=\"article\" \/>\n<meta property=\"og:title\" content=\"About\" \/>\n<meta property=\"og:description\" content=\"Sotogrande Guide is a community portal with fresh, value packed content for individuals, couples and families living or working in Sotogrande and for all those from around the world that are considering moving to or investing in Sotogrande. Our guide features local businesses including cafes, bars and restaurants, hotels, pharmacies, architects, schools, hairdressers, veterinarians, lawyers, ... Read more\" \/>\n<meta property=\"og:url\" content=\"https:\/\/www.sotograndeguide.com\/de\/uber\/\" \/>\n<meta property=\"og:site_name\" content=\"Sotogrande Guide\" \/>\n<meta property=\"article:publisher\" content=\"https:\/\/www.facebook.com\/sotograndeguide\" \/>\n<meta property=\"article:modified_time\" content=\"2021-04-22T11:42:36+00:00\" \/>\n<meta property=\"og:image\" content=\"https:\/\/www.sotograndeguide.com\/wp-content\/uploads\/2017\/03\/Sotogrande-Logo-GUIDE.png\" \/>\n\t<meta property=\"og:image:width\" content=\"300\" \/>\n\t<meta property=\"og:image:height\" content=\"300\" \/>\n\t<meta property=\"og:image:type\" content=\"image\/png\" \/>\n<meta name=\"twitter:card\" content=\"summary_large_image\" \/>\n<meta name=\"twitter:site\" content=\"@sotograndeguide\" \/>\n<meta name=\"twitter:label1\" content=\"Gesch\u00e4tzte Lesezeit\" \/>\n\t<meta name=\"twitter:data1\" content=\"1\u00a0Minute\" \/>\n<!-- \/ Yoast SEO Premium plugin. -->","yoast_head_json":{"title":"\u00dcber","robots":{"index":"index","follow":"follow","max-snippet":"max-snippet:-1","max-image-preview":"max-image-preview:large","max-video-preview":"max-video-preview:-1"},"canonical":"https:\/\/www.sotograndeguide.com\/de\/uber\/","og_locale":"de_DE","og_type":"article","og_title":"About","og_description":"Sotogrande Guide is a community portal with fresh, value packed content for individuals, couples and families living or working in Sotogrande and for all those from around the world that are considering moving to or investing in Sotogrande. Our guide features local businesses including cafes, bars and restaurants, hotels, pharmacies, architects, schools, hairdressers, veterinarians, lawyers, ... Read more","og_url":"https:\/\/www.sotograndeguide.com\/de\/uber\/","og_site_name":"Sotogrande Guide","article_publisher":"https:\/\/www.facebook.com\/sotograndeguide","article_modified_time":"2021-04-22T11:42:36+00:00","og_image":[{"width":300,"height":300,"url":"https:\/\/www.sotograndeguide.com\/wp-content\/uploads\/2017\/03\/Sotogrande-Logo-GUIDE.png","type":"image\/png"}],"twitter_card":"summary_large_image","twitter_site":"@sotograndeguide","twitter_misc":{"Gesch\u00e4tzte Lesezeit":"1\u00a0Minute"},"schema":{"@context":"https:\/\/schema.org","@graph":[{"@type":"WebPage","@id":"https:\/\/www.sotograndeguide.com\/about\/","url":"https:\/\/www.sotograndeguide.com\/about\/","name":"\u00dcber","isPartOf":{"@id":"https:\/\/www.sotograndeguide.com\/#website"},"datePublished":"2017-01-30T14:53:49+00:00","dateModified":"2021-04-22T11:42:36+00:00","breadcrumb":{"@id":"https:\/\/www.sotograndeguide.com\/about\/#breadcrumb"},"inLanguage":"de","potentialAction":[{"@type":"ReadAction","target":["https:\/\/www.sotograndeguide.com\/about\/"]}]},{"@type":"BreadcrumbList","@id":"https:\/\/www.sotograndeguide.com\/about\/#breadcrumb","itemListElement":[{"@type":"ListItem","position":1,"name":"Home","item":"https:\/\/www.sotograndeguide.com\/"},{"@type":"ListItem","position":2,"name":"About"}]},{"@type":"WebSite","@id":"https:\/\/www.sotograndeguide.com\/#website","url":"https:\/\/www.sotograndeguide.com\/","name":"Sotogrande Reisef\u00fchrer","description":"Nachrichten, Tipps, Veranstaltungen und Rezensionen","publisher":{"@id":"https:\/\/www.sotograndeguide.com\/#organization"},"potentialAction":[{"@type":"SearchAction","target":{"@type":"EntryPoint","urlTemplate":"https:\/\/www.sotograndeguide.com\/?s={search_term_string}"},"query-input":{"@type":"PropertyValueSpecification","valueRequired":true,"valueName":"search_term_string"}}],"inLanguage":"de"},{"@type":"Organization","@id":"https:\/\/www.sotograndeguide.com\/#organization","name":"Sotogrande Reisef\u00fchrer","url":"https:\/\/www.sotograndeguide.com\/","logo":{"@type":"ImageObject","inLanguage":"de","@id":"https:\/\/www.sotograndeguide.com\/#\/schema\/logo\/image\/","url":"https:\/\/www.sotograndeguide.com\/wp-content\/uploads\/2017\/03\/Sotogrande-Logo-GUIDE.png","contentUrl":"https:\/\/www.sotograndeguide.com\/wp-content\/uploads\/2017\/03\/Sotogrande-Logo-GUIDE.png","width":300,"height":300,"caption":"Sotogrande Guide"},"image":{"@id":"https:\/\/www.sotograndeguide.com\/#\/schema\/logo\/image\/"},"sameAs":["https:\/\/www.facebook.com\/sotograndeguide","https:\/\/x.com\/sotograndeguide","https:\/\/www.tiktok.com\/@sotograndeguide","https:\/\/www.youtube.com\/@SotograndeGuide"]}]}},"jetpack_sharing_enabled":true,"_links":{"self":[{"href":"https:\/\/www.sotograndeguide.com\/de\/wp-json\/wp\/v2\/pages\/44","targetHints":{"allow":["GET"]}}],"collection":[{"href":"https:\/\/www.sotograndeguide.com\/de\/wp-json\/wp\/v2\/pages"}],"about":[{"href":"https:\/\/www.sotograndeguide.com\/de\/wp-json\/wp\/v2\/types\/page"}],"author":[{"embeddable":true,"href":"https:\/\/www.sotograndeguide.com\/de\/wp-json\/wp\/v2\/users\/1"}],"replies":[{"embeddable":true,"href":"https:\/\/www.sotograndeguide.com\/de\/wp-json\/wp\/v2\/comments?post=44"}],"version-history":[{"count":0,"href":"https:\/\/www.sotograndeguide.com\/de\/wp-json\/wp\/v2\/pages\/44\/revisions"}],"wp:attachment":[{"href":"https:\/\/www.sotograndeguide.com\/de\/wp-json\/wp\/v2\/media?parent=44"}],"curies":[{"name":"wp","href":"https:\/\/api.w.org\/{rel}","templated":true}]}}