{"id":35884,"date":"2023-04-17T10:26:20","date_gmt":"2023-04-17T10:26:20","guid":{"rendered":"https:\/\/www.sotograndeguide.com\/?page_id=35884"},"modified":"2025-01-20T11:20:08","modified_gmt":"2025-01-20T11:20:08","slug":"summum","status":"publish","type":"page","link":"https:\/\/www.sotograndeguide.com\/de\/sotogrande-restaurants\/summum\/","title":{"rendered":"Summum Torreguadiaro"},"content":{"rendered":"<p><strong>Summum Torreguadiaro: Ein erstklassiges kulinarisches Erlebnis in der N\u00e4he von Sotogrande.<\/strong><\/p>\n<p>Das Summum Torreguadiaro, ein au\u00dfergew\u00f6hnliches Restaurant, hat sich in der Region Sotogrande schnell einen Namen als Pflichtbesuch gemacht. Das Summum Restaurant in Torreguadiaro wurde von der renommierten Gruppe er\u00f6ffnet, die hinter dem Las Brisas in La L\u00ednea de la Concepci\u00f3n steht, und bietet eine perfekte Mischung aus Innovation, Tradition und exquisiten Aromen f\u00fcr ein unvergessliches kulinarisches Erlebnis. Dieses vielseitige Lokal ist in zwei verschiedene Bereiche aufgeteilt, um eine Vielzahl von Essensw\u00fcnschen zu erf\u00fcllen.<\/p>\n<p>Auf der einen Seite ist die <strong>Restaurantbereich<\/strong> ist auf gereiftes Fleisch spezialisiert und bietet eine verlockende Auswahl an Fleischsorten und -rassen, die fachm\u00e4nnisch auf dem Grill zubereitet werden, um ihren einzigartigen Geschmack zu betonen. Neben diesen gegrillten K\u00f6stlichkeiten serviert das Restaurant eine Reihe von mediterran inspirierten Gerichten, die mit den besten saisonalen Zutaten zubereitet werden und das reiche kulinarische Erbe der Region widerspiegeln.<\/p>\n<p>Auf der anderen Seite ist die <strong>Gastrotapas Raum<\/strong> l\u00e4dt die G\u00e4ste zu einem zwangloseren, aber ebenso raffinierten Esserlebnis ein. Hier liegt der Schwerpunkt auf \"Gastrotapas\", einer modernen Interpretation traditioneller Tapas mit kreativem Flair. Die Speisekarte ist von der lokalen Marktk\u00fcche inspiriert und kombiniert gekonnt klassische Rezepte mit gewagten, unverkennbaren Fusions-Elementen, um den Gaumen zu erfreuen.<\/p>\n<p>Ganz gleich, ob Sie Lust auf eine herzhafte mediterrane Mahlzeit oder eine Auswahl innovativer Tapas haben, das Summum Sotogrande verspricht ein kulinarisches Erlebnis, das alle Geschm\u00e4cker bedient. Das Lokal bietet ein stilvolles und einladendes Ambiente mit einer gro\u00dfz\u00fcgigen Terrasse, auf der die G\u00e4ste ihre Mahlzeiten in entspannter Atmosph\u00e4re im Freien genie\u00dfen k\u00f6nnen. Mit einer Gesamtkapazit\u00e4t von etwa 120 Personen ist das Summum Sotogrande der perfekte Ort f\u00fcr intime Zusammenk\u00fcnfte, Familienessen oder Feiern.<\/p>\n<p>Das Summum Sotogrande ist ein kulinarisches Juwel in der Gastronomieszene von Sotogrande, wenn Sie au\u00dfergew\u00f6hnliche Speisen und einen tadellosen Service in einer lebhaften und doch eleganten Atmosph\u00e4re suchen. Besuchen Sie das Summum Sotogrande noch heute, um sich auf eine kulinarische Reise zu begeben, die ihresgleichen sucht.<\/p>\n<p><strong>Restaurant Summum<\/strong><br \/>\nK\u00fcche: International, Fleisch, Grill<br \/>\nAnschrift: Av. Mar del Sur, 86, 11312 Torreguadiaro<br \/>\nTelefon: <a href=\"tel:+34956067559\">956067559<\/a><\/p>","protected":false},"excerpt":{"rendered":"<p>Summum Torreguadiaro: Ein erstklassiges kulinarisches Erlebnis in der N\u00e4he von Sotogrande. Das Summum Torreguadiaro, ein au\u00dfergew\u00f6hnliches kulinarisches Ziel, hat sich schnell als ein Muss in der Gegend von Sotogrande etabliert. Das Summum Restaurant in Torreguadiaro wurde von der renommierten Gruppe er\u00f6ffnet, die hinter dem Las Brisas in La L\u00ednea de la Concepci\u00f3n steht, und bietet eine perfekte Mischung aus Innovation, Tradition und exquisiter ... <a title=\"Summum Torreguadiaro\" class=\"read-more\" href=\"https:\/\/www.sotograndeguide.com\/de\/sotogrande-restaurants\/summum\/\" aria-label=\"Mehr Informationen \u00fcber Summum Torreguadiaro\">Mehr lesen<\/a><\/p>","protected":false},"author":1,"featured_media":35886,"parent":91,"menu_order":0,"comment_status":"closed","ping_status":"closed","template":"","meta":{"footnotes":""},"class_list":["post-35884","page","type-page","status-publish","has-post-thumbnail"],"yoast_head":"<!-- This site is optimized with the Yoast SEO Premium plugin v20.5 (Yoast SEO v27.4) - https:\/\/yoast.com\/product\/yoast-seo-premium-wordpress\/ -->\n<title>Summum Torreguadiaro<\/title>\n<meta name=\"robots\" content=\"index, follow, max-snippet:-1, max-image-preview:large, max-video-preview:-1\" \/>\n<link rel=\"canonical\" href=\"https:\/\/www.sotograndeguide.com\/de\/restaurants-in-sotogrande\/summum\/\" \/>\n<meta property=\"og:locale\" content=\"de_DE\" \/>\n<meta property=\"og:type\" content=\"article\" \/>\n<meta property=\"og:title\" content=\"Summum Torreguadiaro\" \/>\n<meta property=\"og:description\" content=\"Summum Torreguadiaro: A Premier Culinary Experience next to Sotogrande. Summum Torreguadiaro, an exceptional dining destination, has quickly gained recognition as a must-visit establishment in the Sotogrande area. Opened by the renowned group behind Las Brisas in La L\u00ednea de la Concepci\u00f3n, Summum Restaurant in Torreguadiaro brings together a perfect blend of innovation, tradition, and exquisite ... Read more\" \/>\n<meta property=\"og:url\" content=\"https:\/\/www.sotograndeguide.com\/de\/restaurants-in-sotogrande\/summum\/\" \/>\n<meta property=\"og:site_name\" content=\"Sotogrande Guide\" \/>\n<meta property=\"article:publisher\" content=\"https:\/\/www.facebook.com\/sotograndeguide\" \/>\n<meta property=\"article:modified_time\" content=\"2025-01-20T11:20:08+00:00\" \/>\n<meta property=\"og:image\" content=\"https:\/\/www.sotograndeguide.com\/wp-content\/uploads\/2023\/04\/Summum-Torregudiaro-Restaurant.jpg\" \/>\n\t<meta property=\"og:image:width\" content=\"1040\" \/>\n\t<meta property=\"og:image:height\" content=\"780\" \/>\n\t<meta property=\"og:image:type\" content=\"image\/jpeg\" \/>\n<meta name=\"twitter:card\" content=\"summary_large_image\" \/>\n<meta name=\"twitter:site\" content=\"@sotograndeguide\" \/>\n<meta name=\"twitter:label1\" content=\"Gesch\u00e4tzte Lesezeit\" \/>\n\t<meta name=\"twitter:data1\" content=\"2\u00a0Minuten\" \/>\n<!-- \/ Yoast SEO Premium plugin. -->","yoast_head_json":{"title":"Summum Torreguadiaro","robots":{"index":"index","follow":"follow","max-snippet":"max-snippet:-1","max-image-preview":"max-image-preview:large","max-video-preview":"max-video-preview:-1"},"canonical":"https:\/\/www.sotograndeguide.com\/de\/restaurants-in-sotogrande\/summum\/","og_locale":"de_DE","og_type":"article","og_title":"Summum Torreguadiaro","og_description":"Summum Torreguadiaro: A Premier Culinary Experience next to Sotogrande. Summum Torreguadiaro, an exceptional dining destination, has quickly gained recognition as a must-visit establishment in the Sotogrande area. Opened by the renowned group behind Las Brisas in La L\u00ednea de la Concepci\u00f3n, Summum Restaurant in Torreguadiaro brings together a perfect blend of innovation, tradition, and exquisite ... Read more","og_url":"https:\/\/www.sotograndeguide.com\/de\/restaurants-in-sotogrande\/summum\/","og_site_name":"Sotogrande Guide","article_publisher":"https:\/\/www.facebook.com\/sotograndeguide","article_modified_time":"2025-01-20T11:20:08+00:00","og_image":[{"width":1040,"height":780,"url":"https:\/\/www.sotograndeguide.com\/wp-content\/uploads\/2023\/04\/Summum-Torregudiaro-Restaurant.jpg","type":"image\/jpeg"}],"twitter_card":"summary_large_image","twitter_site":"@sotograndeguide","twitter_misc":{"Gesch\u00e4tzte Lesezeit":"2\u00a0Minuten"},"schema":{"@context":"https:\/\/schema.org","@graph":[{"@type":"WebPage","@id":"https:\/\/www.sotograndeguide.com\/sotogrande-restaurants\/summum\/","url":"https:\/\/www.sotograndeguide.com\/sotogrande-restaurants\/summum\/","name":"Summum Torreguadiaro","isPartOf":{"@id":"https:\/\/www.sotograndeguide.com\/#website"},"primaryImageOfPage":{"@id":"https:\/\/www.sotograndeguide.com\/sotogrande-restaurants\/summum\/#primaryimage"},"image":{"@id":"https:\/\/www.sotograndeguide.com\/sotogrande-restaurants\/summum\/#primaryimage"},"thumbnailUrl":"https:\/\/www.sotograndeguide.com\/wp-content\/uploads\/2023\/04\/Summum-Torregudiaro-Restaurant.jpg","datePublished":"2023-04-17T10:26:20+00:00","dateModified":"2025-01-20T11:20:08+00:00","breadcrumb":{"@id":"https:\/\/www.sotograndeguide.com\/sotogrande-restaurants\/summum\/#breadcrumb"},"inLanguage":"de","potentialAction":[{"@type":"ReadAction","target":["https:\/\/www.sotograndeguide.com\/sotogrande-restaurants\/summum\/"]}]},{"@type":"ImageObject","inLanguage":"de","@id":"https:\/\/www.sotograndeguide.com\/sotogrande-restaurants\/summum\/#primaryimage","url":"https:\/\/www.sotograndeguide.com\/wp-content\/uploads\/2023\/04\/Summum-Torregudiaro-Restaurant.jpg","contentUrl":"https:\/\/www.sotograndeguide.com\/wp-content\/uploads\/2023\/04\/Summum-Torregudiaro-Restaurant.jpg","width":1040,"height":780,"caption":"Summum Restaurant"},{"@type":"BreadcrumbList","@id":"https:\/\/www.sotograndeguide.com\/sotogrande-restaurants\/summum\/#breadcrumb","itemListElement":[{"@type":"ListItem","position":1,"name":"Home","item":"https:\/\/www.sotograndeguide.com\/"},{"@type":"ListItem","position":2,"name":"Sotogrande Restaurants","item":"https:\/\/www.sotograndeguide.com\/sotogrande-restaurants\/"},{"@type":"ListItem","position":3,"name":"Summum Torreguadiaro"}]},{"@type":"WebSite","@id":"https:\/\/www.sotograndeguide.com\/#website","url":"https:\/\/www.sotograndeguide.com\/","name":"Sotogrande Reisef\u00fchrer","description":"Nachrichten, Tipps, Veranstaltungen und Rezensionen","publisher":{"@id":"https:\/\/www.sotograndeguide.com\/#organization"},"potentialAction":[{"@type":"SearchAction","target":{"@type":"EntryPoint","urlTemplate":"https:\/\/www.sotograndeguide.com\/?s={search_term_string}"},"query-input":{"@type":"PropertyValueSpecification","valueRequired":true,"valueName":"search_term_string"}}],"inLanguage":"de"},{"@type":"Organization","@id":"https:\/\/www.sotograndeguide.com\/#organization","name":"Sotogrande Reisef\u00fchrer","url":"https:\/\/www.sotograndeguide.com\/","logo":{"@type":"ImageObject","inLanguage":"de","@id":"https:\/\/www.sotograndeguide.com\/#\/schema\/logo\/image\/","url":"https:\/\/www.sotograndeguide.com\/wp-content\/uploads\/2017\/03\/Sotogrande-Logo-GUIDE.png","contentUrl":"https:\/\/www.sotograndeguide.com\/wp-content\/uploads\/2017\/03\/Sotogrande-Logo-GUIDE.png","width":300,"height":300,"caption":"Sotogrande Guide"},"image":{"@id":"https:\/\/www.sotograndeguide.com\/#\/schema\/logo\/image\/"},"sameAs":["https:\/\/www.facebook.com\/sotograndeguide","https:\/\/x.com\/sotograndeguide","https:\/\/www.tiktok.com\/@sotograndeguide","https:\/\/www.youtube.com\/@SotograndeGuide"]}]}},"jetpack_sharing_enabled":true,"_links":{"self":[{"href":"https:\/\/www.sotograndeguide.com\/de\/wp-json\/wp\/v2\/pages\/35884","targetHints":{"allow":["GET"]}}],"collection":[{"href":"https:\/\/www.sotograndeguide.com\/de\/wp-json\/wp\/v2\/pages"}],"about":[{"href":"https:\/\/www.sotograndeguide.com\/de\/wp-json\/wp\/v2\/types\/page"}],"author":[{"embeddable":true,"href":"https:\/\/www.sotograndeguide.com\/de\/wp-json\/wp\/v2\/users\/1"}],"replies":[{"embeddable":true,"href":"https:\/\/www.sotograndeguide.com\/de\/wp-json\/wp\/v2\/comments?post=35884"}],"version-history":[{"count":0,"href":"https:\/\/www.sotograndeguide.com\/de\/wp-json\/wp\/v2\/pages\/35884\/revisions"}],"up":[{"embeddable":true,"href":"https:\/\/www.sotograndeguide.com\/de\/wp-json\/wp\/v2\/pages\/91"}],"wp:featuredmedia":[{"embeddable":true,"href":"https:\/\/www.sotograndeguide.com\/de\/wp-json\/wp\/v2\/media\/35886"}],"wp:attachment":[{"href":"https:\/\/www.sotograndeguide.com\/de\/wp-json\/wp\/v2\/media?parent=35884"}],"curies":[{"name":"wp","href":"https:\/\/api.w.org\/{rel}","templated":true}]}}