{"id":35541,"date":"2020-11-22T09:20:40","date_gmt":"2020-11-22T09:20:40","guid":{"rendered":"https:\/\/www.sotograndeguide.com\/?page_id=35541"},"modified":"2020-11-22T09:20:40","modified_gmt":"2020-11-22T09:20:40","slug":"yogafit-sotogrande","status":"publish","type":"page","link":"https:\/\/www.sotograndeguide.com\/de\/sotogrande-sports\/yogafit-sotogrande\/","title":{"rendered":"Yogafit Sotogrande"},"content":{"rendered":"<p>Wenn Sie auf der Suche nach Yoga in Sotogrande sind, dann sind Sie bei Yogafit von Daisy Robins, einer 200h Vinyasa Flow Yogalehrerin, in Sotogrande und online genau richtig. Mit ihren Gruppen-Yogakursen und Privatstunden m\u00f6chte sie Ihnen eine Auszeit vom Alltag bieten! Unabh\u00e4ngig von Alter, Gr\u00f6\u00dfe oder Fitnesslevel ist Yogafit f\u00fcr JEDEN geeignet. Yogafit konzentriert sich auf Kr\u00e4ftigung, Tonisierung, Flexibilit\u00e4t und Fitness sowie auf das Erlernen von Achtsamkeit, alten yogischen Philosophien und Pranayama (Atmung). Dies ist freundliches Yoga, und ich m\u00f6chte jeden in meinen Kursen willkommen hei\u00dfen. Richten Sie Ihre Aufmerksamkeit auf das, was Sie im gegenw\u00e4rtigen Moment erleben, ohne sich selbst zu beurteilen. Man denkt nicht oft daran, dass Yoga ein Herz-Kreislauf-Training ist, aber der dynamische Fluss von Vinyasa bietet genau das. Die kontinuierliche Bewegung baut W\u00e4rme auf, hilft Ihnen, Kalorien zu verbrennen, und kann sowohl das Herz-Kreislauf-System als auch die Gesundheit der Atemwege verbessern. Ganz gleich, ob Sie abnehmen wollen oder Ihre Gesundheit in den Vordergrund stellen, Vinyasa kann ein gro\u00dfartiges k\u00f6rperliches Workout sein.<\/p>\n<p>F\u00fcr weitere Informationen oder um sich f\u00fcr einen Kurs anzumelden<br \/>\nTelefon\/WhatsApp: <a href=\"tel:+34711035331\">711035331<\/a><\/p>","protected":false},"excerpt":{"rendered":"<p>Wenn Sie auf der Suche nach Yoga in Sotogrande sind, dann sind Sie bei Yogafit von Daisy Robins, einer 200h Vinyasa Flow Yogalehrerin, in Sotogrande und online genau richtig. Mit ihren Gruppen-Yogakursen und Privatstunden m\u00f6chte sie Ihnen eine Auszeit vom Alltag bieten! Unabh\u00e4ngig von Ihrem Alter, Ihrer Gr\u00f6\u00dfe oder Ihrem Fitnesslevel, Yogafit ... <a title=\"Yogafit Sotogrande\" class=\"read-more\" href=\"https:\/\/www.sotograndeguide.com\/de\/sotogrande-sports\/yogafit-sotogrande\/\" aria-label=\"Mehr Informationen \u00fcber Yogafit Sotogrande\">Mehr lesen<\/a><\/p>","protected":false},"author":1,"featured_media":35542,"parent":110,"menu_order":0,"comment_status":"closed","ping_status":"closed","template":"","meta":{"footnotes":""},"class_list":["post-35541","page","type-page","status-publish","has-post-thumbnail"],"yoast_head":"<!-- This site is optimized with the Yoast SEO Premium plugin v20.5 (Yoast SEO v27.5) - https:\/\/yoast.com\/product\/yoast-seo-premium-wordpress\/ -->\n<title>Yogafit Sotogrande<\/title>\n<meta name=\"robots\" content=\"index, follow, max-snippet:-1, max-image-preview:large, max-video-preview:-1\" \/>\n<link rel=\"canonical\" href=\"https:\/\/www.sotograndeguide.com\/de\/sotogrande-sport\/yogafit-sotogrande\/\" \/>\n<meta property=\"og:locale\" content=\"de_DE\" \/>\n<meta property=\"og:type\" content=\"article\" \/>\n<meta property=\"og:title\" content=\"Yogafit Sotogrande\" \/>\n<meta property=\"og:description\" content=\"If you are looking for Yoga in Sotogrande, you want Yogafit by Daisy Robins, a 200hr Vinyasa Flow yoga teacher, based in Sotogrande and online. Through her group yoga classes, and private sessions she aims to offer you a retreat from your day to day life! No matter your age, size, or fitness level, Yogafit ... Read more\" \/>\n<meta property=\"og:url\" content=\"https:\/\/www.sotograndeguide.com\/de\/sotogrande-sport\/yogafit-sotogrande\/\" \/>\n<meta property=\"og:site_name\" content=\"Sotogrande Guide\" \/>\n<meta property=\"article:publisher\" content=\"https:\/\/www.facebook.com\/sotograndeguide\" \/>\n<meta property=\"og:image\" content=\"https:\/\/www.sotograndeguide.com\/wp-content\/uploads\/2020\/11\/Yogafit-Sotogrande.jpg\" \/>\n\t<meta property=\"og:image:width\" content=\"1457\" \/>\n\t<meta property=\"og:image:height\" content=\"972\" \/>\n\t<meta property=\"og:image:type\" content=\"image\/jpeg\" \/>\n<meta name=\"twitter:card\" content=\"summary_large_image\" \/>\n<meta name=\"twitter:site\" content=\"@sotograndeguide\" \/>\n<meta name=\"twitter:label1\" content=\"Gesch\u00e4tzte Lesezeit\" \/>\n\t<meta name=\"twitter:data1\" content=\"1\u00a0Minute\" \/>\n<!-- \/ Yoast SEO Premium plugin. -->","yoast_head_json":{"title":"Yogafit Sotogrande","robots":{"index":"index","follow":"follow","max-snippet":"max-snippet:-1","max-image-preview":"max-image-preview:large","max-video-preview":"max-video-preview:-1"},"canonical":"https:\/\/www.sotograndeguide.com\/de\/sotogrande-sport\/yogafit-sotogrande\/","og_locale":"de_DE","og_type":"article","og_title":"Yogafit Sotogrande","og_description":"If you are looking for Yoga in Sotogrande, you want Yogafit by Daisy Robins, a 200hr Vinyasa Flow yoga teacher, based in Sotogrande and online. Through her group yoga classes, and private sessions she aims to offer you a retreat from your day to day life! No matter your age, size, or fitness level, Yogafit ... Read more","og_url":"https:\/\/www.sotograndeguide.com\/de\/sotogrande-sport\/yogafit-sotogrande\/","og_site_name":"Sotogrande Guide","article_publisher":"https:\/\/www.facebook.com\/sotograndeguide","og_image":[{"width":1457,"height":972,"url":"https:\/\/www.sotograndeguide.com\/wp-content\/uploads\/2020\/11\/Yogafit-Sotogrande.jpg","type":"image\/jpeg"}],"twitter_card":"summary_large_image","twitter_site":"@sotograndeguide","twitter_misc":{"Gesch\u00e4tzte Lesezeit":"1\u00a0Minute"},"schema":{"@context":"https:\/\/schema.org","@graph":[{"@type":"WebPage","@id":"https:\/\/www.sotograndeguide.com\/sotogrande-sports\/yogafit-sotogrande\/","url":"https:\/\/www.sotograndeguide.com\/sotogrande-sports\/yogafit-sotogrande\/","name":"Yogafit Sotogrande","isPartOf":{"@id":"https:\/\/www.sotograndeguide.com\/#website"},"primaryImageOfPage":{"@id":"https:\/\/www.sotograndeguide.com\/sotogrande-sports\/yogafit-sotogrande\/#primaryimage"},"image":{"@id":"https:\/\/www.sotograndeguide.com\/sotogrande-sports\/yogafit-sotogrande\/#primaryimage"},"thumbnailUrl":"https:\/\/www.sotograndeguide.com\/wp-content\/uploads\/2020\/11\/Yogafit-Sotogrande.jpg","datePublished":"2020-11-22T09:20:40+00:00","breadcrumb":{"@id":"https:\/\/www.sotograndeguide.com\/sotogrande-sports\/yogafit-sotogrande\/#breadcrumb"},"inLanguage":"de","potentialAction":[{"@type":"ReadAction","target":["https:\/\/www.sotograndeguide.com\/sotogrande-sports\/yogafit-sotogrande\/"]}]},{"@type":"ImageObject","inLanguage":"de","@id":"https:\/\/www.sotograndeguide.com\/sotogrande-sports\/yogafit-sotogrande\/#primaryimage","url":"https:\/\/www.sotograndeguide.com\/wp-content\/uploads\/2020\/11\/Yogafit-Sotogrande.jpg","contentUrl":"https:\/\/www.sotograndeguide.com\/wp-content\/uploads\/2020\/11\/Yogafit-Sotogrande.jpg","width":1457,"height":972,"caption":"Yogafit Sotogrande"},{"@type":"BreadcrumbList","@id":"https:\/\/www.sotograndeguide.com\/sotogrande-sports\/yogafit-sotogrande\/#breadcrumb","itemListElement":[{"@type":"ListItem","position":1,"name":"Home","item":"https:\/\/www.sotograndeguide.com\/"},{"@type":"ListItem","position":2,"name":"Sotogrande Sports","item":"https:\/\/www.sotograndeguide.com\/sotogrande-sports\/"},{"@type":"ListItem","position":3,"name":"Yogafit Sotogrande"}]},{"@type":"WebSite","@id":"https:\/\/www.sotograndeguide.com\/#website","url":"https:\/\/www.sotograndeguide.com\/","name":"Sotogrande Reisef\u00fchrer","description":"Nachrichten, Tipps, Veranstaltungen und Rezensionen","publisher":{"@id":"https:\/\/www.sotograndeguide.com\/#organization"},"potentialAction":[{"@type":"SearchAction","target":{"@type":"EntryPoint","urlTemplate":"https:\/\/www.sotograndeguide.com\/?s={search_term_string}"},"query-input":{"@type":"PropertyValueSpecification","valueRequired":true,"valueName":"search_term_string"}}],"inLanguage":"de"},{"@type":"Organization","@id":"https:\/\/www.sotograndeguide.com\/#organization","name":"Sotogrande Reisef\u00fchrer","url":"https:\/\/www.sotograndeguide.com\/","logo":{"@type":"ImageObject","inLanguage":"de","@id":"https:\/\/www.sotograndeguide.com\/#\/schema\/logo\/image\/","url":"https:\/\/www.sotograndeguide.com\/wp-content\/uploads\/2017\/03\/Sotogrande-Logo-GUIDE.png","contentUrl":"https:\/\/www.sotograndeguide.com\/wp-content\/uploads\/2017\/03\/Sotogrande-Logo-GUIDE.png","width":300,"height":300,"caption":"Sotogrande Guide"},"image":{"@id":"https:\/\/www.sotograndeguide.com\/#\/schema\/logo\/image\/"},"sameAs":["https:\/\/www.facebook.com\/sotograndeguide","https:\/\/x.com\/sotograndeguide","https:\/\/www.tiktok.com\/@sotograndeguide","https:\/\/www.youtube.com\/@SotograndeGuide"]}]}},"jetpack_sharing_enabled":true,"_links":{"self":[{"href":"https:\/\/www.sotograndeguide.com\/de\/wp-json\/wp\/v2\/pages\/35541","targetHints":{"allow":["GET"]}}],"collection":[{"href":"https:\/\/www.sotograndeguide.com\/de\/wp-json\/wp\/v2\/pages"}],"about":[{"href":"https:\/\/www.sotograndeguide.com\/de\/wp-json\/wp\/v2\/types\/page"}],"author":[{"embeddable":true,"href":"https:\/\/www.sotograndeguide.com\/de\/wp-json\/wp\/v2\/users\/1"}],"replies":[{"embeddable":true,"href":"https:\/\/www.sotograndeguide.com\/de\/wp-json\/wp\/v2\/comments?post=35541"}],"version-history":[{"count":0,"href":"https:\/\/www.sotograndeguide.com\/de\/wp-json\/wp\/v2\/pages\/35541\/revisions"}],"up":[{"embeddable":true,"href":"https:\/\/www.sotograndeguide.com\/de\/wp-json\/wp\/v2\/pages\/110"}],"wp:featuredmedia":[{"embeddable":true,"href":"https:\/\/www.sotograndeguide.com\/de\/wp-json\/wp\/v2\/media\/35542"}],"wp:attachment":[{"href":"https:\/\/www.sotograndeguide.com\/de\/wp-json\/wp\/v2\/media?parent=35541"}],"curies":[{"name":"wp","href":"https:\/\/api.w.org\/{rel}","templated":true}]}}