{"id":35502,"date":"2020-09-01T08:25:50","date_gmt":"2020-09-01T08:25:50","guid":{"rendered":"https:\/\/www.sotograndeguide.com\/?page_id=35502"},"modified":"2020-09-01T08:26:31","modified_gmt":"2020-09-01T08:26:31","slug":"masgeschneiderter-concierge","status":"publish","type":"page","link":"https:\/\/www.sotograndeguide.com\/de\/sotogrande-professional-services\/tailor-made-concierge\/","title":{"rendered":"Ma\u00dfgeschneiderter Concierge"},"content":{"rendered":"<p><img decoding=\"async\" class=\"alignright wp-image-35505\" src=\"https:\/\/www.sotograndeguide.com\/wp-content\/uploads\/2020\/09\/Tailor-Made-Concierge.png\" alt=\"Ma\u00dfgeschneiderter Concierge\" width=\"250\" height=\"255\" srcset=\"https:\/\/www.sotograndeguide.com\/wp-content\/uploads\/2020\/09\/Tailor-Made-Concierge.png 442w, https:\/\/www.sotograndeguide.com\/wp-content\/uploads\/2020\/09\/Tailor-Made-Concierge-295x300.png 295w\" sizes=\"(max-width: 250px) 100vw, 250px\" \/>Tailor Made Concierge ist ein internationales Unternehmen f\u00fcr Luxus-Concierge und pers\u00f6nliche Assistenz mit Sitz in Sotogrande. Wir bieten eine breite Palette von Dienstleistungen an, von der Hauspflege bis hin zu exklusiven privaten Veranstaltungen. Die angebotenen Dienstleistungen umfassen: Hauswartung, Gartenarbeit, Hausvorbereitung, Bauprojekte, Reisemanagement, Reisearrangements, Urlaubsausfl\u00fcge, Reisedokumente, Tagesgesch\u00e4ft, Autowartung, Lebensmitteleinkauf, Postversand, Gesundheit und K\u00f6rperpflege, Fitnesstrainer, Spa, Sch\u00f6nheitssalon, Empfehlungen, Museumskarten, spezialisierte K\u00f6che, Restaurantreservierungen.<\/p>\n<p class=\"font_8\">Tel: +34 638 38 73 66<\/p>\n<p><img decoding=\"async\" class=\"alignnone size-full wp-image-35504\" src=\"https:\/\/www.sotograndeguide.com\/wp-content\/uploads\/2020\/09\/TMC-services.png\" alt=\"Concierge Dienstleistungen Sotogrande\" width=\"1080\" height=\"1080\" srcset=\"https:\/\/www.sotograndeguide.com\/wp-content\/uploads\/2020\/09\/TMC-services.png 1080w, https:\/\/www.sotograndeguide.com\/wp-content\/uploads\/2020\/09\/TMC-services-300x300.png 300w, https:\/\/www.sotograndeguide.com\/wp-content\/uploads\/2020\/09\/TMC-services-1024x1024.png 1024w, https:\/\/www.sotograndeguide.com\/wp-content\/uploads\/2020\/09\/TMC-services-150x150.png 150w, https:\/\/www.sotograndeguide.com\/wp-content\/uploads\/2020\/09\/TMC-services-768x768.png 768w\" sizes=\"(max-width: 1080px) 100vw, 1080px\" \/><\/p>","protected":false},"excerpt":{"rendered":"<p>Tailor Made Concierge ist ein internationales Unternehmen f\u00fcr Luxus-Concierge und pers\u00f6nliche Assistenz mit Sitz in Sotogrande. Wir bieten eine breite Palette von Dienstleistungen an, von der Hauspflege bis hin zu exklusiven privaten Veranstaltungen. Zu den angebotenen Dienstleistungen geh\u00f6ren: Hauswartung, Gartenarbeit, Hausvorbereitung, Bauprojekte, Reisemanagement, Reisearrangements, Urlaubsausfl\u00fcge, Reisedokumente, Tagesgesch\u00e4ft, Autopflege, Lebensmitteleinkauf, Postversand, ... <a title=\"Ma\u00dfgeschneiderter Concierge\" class=\"read-more\" href=\"https:\/\/www.sotograndeguide.com\/de\/sotogrande-professional-services\/tailor-made-concierge\/\" aria-label=\"Mehr Informationen \u00fcber Tailor Made Concierge\">Mehr lesen<\/a><\/p>","protected":false},"author":1,"featured_media":35507,"parent":33892,"menu_order":0,"comment_status":"closed","ping_status":"closed","template":"","meta":{"footnotes":""},"class_list":["post-35502","page","type-page","status-publish","has-post-thumbnail"],"yoast_head":"<!-- This site is optimized with the Yoast SEO Premium plugin v20.5 (Yoast SEO v27.5) - https:\/\/yoast.com\/product\/yoast-seo-premium-wordpress\/ -->\n<title>Tailor Made Concierge<\/title>\n<meta name=\"robots\" content=\"index, follow, max-snippet:-1, max-image-preview:large, max-video-preview:-1\" \/>\n<link rel=\"canonical\" href=\"https:\/\/www.sotograndeguide.com\/de\/sotogrande-professionelle-dienstleistungen\/masgeschneiderter-concierge\/\" \/>\n<meta property=\"og:locale\" content=\"de_DE\" \/>\n<meta property=\"og:type\" content=\"article\" \/>\n<meta property=\"og:title\" content=\"Tailor Made Concierge\" \/>\n<meta property=\"og:description\" content=\"Tailor Made Concierge is an international luxury concierge and personal assistant company based in Sotogrande. We offer a wide range of services, from home maintenance to exclusive private events. Services offered include: House Maintenance, Gardening, House Preparation, Construction Projects, Travel Management, Travel Arrangements, Holiday Excursions, Travel Documents, Day To Day, Car Maintenance, Grocery Shopping, Mailing, ... Read more\" \/>\n<meta property=\"og:url\" content=\"https:\/\/www.sotograndeguide.com\/de\/sotogrande-professionelle-dienstleistungen\/masgeschneiderter-concierge\/\" \/>\n<meta property=\"og:site_name\" content=\"Sotogrande Guide\" \/>\n<meta property=\"article:publisher\" content=\"https:\/\/www.facebook.com\/sotograndeguide\" \/>\n<meta property=\"article:modified_time\" content=\"2020-09-01T08:26:31+00:00\" \/>\n<meta property=\"og:image\" content=\"https:\/\/www.sotograndeguide.com\/wp-content\/uploads\/2020\/09\/concierge.jpg\" \/>\n\t<meta property=\"og:image:width\" content=\"1280\" \/>\n\t<meta property=\"og:image:height\" content=\"843\" \/>\n\t<meta property=\"og:image:type\" content=\"image\/jpeg\" \/>\n<meta name=\"twitter:card\" content=\"summary_large_image\" \/>\n<meta name=\"twitter:site\" content=\"@sotograndeguide\" \/>\n<!-- \/ Yoast SEO Premium plugin. -->","yoast_head_json":{"title":"Ma\u00dfgeschneiderter Concierge","robots":{"index":"index","follow":"follow","max-snippet":"max-snippet:-1","max-image-preview":"max-image-preview:large","max-video-preview":"max-video-preview:-1"},"canonical":"https:\/\/www.sotograndeguide.com\/de\/sotogrande-professionelle-dienstleistungen\/masgeschneiderter-concierge\/","og_locale":"de_DE","og_type":"article","og_title":"Tailor Made Concierge","og_description":"Tailor Made Concierge is an international luxury concierge and personal assistant company based in Sotogrande. We offer a wide range of services, from home maintenance to exclusive private events. Services offered include: House Maintenance, Gardening, House Preparation, Construction Projects, Travel Management, Travel Arrangements, Holiday Excursions, Travel Documents, Day To Day, Car Maintenance, Grocery Shopping, Mailing, ... Read more","og_url":"https:\/\/www.sotograndeguide.com\/de\/sotogrande-professionelle-dienstleistungen\/masgeschneiderter-concierge\/","og_site_name":"Sotogrande Guide","article_publisher":"https:\/\/www.facebook.com\/sotograndeguide","article_modified_time":"2020-09-01T08:26:31+00:00","og_image":[{"width":1280,"height":843,"url":"https:\/\/www.sotograndeguide.com\/wp-content\/uploads\/2020\/09\/concierge.jpg","type":"image\/jpeg"}],"twitter_card":"summary_large_image","twitter_site":"@sotograndeguide","schema":{"@context":"https:\/\/schema.org","@graph":[{"@type":"WebPage","@id":"https:\/\/www.sotograndeguide.com\/sotogrande-professional-services\/tailor-made-concierge\/","url":"https:\/\/www.sotograndeguide.com\/sotogrande-professional-services\/tailor-made-concierge\/","name":"Ma\u00dfgeschneiderter Concierge","isPartOf":{"@id":"https:\/\/www.sotograndeguide.com\/#website"},"primaryImageOfPage":{"@id":"https:\/\/www.sotograndeguide.com\/sotogrande-professional-services\/tailor-made-concierge\/#primaryimage"},"image":{"@id":"https:\/\/www.sotograndeguide.com\/sotogrande-professional-services\/tailor-made-concierge\/#primaryimage"},"thumbnailUrl":"https:\/\/www.sotograndeguide.com\/wp-content\/uploads\/2020\/09\/concierge.jpg","datePublished":"2020-09-01T08:25:50+00:00","dateModified":"2020-09-01T08:26:31+00:00","breadcrumb":{"@id":"https:\/\/www.sotograndeguide.com\/sotogrande-professional-services\/tailor-made-concierge\/#breadcrumb"},"inLanguage":"de","potentialAction":[{"@type":"ReadAction","target":["https:\/\/www.sotograndeguide.com\/sotogrande-professional-services\/tailor-made-concierge\/"]}]},{"@type":"ImageObject","inLanguage":"de","@id":"https:\/\/www.sotograndeguide.com\/sotogrande-professional-services\/tailor-made-concierge\/#primaryimage","url":"https:\/\/www.sotograndeguide.com\/wp-content\/uploads\/2020\/09\/concierge.jpg","contentUrl":"https:\/\/www.sotograndeguide.com\/wp-content\/uploads\/2020\/09\/concierge.jpg","width":1280,"height":843,"caption":"Concierge Services in Sotogrande"},{"@type":"BreadcrumbList","@id":"https:\/\/www.sotograndeguide.com\/sotogrande-professional-services\/tailor-made-concierge\/#breadcrumb","itemListElement":[{"@type":"ListItem","position":1,"name":"Home","item":"https:\/\/www.sotograndeguide.com\/"},{"@type":"ListItem","position":2,"name":"Sotogrande Professional Services","item":"https:\/\/www.sotograndeguide.com\/sotogrande-professional-services\/"},{"@type":"ListItem","position":3,"name":"Tailor Made Concierge"}]},{"@type":"WebSite","@id":"https:\/\/www.sotograndeguide.com\/#website","url":"https:\/\/www.sotograndeguide.com\/","name":"Sotogrande Reisef\u00fchrer","description":"Nachrichten, Tipps, Veranstaltungen und Rezensionen","publisher":{"@id":"https:\/\/www.sotograndeguide.com\/#organization"},"potentialAction":[{"@type":"SearchAction","target":{"@type":"EntryPoint","urlTemplate":"https:\/\/www.sotograndeguide.com\/?s={search_term_string}"},"query-input":{"@type":"PropertyValueSpecification","valueRequired":true,"valueName":"search_term_string"}}],"inLanguage":"de"},{"@type":"Organization","@id":"https:\/\/www.sotograndeguide.com\/#organization","name":"Sotogrande Reisef\u00fchrer","url":"https:\/\/www.sotograndeguide.com\/","logo":{"@type":"ImageObject","inLanguage":"de","@id":"https:\/\/www.sotograndeguide.com\/#\/schema\/logo\/image\/","url":"https:\/\/www.sotograndeguide.com\/wp-content\/uploads\/2017\/03\/Sotogrande-Logo-GUIDE.png","contentUrl":"https:\/\/www.sotograndeguide.com\/wp-content\/uploads\/2017\/03\/Sotogrande-Logo-GUIDE.png","width":300,"height":300,"caption":"Sotogrande Guide"},"image":{"@id":"https:\/\/www.sotograndeguide.com\/#\/schema\/logo\/image\/"},"sameAs":["https:\/\/www.facebook.com\/sotograndeguide","https:\/\/x.com\/sotograndeguide","https:\/\/www.tiktok.com\/@sotograndeguide","https:\/\/www.youtube.com\/@SotograndeGuide"]}]}},"jetpack_sharing_enabled":true,"_links":{"self":[{"href":"https:\/\/www.sotograndeguide.com\/de\/wp-json\/wp\/v2\/pages\/35502","targetHints":{"allow":["GET"]}}],"collection":[{"href":"https:\/\/www.sotograndeguide.com\/de\/wp-json\/wp\/v2\/pages"}],"about":[{"href":"https:\/\/www.sotograndeguide.com\/de\/wp-json\/wp\/v2\/types\/page"}],"author":[{"embeddable":true,"href":"https:\/\/www.sotograndeguide.com\/de\/wp-json\/wp\/v2\/users\/1"}],"replies":[{"embeddable":true,"href":"https:\/\/www.sotograndeguide.com\/de\/wp-json\/wp\/v2\/comments?post=35502"}],"version-history":[{"count":0,"href":"https:\/\/www.sotograndeguide.com\/de\/wp-json\/wp\/v2\/pages\/35502\/revisions"}],"up":[{"embeddable":true,"href":"https:\/\/www.sotograndeguide.com\/de\/wp-json\/wp\/v2\/pages\/33892"}],"wp:featuredmedia":[{"embeddable":true,"href":"https:\/\/www.sotograndeguide.com\/de\/wp-json\/wp\/v2\/media\/35507"}],"wp:attachment":[{"href":"https:\/\/www.sotograndeguide.com\/de\/wp-json\/wp\/v2\/media?parent=35502"}],"curies":[{"name":"wp","href":"https:\/\/api.w.org\/{rel}","templated":true}]}}