{"id":35454,"date":"2019-12-16T21:32:12","date_gmt":"2019-12-16T21:32:12","guid":{"rendered":"https:\/\/www.sotograndeguide.com\/?page_id=35454"},"modified":"2019-12-16T21:33:57","modified_gmt":"2019-12-16T21:33:57","slug":"smile-more-clinic","status":"publish","type":"page","link":"https:\/\/www.sotograndeguide.com\/de\/smile-more-clinic\/","title":{"rendered":"Smile &amp; More Klinik"},"content":{"rendered":"<p>Die Klinik Smile &amp; More von Dr. Jean Casado, Zahnarzt in Sotogrande, ist ein medizinisches Zentrum, das sich auf Mundgesundheit, Zahn\u00e4sthetik wie Implantate, Kieferorthop\u00e4die (unsichtbare Ausrichtung) und Kieferchirurgie wie Endodontie, Parodontologie, Prothesen spezialisiert hat; sowie auf bewusste Sedierung f\u00fcr Patienten mit Zahnbehandlungsphobie und Notfallservice.<\/p>\n<p><strong>Smile &amp; More Zahn\u00e4rzte<\/strong><br \/>\nCC Sotomarket, 42-43, 11310 Sotogrande<br \/>\nTelefon: <a href=\"tel:+34956776182\">956776182<\/a><\/p>","protected":false},"excerpt":{"rendered":"<p>Smile &amp; More Clinic von Dr. Jean Casado, Zahnarzt in Sotogrande, ist ein medizinisches Zentrum, spezialisiert auf Mundgesundheit, Zahn\u00e4sthetik wie Implantate, Kieferorthop\u00e4die (unsichtbare Ausrichtung) und Oralchirurgie wie Endodontie, Parodontologie, Prothese; sowie bewusste Sedierung f\u00fcr Zahnarztphobie-Patienten und Notfall-Service. Smile &amp; More Zahn\u00e4rzte CC Sotomarket, 42-43, 11310 Sotogrande ... <a title=\"Smile &amp; More Klinik\" class=\"read-more\" href=\"https:\/\/www.sotograndeguide.com\/de\/smile-more-clinic\/\" aria-label=\"Mehr Informationen \u00fcber Smile &amp; More Clinic\">Mehr lesen<\/a><\/p>","protected":false},"author":1,"featured_media":35455,"parent":0,"menu_order":0,"comment_status":"closed","ping_status":"closed","template":"","meta":{"footnotes":""},"class_list":["post-35454","page","type-page","status-publish","has-post-thumbnail"],"yoast_head":"<!-- This site is optimized with the Yoast SEO Premium plugin v20.5 (Yoast SEO v27.3) - https:\/\/yoast.com\/product\/yoast-seo-premium-wordpress\/ -->\n<title>Smile &amp; More Clinic<\/title>\n<meta name=\"robots\" content=\"index, follow, max-snippet:-1, max-image-preview:large, max-video-preview:-1\" \/>\n<link rel=\"canonical\" href=\"https:\/\/www.sotograndeguide.com\/de\/smile-more-clinic\/\" \/>\n<meta property=\"og:locale\" content=\"de_DE\" \/>\n<meta property=\"og:type\" content=\"article\" \/>\n<meta property=\"og:title\" content=\"Smile &amp; More Clinic\" \/>\n<meta property=\"og:description\" content=\"Smile &amp; More Clinic by Dr. Jean Casado, dentist in Sotogrande, is a medical center specialiced in oral health, dental aesthetic such as implants, orthodontics (invisible alignment) and oral surgery like endodontics, periodontics, prosthesis; as well as conscious sedation for dental phobic patients and emergency service. Smile &amp; More Dentists CC Sotomarket, 42-43, 11310 Sotogrande ... Read more\" \/>\n<meta property=\"og:url\" content=\"https:\/\/www.sotograndeguide.com\/de\/smile-more-clinic\/\" \/>\n<meta property=\"og:site_name\" content=\"Sotogrande Guide\" \/>\n<meta property=\"article:publisher\" content=\"https:\/\/www.facebook.com\/sotograndeguide\" \/>\n<meta property=\"article:modified_time\" content=\"2019-12-16T21:33:57+00:00\" \/>\n<meta property=\"og:image\" content=\"https:\/\/www.sotograndeguide.com\/wp-content\/uploads\/2019\/12\/Smile-More-Clinic-Dr-Jean-Casado-dentist-in-Sotogrande_result.jpg\" \/>\n\t<meta property=\"og:image:width\" content=\"1200\" \/>\n\t<meta property=\"og:image:height\" content=\"800\" \/>\n\t<meta property=\"og:image:type\" content=\"image\/jpeg\" \/>\n<meta name=\"twitter:card\" content=\"summary_large_image\" \/>\n<meta name=\"twitter:site\" content=\"@sotograndeguide\" \/>\n<!-- \/ Yoast SEO Premium plugin. -->","yoast_head_json":{"title":"Smile &amp; More Klinik","robots":{"index":"index","follow":"follow","max-snippet":"max-snippet:-1","max-image-preview":"max-image-preview:large","max-video-preview":"max-video-preview:-1"},"canonical":"https:\/\/www.sotograndeguide.com\/de\/smile-more-clinic\/","og_locale":"de_DE","og_type":"article","og_title":"Smile & More Clinic","og_description":"Smile &amp; More Clinic by Dr. Jean Casado, dentist in Sotogrande, is a medical center specialiced in oral health, dental aesthetic such as implants, orthodontics (invisible alignment) and oral surgery like endodontics, periodontics, prosthesis; as well as conscious sedation for dental phobic patients and emergency service. Smile &amp; More Dentists CC Sotomarket, 42-43, 11310 Sotogrande ... Read more","og_url":"https:\/\/www.sotograndeguide.com\/de\/smile-more-clinic\/","og_site_name":"Sotogrande Guide","article_publisher":"https:\/\/www.facebook.com\/sotograndeguide","article_modified_time":"2019-12-16T21:33:57+00:00","og_image":[{"width":1200,"height":800,"url":"https:\/\/www.sotograndeguide.com\/wp-content\/uploads\/2019\/12\/Smile-More-Clinic-Dr-Jean-Casado-dentist-in-Sotogrande_result.jpg","type":"image\/jpeg"}],"twitter_card":"summary_large_image","twitter_site":"@sotograndeguide","schema":{"@context":"https:\/\/schema.org","@graph":[{"@type":"WebPage","@id":"https:\/\/www.sotograndeguide.com\/smile-more-clinic\/","url":"https:\/\/www.sotograndeguide.com\/smile-more-clinic\/","name":"Smile &amp; More Klinik","isPartOf":{"@id":"https:\/\/www.sotograndeguide.com\/#website"},"primaryImageOfPage":{"@id":"https:\/\/www.sotograndeguide.com\/smile-more-clinic\/#primaryimage"},"image":{"@id":"https:\/\/www.sotograndeguide.com\/smile-more-clinic\/#primaryimage"},"thumbnailUrl":"https:\/\/www.sotograndeguide.com\/wp-content\/uploads\/2019\/12\/Smile-More-Clinic-Dr-Jean-Casado-dentist-in-Sotogrande_result.jpg","datePublished":"2019-12-16T21:32:12+00:00","dateModified":"2019-12-16T21:33:57+00:00","breadcrumb":{"@id":"https:\/\/www.sotograndeguide.com\/smile-more-clinic\/#breadcrumb"},"inLanguage":"de","potentialAction":[{"@type":"ReadAction","target":["https:\/\/www.sotograndeguide.com\/smile-more-clinic\/"]}]},{"@type":"ImageObject","inLanguage":"de","@id":"https:\/\/www.sotograndeguide.com\/smile-more-clinic\/#primaryimage","url":"https:\/\/www.sotograndeguide.com\/wp-content\/uploads\/2019\/12\/Smile-More-Clinic-Dr-Jean-Casado-dentist-in-Sotogrande_result.jpg","contentUrl":"https:\/\/www.sotograndeguide.com\/wp-content\/uploads\/2019\/12\/Smile-More-Clinic-Dr-Jean-Casado-dentist-in-Sotogrande_result.jpg","width":1200,"height":800,"caption":"Smile & More Clinic"},{"@type":"BreadcrumbList","@id":"https:\/\/www.sotograndeguide.com\/smile-more-clinic\/#breadcrumb","itemListElement":[{"@type":"ListItem","position":1,"name":"Home","item":"https:\/\/www.sotograndeguide.com\/"},{"@type":"ListItem","position":2,"name":"Smile &#038; More Clinic"}]},{"@type":"WebSite","@id":"https:\/\/www.sotograndeguide.com\/#website","url":"https:\/\/www.sotograndeguide.com\/","name":"Sotogrande Reisef\u00fchrer","description":"Nachrichten, Tipps, Veranstaltungen und Rezensionen","publisher":{"@id":"https:\/\/www.sotograndeguide.com\/#organization"},"potentialAction":[{"@type":"SearchAction","target":{"@type":"EntryPoint","urlTemplate":"https:\/\/www.sotograndeguide.com\/?s={search_term_string}"},"query-input":{"@type":"PropertyValueSpecification","valueRequired":true,"valueName":"search_term_string"}}],"inLanguage":"de"},{"@type":"Organization","@id":"https:\/\/www.sotograndeguide.com\/#organization","name":"Sotogrande Reisef\u00fchrer","url":"https:\/\/www.sotograndeguide.com\/","logo":{"@type":"ImageObject","inLanguage":"de","@id":"https:\/\/www.sotograndeguide.com\/#\/schema\/logo\/image\/","url":"https:\/\/www.sotograndeguide.com\/wp-content\/uploads\/2017\/03\/Sotogrande-Logo-GUIDE.png","contentUrl":"https:\/\/www.sotograndeguide.com\/wp-content\/uploads\/2017\/03\/Sotogrande-Logo-GUIDE.png","width":300,"height":300,"caption":"Sotogrande Guide"},"image":{"@id":"https:\/\/www.sotograndeguide.com\/#\/schema\/logo\/image\/"},"sameAs":["https:\/\/www.facebook.com\/sotograndeguide","https:\/\/x.com\/sotograndeguide","https:\/\/www.tiktok.com\/@sotograndeguide","https:\/\/www.youtube.com\/@SotograndeGuide"]}]}},"jetpack_sharing_enabled":true,"_links":{"self":[{"href":"https:\/\/www.sotograndeguide.com\/de\/wp-json\/wp\/v2\/pages\/35454","targetHints":{"allow":["GET"]}}],"collection":[{"href":"https:\/\/www.sotograndeguide.com\/de\/wp-json\/wp\/v2\/pages"}],"about":[{"href":"https:\/\/www.sotograndeguide.com\/de\/wp-json\/wp\/v2\/types\/page"}],"author":[{"embeddable":true,"href":"https:\/\/www.sotograndeguide.com\/de\/wp-json\/wp\/v2\/users\/1"}],"replies":[{"embeddable":true,"href":"https:\/\/www.sotograndeguide.com\/de\/wp-json\/wp\/v2\/comments?post=35454"}],"version-history":[{"count":0,"href":"https:\/\/www.sotograndeguide.com\/de\/wp-json\/wp\/v2\/pages\/35454\/revisions"}],"wp:featuredmedia":[{"embeddable":true,"href":"https:\/\/www.sotograndeguide.com\/de\/wp-json\/wp\/v2\/media\/35455"}],"wp:attachment":[{"href":"https:\/\/www.sotograndeguide.com\/de\/wp-json\/wp\/v2\/media?parent=35454"}],"curies":[{"name":"wp","href":"https:\/\/api.w.org\/{rel}","templated":true}]}}