{"id":35429,"date":"2019-09-23T05:18:45","date_gmt":"2019-09-23T05:18:45","guid":{"rendered":"https:\/\/www.sotograndeguide.com\/?page_id=35429"},"modified":"2019-09-23T05:20:54","modified_gmt":"2019-09-23T05:20:54","slug":"sotel-valle-guadiaro","status":"publish","type":"page","link":"https:\/\/www.sotograndeguide.com\/de\/sotogrande-hotels\/sotel-valle-guadiaro\/","title":{"rendered":"Sotel Valle Guadiaro"},"content":{"rendered":"<p>Die <a href=\"https:\/\/www.booking.com\/hotel\/es\/sotel-valle-guadiaro-pueblo-nuevo-de-guadiaro.en-us.html?aid=1233189&amp;no_rooms=1&amp;group_adults=1&amp;label=sotograndeguide\" target=\"_blank\" rel=\"noopener noreferrer\">Sotel Valle Guadiaro<\/a> Die Herberge liegt im Herzen des Pueblo Nuevo de Guadiaro in Sotogrande.<\/p>\n<p>Das Sotel Valle Guadiaro ist eine neu er\u00f6ffnete Herberge mit Doppel- und Dreibettzimmern, teilweise mit Balkon.<\/p>\n<p>Alle Zimmer verf\u00fcgen \u00fcber einen Kleiderschrank, einen Flachbildfernseher und ein eigenes Bad.<\/p>\n<p>Das Hotel serviert ein kontinentales Fr\u00fchst\u00fcck in der hoteleigenen Cafeteria.<\/p>\n<h3>Sotel Valle Guadiaro Fotogalerie<\/h3>\n<div id='gallery-1' class='gallery galleryid-35429 gallery-columns-3 gallery-size-medium'><figure class='gallery-item'>\n\t\t\t<div class='gallery-icon landscape'>\n\t\t\t\t<a href='https:\/\/www.sotograndeguide.com\/wp-content\/uploads\/2019\/09\/Sotel-Valle-Guadiaro-Rooftop.jpg'><img decoding=\"async\" width=\"300\" height=\"169\" src=\"https:\/\/www.sotograndeguide.com\/wp-content\/uploads\/2019\/09\/Sotel-Valle-Guadiaro-Rooftop-300x169.jpg\" class=\"attachment-medium size-medium\" alt=\"Sotel Valle Guadiaro Dachterrasse\" srcset=\"https:\/\/www.sotograndeguide.com\/wp-content\/uploads\/2019\/09\/Sotel-Valle-Guadiaro-Rooftop-300x169.jpg 300w, https:\/\/www.sotograndeguide.com\/wp-content\/uploads\/2019\/09\/Sotel-Valle-Guadiaro-Rooftop-768x432.jpg 768w, https:\/\/www.sotograndeguide.com\/wp-content\/uploads\/2019\/09\/Sotel-Valle-Guadiaro-Rooftop.jpg 1024w\" sizes=\"(max-width: 300px) 100vw, 300px\" \/><\/a>\n\t\t\t<\/div><\/figure><figure class='gallery-item'>\n\t\t\t<div class='gallery-icon landscape'>\n\t\t\t\t<a href='https:\/\/www.sotograndeguide.com\/wp-content\/uploads\/2019\/09\/Sotel-Valle-Guadiaro-Rooms.jpg'><img decoding=\"async\" width=\"300\" height=\"169\" src=\"https:\/\/www.sotograndeguide.com\/wp-content\/uploads\/2019\/09\/Sotel-Valle-Guadiaro-Rooms-300x169.jpg\" class=\"attachment-medium size-medium\" alt=\"Sotel Valle Guadiaro Zimmer\" srcset=\"https:\/\/www.sotograndeguide.com\/wp-content\/uploads\/2019\/09\/Sotel-Valle-Guadiaro-Rooms-300x169.jpg 300w, https:\/\/www.sotograndeguide.com\/wp-content\/uploads\/2019\/09\/Sotel-Valle-Guadiaro-Rooms-768x432.jpg 768w, https:\/\/www.sotograndeguide.com\/wp-content\/uploads\/2019\/09\/Sotel-Valle-Guadiaro-Rooms.jpg 1024w\" sizes=\"(max-width: 300px) 100vw, 300px\" \/><\/a>\n\t\t\t<\/div><\/figure><figure class='gallery-item'>\n\t\t\t<div class='gallery-icon landscape'>\n\t\t\t\t<a href='https:\/\/www.sotograndeguide.com\/wp-content\/uploads\/2019\/09\/Sotel-Valle-Guadiaro-Cafeteria.jpg'><img decoding=\"async\" width=\"300\" height=\"169\" src=\"https:\/\/www.sotograndeguide.com\/wp-content\/uploads\/2019\/09\/Sotel-Valle-Guadiaro-Cafeteria-300x169.jpg\" class=\"attachment-medium size-medium\" alt=\"Sotel Valle Guadiaro Cafeteria\" srcset=\"https:\/\/www.sotograndeguide.com\/wp-content\/uploads\/2019\/09\/Sotel-Valle-Guadiaro-Cafeteria-300x169.jpg 300w, https:\/\/www.sotograndeguide.com\/wp-content\/uploads\/2019\/09\/Sotel-Valle-Guadiaro-Cafeteria-768x432.jpg 768w, https:\/\/www.sotograndeguide.com\/wp-content\/uploads\/2019\/09\/Sotel-Valle-Guadiaro-Cafeteria.jpg 1024w\" sizes=\"(max-width: 300px) 100vw, 300px\" \/><\/a>\n\t\t\t<\/div><\/figure><figure class='gallery-item'>\n\t\t\t<div class='gallery-icon landscape'>\n\t\t\t\t<a href='https:\/\/www.sotograndeguide.com\/wp-content\/uploads\/2019\/09\/Sotel-Valle-Guadiaro-Bathrooms.jpg'><img decoding=\"async\" width=\"300\" height=\"169\" src=\"https:\/\/www.sotograndeguide.com\/wp-content\/uploads\/2019\/09\/Sotel-Valle-Guadiaro-Bathrooms-300x169.jpg\" class=\"attachment-medium size-medium\" alt=\"Sotel Valle Guadiaro B\u00e4der\" srcset=\"https:\/\/www.sotograndeguide.com\/wp-content\/uploads\/2019\/09\/Sotel-Valle-Guadiaro-Bathrooms-300x169.jpg 300w, https:\/\/www.sotograndeguide.com\/wp-content\/uploads\/2019\/09\/Sotel-Valle-Guadiaro-Bathrooms-768x432.jpg 768w, https:\/\/www.sotograndeguide.com\/wp-content\/uploads\/2019\/09\/Sotel-Valle-Guadiaro-Bathrooms.jpg 1024w\" sizes=\"(max-width: 300px) 100vw, 300px\" \/><\/a>\n\t\t\t<\/div><\/figure><figure class='gallery-item'>\n\t\t\t<div class='gallery-icon landscape'>\n\t\t\t\t<a href='https:\/\/www.sotograndeguide.com\/wp-content\/uploads\/2019\/09\/Sotel-Valle-Guadiaro.jpg'><img decoding=\"async\" width=\"300\" height=\"169\" src=\"https:\/\/www.sotograndeguide.com\/wp-content\/uploads\/2019\/09\/Sotel-Valle-Guadiaro-300x169.jpg\" class=\"attachment-medium size-medium\" alt=\"Hotel Sotel Valle Guadiaro\" srcset=\"https:\/\/www.sotograndeguide.com\/wp-content\/uploads\/2019\/09\/Sotel-Valle-Guadiaro-300x169.jpg 300w, https:\/\/www.sotograndeguide.com\/wp-content\/uploads\/2019\/09\/Sotel-Valle-Guadiaro-768x432.jpg 768w, https:\/\/www.sotograndeguide.com\/wp-content\/uploads\/2019\/09\/Sotel-Valle-Guadiaro.jpg 1024w\" sizes=\"(max-width: 300px) 100vw, 300px\" \/><\/a>\n\t\t\t<\/div><\/figure><figure class='gallery-item'>\n\t\t\t<div class='gallery-icon landscape'>\n\t\t\t\t<a href='https:\/\/www.sotograndeguide.com\/wp-content\/uploads\/2019\/09\/Sotel-Valle-Guadiaro-Double-Rooms.jpg'><img decoding=\"async\" width=\"300\" height=\"169\" src=\"https:\/\/www.sotograndeguide.com\/wp-content\/uploads\/2019\/09\/Sotel-Valle-Guadiaro-Double-Rooms-300x169.jpg\" class=\"attachment-medium size-medium\" alt=\"Sotel Valle Guadiaro Doppelzimmer\" srcset=\"https:\/\/www.sotograndeguide.com\/wp-content\/uploads\/2019\/09\/Sotel-Valle-Guadiaro-Double-Rooms-300x169.jpg 300w, https:\/\/www.sotograndeguide.com\/wp-content\/uploads\/2019\/09\/Sotel-Valle-Guadiaro-Double-Rooms-768x432.jpg 768w, https:\/\/www.sotograndeguide.com\/wp-content\/uploads\/2019\/09\/Sotel-Valle-Guadiaro-Double-Rooms.jpg 1024w\" sizes=\"(max-width: 300px) 100vw, 300px\" \/><\/a>\n\t\t\t<\/div><\/figure>\n\t\t<\/div>\n\n<p><a href=\"https:\/\/www.booking.com\/hotel\/es\/sotel-valle-guadiaro-pueblo-nuevo-de-guadiaro.en-us.html?aid=1233189&amp;no_rooms=1&amp;group_adults=1&amp;label=sotograndeguide\" target=\"_blank\" rel=\"noopener noreferrer\">Ermitteln Sie die besten Tarife f\u00fcr das Sotel Valle Guadiaro<\/a>.<br \/>\n<a href=\"https:\/\/www.sotograndeguide.com\/de\/sotogrande-hotels\/\">Sehen Sie sich andere Hotels in und um Sotogrande an<\/a>.<br \/>\n<a href=\"https:\/\/www.sotograndeguide.com\/de\/sotogrande-concierge\/\" target=\"_blank\" rel=\"noopener noreferrer\">Haben Sie Fragen zu diesem Hotel? Sprechen Sie mit dem Concierge von Sotogrande<\/a>.<\/p>\n<p><strong>Sotel Valle Guadiaro<\/strong><br \/>\nAnschrift: Calle San Juan, 11360 Pueblo Nuevo, C\u00e1diz<br \/>\nTelefon: <a href=\"tel:+34602649233\">602649233<\/a><\/p>","protected":false},"excerpt":{"rendered":"<p>Die Jugendherberge Sotel Valle Guadiaro liegt im Herzen von Pueblo Nuevo de Guadiaro in Sotogrande. Das Sotel Valle Guadiaro ist ein neu er\u00f6ffnetes Hostel, das Doppel- und Dreibettzimmer, teilweise mit Balkon, bietet. Alle Zimmer verf\u00fcgen \u00fcber einen Kleiderschrank, einen Flachbildfernseher und ein eigenes Bad. Das Hotel serviert ein kontinentales Fr\u00fchst\u00fcck in der hauseigenen Cafeteria. ... <a title=\"Sotel Valle Guadiaro\" class=\"read-more\" href=\"https:\/\/www.sotograndeguide.com\/de\/sotogrande-hotels\/sotel-valle-guadiaro\/\" aria-label=\"Mehr Informationen \u00fcber das Sotel Valle Guadiaro\">Mehr lesen<\/a><\/p>","protected":false},"author":1,"featured_media":35432,"parent":94,"menu_order":0,"comment_status":"closed","ping_status":"closed","template":"","meta":{"footnotes":""},"class_list":["post-35429","page","type-page","status-publish","has-post-thumbnail"],"yoast_head":"<!-- This site is optimized with the Yoast SEO Premium plugin v20.5 (Yoast SEO v27.5) - https:\/\/yoast.com\/product\/yoast-seo-premium-wordpress\/ -->\n<title>Sotel Valle Guadiaro<\/title>\n<meta name=\"robots\" content=\"index, follow, max-snippet:-1, max-image-preview:large, max-video-preview:-1\" \/>\n<link rel=\"canonical\" href=\"https:\/\/www.sotograndeguide.com\/de\/sotogrande-hotels\/sotel-valle-guadiaro\/\" \/>\n<meta property=\"og:locale\" content=\"de_DE\" \/>\n<meta property=\"og:type\" content=\"article\" \/>\n<meta property=\"og:title\" content=\"Sotel Valle Guadiaro\" \/>\n<meta property=\"og:description\" content=\"The Sotel Valle Guadiaro hostel is located in the heart of Pueblo Nuevo de Guadiaro in Sotogrande. Sotel Valle Guadiaro is a newly opened hostel that offers double and triple rooms, some with balcony. All rooms have a wardrobe, flat screen TV and private bathroom. The hotel serves a continental breakfast in their own cafeteria. ... Read more\" \/>\n<meta property=\"og:url\" content=\"https:\/\/www.sotograndeguide.com\/de\/sotogrande-hotels\/sotel-valle-guadiaro\/\" \/>\n<meta property=\"og:site_name\" content=\"Sotogrande Guide\" \/>\n<meta property=\"article:publisher\" content=\"https:\/\/www.facebook.com\/sotograndeguide\" \/>\n<meta property=\"article:modified_time\" content=\"2019-09-23T05:20:54+00:00\" \/>\n<meta property=\"og:image\" content=\"https:\/\/www.sotograndeguide.com\/wp-content\/uploads\/2019\/09\/Sotel-Valle-Guadiaro.jpg\" \/>\n\t<meta property=\"og:image:width\" content=\"1024\" \/>\n\t<meta property=\"og:image:height\" content=\"576\" \/>\n\t<meta property=\"og:image:type\" content=\"image\/jpeg\" \/>\n<meta name=\"twitter:card\" content=\"summary_large_image\" \/>\n<meta name=\"twitter:site\" content=\"@sotograndeguide\" \/>\n<meta name=\"twitter:label1\" content=\"Gesch\u00e4tzte Lesezeit\" \/>\n\t<meta name=\"twitter:data1\" content=\"1\u00a0Minute\" \/>\n<!-- \/ Yoast SEO Premium plugin. -->","yoast_head_json":{"title":"Sotel Valle Guadiaro","robots":{"index":"index","follow":"follow","max-snippet":"max-snippet:-1","max-image-preview":"max-image-preview:large","max-video-preview":"max-video-preview:-1"},"canonical":"https:\/\/www.sotograndeguide.com\/de\/sotogrande-hotels\/sotel-valle-guadiaro\/","og_locale":"de_DE","og_type":"article","og_title":"Sotel Valle Guadiaro","og_description":"The Sotel Valle Guadiaro hostel is located in the heart of Pueblo Nuevo de Guadiaro in Sotogrande. Sotel Valle Guadiaro is a newly opened hostel that offers double and triple rooms, some with balcony. All rooms have a wardrobe, flat screen TV and private bathroom. The hotel serves a continental breakfast in their own cafeteria. ... Read more","og_url":"https:\/\/www.sotograndeguide.com\/de\/sotogrande-hotels\/sotel-valle-guadiaro\/","og_site_name":"Sotogrande Guide","article_publisher":"https:\/\/www.facebook.com\/sotograndeguide","article_modified_time":"2019-09-23T05:20:54+00:00","og_image":[{"width":1024,"height":576,"url":"https:\/\/www.sotograndeguide.com\/wp-content\/uploads\/2019\/09\/Sotel-Valle-Guadiaro.jpg","type":"image\/jpeg"}],"twitter_card":"summary_large_image","twitter_site":"@sotograndeguide","twitter_misc":{"Gesch\u00e4tzte Lesezeit":"1\u00a0Minute"},"schema":{"@context":"https:\/\/schema.org","@graph":[{"@type":"WebPage","@id":"https:\/\/www.sotograndeguide.com\/sotogrande-hotels\/sotel-valle-guadiaro\/","url":"https:\/\/www.sotograndeguide.com\/sotogrande-hotels\/sotel-valle-guadiaro\/","name":"Sotel Valle Guadiaro","isPartOf":{"@id":"https:\/\/www.sotograndeguide.com\/#website"},"primaryImageOfPage":{"@id":"https:\/\/www.sotograndeguide.com\/sotogrande-hotels\/sotel-valle-guadiaro\/#primaryimage"},"image":{"@id":"https:\/\/www.sotograndeguide.com\/sotogrande-hotels\/sotel-valle-guadiaro\/#primaryimage"},"thumbnailUrl":"https:\/\/www.sotograndeguide.com\/wp-content\/uploads\/2019\/09\/Sotel-Valle-Guadiaro.jpg","datePublished":"2019-09-23T05:18:45+00:00","dateModified":"2019-09-23T05:20:54+00:00","breadcrumb":{"@id":"https:\/\/www.sotograndeguide.com\/sotogrande-hotels\/sotel-valle-guadiaro\/#breadcrumb"},"inLanguage":"de","potentialAction":[{"@type":"ReadAction","target":["https:\/\/www.sotograndeguide.com\/sotogrande-hotels\/sotel-valle-guadiaro\/"]}]},{"@type":"ImageObject","inLanguage":"de","@id":"https:\/\/www.sotograndeguide.com\/sotogrande-hotels\/sotel-valle-guadiaro\/#primaryimage","url":"https:\/\/www.sotograndeguide.com\/wp-content\/uploads\/2019\/09\/Sotel-Valle-Guadiaro.jpg","contentUrl":"https:\/\/www.sotograndeguide.com\/wp-content\/uploads\/2019\/09\/Sotel-Valle-Guadiaro.jpg","width":1024,"height":576,"caption":"Hotel Sotel Valle Guadiaro"},{"@type":"BreadcrumbList","@id":"https:\/\/www.sotograndeguide.com\/sotogrande-hotels\/sotel-valle-guadiaro\/#breadcrumb","itemListElement":[{"@type":"ListItem","position":1,"name":"Home","item":"https:\/\/www.sotograndeguide.com\/"},{"@type":"ListItem","position":2,"name":"Sotogrande Hotels","item":"https:\/\/www.sotograndeguide.com\/sotogrande-hotels\/"},{"@type":"ListItem","position":3,"name":"Sotel Valle Guadiaro"}]},{"@type":"WebSite","@id":"https:\/\/www.sotograndeguide.com\/#website","url":"https:\/\/www.sotograndeguide.com\/","name":"Sotogrande Reisef\u00fchrer","description":"Nachrichten, Tipps, Veranstaltungen und Rezensionen","publisher":{"@id":"https:\/\/www.sotograndeguide.com\/#organization"},"potentialAction":[{"@type":"SearchAction","target":{"@type":"EntryPoint","urlTemplate":"https:\/\/www.sotograndeguide.com\/?s={search_term_string}"},"query-input":{"@type":"PropertyValueSpecification","valueRequired":true,"valueName":"search_term_string"}}],"inLanguage":"de"},{"@type":"Organization","@id":"https:\/\/www.sotograndeguide.com\/#organization","name":"Sotogrande Reisef\u00fchrer","url":"https:\/\/www.sotograndeguide.com\/","logo":{"@type":"ImageObject","inLanguage":"de","@id":"https:\/\/www.sotograndeguide.com\/#\/schema\/logo\/image\/","url":"https:\/\/www.sotograndeguide.com\/wp-content\/uploads\/2017\/03\/Sotogrande-Logo-GUIDE.png","contentUrl":"https:\/\/www.sotograndeguide.com\/wp-content\/uploads\/2017\/03\/Sotogrande-Logo-GUIDE.png","width":300,"height":300,"caption":"Sotogrande Guide"},"image":{"@id":"https:\/\/www.sotograndeguide.com\/#\/schema\/logo\/image\/"},"sameAs":["https:\/\/www.facebook.com\/sotograndeguide","https:\/\/x.com\/sotograndeguide","https:\/\/www.tiktok.com\/@sotograndeguide","https:\/\/www.youtube.com\/@SotograndeGuide"]}]}},"jetpack_sharing_enabled":true,"_links":{"self":[{"href":"https:\/\/www.sotograndeguide.com\/de\/wp-json\/wp\/v2\/pages\/35429","targetHints":{"allow":["GET"]}}],"collection":[{"href":"https:\/\/www.sotograndeguide.com\/de\/wp-json\/wp\/v2\/pages"}],"about":[{"href":"https:\/\/www.sotograndeguide.com\/de\/wp-json\/wp\/v2\/types\/page"}],"author":[{"embeddable":true,"href":"https:\/\/www.sotograndeguide.com\/de\/wp-json\/wp\/v2\/users\/1"}],"replies":[{"embeddable":true,"href":"https:\/\/www.sotograndeguide.com\/de\/wp-json\/wp\/v2\/comments?post=35429"}],"version-history":[{"count":0,"href":"https:\/\/www.sotograndeguide.com\/de\/wp-json\/wp\/v2\/pages\/35429\/revisions"}],"up":[{"embeddable":true,"href":"https:\/\/www.sotograndeguide.com\/de\/wp-json\/wp\/v2\/pages\/94"}],"wp:featuredmedia":[{"embeddable":true,"href":"https:\/\/www.sotograndeguide.com\/de\/wp-json\/wp\/v2\/media\/35432"}],"wp:attachment":[{"href":"https:\/\/www.sotograndeguide.com\/de\/wp-json\/wp\/v2\/media?parent=35429"}],"curies":[{"name":"wp","href":"https:\/\/api.w.org\/{rel}","templated":true}]}}