{"id":35264,"date":"2019-07-05T16:43:35","date_gmt":"2019-07-05T16:43:35","guid":{"rendered":"https:\/\/www.sotograndeguide.com\/?page_id=35264"},"modified":"2019-07-21T11:59:32","modified_gmt":"2019-07-21T11:59:32","slug":"strandclubs-von-sotogrande","status":"publish","type":"page","link":"https:\/\/www.sotograndeguide.com\/de\/sotogrande-beach-clubs\/","title":{"rendered":"Sotogrande Strand Clubs"},"content":{"rendered":"<p>In Sotogrande gibt es eine gro\u00dfe Auswahl an kleineren Strandbars und gr\u00f6\u00dferen Strandclubs. <\/p>\n<div class=\"pt-cv-wrapper\"><div class=\"pt-cv-view pt-cv-grid pt-cv-colsys\" id=\"pt-cv-view-c667a65w1t\"><div data-id=\"pt-cv-page-1\" class=\"pt-cv-page\" data-cvc=\"3\"><div class=\"col-md-4 col-sm-6 col-xs-12 pt-cv-content-item pt-cv-1-col\"  data-pid=\"31590\"><div class='pt-cv-ifield'><a href=\"https:\/\/www.sotograndeguide.com\/de\/sotogrande-restaurants\/trocadero\/\" class=\"_self pt-cv-href-thumbnail pt-cv-thumb-default cvplbd\" target=\"_self\" ><img decoding=\"async\" width=\"300\" height=\"200\" src=\"https:\/\/www.sotograndeguide.com\/wp-content\/uploads\/2017\/04\/Trocadero-Sotogrande-300x200.jpg\" class=\"pt-cv-thumbnail img-none\" alt=\"Trocadero Sotogrande\" srcset=\"https:\/\/www.sotograndeguide.com\/wp-content\/uploads\/2017\/04\/Trocadero-Sotogrande-300x200.jpg\" sizes=\"(max-width: 300px) 100vw, 300px\" \/><\/a>\n<h4 class=\"pt-cv-title\"><a href=\"https:\/\/www.sotograndeguide.com\/de\/sotogrande-restaurants\/trocadero\/\" class=\"_self cvplbd\" target=\"_self\" >Trocadero Sotogrande<\/a><\/h4><\/div><\/div>\n<div class=\"col-md-4 col-sm-6 col-xs-12 pt-cv-content-item pt-cv-1-col\"  data-pid=\"33779\"><div class='pt-cv-ifield'><a href=\"https:\/\/www.sotograndeguide.com\/de\/sotogrande-beaches\/chambao\/\" class=\"_self pt-cv-href-thumbnail pt-cv-thumb-default cvplbd\" target=\"_self\" ><img decoding=\"async\" width=\"300\" height=\"200\" src=\"https:\/\/www.sotograndeguide.com\/wp-content\/uploads\/2018\/01\/Chambao-300x200.jpg\" class=\"pt-cv-thumbnail img-none\" alt=\"Chambao Sotogrande\" srcset=\"https:\/\/www.sotograndeguide.com\/wp-content\/uploads\/2018\/01\/Chambao-300x200.jpg\" sizes=\"(max-width: 300px) 100vw, 300px\" \/><\/a>\n<h4 class=\"pt-cv-title\"><a href=\"https:\/\/www.sotograndeguide.com\/de\/sotogrande-beaches\/chambao\/\" class=\"_self cvplbd\" target=\"_self\" >Chambao<\/a><\/h4><\/div><\/div>\n<div class=\"col-md-4 col-sm-6 col-xs-12 pt-cv-content-item pt-cv-1-col\"  data-pid=\"33864\"><div class='pt-cv-ifield'><a href=\"https:\/\/www.sotograndeguide.com\/de\/sotogrande-beaches\/bunker-beach-club\/\" class=\"_self pt-cv-href-thumbnail pt-cv-thumb-default cvplbd\" target=\"_self\" ><img decoding=\"async\" width=\"300\" height=\"200\" src=\"https:\/\/www.sotograndeguide.com\/wp-content\/uploads\/2018\/01\/Bunker-Beach-Club-Sotogrande-300x200.jpg\" class=\"pt-cv-thumbnail img-none\" alt=\"Bunker Beach Club Sotogrande\" srcset=\"https:\/\/www.sotograndeguide.com\/wp-content\/uploads\/2018\/01\/Bunker-Beach-Club-Sotogrande-300x200.jpg\" sizes=\"(max-width: 300px) 100vw, 300px\" \/><\/a>\n<h4 class=\"pt-cv-title\"><a href=\"https:\/\/www.sotograndeguide.com\/de\/sotogrande-beaches\/bunker-beach-club\/\" class=\"_self cvplbd\" target=\"_self\" >Bunker Beach Club<\/a><\/h4><\/div><\/div>\n<div class=\"col-md-4 col-sm-6 col-xs-12 pt-cv-content-item pt-cv-1-col\"  data-pid=\"33785\"><div class='pt-cv-ifield'><a href=\"https:\/\/www.sotograndeguide.com\/de\/sotogrande-beaches\/gigis-beach\/\" class=\"_self pt-cv-href-thumbnail pt-cv-thumb-default cvplbd\" target=\"_self\" ><img decoding=\"async\" width=\"300\" height=\"200\" src=\"https:\/\/www.sotograndeguide.com\/wp-content\/uploads\/2018\/01\/Gigis-Beach-300x200.jpg\" class=\"pt-cv-thumbnail img-none\" alt=\"Gigi&#039;s Beach Sotogrande\" srcset=\"https:\/\/www.sotograndeguide.com\/wp-content\/uploads\/2018\/01\/Gigis-Beach-300x200.jpg\" sizes=\"(max-width: 300px) 100vw, 300px\" \/><\/a>\n<h4 class=\"pt-cv-title\"><a href=\"https:\/\/www.sotograndeguide.com\/de\/sotogrande-beaches\/gigis-beach\/\" class=\"_self cvplbd\" target=\"_self\" >Gigi's Strand<\/a><\/h4><\/div><\/div>\n<div class=\"col-md-4 col-sm-6 col-xs-12 pt-cv-content-item pt-cv-1-col\"  data-pid=\"33781\"><div class='pt-cv-ifield'><a href=\"https:\/\/www.sotograndeguide.com\/de\/sotogrande-beaches\/chiringuito-altamar\/\" class=\"_self pt-cv-href-thumbnail pt-cv-thumb-default cvplbd\" target=\"_self\" ><img decoding=\"async\" width=\"300\" height=\"200\" src=\"https:\/\/www.sotograndeguide.com\/wp-content\/uploads\/2018\/01\/Chiringuito-Altamar-300x200.jpg\" class=\"pt-cv-thumbnail img-none\" alt=\"Chiringuito Altamar\" srcset=\"https:\/\/www.sotograndeguide.com\/wp-content\/uploads\/2018\/01\/Chiringuito-Altamar-300x200.jpg\" sizes=\"(max-width: 300px) 100vw, 300px\" \/><\/a>\n<h4 class=\"pt-cv-title\"><a href=\"https:\/\/www.sotograndeguide.com\/de\/sotogrande-beaches\/chiringuito-altamar\/\" class=\"_self cvplbd\" target=\"_self\" >Chiringuito Altamar<\/a><\/h4><\/div><\/div>\n<div class=\"col-md-4 col-sm-6 col-xs-12 pt-cv-content-item pt-cv-1-col\"  data-pid=\"33867\"><div class='pt-cv-ifield'><a href=\"https:\/\/www.sotograndeguide.com\/de\/sotogrande-beaches\/bahia-limon-chiringochill\/\" class=\"_self pt-cv-href-thumbnail pt-cv-thumb-default cvplbd\" target=\"_self\" ><img decoding=\"async\" width=\"300\" height=\"200\" src=\"https:\/\/www.sotograndeguide.com\/wp-content\/uploads\/2018\/01\/Bahia-Limon-Chiringochill-300x200.jpg\" class=\"pt-cv-thumbnail img-none\" alt=\"Bahia Limon Chiringochill\" srcset=\"https:\/\/www.sotograndeguide.com\/wp-content\/uploads\/2018\/01\/Bahia-Limon-Chiringochill-300x200.jpg\" sizes=\"(max-width: 300px) 100vw, 300px\" \/><\/a>\n<h4 class=\"pt-cv-title\"><a href=\"https:\/\/www.sotograndeguide.com\/de\/sotogrande-beaches\/bahia-limon-chiringochill\/\" class=\"_self cvplbd\" target=\"_self\" >Bahia Limon Chiringochill<\/a><\/h4><\/div><\/div>\n<div class=\"col-md-4 col-sm-6 col-xs-12 pt-cv-content-item pt-cv-1-col\"  data-pid=\"33865\"><div class='pt-cv-ifield'><a href=\"https:\/\/www.sotograndeguide.com\/de\/sotogrande-beaches\/el-octogono\/\" class=\"_self pt-cv-href-thumbnail pt-cv-thumb-default cvplbd\" target=\"_self\" ><img decoding=\"async\" width=\"300\" height=\"200\" src=\"https:\/\/www.sotograndeguide.com\/wp-content\/uploads\/2018\/01\/El-Octogono-Sotogrande-300x200.jpg\" class=\"pt-cv-thumbnail img-none\" alt=\"El Octogono Sotogrande\" srcset=\"https:\/\/www.sotograndeguide.com\/wp-content\/uploads\/2018\/01\/El-Octogono-Sotogrande-300x200.jpg\" sizes=\"(max-width: 300px) 100vw, 300px\" \/><\/a>\n<h4 class=\"pt-cv-title\"><a href=\"https:\/\/www.sotograndeguide.com\/de\/sotogrande-beaches\/el-octogono\/\" class=\"_self cvplbd\" target=\"_self\" >El Octogono<\/a><\/h4><\/div><\/div>\n<div class=\"col-md-4 col-sm-6 col-xs-12 pt-cv-content-item pt-cv-1-col\"  data-pid=\"34942\"><div class='pt-cv-ifield'><a href=\"https:\/\/www.sotograndeguide.com\/de\/sotogrande-beaches\/the-beach-la-reserva-club\/\" class=\"_self pt-cv-href-thumbnail pt-cv-thumb-default cvplbd\" target=\"_self\" ><img decoding=\"async\" width=\"300\" height=\"200\" src=\"https:\/\/www.sotograndeguide.com\/wp-content\/uploads\/2018\/08\/The-Beach-La-Reserva-Club-Sotogrande-3-300x200.jpg\" class=\"pt-cv-thumbnail img-none\" alt=\"Der Strand, La Reserva Club, Sotogrande\" srcset=\"https:\/\/www.sotograndeguide.com\/wp-content\/uploads\/2018\/08\/The-Beach-La-Reserva-Club-Sotogrande-3-300x200.jpg\" sizes=\"(max-width: 300px) 100vw, 300px\" \/><\/a>\n<h4 class=\"pt-cv-title\"><a href=\"https:\/\/www.sotograndeguide.com\/de\/sotogrande-beaches\/the-beach-la-reserva-club\/\" class=\"_self cvplbd\" target=\"_self\" >Der Strand, La Reserva Club<\/a><\/h4><\/div><\/div>\n<div class=\"col-md-4 col-sm-6 col-xs-12 pt-cv-content-item pt-cv-1-col\"  data-pid=\"35321\"><div class='pt-cv-ifield'><a href=\"https:\/\/www.sotograndeguide.com\/de\/loro-beach\/\" class=\"_self pt-cv-href-thumbnail pt-cv-thumb-default cvplbd\" target=\"_self\" ><img decoding=\"async\" width=\"300\" height=\"200\" src=\"https:\/\/www.sotograndeguide.com\/wp-content\/uploads\/2019\/07\/Loro-Beach-Sotogrande-300x200.jpg\" class=\"pt-cv-thumbnail img-none\" alt=\"Strand Loro Sotogrande\" srcset=\"https:\/\/www.sotograndeguide.com\/wp-content\/uploads\/2019\/07\/Loro-Beach-Sotogrande-300x200.jpg\" sizes=\"(max-width: 267px) 100vw, 267px\" \/><\/a>\n<h4 class=\"pt-cv-title\"><a href=\"https:\/\/www.sotograndeguide.com\/de\/loro-beach\/\" class=\"_self cvplbd\" target=\"_self\" >Loro Strand<\/a><\/h4><\/div><\/div>\n<div class=\"col-md-4 col-sm-6 col-xs-12 pt-cv-content-item pt-cv-1-col\"  data-pid=\"35879\"><div class='pt-cv-ifield'><a href=\"https:\/\/www.sotograndeguide.com\/de\/sotogrande-beaches\/chiringuito-eulogia\/\" class=\"_self pt-cv-href-thumbnail pt-cv-thumb-default cvplbd\" target=\"_self\" ><img decoding=\"async\" width=\"300\" height=\"200\" src=\"https:\/\/www.sotograndeguide.com\/wp-content\/uploads\/2023\/04\/Chiringuito-Eulogia-Torreguadiaro-300x200.jpeg\" class=\"pt-cv-thumbnail img-none\" alt=\"Chiringuito Eulogia\" srcset=\"https:\/\/www.sotograndeguide.com\/wp-content\/uploads\/2023\/04\/Chiringuito-Eulogia-Torreguadiaro-300x200.jpeg\" sizes=\"(max-width: 267px) 100vw, 267px\" \/><\/a>\n<h4 class=\"pt-cv-title\"><a href=\"https:\/\/www.sotograndeguide.com\/de\/sotogrande-beaches\/chiringuito-eulogia\/\" class=\"_self cvplbd\" target=\"_self\" >Chiringuito Eulogia<\/a><\/h4><\/div><\/div><\/div><\/div><\/div>\t\t\t<style type=\"text\/css\" id=\"pt-cv-inline-style-88c9a9ffiw\">#pt-cv-view-c667a65w1t .pt-cv-title a, #pt-cv-view-c667a65w1t  .panel-title { font-weight: 600 !important; }\n#pt-cv-view-c667a65w1t .pt-cv-readmore  { color: #ffffff !important; background-color: #00aeef !important; }\n#pt-cv-view-c667a65w1t .pt-cv-readmore:hover  { color: #ffffff !important; background-color: #00aeef !important; }<\/style>\r\n\t\t\t\n<p><em>Suchen Sie alle Bars und Restaurants in und um Sotogrande? Besuchen Sie unsere <a href=\"https:\/\/www.sotograndeguide.com\/de\/restaurants-in-sotogrande\/\" target=\"_blank\" rel=\"noopener noreferrer\">Sotogrande Restaurants<\/a> F\u00fchrer. Haben wir eine Beach Bar oder einen Beach Club in oder um Sotogrande \u00fcbersehen? <\/em><\/p>\n<p><mark>M\u00f6chten Sie, dass Ihre Beach Bar oder Ihr Beach Club vorgestellt wird?<\/mark> <a href=\"https:\/\/www.sotograndeguide.com\/de\/kontakt\/\">Kontakt aufnehmen<\/a>.<\/p>","protected":false},"excerpt":{"rendered":"<p>Sotogrande hat eine gro\u00dfe Auswahl an kleineren Strandbars und gr\u00f6\u00dferen Strandclubs. Sie suchen nach allen Bars und Restaurants in und um Sotogrande? Schauen Sie sich unseren Sotogrande Restaurants F\u00fchrer an. Haben wir eine Strandbar oder einen Strandclub in oder um Sotogrande vergessen? M\u00f6chten Sie, dass Ihre Strandbar oder Ihr Strandclub vorgestellt wird? ... <a title=\"Sotogrande Strand Clubs\" class=\"read-more\" href=\"https:\/\/www.sotograndeguide.com\/de\/sotogrande-beach-clubs\/\" aria-label=\"Mehr Informationen \u00fcber Sotogrande Beach Clubs\">Mehr lesen<\/a><\/p>","protected":false},"author":1,"featured_media":35270,"parent":0,"menu_order":0,"comment_status":"closed","ping_status":"closed","template":"","meta":{"footnotes":""},"class_list":["post-35264","page","type-page","status-publish","has-post-thumbnail"],"yoast_head":"<!-- This site is optimized with the Yoast SEO Premium plugin v20.5 (Yoast SEO v27.3) - https:\/\/yoast.com\/product\/yoast-seo-premium-wordpress\/ -->\n<title>Bars and Beach Clubs in Sotogrande [Complete List] - Sotogrande Guide<\/title>\n<meta name=\"description\" content=\"Sotogrande has a great variety of smaller beach bars and bigger beach clubs, offering everything from drinks and snacks to exclusive restaurants and pools.\" \/>\n<meta name=\"robots\" content=\"index, follow, max-snippet:-1, max-image-preview:large, max-video-preview:-1\" \/>\n<link rel=\"canonical\" href=\"https:\/\/www.sotograndeguide.com\/de\/strandclubs-von-sotogrande\/\" \/>\n<meta property=\"og:locale\" content=\"de_DE\" \/>\n<meta property=\"og:type\" content=\"article\" \/>\n<meta property=\"og:title\" content=\"Sotogrande Beach Clubs\" \/>\n<meta property=\"og:description\" content=\"Sotogrande has a great variety of smaller beach bars and bigger beach clubs, offering everything from drinks and snacks to exclusive restaurants and pools.\" \/>\n<meta property=\"og:url\" content=\"https:\/\/www.sotograndeguide.com\/de\/strandclubs-von-sotogrande\/\" \/>\n<meta property=\"og:site_name\" content=\"Sotogrande Guide\" \/>\n<meta property=\"article:publisher\" content=\"https:\/\/www.facebook.com\/sotograndeguide\" \/>\n<meta property=\"article:modified_time\" content=\"2019-07-21T11:59:32+00:00\" \/>\n<meta property=\"og:image\" content=\"https:\/\/www.sotograndeguide.com\/wp-content\/uploads\/2019\/07\/Torreguadiaro-Beach.jpeg\" \/>\n\t<meta property=\"og:image:width\" content=\"1180\" \/>\n\t<meta property=\"og:image:height\" content=\"846\" \/>\n\t<meta property=\"og:image:type\" content=\"image\/jpeg\" \/>\n<meta name=\"twitter:card\" content=\"summary_large_image\" \/>\n<meta name=\"twitter:site\" content=\"@sotograndeguide\" \/>\n<!-- \/ Yoast SEO Premium plugin. -->","yoast_head_json":{"title":"Bars and Beach Clubs in Sotogrande [Complete List] - Sotogrande Guide","description":"In Sotogrande gibt es eine Vielzahl kleinerer Strandbars und gr\u00f6\u00dferer Strandclubs, die von Getr\u00e4nken und Snacks bis hin zu exklusiven Restaurants und Pools alles bieten.","robots":{"index":"index","follow":"follow","max-snippet":"max-snippet:-1","max-image-preview":"max-image-preview:large","max-video-preview":"max-video-preview:-1"},"canonical":"https:\/\/www.sotograndeguide.com\/de\/strandclubs-von-sotogrande\/","og_locale":"de_DE","og_type":"article","og_title":"Sotogrande Beach Clubs","og_description":"Sotogrande has a great variety of smaller beach bars and bigger beach clubs, offering everything from drinks and snacks to exclusive restaurants and pools.","og_url":"https:\/\/www.sotograndeguide.com\/de\/strandclubs-von-sotogrande\/","og_site_name":"Sotogrande Guide","article_publisher":"https:\/\/www.facebook.com\/sotograndeguide","article_modified_time":"2019-07-21T11:59:32+00:00","og_image":[{"width":1180,"height":846,"url":"https:\/\/www.sotograndeguide.com\/wp-content\/uploads\/2019\/07\/Torreguadiaro-Beach.jpeg","type":"image\/jpeg"}],"twitter_card":"summary_large_image","twitter_site":"@sotograndeguide","schema":{"@context":"https:\/\/schema.org","@graph":[{"@type":"WebPage","@id":"https:\/\/www.sotograndeguide.com\/sotogrande-beach-clubs\/","url":"https:\/\/www.sotograndeguide.com\/sotogrande-beach-clubs\/","name":"Bars and Beach Clubs in Sotogrande [Complete List] - Sotogrande Guide","isPartOf":{"@id":"https:\/\/www.sotograndeguide.com\/#website"},"primaryImageOfPage":{"@id":"https:\/\/www.sotograndeguide.com\/sotogrande-beach-clubs\/#primaryimage"},"image":{"@id":"https:\/\/www.sotograndeguide.com\/sotogrande-beach-clubs\/#primaryimage"},"thumbnailUrl":"https:\/\/www.sotograndeguide.com\/wp-content\/uploads\/2019\/07\/Torreguadiaro-Beach.jpeg","datePublished":"2019-07-05T16:43:35+00:00","dateModified":"2019-07-21T11:59:32+00:00","description":"In Sotogrande gibt es eine Vielzahl kleinerer Strandbars und gr\u00f6\u00dferer Strandclubs, die von Getr\u00e4nken und Snacks bis hin zu exklusiven Restaurants und Pools alles bieten.","breadcrumb":{"@id":"https:\/\/www.sotograndeguide.com\/sotogrande-beach-clubs\/#breadcrumb"},"inLanguage":"de","potentialAction":[{"@type":"ReadAction","target":["https:\/\/www.sotograndeguide.com\/sotogrande-beach-clubs\/"]}]},{"@type":"ImageObject","inLanguage":"de","@id":"https:\/\/www.sotograndeguide.com\/sotogrande-beach-clubs\/#primaryimage","url":"https:\/\/www.sotograndeguide.com\/wp-content\/uploads\/2019\/07\/Torreguadiaro-Beach.jpeg","contentUrl":"https:\/\/www.sotograndeguide.com\/wp-content\/uploads\/2019\/07\/Torreguadiaro-Beach.jpeg","width":1180,"height":846,"caption":"Torreguadiaro Beach"},{"@type":"BreadcrumbList","@id":"https:\/\/www.sotograndeguide.com\/sotogrande-beach-clubs\/#breadcrumb","itemListElement":[{"@type":"ListItem","position":1,"name":"Home","item":"https:\/\/www.sotograndeguide.com\/"},{"@type":"ListItem","position":2,"name":"Sotogrande Beach Clubs"}]},{"@type":"WebSite","@id":"https:\/\/www.sotograndeguide.com\/#website","url":"https:\/\/www.sotograndeguide.com\/","name":"Sotogrande Reisef\u00fchrer","description":"Nachrichten, Tipps, Veranstaltungen und Rezensionen","publisher":{"@id":"https:\/\/www.sotograndeguide.com\/#organization"},"potentialAction":[{"@type":"SearchAction","target":{"@type":"EntryPoint","urlTemplate":"https:\/\/www.sotograndeguide.com\/?s={search_term_string}"},"query-input":{"@type":"PropertyValueSpecification","valueRequired":true,"valueName":"search_term_string"}}],"inLanguage":"de"},{"@type":"Organization","@id":"https:\/\/www.sotograndeguide.com\/#organization","name":"Sotogrande Reisef\u00fchrer","url":"https:\/\/www.sotograndeguide.com\/","logo":{"@type":"ImageObject","inLanguage":"de","@id":"https:\/\/www.sotograndeguide.com\/#\/schema\/logo\/image\/","url":"https:\/\/www.sotograndeguide.com\/wp-content\/uploads\/2017\/03\/Sotogrande-Logo-GUIDE.png","contentUrl":"https:\/\/www.sotograndeguide.com\/wp-content\/uploads\/2017\/03\/Sotogrande-Logo-GUIDE.png","width":300,"height":300,"caption":"Sotogrande Guide"},"image":{"@id":"https:\/\/www.sotograndeguide.com\/#\/schema\/logo\/image\/"},"sameAs":["https:\/\/www.facebook.com\/sotograndeguide","https:\/\/x.com\/sotograndeguide","https:\/\/www.tiktok.com\/@sotograndeguide","https:\/\/www.youtube.com\/@SotograndeGuide"]}]}},"jetpack_sharing_enabled":true,"_links":{"self":[{"href":"https:\/\/www.sotograndeguide.com\/de\/wp-json\/wp\/v2\/pages\/35264","targetHints":{"allow":["GET"]}}],"collection":[{"href":"https:\/\/www.sotograndeguide.com\/de\/wp-json\/wp\/v2\/pages"}],"about":[{"href":"https:\/\/www.sotograndeguide.com\/de\/wp-json\/wp\/v2\/types\/page"}],"author":[{"embeddable":true,"href":"https:\/\/www.sotograndeguide.com\/de\/wp-json\/wp\/v2\/users\/1"}],"replies":[{"embeddable":true,"href":"https:\/\/www.sotograndeguide.com\/de\/wp-json\/wp\/v2\/comments?post=35264"}],"version-history":[{"count":0,"href":"https:\/\/www.sotograndeguide.com\/de\/wp-json\/wp\/v2\/pages\/35264\/revisions"}],"wp:featuredmedia":[{"embeddable":true,"href":"https:\/\/www.sotograndeguide.com\/de\/wp-json\/wp\/v2\/media\/35270"}],"wp:attachment":[{"href":"https:\/\/www.sotograndeguide.com\/de\/wp-json\/wp\/v2\/media?parent=35264"}],"curies":[{"name":"wp","href":"https:\/\/api.w.org\/{rel}","templated":true}]}}