{"id":35182,"date":"2019-05-15T15:27:05","date_gmt":"2019-05-15T15:27:05","guid":{"rendered":"https:\/\/www.sotograndeguide.com\/?page_id=35182"},"modified":"2019-05-16T07:15:21","modified_gmt":"2019-05-16T07:15:21","slug":"sotogrande-nachtleben","status":"publish","type":"page","link":"https:\/\/www.sotograndeguide.com\/de\/sotogrande-nightlife\/","title":{"rendered":"Sotogrande Nachtleben"},"content":{"rendered":"<p>Das Nachtleben von Sotogrande ist in den Sommermonaten am aktivsten, aber auch dann ist es meist entspannt und anspruchsvoll.<\/p>\n<p>Im August findet im Santa Maria Polo Club das After Polo statt, ein Open-Air-Club, der an jedem Tag der Woche bis sp\u00e4t in die Nacht ge\u00f6ffnet ist.<\/p>\n<p>Weitere beliebte Bars mit regem Nachtleben in Sotogrande sind das <a href=\"https:\/\/www.sotograndeguide.com\/de\/restaurants-in-sotogrande\/die-haarige-zitrone\/\">Behaarte Zitrone in Sotogrande<\/a> Hafen, sowie das Restaurant Midas Bar, das sich direkt unterhalb des <a href=\"https:\/\/www.sotograndeguide.com\/de\/sotogrande-hotels\/club-maritimo-de-sotogrande\/\">Club Maritimo Hotel<\/a>.<\/p>\n<p>Die <a href=\"https:\/\/www.sotograndeguide.com\/de\/sotogrande-strande\/chambao\/\">Chambao Strand Bar<\/a> und <a href=\"https:\/\/www.sotograndeguide.com\/de\/restaurants-in-sotogrande\/trocadero\/\">Trocadero Beach Club<\/a> sind ebenfalls zwei beliebte Treffpunkte, wenn es darum geht, einen Drink zu genie\u00dfen, gute Musik zu h\u00f6ren und Menschen aus aller Welt zu treffen.<\/p>\n<p>In der \u00fcbrigen Zeit des Jahres ist die Gegend um Sotogrande entspannter, aber es gibt <a href=\"https:\/\/www.sotograndeguide.com\/de\/sotogrande-nachtleben\/unterclub-torreguadiaro\/\" rel=\"noopener noreferrer\" target=\"_blank\">Unterclub<\/a>ein neuer Club, der k\u00fcrzlich in Torreguadiaro er\u00f6ffnet wurde und das ganze Jahr \u00fcber ge\u00f6ffnet ist.<\/p>\n<p>Weitere M\u00f6glichkeiten in den Wintermonaten sind die <a href=\"https:\/\/www.sotograndeguide.com\/de\/restaurants-in-sotogrande\/ke-bar\/\">Ke Bar<\/a> der immer ein Anlaufpunkt f\u00fcr ein paar gesellige Stunden bei einem Drink ist.<\/p>","protected":false},"excerpt":{"rendered":"<p>Das Nachtleben von Sotogrande ist in den Sommermonaten am aktivsten, aber auch dann ist es meist entspannt und anspruchsvoll. Im August k\u00f6nnen Sie das After Polo genie\u00dfen, einen Open-Air-Club im Santa Maria Polo Club, der jeden Tag der Woche bis sp\u00e4t in die Nacht ge\u00f6ffnet ist. Andere beliebte Bars mit regem Nachtleben ... <a title=\"Sotogrande Nachtleben\" class=\"read-more\" href=\"https:\/\/www.sotograndeguide.com\/de\/sotogrande-nightlife\/\" aria-label=\"Mehr Informationen \u00fcber das Nachtleben von Sotogrande\">Mehr lesen<\/a><\/p>","protected":false},"author":1,"featured_media":35183,"parent":0,"menu_order":0,"comment_status":"closed","ping_status":"closed","template":"","meta":{"footnotes":""},"class_list":["post-35182","page","type-page","status-publish","has-post-thumbnail"],"yoast_head":"<!-- This site is optimized with the Yoast SEO Premium plugin v20.5 (Yoast SEO v27.5) - https:\/\/yoast.com\/product\/yoast-seo-premium-wordpress\/ -->\n<title>Sotogrande Nightlife<\/title>\n<meta name=\"robots\" content=\"index, follow, max-snippet:-1, max-image-preview:large, max-video-preview:-1\" \/>\n<link rel=\"canonical\" href=\"https:\/\/www.sotograndeguide.com\/de\/sotogrande-nachtleben\/\" \/>\n<meta property=\"og:locale\" content=\"de_DE\" \/>\n<meta property=\"og:type\" content=\"article\" \/>\n<meta property=\"og:title\" content=\"Sotogrande Nightlife\" \/>\n<meta property=\"og:description\" content=\"Sotogrande nightlife is most active during the summer months and even then it is usually mostly relaxed and sophisticated. In August you can enjoy the After Polo, which is an open air club open every day of the week until very late held at the Santa Maria Polo Club. Other popular bars with busy nightlife ... Read more\" \/>\n<meta property=\"og:url\" content=\"https:\/\/www.sotograndeguide.com\/de\/sotogrande-nachtleben\/\" \/>\n<meta property=\"og:site_name\" content=\"Sotogrande Guide\" \/>\n<meta property=\"article:publisher\" content=\"https:\/\/www.facebook.com\/sotograndeguide\" \/>\n<meta property=\"article:modified_time\" content=\"2019-05-16T07:15:21+00:00\" \/>\n<meta property=\"og:image\" content=\"https:\/\/www.sotograndeguide.com\/wp-content\/uploads\/2019\/05\/Sotogrande-Nightlife.jpg\" \/>\n\t<meta property=\"og:image:width\" content=\"1280\" \/>\n\t<meta property=\"og:image:height\" content=\"960\" \/>\n\t<meta property=\"og:image:type\" content=\"image\/jpeg\" \/>\n<meta name=\"twitter:card\" content=\"summary_large_image\" \/>\n<meta name=\"twitter:site\" content=\"@sotograndeguide\" \/>\n<meta name=\"twitter:label1\" content=\"Gesch\u00e4tzte Lesezeit\" \/>\n\t<meta name=\"twitter:data1\" content=\"1\u00a0Minute\" \/>\n<!-- \/ Yoast SEO Premium plugin. -->","yoast_head_json":{"title":"Sotogrande Nachtleben","robots":{"index":"index","follow":"follow","max-snippet":"max-snippet:-1","max-image-preview":"max-image-preview:large","max-video-preview":"max-video-preview:-1"},"canonical":"https:\/\/www.sotograndeguide.com\/de\/sotogrande-nachtleben\/","og_locale":"de_DE","og_type":"article","og_title":"Sotogrande Nightlife","og_description":"Sotogrande nightlife is most active during the summer months and even then it is usually mostly relaxed and sophisticated. In August you can enjoy the After Polo, which is an open air club open every day of the week until very late held at the Santa Maria Polo Club. Other popular bars with busy nightlife ... Read more","og_url":"https:\/\/www.sotograndeguide.com\/de\/sotogrande-nachtleben\/","og_site_name":"Sotogrande Guide","article_publisher":"https:\/\/www.facebook.com\/sotograndeguide","article_modified_time":"2019-05-16T07:15:21+00:00","og_image":[{"width":1280,"height":960,"url":"https:\/\/www.sotograndeguide.com\/wp-content\/uploads\/2019\/05\/Sotogrande-Nightlife.jpg","type":"image\/jpeg"}],"twitter_card":"summary_large_image","twitter_site":"@sotograndeguide","twitter_misc":{"Gesch\u00e4tzte Lesezeit":"1\u00a0Minute"},"schema":{"@context":"https:\/\/schema.org","@graph":[{"@type":"WebPage","@id":"https:\/\/www.sotograndeguide.com\/sotogrande-nightlife\/","url":"https:\/\/www.sotograndeguide.com\/sotogrande-nightlife\/","name":"Sotogrande Nachtleben","isPartOf":{"@id":"https:\/\/www.sotograndeguide.com\/#website"},"primaryImageOfPage":{"@id":"https:\/\/www.sotograndeguide.com\/sotogrande-nightlife\/#primaryimage"},"image":{"@id":"https:\/\/www.sotograndeguide.com\/sotogrande-nightlife\/#primaryimage"},"thumbnailUrl":"https:\/\/www.sotograndeguide.com\/wp-content\/uploads\/2019\/05\/Sotogrande-Nightlife.jpg","datePublished":"2019-05-15T15:27:05+00:00","dateModified":"2019-05-16T07:15:21+00:00","breadcrumb":{"@id":"https:\/\/www.sotograndeguide.com\/sotogrande-nightlife\/#breadcrumb"},"inLanguage":"de","potentialAction":[{"@type":"ReadAction","target":["https:\/\/www.sotograndeguide.com\/sotogrande-nightlife\/"]}]},{"@type":"ImageObject","inLanguage":"de","@id":"https:\/\/www.sotograndeguide.com\/sotogrande-nightlife\/#primaryimage","url":"https:\/\/www.sotograndeguide.com\/wp-content\/uploads\/2019\/05\/Sotogrande-Nightlife.jpg","contentUrl":"https:\/\/www.sotograndeguide.com\/wp-content\/uploads\/2019\/05\/Sotogrande-Nightlife.jpg","width":1280,"height":960,"caption":"Sotogrande Nightlife"},{"@type":"BreadcrumbList","@id":"https:\/\/www.sotograndeguide.com\/sotogrande-nightlife\/#breadcrumb","itemListElement":[{"@type":"ListItem","position":1,"name":"Home","item":"https:\/\/www.sotograndeguide.com\/"},{"@type":"ListItem","position":2,"name":"Sotogrande Nightlife"}]},{"@type":"WebSite","@id":"https:\/\/www.sotograndeguide.com\/#website","url":"https:\/\/www.sotograndeguide.com\/","name":"Sotogrande Reisef\u00fchrer","description":"Nachrichten, Tipps, Veranstaltungen und Rezensionen","publisher":{"@id":"https:\/\/www.sotograndeguide.com\/#organization"},"potentialAction":[{"@type":"SearchAction","target":{"@type":"EntryPoint","urlTemplate":"https:\/\/www.sotograndeguide.com\/?s={search_term_string}"},"query-input":{"@type":"PropertyValueSpecification","valueRequired":true,"valueName":"search_term_string"}}],"inLanguage":"de"},{"@type":"Organization","@id":"https:\/\/www.sotograndeguide.com\/#organization","name":"Sotogrande Reisef\u00fchrer","url":"https:\/\/www.sotograndeguide.com\/","logo":{"@type":"ImageObject","inLanguage":"de","@id":"https:\/\/www.sotograndeguide.com\/#\/schema\/logo\/image\/","url":"https:\/\/www.sotograndeguide.com\/wp-content\/uploads\/2017\/03\/Sotogrande-Logo-GUIDE.png","contentUrl":"https:\/\/www.sotograndeguide.com\/wp-content\/uploads\/2017\/03\/Sotogrande-Logo-GUIDE.png","width":300,"height":300,"caption":"Sotogrande Guide"},"image":{"@id":"https:\/\/www.sotograndeguide.com\/#\/schema\/logo\/image\/"},"sameAs":["https:\/\/www.facebook.com\/sotograndeguide","https:\/\/x.com\/sotograndeguide","https:\/\/www.tiktok.com\/@sotograndeguide","https:\/\/www.youtube.com\/@SotograndeGuide"]}]}},"jetpack_sharing_enabled":true,"_links":{"self":[{"href":"https:\/\/www.sotograndeguide.com\/de\/wp-json\/wp\/v2\/pages\/35182","targetHints":{"allow":["GET"]}}],"collection":[{"href":"https:\/\/www.sotograndeguide.com\/de\/wp-json\/wp\/v2\/pages"}],"about":[{"href":"https:\/\/www.sotograndeguide.com\/de\/wp-json\/wp\/v2\/types\/page"}],"author":[{"embeddable":true,"href":"https:\/\/www.sotograndeguide.com\/de\/wp-json\/wp\/v2\/users\/1"}],"replies":[{"embeddable":true,"href":"https:\/\/www.sotograndeguide.com\/de\/wp-json\/wp\/v2\/comments?post=35182"}],"version-history":[{"count":0,"href":"https:\/\/www.sotograndeguide.com\/de\/wp-json\/wp\/v2\/pages\/35182\/revisions"}],"wp:featuredmedia":[{"embeddable":true,"href":"https:\/\/www.sotograndeguide.com\/de\/wp-json\/wp\/v2\/media\/35183"}],"wp:attachment":[{"href":"https:\/\/www.sotograndeguide.com\/de\/wp-json\/wp\/v2\/media?parent=35182"}],"curies":[{"name":"wp","href":"https:\/\/api.w.org\/{rel}","templated":true}]}}