{"id":35170,"date":"2019-05-15T13:22:07","date_gmt":"2019-05-15T13:22:07","guid":{"rendered":"https:\/\/www.sotograndeguide.com\/?page_id=35170"},"modified":"2019-05-15T14:46:45","modified_gmt":"2019-05-15T14:46:45","slug":"sotogrande-busfahrplan","status":"publish","type":"page","link":"https:\/\/www.sotograndeguide.com\/de\/sotogrande-bus-timetable\/","title":{"rendered":"Sotogrande Busfahrplan"},"content":{"rendered":"<p>Es gibt eine Buslinie, die das Gebiet von Sotogrande bedient und in den Orten Torreguadiaro, Guadiaro, San Roque und La L\u00ednea h\u00e4lt.<\/p>\n<h2>Sotogrande Bus: San Roque nach Torreguadiaro<\/h2>\n<p>Der Bus der gr\u00fcnen Linie 01 h\u00e4lt am Casino Admiral in San Roque, Alcaidesa, San Roque Club, Sotogrande, Pueblo Nuevo, San Enrique, Sotogrande Port sowie Torreguadiaro.<\/p>\n<p><strong><u>Fahrplan Montag bis Freitag<\/u>:<\/strong><\/p>\n<p>Abfahrt von der Alameda Alfonso XI (Stadtzentrum von San Roque): 07:30, 09:30, 11:30, 13:30, 17:00, 19:00, 21:00.<br \/>\nAbfahrt von Cala Sardina: 08:30, 10:30, 12:30, 14:30, 18:00, 20:00, 22:00.<\/p>\n<p><strong><u>Fahrplan Samstags<\/u>:<\/strong><\/p>\n<p>Abfahrt von der Alameda Alfonso XI (Stadtzentrum von San Roque): 09:30, 11:30, 13:30, 16:30, 18:30.<br \/>\nAbfahrt von Cala Sardina: 10:30, 12:30, 14:30, 17:30, 19:30.<\/p>\n<p><strong><u>Fahrplan an Sonn- und Feiertagen<\/u>:<\/strong><\/p>\n<p>Abfahrt von der Alameda Alfonso XI (Stadtzentrum von San Roque): 09:30, 11:30, 13:30, 16:30, 18:30.<br \/>\nAbfahrt von Cala Sardina: 10:30, 12:30, 14:30, 17:30, 19:30.<\/p>\n<p>Der normale Fahrpreis betr\u00e4gt 0,80 \u20ac und 0,70 \u20ac f\u00fcr Rentner und Menschen mit Behinderung.<\/p>\n<h2>Buslinie M\u00e1laga Flughafen nach Sotogrande<\/h2>\n<p>Wir werden oft gefragt: Gibt es einen Bus, der Sie vom Flughafen M\u00e1laga nach Sotogrande bringt? Ja, um nach <strong>Sotogrande vom Flughafen M\u00e1laga<\/strong> mit dem Bus ist ebenfalls m\u00f6glich.<\/p>\n<p>Die <a href=\"https:\/\/booking.avanzabus.com\/web\/index.php\" target=\"_blank\" rel=\"noopener noreferrer\">Avanza Busunternehmen<\/a> folgt einer Route von Sotogrande (\u00fcber die <a href=\"https:\/\/www.sotograndeguide.com\/de\/sotogrande-hotels\/hostal-montilla\/\" rel=\"noopener noreferrer\" target=\"_blank\">Herberge Montilla<\/a> und Tankstelle) bis zum Busbahnhof von Malaga (Stadtzentrum), von dort aus gibt es viele M\u00f6glichkeiten, mit dem Bus zum Flughafen zu gelangen.<\/p>\n<p>Die Fahrt dauert etwa 2 Stunden und 35 Minuten und kostet etwa 11 Euro (einfache Fahrt).<\/p>\n<h2>Mit dem Bus von Gibraltar nach Sotogrande<\/h2>\n<p>Viele Menschen wollen auch wissen: Gibt es einen Bus von Gibraltar nach Sotogrande? Ja, es gibt einen Bus, der Sotogrande mit Gibraltar verbindet (mit Halt in La Linea).<\/p>\n<p>Die Buslinie M-240 h\u00e4lt in Torreguadiaro, Las Camelias, Montilla, San Enrique, Cruce Guadiaro, Guadiaro, Pueblo Nuevo Guadiaro, Sotogrande Alto, San Roque Club, Casino San Roque, Cuatro Vientos, Cruce Pte. Mayorga, Campamento Centro, Campamento La Guita, La Colonia, Mond\u00e9jar, und Bahnhof La L\u00ednea.<\/p>\n<p><img decoding=\"async\" src=\"https:\/\/www.sotograndeguide.com\/wp-content\/uploads\/2019\/05\/Sotogrande-Bus-Timetable-Hours-2.jpg\" alt=\"Sotogrande Busfahrplan Stunden La Linea Gibraltar nach Sotogrande\" width=\"600\" height=\"250\" class=\"alignnone size-full wp-image-35176\" \/><\/p>\n<p><img decoding=\"async\" src=\"https:\/\/www.sotograndeguide.com\/wp-content\/uploads\/2019\/05\/Sotogrande-Bus-Timetable-Hours-1.jpg\" alt=\"Sotogrande Busfahrplan Stunden La Linea Sotogrande nach Gibraltar\" width=\"600\" height=\"250\" class=\"alignnone size-full wp-image-35177\" \/><\/p>\n<p>Haben Sie Fragen zu einer der Buslinien, die das Gebiet Sotograndea bedienen? Fragen Sie in unserem <a href=\"https:\/\/www.facebook.com\/groups\/sotogrande\/\" rel=\"noopener noreferrer\" target=\"_blank\">Schwarzes Brett der Gemeinde Sotogrande auf Facebook<\/a>.<\/p>","protected":false},"excerpt":{"rendered":"<p>Es gibt eine Buslinie, die das Gebiet von Sotogrande mit Haltestellen in den Orten Torreguadiaro, Guadiaro, San Roque und La L\u00ednea bedient. Sotogrande Bus: San Roque nach Torreguadiaro Der Bus der gr\u00fcnen Linie 01 h\u00e4lt am Casino Admiral in San Roque, Alcaidesa, San Roque Club, Sotogrande, Pueblo Nuevo, San Enrique, Sotogrande ... <a title=\"Sotogrande Busfahrplan\" class=\"read-more\" href=\"https:\/\/www.sotograndeguide.com\/de\/sotogrande-bus-timetable\/\" aria-label=\"Mehr Informationen \u00fcber Sotogrande Busfahrplan\">Mehr lesen<\/a><\/p>","protected":false},"author":1,"featured_media":35171,"parent":0,"menu_order":0,"comment_status":"closed","ping_status":"closed","template":"","meta":{"footnotes":""},"class_list":["post-35170","page","type-page","status-publish","has-post-thumbnail"],"yoast_head":"<!-- This site is optimized with the Yoast SEO Premium plugin v20.5 (Yoast SEO v27.4) - https:\/\/yoast.com\/product\/yoast-seo-premium-wordpress\/ -->\n<title>Sotogrande Bus Timetable<\/title>\n<meta name=\"robots\" content=\"index, follow, max-snippet:-1, max-image-preview:large, max-video-preview:-1\" \/>\n<link rel=\"canonical\" href=\"https:\/\/www.sotograndeguide.com\/de\/sotogrande-busfahrplan\/\" \/>\n<meta property=\"og:locale\" content=\"de_DE\" \/>\n<meta property=\"og:type\" content=\"article\" \/>\n<meta property=\"og:title\" content=\"Sotogrande Bus Timetable\" \/>\n<meta property=\"og:description\" content=\"There is a bus route that serves the Sotogrande area with stops in the towns of Torreguadiaro, Guadiaro, San Roque as well as La L\u00ednea. Sotogrande Bus: San Roque to Torreguadiaro The Green Line 01 bus stops off at the Casino Admiral in San Roque, Alcaidesa, San Roque Club, Sotogrande, Pueblo Nuevo, San Enrique, Sotogrande ... Read more\" \/>\n<meta property=\"og:url\" content=\"https:\/\/www.sotograndeguide.com\/de\/sotogrande-busfahrplan\/\" \/>\n<meta property=\"og:site_name\" content=\"Sotogrande Guide\" \/>\n<meta property=\"article:publisher\" content=\"https:\/\/www.facebook.com\/sotograndeguide\" \/>\n<meta property=\"article:modified_time\" content=\"2019-05-15T14:46:45+00:00\" \/>\n<meta property=\"og:image\" content=\"https:\/\/www.sotograndeguide.com\/wp-content\/uploads\/2019\/05\/Sotogrande-Bus-Timetable.jpg\" \/>\n\t<meta property=\"og:image:width\" content=\"2000\" \/>\n\t<meta property=\"og:image:height\" content=\"1337\" \/>\n\t<meta property=\"og:image:type\" content=\"image\/jpeg\" \/>\n<meta name=\"twitter:card\" content=\"summary_large_image\" \/>\n<meta name=\"twitter:site\" content=\"@sotograndeguide\" \/>\n<meta name=\"twitter:label1\" content=\"Gesch\u00e4tzte Lesezeit\" \/>\n\t<meta name=\"twitter:data1\" content=\"2\u00a0Minuten\" \/>\n<!-- \/ Yoast SEO Premium plugin. -->","yoast_head_json":{"title":"Sotogrande Busfahrplan","robots":{"index":"index","follow":"follow","max-snippet":"max-snippet:-1","max-image-preview":"max-image-preview:large","max-video-preview":"max-video-preview:-1"},"canonical":"https:\/\/www.sotograndeguide.com\/de\/sotogrande-busfahrplan\/","og_locale":"de_DE","og_type":"article","og_title":"Sotogrande Bus Timetable","og_description":"There is a bus route that serves the Sotogrande area with stops in the towns of Torreguadiaro, Guadiaro, San Roque as well as La L\u00ednea. Sotogrande Bus: San Roque to Torreguadiaro The Green Line 01 bus stops off at the Casino Admiral in San Roque, Alcaidesa, San Roque Club, Sotogrande, Pueblo Nuevo, San Enrique, Sotogrande ... Read more","og_url":"https:\/\/www.sotograndeguide.com\/de\/sotogrande-busfahrplan\/","og_site_name":"Sotogrande Guide","article_publisher":"https:\/\/www.facebook.com\/sotograndeguide","article_modified_time":"2019-05-15T14:46:45+00:00","og_image":[{"width":2000,"height":1337,"url":"https:\/\/www.sotograndeguide.com\/wp-content\/uploads\/2019\/05\/Sotogrande-Bus-Timetable.jpg","type":"image\/jpeg"}],"twitter_card":"summary_large_image","twitter_site":"@sotograndeguide","twitter_misc":{"Gesch\u00e4tzte Lesezeit":"2\u00a0Minuten"},"schema":{"@context":"https:\/\/schema.org","@graph":[{"@type":"WebPage","@id":"https:\/\/www.sotograndeguide.com\/sotogrande-bus-timetable\/","url":"https:\/\/www.sotograndeguide.com\/sotogrande-bus-timetable\/","name":"Sotogrande Busfahrplan","isPartOf":{"@id":"https:\/\/www.sotograndeguide.com\/#website"},"primaryImageOfPage":{"@id":"https:\/\/www.sotograndeguide.com\/sotogrande-bus-timetable\/#primaryimage"},"image":{"@id":"https:\/\/www.sotograndeguide.com\/sotogrande-bus-timetable\/#primaryimage"},"thumbnailUrl":"https:\/\/www.sotograndeguide.com\/wp-content\/uploads\/2019\/05\/Sotogrande-Bus-Timetable.jpg","datePublished":"2019-05-15T13:22:07+00:00","dateModified":"2019-05-15T14:46:45+00:00","breadcrumb":{"@id":"https:\/\/www.sotograndeguide.com\/sotogrande-bus-timetable\/#breadcrumb"},"inLanguage":"de","potentialAction":[{"@type":"ReadAction","target":["https:\/\/www.sotograndeguide.com\/sotogrande-bus-timetable\/"]}]},{"@type":"ImageObject","inLanguage":"de","@id":"https:\/\/www.sotograndeguide.com\/sotogrande-bus-timetable\/#primaryimage","url":"https:\/\/www.sotograndeguide.com\/wp-content\/uploads\/2019\/05\/Sotogrande-Bus-Timetable.jpg","contentUrl":"https:\/\/www.sotograndeguide.com\/wp-content\/uploads\/2019\/05\/Sotogrande-Bus-Timetable.jpg","width":2000,"height":1337,"caption":"Sotogrande Bus Timetable"},{"@type":"BreadcrumbList","@id":"https:\/\/www.sotograndeguide.com\/sotogrande-bus-timetable\/#breadcrumb","itemListElement":[{"@type":"ListItem","position":1,"name":"Home","item":"https:\/\/www.sotograndeguide.com\/"},{"@type":"ListItem","position":2,"name":"Sotogrande Bus Timetable"}]},{"@type":"WebSite","@id":"https:\/\/www.sotograndeguide.com\/#website","url":"https:\/\/www.sotograndeguide.com\/","name":"Sotogrande Reisef\u00fchrer","description":"Nachrichten, Tipps, Veranstaltungen und Rezensionen","publisher":{"@id":"https:\/\/www.sotograndeguide.com\/#organization"},"potentialAction":[{"@type":"SearchAction","target":{"@type":"EntryPoint","urlTemplate":"https:\/\/www.sotograndeguide.com\/?s={search_term_string}"},"query-input":{"@type":"PropertyValueSpecification","valueRequired":true,"valueName":"search_term_string"}}],"inLanguage":"de"},{"@type":"Organization","@id":"https:\/\/www.sotograndeguide.com\/#organization","name":"Sotogrande Reisef\u00fchrer","url":"https:\/\/www.sotograndeguide.com\/","logo":{"@type":"ImageObject","inLanguage":"de","@id":"https:\/\/www.sotograndeguide.com\/#\/schema\/logo\/image\/","url":"https:\/\/www.sotograndeguide.com\/wp-content\/uploads\/2017\/03\/Sotogrande-Logo-GUIDE.png","contentUrl":"https:\/\/www.sotograndeguide.com\/wp-content\/uploads\/2017\/03\/Sotogrande-Logo-GUIDE.png","width":300,"height":300,"caption":"Sotogrande Guide"},"image":{"@id":"https:\/\/www.sotograndeguide.com\/#\/schema\/logo\/image\/"},"sameAs":["https:\/\/www.facebook.com\/sotograndeguide","https:\/\/x.com\/sotograndeguide","https:\/\/www.tiktok.com\/@sotograndeguide","https:\/\/www.youtube.com\/@SotograndeGuide"]}]}},"jetpack_sharing_enabled":true,"_links":{"self":[{"href":"https:\/\/www.sotograndeguide.com\/de\/wp-json\/wp\/v2\/pages\/35170","targetHints":{"allow":["GET"]}}],"collection":[{"href":"https:\/\/www.sotograndeguide.com\/de\/wp-json\/wp\/v2\/pages"}],"about":[{"href":"https:\/\/www.sotograndeguide.com\/de\/wp-json\/wp\/v2\/types\/page"}],"author":[{"embeddable":true,"href":"https:\/\/www.sotograndeguide.com\/de\/wp-json\/wp\/v2\/users\/1"}],"replies":[{"embeddable":true,"href":"https:\/\/www.sotograndeguide.com\/de\/wp-json\/wp\/v2\/comments?post=35170"}],"version-history":[{"count":0,"href":"https:\/\/www.sotograndeguide.com\/de\/wp-json\/wp\/v2\/pages\/35170\/revisions"}],"wp:featuredmedia":[{"embeddable":true,"href":"https:\/\/www.sotograndeguide.com\/de\/wp-json\/wp\/v2\/media\/35171"}],"wp:attachment":[{"href":"https:\/\/www.sotograndeguide.com\/de\/wp-json\/wp\/v2\/media?parent=35170"}],"curies":[{"name":"wp","href":"https:\/\/api.w.org\/{rel}","templated":true}]}}