{"id":35158,"date":"2019-05-15T09:51:21","date_gmt":"2019-05-15T09:51:21","guid":{"rendered":"https:\/\/www.sotograndeguide.com\/?page_id=35158"},"modified":"2021-10-16T13:34:21","modified_gmt":"2021-10-16T13:34:21","slug":"sotogrande-verzeichnis","status":"publish","type":"page","link":"https:\/\/www.sotograndeguide.com\/de\/sotogrande-directory\/","title":{"rendered":"Sotogrande Verzeichnis"},"content":{"rendered":"<p>Das Verzeichnis von Sotogrande enth\u00e4lt Unternehmen in und um Sotogrande:<\/p>\n<h2>Gesch\u00e4ftsverzeichnis<\/h2>\n<div class=\"pt-cv-wrapper\"><div class=\"pt-cv-view pt-cv-grid pt-cv-colsys\" id=\"pt-cv-view-433a861gcm\"><div data-id=\"pt-cv-page-1\" class=\"pt-cv-page\" data-cvc=\"2\"><div class=\"col-md-6 col-sm-6 col-xs-12 pt-cv-content-item pt-cv-1-col\"  data-pid=\"35157\"><div class='pt-cv-ifield'><a href=\"https:\/\/www.sotograndeguide.com\/de\/sotogrande-directory\/blah-blah-blah-language-academy\/\" class=\"_self pt-cv-href-thumbnail pt-cv-thumb-default cvplbd\" target=\"_self\" ><img decoding=\"async\" width=\"300\" height=\"225\" src=\"https:\/\/www.sotograndeguide.com\/wp-content\/uploads\/2019\/05\/Blah-Blah-Blah-Language-School-Sotogrande-300x225.jpg\" class=\"pt-cv-thumbnail img-none\" alt=\"Blah Blah Blah Sprachakademie\" srcset=\"https:\/\/www.sotograndeguide.com\/wp-content\/uploads\/2019\/05\/Blah-Blah-Blah-Language-School-Sotogrande-300x225.jpg 300w, https:\/\/www.sotograndeguide.com\/wp-content\/uploads\/2019\/05\/Blah-Blah-Blah-Language-School-Sotogrande-768x576.jpg 768w, https:\/\/www.sotograndeguide.com\/wp-content\/uploads\/2019\/05\/Blah-Blah-Blah-Language-School-Sotogrande-1024x768.jpg 1024w, https:\/\/www.sotograndeguide.com\/wp-content\/uploads\/2019\/05\/Blah-Blah-Blah-Language-School-Sotogrande.jpg 2016w\" sizes=\"(max-width: 300px) 100vw, 300px\" \/><\/a>\n<h4 class=\"pt-cv-title\"><a href=\"https:\/\/www.sotograndeguide.com\/de\/sotogrande-directory\/blah-blah-blah-language-academy\/\" class=\"_self cvplbd\" target=\"_self\" >Blah Blah Blah Sprachakademie<\/a><\/h4><\/div><\/div>\n<div class=\"col-md-6 col-sm-6 col-xs-12 pt-cv-content-item pt-cv-1-col\"  data-pid=\"35423\"><div class='pt-cv-ifield'><a href=\"https:\/\/www.sotograndeguide.com\/de\/ergo-kuchen-sotogrande\/\" class=\"_self pt-cv-href-thumbnail pt-cv-thumb-default cvplbd\" target=\"_self\" ><img decoding=\"async\" width=\"300\" height=\"170\" src=\"https:\/\/www.sotograndeguide.com\/wp-content\/uploads\/2019\/09\/Ergo-K\u00fcchen-Sotogrande-300x170.jpg\" class=\"pt-cv-thumbnail img-none\" alt=\"Ergo K\u00fcchen Sotogrande\" srcset=\"https:\/\/www.sotograndeguide.com\/wp-content\/uploads\/2019\/09\/Ergo-K\u00fcchen-Sotogrande-300x170.jpg 300w, https:\/\/www.sotograndeguide.com\/wp-content\/uploads\/2019\/09\/Ergo-K\u00fcchen-Sotogrande-768x436.jpg 768w, https:\/\/www.sotograndeguide.com\/wp-content\/uploads\/2019\/09\/Ergo-K\u00fcchen-Sotogrande-1024x581.jpg 1024w\" sizes=\"(max-width: 300px) 100vw, 300px\" \/><\/a>\n<h4 class=\"pt-cv-title\"><a href=\"https:\/\/www.sotograndeguide.com\/de\/ergo-kuchen-sotogrande\/\" class=\"_self cvplbd\" target=\"_self\" >Ergo K\u00fcchen Sotogrande<\/a><\/h4><\/div><\/div>\n<div class=\"col-md-6 col-sm-6 col-xs-12 pt-cv-content-item pt-cv-1-col\"  data-pid=\"35722\"><div class='pt-cv-ifield'><a href=\"https:\/\/www.sotograndeguide.com\/de\/gem-space-co-working\/\" class=\"_self pt-cv-href-thumbnail pt-cv-thumb-default cvplbd\" target=\"_self\" ><img decoding=\"async\" width=\"300\" height=\"200\" src=\"https:\/\/www.sotograndeguide.com\/wp-content\/uploads\/2021\/10\/Gem-Space-Co-working-Sotogrande-6-300x200.jpeg\" class=\"pt-cv-thumbnail img-none\" alt=\"Gem Space Co-Working\" srcset=\"https:\/\/www.sotograndeguide.com\/wp-content\/uploads\/2021\/10\/Gem-Space-Co-working-Sotogrande-6-300x200.jpeg 300w, https:\/\/www.sotograndeguide.com\/wp-content\/uploads\/2021\/10\/Gem-Space-Co-working-Sotogrande-6-1024x682.jpeg 1024w, https:\/\/www.sotograndeguide.com\/wp-content\/uploads\/2021\/10\/Gem-Space-Co-working-Sotogrande-6-768x511.jpeg 768w, https:\/\/www.sotograndeguide.com\/wp-content\/uploads\/2021\/10\/Gem-Space-Co-working-Sotogrande-6-1536x1022.jpeg 1536w, https:\/\/www.sotograndeguide.com\/wp-content\/uploads\/2021\/10\/Gem-Space-Co-working-Sotogrande-6.jpeg 1800w\" sizes=\"(max-width: 300px) 100vw, 300px\" \/><\/a>\n<h4 class=\"pt-cv-title\"><a href=\"https:\/\/www.sotograndeguide.com\/de\/gem-space-co-working\/\" class=\"_self cvplbd\" target=\"_self\" >Gem Space Co-Working<\/a><\/h4><\/div><\/div>\n<div class=\"col-md-6 col-sm-6 col-xs-12 pt-cv-content-item pt-cv-1-col\"  data-pid=\"36111\"><div class='pt-cv-ifield'><a href=\"https:\/\/www.sotograndeguide.com\/de\/sotogrande-directory\/blue-sequoia-design\/\" class=\"_self pt-cv-href-thumbnail pt-cv-thumb-default cvplbd\" target=\"_self\" ><img decoding=\"async\" width=\"300\" height=\"165\" src=\"https:\/\/www.sotograndeguide.com\/wp-content\/uploads\/2024\/01\/Graphic-Design-300x165.jpg\" class=\"pt-cv-thumbnail img-none\" alt=\"Grafikdesign in Sotogrande\" srcset=\"https:\/\/www.sotograndeguide.com\/wp-content\/uploads\/2024\/01\/Graphic-Design-300x165.jpg 300w, https:\/\/www.sotograndeguide.com\/wp-content\/uploads\/2024\/01\/Graphic-Design-1024x562.jpg 1024w, https:\/\/www.sotograndeguide.com\/wp-content\/uploads\/2024\/01\/Graphic-Design-768x421.jpg 768w, https:\/\/www.sotograndeguide.com\/wp-content\/uploads\/2024\/01\/Graphic-Design-1536x843.jpg 1536w, https:\/\/www.sotograndeguide.com\/wp-content\/uploads\/2024\/01\/Graphic-Design-2048x1123.jpg 2048w\" sizes=\"(max-width: 300px) 100vw, 300px\" \/><\/a>\n<h4 class=\"pt-cv-title\"><a href=\"https:\/\/www.sotograndeguide.com\/de\/sotogrande-directory\/blue-sequoia-design\/\" class=\"_self cvplbd\" target=\"_self\" >Blauer Sequoia Entwurf<\/a><\/h4><\/div><\/div><\/div><\/div><\/div>\t\t\t<style type=\"text\/css\" id=\"pt-cv-inline-style-4f97f5dlc2\">#pt-cv-view-433a861gcm .pt-cv-title a, #pt-cv-view-433a861gcm  .panel-title { font-weight: 600 !important; }\n#pt-cv-view-433a861gcm .pt-cv-readmore  { color: #ffffff !important; background-color: #00aeef !important; }\n#pt-cv-view-433a861gcm .pt-cv-readmore:hover  { color: #ffffff !important; background-color: #00aeef !important; }<\/style>\r\n\t\t\t\n<p>Siehe auch unser Verzeichnis der\u00a0<a href=\"https:\/\/www.sotograndeguide.com\/de\/schulen-in-sotogrande\/\">Schulen<\/a>, <a href=\"https:\/\/www.sotograndeguide.com\/de\/sotogrande-immobilienmakler\/\">Immobilienmakler<\/a>, <a href=\"https:\/\/www.sotograndeguide.com\/de\/sotogrande-tierarzte\/\">Tier\u00e4rztinnen und Tier\u00e4rzte<\/a>, <a href=\"https:\/\/www.sotograndeguide.com\/de\/sotogrande-anwalte\/\">Anw\u00e4lte<\/a>, <a href=\"https:\/\/www.sotograndeguide.com\/de\/sotogrande-architekten\/\">Architekten<\/a>, <a href=\"https:\/\/www.sotograndeguide.com\/de\/sotogrande-hotels\/\">Hotels<\/a>, <a href=\"https:\/\/www.sotograndeguide.com\/de\/sotogrande-apotheken\/\">Apotheken<\/a>, <a href=\"https:\/\/www.sotograndeguide.com\/de\/restaurants-in-sotogrande\/\">Restaurants<\/a>, <a href=\"https:\/\/www.sotograndeguide.com\/de\/sotogrande-autovermietung\/\">Autovermietung<\/a>, <a href=\"https:\/\/www.sotograndeguide.com\/de\/sotogrande-zahnarzte\/\">Zahn\u00e4rzte<\/a>, <a href=\"https:\/\/www.sotograndeguide.com\/de\/sotogrande-friseure\/\">Friseure<\/a> und <a href=\"https:\/\/www.sotograndeguide.com\/de\/sotogrande-professionelle-dienstleistungen\/\">Professionelle Dienstleistungen<\/a>.<\/p>\n<p><em><strong>M\u00f6chten Sie Ihr Unternehmen in unser Verzeichnis aufnehmen lassen?<\/strong> <a href=\"https:\/\/www.sotograndeguide.com\/de\/kontakt\/\">Kontakt aufnehmen<\/a>.<\/em><\/p>","protected":false},"excerpt":{"rendered":"<p>Das Verzeichnis von Sotogrande enth\u00e4lt Unternehmen in und um Sotogrande: Firmenverzeichnis Siehe auch unser Verzeichnis von Schulen, Immobilienmaklern, Tier\u00e4rzten, Rechtsanw\u00e4lten, Architekten, Hotels, Apotheken, Restaurants, Autovermietungen, Zahn\u00e4rzten, Friseuren und professionellen Dienstleistungen. M\u00f6chten Sie Ihr Unternehmen in unser Verzeichnis aufnehmen lassen? Nehmen Sie Kontakt auf.<\/p>","protected":false},"author":1,"featured_media":35161,"parent":0,"menu_order":0,"comment_status":"closed","ping_status":"closed","template":"","meta":{"footnotes":""},"class_list":["post-35158","page","type-page","status-publish","has-post-thumbnail"],"yoast_head":"<!-- This site is optimized with the Yoast SEO Premium plugin v20.5 (Yoast SEO v27.4) - https:\/\/yoast.com\/product\/yoast-seo-premium-wordpress\/ -->\n<title>Sotogrande Directory<\/title>\n<meta name=\"robots\" content=\"index, follow, max-snippet:-1, max-image-preview:large, max-video-preview:-1\" \/>\n<link rel=\"canonical\" href=\"https:\/\/www.sotograndeguide.com\/de\/sotogrande-verzeichnis\/\" \/>\n<meta property=\"og:locale\" content=\"de_DE\" \/>\n<meta property=\"og:type\" content=\"article\" \/>\n<meta property=\"og:title\" content=\"Sotogrande Directory\" \/>\n<meta property=\"og:description\" content=\"The Sotogrande Directory features businesses in and around Sotogrande: Business Directory See also our directory of\u00a0Schools, Estate Agents, Veterinarians, Lawyers, Architects, Hotels, Pharmacies, Restaurants, Car Rental, Dentists, Hairdressers and Professional Services. Would you like to have your business added to our Directory? Get in touch.\" \/>\n<meta property=\"og:url\" content=\"https:\/\/www.sotograndeguide.com\/de\/sotogrande-verzeichnis\/\" \/>\n<meta property=\"og:site_name\" content=\"Sotogrande Guide\" \/>\n<meta property=\"article:publisher\" content=\"https:\/\/www.facebook.com\/sotograndeguide\" \/>\n<meta property=\"article:modified_time\" content=\"2021-10-16T13:34:21+00:00\" \/>\n<meta property=\"og:image\" content=\"https:\/\/www.sotograndeguide.com\/wp-content\/uploads\/2019\/05\/Directory.jpg\" \/>\n\t<meta property=\"og:image:width\" content=\"1920\" \/>\n\t<meta property=\"og:image:height\" content=\"1279\" \/>\n\t<meta property=\"og:image:type\" content=\"image\/jpeg\" \/>\n<meta name=\"twitter:card\" content=\"summary_large_image\" \/>\n<meta name=\"twitter:site\" content=\"@sotograndeguide\" \/>\n<!-- \/ Yoast SEO Premium plugin. -->","yoast_head_json":{"title":"Sotogrande Verzeichnis","robots":{"index":"index","follow":"follow","max-snippet":"max-snippet:-1","max-image-preview":"max-image-preview:large","max-video-preview":"max-video-preview:-1"},"canonical":"https:\/\/www.sotograndeguide.com\/de\/sotogrande-verzeichnis\/","og_locale":"de_DE","og_type":"article","og_title":"Sotogrande Directory","og_description":"The Sotogrande Directory features businesses in and around Sotogrande: Business Directory See also our directory of\u00a0Schools, Estate Agents, Veterinarians, Lawyers, Architects, Hotels, Pharmacies, Restaurants, Car Rental, Dentists, Hairdressers and Professional Services. Would you like to have your business added to our Directory? Get in touch.","og_url":"https:\/\/www.sotograndeguide.com\/de\/sotogrande-verzeichnis\/","og_site_name":"Sotogrande Guide","article_publisher":"https:\/\/www.facebook.com\/sotograndeguide","article_modified_time":"2021-10-16T13:34:21+00:00","og_image":[{"width":1920,"height":1279,"url":"https:\/\/www.sotograndeguide.com\/wp-content\/uploads\/2019\/05\/Directory.jpg","type":"image\/jpeg"}],"twitter_card":"summary_large_image","twitter_site":"@sotograndeguide","schema":{"@context":"https:\/\/schema.org","@graph":[{"@type":"WebPage","@id":"https:\/\/www.sotograndeguide.com\/sotogrande-directory\/","url":"https:\/\/www.sotograndeguide.com\/sotogrande-directory\/","name":"Sotogrande Verzeichnis","isPartOf":{"@id":"https:\/\/www.sotograndeguide.com\/#website"},"primaryImageOfPage":{"@id":"https:\/\/www.sotograndeguide.com\/sotogrande-directory\/#primaryimage"},"image":{"@id":"https:\/\/www.sotograndeguide.com\/sotogrande-directory\/#primaryimage"},"thumbnailUrl":"https:\/\/www.sotograndeguide.com\/wp-content\/uploads\/2019\/05\/Directory.jpg","datePublished":"2019-05-15T09:51:21+00:00","dateModified":"2021-10-16T13:34:21+00:00","breadcrumb":{"@id":"https:\/\/www.sotograndeguide.com\/sotogrande-directory\/#breadcrumb"},"inLanguage":"de","potentialAction":[{"@type":"ReadAction","target":["https:\/\/www.sotograndeguide.com\/sotogrande-directory\/"]}]},{"@type":"ImageObject","inLanguage":"de","@id":"https:\/\/www.sotograndeguide.com\/sotogrande-directory\/#primaryimage","url":"https:\/\/www.sotograndeguide.com\/wp-content\/uploads\/2019\/05\/Directory.jpg","contentUrl":"https:\/\/www.sotograndeguide.com\/wp-content\/uploads\/2019\/05\/Directory.jpg","width":1920,"height":1279,"caption":"Sotogrande Directory"},{"@type":"BreadcrumbList","@id":"https:\/\/www.sotograndeguide.com\/sotogrande-directory\/#breadcrumb","itemListElement":[{"@type":"ListItem","position":1,"name":"Home","item":"https:\/\/www.sotograndeguide.com\/"},{"@type":"ListItem","position":2,"name":"Sotogrande Directory"}]},{"@type":"WebSite","@id":"https:\/\/www.sotograndeguide.com\/#website","url":"https:\/\/www.sotograndeguide.com\/","name":"Sotogrande Reisef\u00fchrer","description":"Nachrichten, Tipps, Veranstaltungen und Rezensionen","publisher":{"@id":"https:\/\/www.sotograndeguide.com\/#organization"},"potentialAction":[{"@type":"SearchAction","target":{"@type":"EntryPoint","urlTemplate":"https:\/\/www.sotograndeguide.com\/?s={search_term_string}"},"query-input":{"@type":"PropertyValueSpecification","valueRequired":true,"valueName":"search_term_string"}}],"inLanguage":"de"},{"@type":"Organization","@id":"https:\/\/www.sotograndeguide.com\/#organization","name":"Sotogrande Reisef\u00fchrer","url":"https:\/\/www.sotograndeguide.com\/","logo":{"@type":"ImageObject","inLanguage":"de","@id":"https:\/\/www.sotograndeguide.com\/#\/schema\/logo\/image\/","url":"https:\/\/www.sotograndeguide.com\/wp-content\/uploads\/2017\/03\/Sotogrande-Logo-GUIDE.png","contentUrl":"https:\/\/www.sotograndeguide.com\/wp-content\/uploads\/2017\/03\/Sotogrande-Logo-GUIDE.png","width":300,"height":300,"caption":"Sotogrande Guide"},"image":{"@id":"https:\/\/www.sotograndeguide.com\/#\/schema\/logo\/image\/"},"sameAs":["https:\/\/www.facebook.com\/sotograndeguide","https:\/\/x.com\/sotograndeguide","https:\/\/www.tiktok.com\/@sotograndeguide","https:\/\/www.youtube.com\/@SotograndeGuide"]}]}},"jetpack_sharing_enabled":true,"_links":{"self":[{"href":"https:\/\/www.sotograndeguide.com\/de\/wp-json\/wp\/v2\/pages\/35158","targetHints":{"allow":["GET"]}}],"collection":[{"href":"https:\/\/www.sotograndeguide.com\/de\/wp-json\/wp\/v2\/pages"}],"about":[{"href":"https:\/\/www.sotograndeguide.com\/de\/wp-json\/wp\/v2\/types\/page"}],"author":[{"embeddable":true,"href":"https:\/\/www.sotograndeguide.com\/de\/wp-json\/wp\/v2\/users\/1"}],"replies":[{"embeddable":true,"href":"https:\/\/www.sotograndeguide.com\/de\/wp-json\/wp\/v2\/comments?post=35158"}],"version-history":[{"count":0,"href":"https:\/\/www.sotograndeguide.com\/de\/wp-json\/wp\/v2\/pages\/35158\/revisions"}],"wp:featuredmedia":[{"embeddable":true,"href":"https:\/\/www.sotograndeguide.com\/de\/wp-json\/wp\/v2\/media\/35161"}],"wp:attachment":[{"href":"https:\/\/www.sotograndeguide.com\/de\/wp-json\/wp\/v2\/media?parent=35158"}],"curies":[{"name":"wp","href":"https:\/\/api.w.org\/{rel}","templated":true}]}}