{"id":35107,"date":"2019-04-20T20:46:25","date_gmt":"2019-04-20T20:46:25","guid":{"rendered":"https:\/\/www.sotograndeguide.com\/?page_id=35107"},"modified":"2019-07-28T12:55:30","modified_gmt":"2019-07-28T12:55:30","slug":"don-giovanni","status":"publish","type":"page","link":"https:\/\/www.sotograndeguide.com\/de\/sotogrande-restaurants\/don-giovanni\/","title":{"rendered":"Don Giovanni"},"content":{"rendered":"<p>Don Giovanni ist ein neues italienisches Restaurant in Sotogrande, das 2018 er\u00f6ffnet wurde. Dies ist das dritte Lokal, das die Don Giovanni-Gruppe er\u00f6ffnet.<\/p>\n<p>Der Veranstaltungsort befindet sich auf dem Platz gegen\u00fcber der Kirche in Pueblo Nuevo de Guadiaro; eine entspannte Gegend mit einfachem Zugang zu Parkpl\u00e4tzen.<\/p>\n<p>Hier gibt es eine Vielzahl italienischer Gerichte und auch einige gro\u00dfartige Pizzen.<\/p>\n<p>Don Giovanni bietet auch Hauslieferungen in und um Sotogrande an.<\/p>\n<p><strong>Don Giovanni<\/strong><br \/>\nK\u00fcche: Italienisch, Pizzeria<br \/>\nAnschrift: Plaza Mayor, 10, 11360, Pueblo Nuevo de Guadiaro, Sotogrande, Spanien<br \/>\nTelefon: <a href=\"tel:+34856043357\">856043357<\/a><\/p>\n<p><strong>Besitzen Sie dieses Restaurant? <a href=\"https:\/\/www.sotograndeguide.com\/de\/kontakt\/\" rel=\"noopener noreferrer\" target=\"_blank\">Kontaktieren Sie uns, um Fotos, Ereignisse, Nachrichten oder Beschreibungen hinzuzuf\u00fcgen<\/a>.<\/strong><\/p>","protected":false},"excerpt":{"rendered":"<p>Don Giovanni ist ein neues italienisches Restaurant in Sotogrande, das 2018 er\u00f6ffnet wurde. Dies ist das dritte Lokal, das die Don Giovanni-Gruppe er\u00f6ffnet. Das Lokal befindet sich auf dem Platz gegen\u00fcber der Kirche in Pueblo Nuevo de Guadiaro; eine entspannte Gegend mit einfachem Zugang zu Parkpl\u00e4tzen. Sie servieren eine Vielzahl von italienischen Gerichten sowie ... <a title=\"Don Giovanni\" class=\"read-more\" href=\"https:\/\/www.sotograndeguide.com\/de\/sotogrande-restaurants\/don-giovanni\/\" aria-label=\"Mehr Informationen \u00fcber Don Giovanni\">Mehr lesen<\/a><\/p>","protected":false},"author":1,"featured_media":35108,"parent":91,"menu_order":0,"comment_status":"closed","ping_status":"closed","template":"","meta":{"footnotes":""},"class_list":["post-35107","page","type-page","status-publish","has-post-thumbnail"],"yoast_head":"<!-- This site is optimized with the Yoast SEO Premium plugin v20.5 (Yoast SEO v27.4) - https:\/\/yoast.com\/product\/yoast-seo-premium-wordpress\/ -->\n<title>Don Giovanni<\/title>\n<meta name=\"robots\" content=\"index, follow, max-snippet:-1, max-image-preview:large, max-video-preview:-1\" \/>\n<link rel=\"canonical\" href=\"https:\/\/www.sotograndeguide.com\/de\/restaurants-in-sotogrande\/don-giovanni\/\" \/>\n<meta property=\"og:locale\" content=\"de_DE\" \/>\n<meta property=\"og:type\" content=\"article\" \/>\n<meta property=\"og:title\" content=\"Don Giovanni\" \/>\n<meta property=\"og:description\" content=\"Don Giovanni is a new Italian restaurant in Sotogrande that opened in 2018. This is the third venue that the Don Giovanni group opens. The venue is located on the square opposite the church in Pueblo Nuevo de Guadiaro; a relaxed area with easy parking access. They serve a variety of Italian dishes as well ... Read more\" \/>\n<meta property=\"og:url\" content=\"https:\/\/www.sotograndeguide.com\/de\/restaurants-in-sotogrande\/don-giovanni\/\" \/>\n<meta property=\"og:site_name\" content=\"Sotogrande Guide\" \/>\n<meta property=\"article:publisher\" content=\"https:\/\/www.facebook.com\/sotograndeguide\" \/>\n<meta property=\"article:modified_time\" content=\"2019-07-28T12:55:30+00:00\" \/>\n<meta property=\"og:image\" content=\"https:\/\/www.sotograndeguide.com\/wp-content\/uploads\/2019\/04\/Don-Giovanni.jpg\" \/>\n\t<meta property=\"og:image:width\" content=\"1440\" \/>\n\t<meta property=\"og:image:height\" content=\"812\" \/>\n\t<meta property=\"og:image:type\" content=\"image\/jpeg\" \/>\n<meta name=\"twitter:card\" content=\"summary_large_image\" \/>\n<meta name=\"twitter:site\" content=\"@sotograndeguide\" \/>\n<!-- \/ Yoast SEO Premium plugin. -->","yoast_head_json":{"title":"Don Giovanni","robots":{"index":"index","follow":"follow","max-snippet":"max-snippet:-1","max-image-preview":"max-image-preview:large","max-video-preview":"max-video-preview:-1"},"canonical":"https:\/\/www.sotograndeguide.com\/de\/restaurants-in-sotogrande\/don-giovanni\/","og_locale":"de_DE","og_type":"article","og_title":"Don Giovanni","og_description":"Don Giovanni is a new Italian restaurant in Sotogrande that opened in 2018. This is the third venue that the Don Giovanni group opens. The venue is located on the square opposite the church in Pueblo Nuevo de Guadiaro; a relaxed area with easy parking access. They serve a variety of Italian dishes as well ... Read more","og_url":"https:\/\/www.sotograndeguide.com\/de\/restaurants-in-sotogrande\/don-giovanni\/","og_site_name":"Sotogrande Guide","article_publisher":"https:\/\/www.facebook.com\/sotograndeguide","article_modified_time":"2019-07-28T12:55:30+00:00","og_image":[{"width":1440,"height":812,"url":"https:\/\/www.sotograndeguide.com\/wp-content\/uploads\/2019\/04\/Don-Giovanni.jpg","type":"image\/jpeg"}],"twitter_card":"summary_large_image","twitter_site":"@sotograndeguide","schema":{"@context":"https:\/\/schema.org","@graph":[{"@type":"WebPage","@id":"https:\/\/www.sotograndeguide.com\/sotogrande-restaurants\/don-giovanni\/","url":"https:\/\/www.sotograndeguide.com\/sotogrande-restaurants\/don-giovanni\/","name":"Don Giovanni","isPartOf":{"@id":"https:\/\/www.sotograndeguide.com\/#website"},"primaryImageOfPage":{"@id":"https:\/\/www.sotograndeguide.com\/sotogrande-restaurants\/don-giovanni\/#primaryimage"},"image":{"@id":"https:\/\/www.sotograndeguide.com\/sotogrande-restaurants\/don-giovanni\/#primaryimage"},"thumbnailUrl":"https:\/\/www.sotograndeguide.com\/wp-content\/uploads\/2019\/04\/Don-Giovanni.jpg","datePublished":"2019-04-20T20:46:25+00:00","dateModified":"2019-07-28T12:55:30+00:00","breadcrumb":{"@id":"https:\/\/www.sotograndeguide.com\/sotogrande-restaurants\/don-giovanni\/#breadcrumb"},"inLanguage":"de","potentialAction":[{"@type":"ReadAction","target":["https:\/\/www.sotograndeguide.com\/sotogrande-restaurants\/don-giovanni\/"]}]},{"@type":"ImageObject","inLanguage":"de","@id":"https:\/\/www.sotograndeguide.com\/sotogrande-restaurants\/don-giovanni\/#primaryimage","url":"https:\/\/www.sotograndeguide.com\/wp-content\/uploads\/2019\/04\/Don-Giovanni.jpg","contentUrl":"https:\/\/www.sotograndeguide.com\/wp-content\/uploads\/2019\/04\/Don-Giovanni.jpg","width":1440,"height":812,"caption":"Don Giovanni"},{"@type":"BreadcrumbList","@id":"https:\/\/www.sotograndeguide.com\/sotogrande-restaurants\/don-giovanni\/#breadcrumb","itemListElement":[{"@type":"ListItem","position":1,"name":"Home","item":"https:\/\/www.sotograndeguide.com\/"},{"@type":"ListItem","position":2,"name":"Sotogrande Restaurants","item":"https:\/\/www.sotograndeguide.com\/sotogrande-restaurants\/"},{"@type":"ListItem","position":3,"name":"Don Giovanni"}]},{"@type":"WebSite","@id":"https:\/\/www.sotograndeguide.com\/#website","url":"https:\/\/www.sotograndeguide.com\/","name":"Sotogrande Reisef\u00fchrer","description":"Nachrichten, Tipps, Veranstaltungen und Rezensionen","publisher":{"@id":"https:\/\/www.sotograndeguide.com\/#organization"},"potentialAction":[{"@type":"SearchAction","target":{"@type":"EntryPoint","urlTemplate":"https:\/\/www.sotograndeguide.com\/?s={search_term_string}"},"query-input":{"@type":"PropertyValueSpecification","valueRequired":true,"valueName":"search_term_string"}}],"inLanguage":"de"},{"@type":"Organization","@id":"https:\/\/www.sotograndeguide.com\/#organization","name":"Sotogrande Reisef\u00fchrer","url":"https:\/\/www.sotograndeguide.com\/","logo":{"@type":"ImageObject","inLanguage":"de","@id":"https:\/\/www.sotograndeguide.com\/#\/schema\/logo\/image\/","url":"https:\/\/www.sotograndeguide.com\/wp-content\/uploads\/2017\/03\/Sotogrande-Logo-GUIDE.png","contentUrl":"https:\/\/www.sotograndeguide.com\/wp-content\/uploads\/2017\/03\/Sotogrande-Logo-GUIDE.png","width":300,"height":300,"caption":"Sotogrande Guide"},"image":{"@id":"https:\/\/www.sotograndeguide.com\/#\/schema\/logo\/image\/"},"sameAs":["https:\/\/www.facebook.com\/sotograndeguide","https:\/\/x.com\/sotograndeguide","https:\/\/www.tiktok.com\/@sotograndeguide","https:\/\/www.youtube.com\/@SotograndeGuide"]}]}},"jetpack_sharing_enabled":true,"_links":{"self":[{"href":"https:\/\/www.sotograndeguide.com\/de\/wp-json\/wp\/v2\/pages\/35107","targetHints":{"allow":["GET"]}}],"collection":[{"href":"https:\/\/www.sotograndeguide.com\/de\/wp-json\/wp\/v2\/pages"}],"about":[{"href":"https:\/\/www.sotograndeguide.com\/de\/wp-json\/wp\/v2\/types\/page"}],"author":[{"embeddable":true,"href":"https:\/\/www.sotograndeguide.com\/de\/wp-json\/wp\/v2\/users\/1"}],"replies":[{"embeddable":true,"href":"https:\/\/www.sotograndeguide.com\/de\/wp-json\/wp\/v2\/comments?post=35107"}],"version-history":[{"count":0,"href":"https:\/\/www.sotograndeguide.com\/de\/wp-json\/wp\/v2\/pages\/35107\/revisions"}],"up":[{"embeddable":true,"href":"https:\/\/www.sotograndeguide.com\/de\/wp-json\/wp\/v2\/pages\/91"}],"wp:featuredmedia":[{"embeddable":true,"href":"https:\/\/www.sotograndeguide.com\/de\/wp-json\/wp\/v2\/media\/35108"}],"wp:attachment":[{"href":"https:\/\/www.sotograndeguide.com\/de\/wp-json\/wp\/v2\/media?parent=35107"}],"curies":[{"name":"wp","href":"https:\/\/api.w.org\/{rel}","templated":true}]}}