{"id":35013,"date":"2019-03-13T20:44:08","date_gmt":"2019-03-13T20:44:08","guid":{"rendered":"https:\/\/www.sotograndeguide.com\/?page_id=35013"},"modified":"2023-04-17T08:36:28","modified_gmt":"2023-04-17T08:36:28","slug":"almenwald","status":"publish","type":"page","link":"https:\/\/www.sotograndeguide.com\/de\/sotogrande-schools\/alma-forest\/","title":{"rendered":"Alma-Wald"},"content":{"rendered":"<p>Die Alma Forest School ist eine neue Schule, die 2019 in der Gegend von Sotogrande er\u00f6ffnet wurde.<\/p>\n<p>Nach einem erfolgreichen Start hat Alma Forest nun angek\u00fcndigt, dass es in die Grundschule expandiert und Bildung f\u00fcr <strong>Kinder bis zum Alter von 9 Jahren<\/strong> (UK Year 4), wobei in den Folgejahren weitere Klassen hinzukommen.<\/p>\n<p>Die neue Schule nimmt die <em>Waldschule<\/em> Ansatz, der darauf abzielt, das Lernen des Kindes in einem nat\u00fcrlichen Raum zu f\u00f6rdern.<\/p>\n<p>Die Schule liegt in der N\u00e4he von Sotogrande und San Roque, im Naturpark Pinar Del Rey.<\/p>\n<p><strong>Alma-Wald<\/strong><br \/>\nAnschrift: San Enrique de Guadiaro, San Roque, C\u00e1diz<br \/>\nTelefon: <a href=\"tel:+34646596155\">646596155<\/a><\/p>","protected":false},"excerpt":{"rendered":"<p>Die Alma Forest School ist eine neue Schule, die 2019 in der Region Sotogrande er\u00f6ffnet wurde. Nach einem erfolgreichen Start hat Alma Forest nun angek\u00fcndigt, dass sie in die Grundschule expandiert und Unterricht f\u00fcr Kinder bis zum Alter von 9 Jahren (UK Year 4) anbietet, wobei in den folgenden Jahren weitere Klassen hinzukommen werden. Die neue Schule ... <a title=\"Alma-Wald\" class=\"read-more\" href=\"https:\/\/www.sotograndeguide.com\/de\/sotogrande-schools\/alma-forest\/\" aria-label=\"Mehr Informationen \u00fcber Alma Forest\">Mehr lesen<\/a><\/p>","protected":false},"author":1,"featured_media":35014,"parent":66,"menu_order":0,"comment_status":"closed","ping_status":"closed","template":"","meta":{"footnotes":""},"class_list":["post-35013","page","type-page","status-publish","has-post-thumbnail"],"yoast_head":"<!-- This site is optimized with the Yoast SEO Premium plugin v20.5 (Yoast SEO v27.4) - https:\/\/yoast.com\/product\/yoast-seo-premium-wordpress\/ -->\n<title>Alma Forest<\/title>\n<meta name=\"robots\" content=\"index, follow, max-snippet:-1, max-image-preview:large, max-video-preview:-1\" \/>\n<link rel=\"canonical\" href=\"https:\/\/www.sotograndeguide.com\/de\/schulen-in-sotogrande\/almenwald\/\" \/>\n<meta property=\"og:locale\" content=\"de_DE\" \/>\n<meta property=\"og:type\" content=\"article\" \/>\n<meta property=\"og:title\" content=\"Alma Forest\" \/>\n<meta property=\"og:description\" content=\"Alma Forest School is a new school that opened in the Sotogrande area in 2019. After a successful start, Alma Forest has now announced that they are expanding into primary school and offering education for children up to the age 9 (UK Year 4) with additional classes being added in subsequent years. The new school ... Read more\" \/>\n<meta property=\"og:url\" content=\"https:\/\/www.sotograndeguide.com\/de\/schulen-in-sotogrande\/almenwald\/\" \/>\n<meta property=\"og:site_name\" content=\"Sotogrande Guide\" \/>\n<meta property=\"article:publisher\" content=\"https:\/\/www.facebook.com\/sotograndeguide\" \/>\n<meta property=\"article:modified_time\" content=\"2023-04-17T08:36:28+00:00\" \/>\n<meta property=\"og:image\" content=\"https:\/\/www.sotograndeguide.com\/wp-content\/uploads\/2019\/03\/Alma-Forest.jpg\" \/>\n\t<meta property=\"og:image:width\" content=\"1793\" \/>\n\t<meta property=\"og:image:height\" content=\"1196\" \/>\n\t<meta property=\"og:image:type\" content=\"image\/jpeg\" \/>\n<meta name=\"twitter:card\" content=\"summary_large_image\" \/>\n<meta name=\"twitter:site\" content=\"@sotograndeguide\" \/>\n<meta name=\"twitter:label1\" content=\"Gesch\u00e4tzte Lesezeit\" \/>\n\t<meta name=\"twitter:data1\" content=\"1\u00a0Minute\" \/>\n<!-- \/ Yoast SEO Premium plugin. -->","yoast_head_json":{"title":"Alma-Wald","robots":{"index":"index","follow":"follow","max-snippet":"max-snippet:-1","max-image-preview":"max-image-preview:large","max-video-preview":"max-video-preview:-1"},"canonical":"https:\/\/www.sotograndeguide.com\/de\/schulen-in-sotogrande\/almenwald\/","og_locale":"de_DE","og_type":"article","og_title":"Alma Forest","og_description":"Alma Forest School is a new school that opened in the Sotogrande area in 2019. After a successful start, Alma Forest has now announced that they are expanding into primary school and offering education for children up to the age 9 (UK Year 4) with additional classes being added in subsequent years. The new school ... Read more","og_url":"https:\/\/www.sotograndeguide.com\/de\/schulen-in-sotogrande\/almenwald\/","og_site_name":"Sotogrande Guide","article_publisher":"https:\/\/www.facebook.com\/sotograndeguide","article_modified_time":"2023-04-17T08:36:28+00:00","og_image":[{"width":1793,"height":1196,"url":"https:\/\/www.sotograndeguide.com\/wp-content\/uploads\/2019\/03\/Alma-Forest.jpg","type":"image\/jpeg"}],"twitter_card":"summary_large_image","twitter_site":"@sotograndeguide","twitter_misc":{"Gesch\u00e4tzte Lesezeit":"1\u00a0Minute"},"schema":{"@context":"https:\/\/schema.org","@graph":[{"@type":"WebPage","@id":"https:\/\/www.sotograndeguide.com\/sotogrande-schools\/alma-forest\/","url":"https:\/\/www.sotograndeguide.com\/sotogrande-schools\/alma-forest\/","name":"Alma-Wald","isPartOf":{"@id":"https:\/\/www.sotograndeguide.com\/#website"},"primaryImageOfPage":{"@id":"https:\/\/www.sotograndeguide.com\/sotogrande-schools\/alma-forest\/#primaryimage"},"image":{"@id":"https:\/\/www.sotograndeguide.com\/sotogrande-schools\/alma-forest\/#primaryimage"},"thumbnailUrl":"https:\/\/www.sotograndeguide.com\/wp-content\/uploads\/2019\/03\/Alma-Forest.jpg","datePublished":"2019-03-13T20:44:08+00:00","dateModified":"2023-04-17T08:36:28+00:00","breadcrumb":{"@id":"https:\/\/www.sotograndeguide.com\/sotogrande-schools\/alma-forest\/#breadcrumb"},"inLanguage":"de","potentialAction":[{"@type":"ReadAction","target":["https:\/\/www.sotograndeguide.com\/sotogrande-schools\/alma-forest\/"]}]},{"@type":"ImageObject","inLanguage":"de","@id":"https:\/\/www.sotograndeguide.com\/sotogrande-schools\/alma-forest\/#primaryimage","url":"https:\/\/www.sotograndeguide.com\/wp-content\/uploads\/2019\/03\/Alma-Forest.jpg","contentUrl":"https:\/\/www.sotograndeguide.com\/wp-content\/uploads\/2019\/03\/Alma-Forest.jpg","width":1793,"height":1196,"caption":"Alma Forest"},{"@type":"BreadcrumbList","@id":"https:\/\/www.sotograndeguide.com\/sotogrande-schools\/alma-forest\/#breadcrumb","itemListElement":[{"@type":"ListItem","position":1,"name":"Home","item":"https:\/\/www.sotograndeguide.com\/"},{"@type":"ListItem","position":2,"name":"Sotogrande Schools","item":"https:\/\/www.sotograndeguide.com\/sotogrande-schools\/"},{"@type":"ListItem","position":3,"name":"Alma Forest"}]},{"@type":"WebSite","@id":"https:\/\/www.sotograndeguide.com\/#website","url":"https:\/\/www.sotograndeguide.com\/","name":"Sotogrande Reisef\u00fchrer","description":"Nachrichten, Tipps, Veranstaltungen und Rezensionen","publisher":{"@id":"https:\/\/www.sotograndeguide.com\/#organization"},"potentialAction":[{"@type":"SearchAction","target":{"@type":"EntryPoint","urlTemplate":"https:\/\/www.sotograndeguide.com\/?s={search_term_string}"},"query-input":{"@type":"PropertyValueSpecification","valueRequired":true,"valueName":"search_term_string"}}],"inLanguage":"de"},{"@type":"Organization","@id":"https:\/\/www.sotograndeguide.com\/#organization","name":"Sotogrande Reisef\u00fchrer","url":"https:\/\/www.sotograndeguide.com\/","logo":{"@type":"ImageObject","inLanguage":"de","@id":"https:\/\/www.sotograndeguide.com\/#\/schema\/logo\/image\/","url":"https:\/\/www.sotograndeguide.com\/wp-content\/uploads\/2017\/03\/Sotogrande-Logo-GUIDE.png","contentUrl":"https:\/\/www.sotograndeguide.com\/wp-content\/uploads\/2017\/03\/Sotogrande-Logo-GUIDE.png","width":300,"height":300,"caption":"Sotogrande Guide"},"image":{"@id":"https:\/\/www.sotograndeguide.com\/#\/schema\/logo\/image\/"},"sameAs":["https:\/\/www.facebook.com\/sotograndeguide","https:\/\/x.com\/sotograndeguide","https:\/\/www.tiktok.com\/@sotograndeguide","https:\/\/www.youtube.com\/@SotograndeGuide"]}]}},"jetpack_sharing_enabled":true,"_links":{"self":[{"href":"https:\/\/www.sotograndeguide.com\/de\/wp-json\/wp\/v2\/pages\/35013","targetHints":{"allow":["GET"]}}],"collection":[{"href":"https:\/\/www.sotograndeguide.com\/de\/wp-json\/wp\/v2\/pages"}],"about":[{"href":"https:\/\/www.sotograndeguide.com\/de\/wp-json\/wp\/v2\/types\/page"}],"author":[{"embeddable":true,"href":"https:\/\/www.sotograndeguide.com\/de\/wp-json\/wp\/v2\/users\/1"}],"replies":[{"embeddable":true,"href":"https:\/\/www.sotograndeguide.com\/de\/wp-json\/wp\/v2\/comments?post=35013"}],"version-history":[{"count":0,"href":"https:\/\/www.sotograndeguide.com\/de\/wp-json\/wp\/v2\/pages\/35013\/revisions"}],"up":[{"embeddable":true,"href":"https:\/\/www.sotograndeguide.com\/de\/wp-json\/wp\/v2\/pages\/66"}],"wp:featuredmedia":[{"embeddable":true,"href":"https:\/\/www.sotograndeguide.com\/de\/wp-json\/wp\/v2\/media\/35014"}],"wp:attachment":[{"href":"https:\/\/www.sotograndeguide.com\/de\/wp-json\/wp\/v2\/media?parent=35013"}],"curies":[{"name":"wp","href":"https:\/\/api.w.org\/{rel}","templated":true}]}}