{"id":34988,"date":"2019-02-20T07:05:09","date_gmt":"2019-02-20T07:05:09","guid":{"rendered":"https:\/\/www.sotograndeguide.com\/?page_id=34988"},"modified":"2023-04-25T19:07:15","modified_gmt":"2023-04-25T19:07:15","slug":"pilates-sotogrande","status":"publish","type":"page","link":"https:\/\/www.sotograndeguide.com\/de\/sotogrande-sports\/pilates-sotogrande\/","title":{"rendered":"Pilates Sotogrande"},"content":{"rendered":"<p>Wenn Sie auf der Suche nach Pilates in Sotogrande sind, k\u00f6nnen Sie aus einer Reihe von Kursen w\u00e4hlen. <\/p>\n<p><strong>Fitnessstudio Tonic Pilates Sotogrande<\/strong><br \/>\nAnschrift: Edificio Laxmor N-340 Km. 134, 11310 -<br \/>\nTelefon: <a href=\"tel:+34691565991\">691565991<\/a><\/p>\n<p><strong>Criss Cross Pilates-Studio <\/strong><br \/>\nHauslehrer Pilates Sotogrande<br \/>\nTelefon: <a href=\"tel:+34607821507\">607821507<\/a> <\/p>\n<p><strong>Pilates-Studio Sotogrande<\/strong><br \/>\nAnschrift: Centro Comercial Mar y Sol, Local 5<br \/>\nTelefon: <a href=\"tel:+34956774418\">956774418<\/a><\/p>","protected":false},"excerpt":{"rendered":"<p>Wenn Sie sich f\u00fcr Pilates in Sotogrande interessieren, k\u00f6nnen Sie aus einer Reihe von Einrichtungen w\u00e4hlen. Gym Tonic Pilates Sotogrande Adresse: Edificio Laxmor N-340 Km. 134, 11310 - Telefon: 691565991 Criss Cross Pilates Estudio Home Teacher Pilates Sotogrande Telefon: 607821507 Pilates Studio Sotogrande Adresse: Centro Comercial Mar y Sol, Local 5 Telefon: 956774418<\/p>","protected":false},"author":1,"featured_media":35939,"parent":110,"menu_order":0,"comment_status":"closed","ping_status":"closed","template":"","meta":{"footnotes":""},"class_list":["post-34988","page","type-page","status-publish","has-post-thumbnail"],"yoast_head":"<!-- This site is optimized with the Yoast SEO Premium plugin v20.5 (Yoast SEO v27.5) - https:\/\/yoast.com\/product\/yoast-seo-premium-wordpress\/ -->\n<title>Pilates Sotogrande<\/title>\n<meta name=\"robots\" content=\"index, follow, max-snippet:-1, max-image-preview:large, max-video-preview:-1\" \/>\n<link rel=\"canonical\" href=\"https:\/\/www.sotograndeguide.com\/de\/sotogrande-sport\/pilates-sotogrande\/\" \/>\n<meta property=\"og:locale\" content=\"de_DE\" \/>\n<meta property=\"og:type\" content=\"article\" \/>\n<meta property=\"og:title\" content=\"Pilates Sotogrande\" \/>\n<meta property=\"og:description\" content=\"If you are looking for Pilates in Sotogrande, there are a number of venues to choose from. Gym Tonic Pilates Sotogrande Address: Edificio Laxmor N-340 Km. 134, 11310 \u00b7 Telephone: 691565991 Criss Cross Pilates Estudio Home Teacher Pilates Sotogrande Telephone: 607821507 Pilates Studio Sotogrande Address: Centro Comercial Mar y Sol, Local 5 Telephone: 956774418\" \/>\n<meta property=\"og:url\" content=\"https:\/\/www.sotograndeguide.com\/de\/sotogrande-sport\/pilates-sotogrande\/\" \/>\n<meta property=\"og:site_name\" content=\"Sotogrande Guide\" \/>\n<meta property=\"article:publisher\" content=\"https:\/\/www.facebook.com\/sotograndeguide\" \/>\n<meta property=\"article:modified_time\" content=\"2023-04-25T19:07:15+00:00\" \/>\n<meta property=\"og:image\" content=\"https:\/\/www.sotograndeguide.com\/wp-content\/uploads\/2023\/04\/pilates-sotogrande.jpg\" \/>\n\t<meta property=\"og:image:width\" content=\"1920\" \/>\n\t<meta property=\"og:image:height\" content=\"1380\" \/>\n\t<meta property=\"og:image:type\" content=\"image\/jpeg\" \/>\n<meta name=\"twitter:card\" content=\"summary_large_image\" \/>\n<meta name=\"twitter:site\" content=\"@sotograndeguide\" \/>\n<meta name=\"twitter:label1\" content=\"Gesch\u00e4tzte Lesezeit\" \/>\n\t<meta name=\"twitter:data1\" content=\"1\u00a0Minute\" \/>\n<!-- \/ Yoast SEO Premium plugin. -->","yoast_head_json":{"title":"Pilates Sotogrande","robots":{"index":"index","follow":"follow","max-snippet":"max-snippet:-1","max-image-preview":"max-image-preview:large","max-video-preview":"max-video-preview:-1"},"canonical":"https:\/\/www.sotograndeguide.com\/de\/sotogrande-sport\/pilates-sotogrande\/","og_locale":"de_DE","og_type":"article","og_title":"Pilates Sotogrande","og_description":"If you are looking for Pilates in Sotogrande, there are a number of venues to choose from. Gym Tonic Pilates Sotogrande Address: Edificio Laxmor N-340 Km. 134, 11310 \u00b7 Telephone: 691565991 Criss Cross Pilates Estudio Home Teacher Pilates Sotogrande Telephone: 607821507 Pilates Studio Sotogrande Address: Centro Comercial Mar y Sol, Local 5 Telephone: 956774418","og_url":"https:\/\/www.sotograndeguide.com\/de\/sotogrande-sport\/pilates-sotogrande\/","og_site_name":"Sotogrande Guide","article_publisher":"https:\/\/www.facebook.com\/sotograndeguide","article_modified_time":"2023-04-25T19:07:15+00:00","og_image":[{"width":1920,"height":1380,"url":"https:\/\/www.sotograndeguide.com\/wp-content\/uploads\/2023\/04\/pilates-sotogrande.jpg","type":"image\/jpeg"}],"twitter_card":"summary_large_image","twitter_site":"@sotograndeguide","twitter_misc":{"Gesch\u00e4tzte Lesezeit":"1\u00a0Minute"},"schema":{"@context":"https:\/\/schema.org","@graph":[{"@type":"WebPage","@id":"https:\/\/www.sotograndeguide.com\/sotogrande-sports\/pilates-sotogrande\/","url":"https:\/\/www.sotograndeguide.com\/sotogrande-sports\/pilates-sotogrande\/","name":"Pilates Sotogrande","isPartOf":{"@id":"https:\/\/www.sotograndeguide.com\/#website"},"primaryImageOfPage":{"@id":"https:\/\/www.sotograndeguide.com\/sotogrande-sports\/pilates-sotogrande\/#primaryimage"},"image":{"@id":"https:\/\/www.sotograndeguide.com\/sotogrande-sports\/pilates-sotogrande\/#primaryimage"},"thumbnailUrl":"https:\/\/www.sotograndeguide.com\/wp-content\/uploads\/2023\/04\/pilates-sotogrande.jpg","datePublished":"2019-02-20T07:05:09+00:00","dateModified":"2023-04-25T19:07:15+00:00","breadcrumb":{"@id":"https:\/\/www.sotograndeguide.com\/sotogrande-sports\/pilates-sotogrande\/#breadcrumb"},"inLanguage":"de","potentialAction":[{"@type":"ReadAction","target":["https:\/\/www.sotograndeguide.com\/sotogrande-sports\/pilates-sotogrande\/"]}]},{"@type":"ImageObject","inLanguage":"de","@id":"https:\/\/www.sotograndeguide.com\/sotogrande-sports\/pilates-sotogrande\/#primaryimage","url":"https:\/\/www.sotograndeguide.com\/wp-content\/uploads\/2023\/04\/pilates-sotogrande.jpg","contentUrl":"https:\/\/www.sotograndeguide.com\/wp-content\/uploads\/2023\/04\/pilates-sotogrande.jpg","width":1920,"height":1380,"caption":"Pilates Sotogrande"},{"@type":"BreadcrumbList","@id":"https:\/\/www.sotograndeguide.com\/sotogrande-sports\/pilates-sotogrande\/#breadcrumb","itemListElement":[{"@type":"ListItem","position":1,"name":"Home","item":"https:\/\/www.sotograndeguide.com\/"},{"@type":"ListItem","position":2,"name":"Sotogrande Sports","item":"https:\/\/www.sotograndeguide.com\/sotogrande-sports\/"},{"@type":"ListItem","position":3,"name":"Pilates Sotogrande"}]},{"@type":"WebSite","@id":"https:\/\/www.sotograndeguide.com\/#website","url":"https:\/\/www.sotograndeguide.com\/","name":"Sotogrande Reisef\u00fchrer","description":"Nachrichten, Tipps, Veranstaltungen und Rezensionen","publisher":{"@id":"https:\/\/www.sotograndeguide.com\/#organization"},"potentialAction":[{"@type":"SearchAction","target":{"@type":"EntryPoint","urlTemplate":"https:\/\/www.sotograndeguide.com\/?s={search_term_string}"},"query-input":{"@type":"PropertyValueSpecification","valueRequired":true,"valueName":"search_term_string"}}],"inLanguage":"de"},{"@type":"Organization","@id":"https:\/\/www.sotograndeguide.com\/#organization","name":"Sotogrande Reisef\u00fchrer","url":"https:\/\/www.sotograndeguide.com\/","logo":{"@type":"ImageObject","inLanguage":"de","@id":"https:\/\/www.sotograndeguide.com\/#\/schema\/logo\/image\/","url":"https:\/\/www.sotograndeguide.com\/wp-content\/uploads\/2017\/03\/Sotogrande-Logo-GUIDE.png","contentUrl":"https:\/\/www.sotograndeguide.com\/wp-content\/uploads\/2017\/03\/Sotogrande-Logo-GUIDE.png","width":300,"height":300,"caption":"Sotogrande Guide"},"image":{"@id":"https:\/\/www.sotograndeguide.com\/#\/schema\/logo\/image\/"},"sameAs":["https:\/\/www.facebook.com\/sotograndeguide","https:\/\/x.com\/sotograndeguide","https:\/\/www.tiktok.com\/@sotograndeguide","https:\/\/www.youtube.com\/@SotograndeGuide"]}]}},"jetpack_sharing_enabled":true,"_links":{"self":[{"href":"https:\/\/www.sotograndeguide.com\/de\/wp-json\/wp\/v2\/pages\/34988","targetHints":{"allow":["GET"]}}],"collection":[{"href":"https:\/\/www.sotograndeguide.com\/de\/wp-json\/wp\/v2\/pages"}],"about":[{"href":"https:\/\/www.sotograndeguide.com\/de\/wp-json\/wp\/v2\/types\/page"}],"author":[{"embeddable":true,"href":"https:\/\/www.sotograndeguide.com\/de\/wp-json\/wp\/v2\/users\/1"}],"replies":[{"embeddable":true,"href":"https:\/\/www.sotograndeguide.com\/de\/wp-json\/wp\/v2\/comments?post=34988"}],"version-history":[{"count":0,"href":"https:\/\/www.sotograndeguide.com\/de\/wp-json\/wp\/v2\/pages\/34988\/revisions"}],"up":[{"embeddable":true,"href":"https:\/\/www.sotograndeguide.com\/de\/wp-json\/wp\/v2\/pages\/110"}],"wp:featuredmedia":[{"embeddable":true,"href":"https:\/\/www.sotograndeguide.com\/de\/wp-json\/wp\/v2\/media\/35939"}],"wp:attachment":[{"href":"https:\/\/www.sotograndeguide.com\/de\/wp-json\/wp\/v2\/media?parent=34988"}],"curies":[{"name":"wp","href":"https:\/\/api.w.org\/{rel}","templated":true}]}}