{"id":34906,"date":"2019-01-15T21:09:32","date_gmt":"2019-01-15T21:09:32","guid":{"rendered":"https:\/\/www.sotograndeguide.com\/?page_id=34906"},"modified":"2019-05-21T20:43:09","modified_gmt":"2019-05-21T20:43:09","slug":"foodisiac-sotogrande","status":"publish","type":"page","link":"https:\/\/www.sotograndeguide.com\/de\/sotogrande-restaurants\/foodisiac-sotogrande\/","title":{"rendered":"Feinschmecker Sotogrande"},"content":{"rendered":"<p>Foodisiac im Yachthafen von Sotogrande ist ein neues Restaurant, das von Laurence und Adina Forcione gegr\u00fcndet wurde. Das neue Lokal, das sich selbst als Ort f\u00fcr \"Feinschmecker\" bezeichnet, bietet Fr\u00fchst\u00fcck, Mittag- und Abendessen. In diesem Restaurant findet man eine moderne Variante der traditionellen K\u00fcche, von Gazpacho bis zu franz\u00f6sischen Muscheln mit Kartoffelpommes. Sie r\u00fchmen sich mit gesunden und lokalen Produkten.<\/p>\n<p>Foodisiac bringt die Haute Cuisine direkt ins Herz der Marina de Sotogrande. Obwohl sie tief in den besten Traditionen des Mittelmeers verwurzelt ist, l\u00e4sst Foodisiac Einfl\u00fcsse aus der ganzen Welt einflie\u00dfen. Genie\u00dfen Sie ein feines Abendessen mit Blick auf den Yachthafen von Sotogrande und probieren Sie einen edlen Wein aus der vielseitigen Weinkarte.<\/p>\n<p>Das Restaurant greift mit Begeisterung auf die wunderbaren Produkte Andalusiens zur\u00fcck, erkundet aber auch die Grenzen dieser herrlichen Region. Es bietet elegant zubereitete Gerichte mit einem modernen Touch der traditionellen K\u00fcche. Aber es ist mehr als nur ein gastronomisches Restaurant oder ein abendliches Rendezvous f\u00fcr Feinschmecker. Das Lokal ist auch ein hervorragender Fr\u00fchst\u00fccksort, an dem Sie k\u00f6stliche Croissants genie\u00dfen k\u00f6nnen, die frisch aus der hauseigenen B\u00e4ckerei kommen.<\/p>\n<p>Sie finden hier speziell ausgew\u00e4hlten Single-Origin-Kaffee, und Liebhaber werden zweifellos den k\u00f6stlichen Bio-Espresso aus Honduras, den \u00fcppigen brasilianischen Cappuccino und den pr\u00e4zise gefilterten \u00e4thiopischen Kaffee von Foodisiac lieben.<\/p>\n<div id='gallery-1' class='gallery galleryid-34906 gallery-columns-4 gallery-size-large'><figure class='gallery-item'>\n\t\t\t<div class='gallery-icon portrait'>\n\t\t\t\t<a href='https:\/\/www.sotograndeguide.com\/wp-content\/uploads\/2019\/04\/Foodisiac_Sotogrande_Croissant.jpg'><img decoding=\"async\" width=\"768\" height=\"1024\" src=\"https:\/\/www.sotograndeguide.com\/wp-content\/uploads\/2019\/04\/Foodisiac_Sotogrande_Croissant-768x1024.jpg\" class=\"attachment-large size-large\" alt=\"Hausgemachte Croissants bei Foodisiac\" srcset=\"https:\/\/www.sotograndeguide.com\/wp-content\/uploads\/2019\/04\/Foodisiac_Sotogrande_Croissant.jpg 768w, https:\/\/www.sotograndeguide.com\/wp-content\/uploads\/2019\/04\/Foodisiac_Sotogrande_Croissant-225x300.jpg 225w\" sizes=\"(max-width: 768px) 100vw, 768px\" \/><\/a>\n\t\t\t<\/div><\/figure><figure class='gallery-item'>\n\t\t\t<div class='gallery-icon portrait'>\n\t\t\t\t<a href='https:\/\/www.sotograndeguide.com\/wp-content\/uploads\/2019\/04\/Foodisiac_Sotogrande_Risoto.jpg'><img decoding=\"async\" width=\"769\" height=\"1024\" src=\"https:\/\/www.sotograndeguide.com\/wp-content\/uploads\/2019\/04\/Foodisiac_Sotogrande_Risoto-769x1024.jpg\" class=\"attachment-large size-large\" alt=\"Risoto\" srcset=\"https:\/\/www.sotograndeguide.com\/wp-content\/uploads\/2019\/04\/Foodisiac_Sotogrande_Risoto.jpg 769w, https:\/\/www.sotograndeguide.com\/wp-content\/uploads\/2019\/04\/Foodisiac_Sotogrande_Risoto-225x300.jpg 225w, https:\/\/www.sotograndeguide.com\/wp-content\/uploads\/2019\/04\/Foodisiac_Sotogrande_Risoto-768x1023.jpg 768w\" sizes=\"(max-width: 769px) 100vw, 769px\" \/><\/a>\n\t\t\t<\/div><\/figure><figure class='gallery-item'>\n\t\t\t<div class='gallery-icon portrait'>\n\t\t\t\t<a href='https:\/\/www.sotograndeguide.com\/wp-content\/uploads\/2019\/04\/Foodisiac_Sotogrande_Best_Burger.jpg'><img decoding=\"async\" width=\"768\" height=\"1024\" src=\"https:\/\/www.sotograndeguide.com\/wp-content\/uploads\/2019\/04\/Foodisiac_Sotogrande_Best_Burger-768x1024.jpg\" class=\"attachment-large size-large\" alt=\"Leckere Burger bei Foodisiac\" srcset=\"https:\/\/www.sotograndeguide.com\/wp-content\/uploads\/2019\/04\/Foodisiac_Sotogrande_Best_Burger.jpg 768w, https:\/\/www.sotograndeguide.com\/wp-content\/uploads\/2019\/04\/Foodisiac_Sotogrande_Best_Burger-225x300.jpg 225w\" sizes=\"(max-width: 768px) 100vw, 768px\" \/><\/a>\n\t\t\t<\/div><\/figure><figure class='gallery-item'>\n\t\t\t<div class='gallery-icon portrait'>\n\t\t\t\t<a href='https:\/\/www.sotograndeguide.com\/wp-content\/uploads\/2019\/04\/Foodisiac_Sotogrande_Cheesecake.jpg'><img decoding=\"async\" width=\"768\" height=\"1024\" src=\"https:\/\/www.sotograndeguide.com\/wp-content\/uploads\/2019\/04\/Foodisiac_Sotogrande_Cheesecake-768x1024.jpg\" class=\"attachment-large size-large\" alt=\"Der Foodisiac-K\u00e4sekuchen\" srcset=\"https:\/\/www.sotograndeguide.com\/wp-content\/uploads\/2019\/04\/Foodisiac_Sotogrande_Cheesecake.jpg 768w, https:\/\/www.sotograndeguide.com\/wp-content\/uploads\/2019\/04\/Foodisiac_Sotogrande_Cheesecake-225x300.jpg 225w\" sizes=\"(max-width: 768px) 100vw, 768px\" \/><\/a>\n\t\t\t<\/div><\/figure>\n\t\t<\/div>\n\n<p>K\u00fcche: International, Mediterran<br \/>\nAdresse: Ribera del Marlin 25 Marina del Puerto de Sotogrande, 11310, Sotogrande<br \/>\nTelefon: <a href=\"tel:+34856399163\">856399163<\/a><\/p>","protected":false},"excerpt":{"rendered":"<p>Foodisiac im Yachthafen von Sotogrande ist ein neues Restaurant, das von Laurence und Adina Forcione gegr\u00fcndet wurde. Das neue Lokal, das sich selbst als Ort f\u00fcr \"Feinschmecker\" bezeichnet, bietet Fr\u00fchst\u00fcck, Mittag- und Abendessen. In diesem Restaurant findet man eine moderne Variante der traditionellen K\u00fcche, von Gazpacho bis zu franz\u00f6sischen Muscheln mit Kartoffelpommes. Sie r\u00fchmen sich gesunder ... <a title=\"Feinschmecker Sotogrande\" class=\"read-more\" href=\"https:\/\/www.sotograndeguide.com\/de\/sotogrande-restaurants\/foodisiac-sotogrande\/\" aria-label=\"Mehr Informationen \u00fcber Foodisiac Sotogrande\">Mehr lesen<\/a><\/p>","protected":false},"author":1,"featured_media":34907,"parent":91,"menu_order":0,"comment_status":"closed","ping_status":"closed","template":"","meta":{"footnotes":""},"class_list":["post-34906","page","type-page","status-publish","has-post-thumbnail"],"yoast_head":"<!-- This site is optimized with the Yoast SEO Premium plugin v20.5 (Yoast SEO v27.4) - https:\/\/yoast.com\/product\/yoast-seo-premium-wordpress\/ -->\n<title>Foodisiac Sotogrande<\/title>\n<meta name=\"description\" content=\"Foodisiac in Sotogrande is a hip new restaurant, cafe and organic bread shop located in the Sotogrande Marina, open daily from early to late.\" \/>\n<meta name=\"robots\" content=\"index, follow, max-snippet:-1, max-image-preview:large, max-video-preview:-1\" \/>\n<link rel=\"canonical\" href=\"https:\/\/www.sotograndeguide.com\/de\/restaurants-in-sotogrande\/foodisiac-sotogrande\/\" \/>\n<meta property=\"og:locale\" content=\"de_DE\" \/>\n<meta property=\"og:type\" content=\"article\" \/>\n<meta property=\"og:title\" content=\"Foodisiac Sotogrande\" \/>\n<meta property=\"og:description\" content=\"Foodisiac in Sotogrande is a hip new restaurant, cafe and organic bread shop located in the Sotogrande Marina, open daily from early to late.\" \/>\n<meta property=\"og:url\" content=\"https:\/\/www.sotograndeguide.com\/de\/restaurants-in-sotogrande\/foodisiac-sotogrande\/\" \/>\n<meta property=\"og:site_name\" content=\"Sotogrande Guide\" \/>\n<meta property=\"article:publisher\" content=\"https:\/\/www.facebook.com\/sotograndeguide\" \/>\n<meta property=\"article:modified_time\" content=\"2019-05-21T20:43:09+00:00\" \/>\n<meta property=\"og:image\" content=\"https:\/\/www.sotograndeguide.com\/wp-content\/uploads\/2019\/01\/Foodisiac.jpg\" \/>\n\t<meta property=\"og:image:width\" content=\"960\" \/>\n\t<meta property=\"og:image:height\" content=\"640\" \/>\n\t<meta property=\"og:image:type\" content=\"image\/jpeg\" \/>\n<meta name=\"twitter:card\" content=\"summary_large_image\" \/>\n<meta name=\"twitter:site\" content=\"@sotograndeguide\" \/>\n<meta name=\"twitter:label1\" content=\"Gesch\u00e4tzte Lesezeit\" \/>\n\t<meta name=\"twitter:data1\" content=\"1\u00a0Minute\" \/>\n<!-- \/ Yoast SEO Premium plugin. -->","yoast_head_json":{"title":"Feinschmecker Sotogrande","description":"Foodisiac in Sotogrande ist ein angesagtes neues Restaurant, Caf\u00e9 und Bioladen im Jachthafen von Sotogrande, das t\u00e4glich von fr\u00fch bis sp\u00e4t ge\u00f6ffnet ist.","robots":{"index":"index","follow":"follow","max-snippet":"max-snippet:-1","max-image-preview":"max-image-preview:large","max-video-preview":"max-video-preview:-1"},"canonical":"https:\/\/www.sotograndeguide.com\/de\/restaurants-in-sotogrande\/foodisiac-sotogrande\/","og_locale":"de_DE","og_type":"article","og_title":"Foodisiac Sotogrande","og_description":"Foodisiac in Sotogrande is a hip new restaurant, cafe and organic bread shop located in the Sotogrande Marina, open daily from early to late.","og_url":"https:\/\/www.sotograndeguide.com\/de\/restaurants-in-sotogrande\/foodisiac-sotogrande\/","og_site_name":"Sotogrande Guide","article_publisher":"https:\/\/www.facebook.com\/sotograndeguide","article_modified_time":"2019-05-21T20:43:09+00:00","og_image":[{"width":960,"height":640,"url":"https:\/\/www.sotograndeguide.com\/wp-content\/uploads\/2019\/01\/Foodisiac.jpg","type":"image\/jpeg"}],"twitter_card":"summary_large_image","twitter_site":"@sotograndeguide","twitter_misc":{"Gesch\u00e4tzte Lesezeit":"1\u00a0Minute"},"schema":{"@context":"https:\/\/schema.org","@graph":[{"@type":"WebPage","@id":"https:\/\/www.sotograndeguide.com\/sotogrande-restaurants\/foodisiac-sotogrande\/","url":"https:\/\/www.sotograndeguide.com\/sotogrande-restaurants\/foodisiac-sotogrande\/","name":"Feinschmecker Sotogrande","isPartOf":{"@id":"https:\/\/www.sotograndeguide.com\/#website"},"primaryImageOfPage":{"@id":"https:\/\/www.sotograndeguide.com\/sotogrande-restaurants\/foodisiac-sotogrande\/#primaryimage"},"image":{"@id":"https:\/\/www.sotograndeguide.com\/sotogrande-restaurants\/foodisiac-sotogrande\/#primaryimage"},"thumbnailUrl":"https:\/\/www.sotograndeguide.com\/wp-content\/uploads\/2019\/01\/Foodisiac.jpg","datePublished":"2019-01-15T21:09:32+00:00","dateModified":"2019-05-21T20:43:09+00:00","description":"Foodisiac in Sotogrande ist ein angesagtes neues Restaurant, Caf\u00e9 und Bioladen im Jachthafen von Sotogrande, das t\u00e4glich von fr\u00fch bis sp\u00e4t ge\u00f6ffnet ist.","breadcrumb":{"@id":"https:\/\/www.sotograndeguide.com\/sotogrande-restaurants\/foodisiac-sotogrande\/#breadcrumb"},"inLanguage":"de","potentialAction":[{"@type":"ReadAction","target":["https:\/\/www.sotograndeguide.com\/sotogrande-restaurants\/foodisiac-sotogrande\/"]}]},{"@type":"ImageObject","inLanguage":"de","@id":"https:\/\/www.sotograndeguide.com\/sotogrande-restaurants\/foodisiac-sotogrande\/#primaryimage","url":"https:\/\/www.sotograndeguide.com\/wp-content\/uploads\/2019\/01\/Foodisiac.jpg","contentUrl":"https:\/\/www.sotograndeguide.com\/wp-content\/uploads\/2019\/01\/Foodisiac.jpg","width":960,"height":640,"caption":"Foodisiac Sotogrande"},{"@type":"BreadcrumbList","@id":"https:\/\/www.sotograndeguide.com\/sotogrande-restaurants\/foodisiac-sotogrande\/#breadcrumb","itemListElement":[{"@type":"ListItem","position":1,"name":"Home","item":"https:\/\/www.sotograndeguide.com\/"},{"@type":"ListItem","position":2,"name":"Sotogrande Restaurants","item":"https:\/\/www.sotograndeguide.com\/sotogrande-restaurants\/"},{"@type":"ListItem","position":3,"name":"Foodisiac Sotogrande"}]},{"@type":"WebSite","@id":"https:\/\/www.sotograndeguide.com\/#website","url":"https:\/\/www.sotograndeguide.com\/","name":"Sotogrande Reisef\u00fchrer","description":"Nachrichten, Tipps, Veranstaltungen und Rezensionen","publisher":{"@id":"https:\/\/www.sotograndeguide.com\/#organization"},"potentialAction":[{"@type":"SearchAction","target":{"@type":"EntryPoint","urlTemplate":"https:\/\/www.sotograndeguide.com\/?s={search_term_string}"},"query-input":{"@type":"PropertyValueSpecification","valueRequired":true,"valueName":"search_term_string"}}],"inLanguage":"de"},{"@type":"Organization","@id":"https:\/\/www.sotograndeguide.com\/#organization","name":"Sotogrande Reisef\u00fchrer","url":"https:\/\/www.sotograndeguide.com\/","logo":{"@type":"ImageObject","inLanguage":"de","@id":"https:\/\/www.sotograndeguide.com\/#\/schema\/logo\/image\/","url":"https:\/\/www.sotograndeguide.com\/wp-content\/uploads\/2017\/03\/Sotogrande-Logo-GUIDE.png","contentUrl":"https:\/\/www.sotograndeguide.com\/wp-content\/uploads\/2017\/03\/Sotogrande-Logo-GUIDE.png","width":300,"height":300,"caption":"Sotogrande Guide"},"image":{"@id":"https:\/\/www.sotograndeguide.com\/#\/schema\/logo\/image\/"},"sameAs":["https:\/\/www.facebook.com\/sotograndeguide","https:\/\/x.com\/sotograndeguide","https:\/\/www.tiktok.com\/@sotograndeguide","https:\/\/www.youtube.com\/@SotograndeGuide"]}]}},"jetpack_sharing_enabled":true,"_links":{"self":[{"href":"https:\/\/www.sotograndeguide.com\/de\/wp-json\/wp\/v2\/pages\/34906","targetHints":{"allow":["GET"]}}],"collection":[{"href":"https:\/\/www.sotograndeguide.com\/de\/wp-json\/wp\/v2\/pages"}],"about":[{"href":"https:\/\/www.sotograndeguide.com\/de\/wp-json\/wp\/v2\/types\/page"}],"author":[{"embeddable":true,"href":"https:\/\/www.sotograndeguide.com\/de\/wp-json\/wp\/v2\/users\/1"}],"replies":[{"embeddable":true,"href":"https:\/\/www.sotograndeguide.com\/de\/wp-json\/wp\/v2\/comments?post=34906"}],"version-history":[{"count":0,"href":"https:\/\/www.sotograndeguide.com\/de\/wp-json\/wp\/v2\/pages\/34906\/revisions"}],"up":[{"embeddable":true,"href":"https:\/\/www.sotograndeguide.com\/de\/wp-json\/wp\/v2\/pages\/91"}],"wp:featuredmedia":[{"embeddable":true,"href":"https:\/\/www.sotograndeguide.com\/de\/wp-json\/wp\/v2\/media\/34907"}],"wp:attachment":[{"href":"https:\/\/www.sotograndeguide.com\/de\/wp-json\/wp\/v2\/media?parent=34906"}],"curies":[{"name":"wp","href":"https:\/\/api.w.org\/{rel}","templated":true}]}}