{"id":34829,"date":"2018-11-18T22:24:51","date_gmt":"2018-11-18T22:24:51","guid":{"rendered":"https:\/\/www.sotograndeguide.com\/?page_id=34829"},"modified":"2023-04-17T08:47:05","modified_gmt":"2023-04-17T08:47:05","slug":"grundlagen","status":"publish","type":"page","link":"https:\/\/www.sotograndeguide.com\/de\/sotogrande-schools\/fundamentals\/","title":{"rendered":"Grundlagen"},"content":{"rendered":"<p>Fundamentals in Sotogrande ist ein Kindergarten, der sich fr\u00fcher in einer nat\u00fcrlichen Umgebung neben den Polospielfeldern befand. Heute ist Fundamentals Teil der Sotogrande International School, die sich in La Reserva, Sotogrande, befindet.<\/p>\n<p>Die fr\u00fchkindliche Erziehung bei Fundamentals ist von der Reggio-Emilia-Philosophie inspiriert und f\u00f6rdert Unabh\u00e4ngigkeit, Selbsthilfef\u00e4higkeiten und Kreativit\u00e4t.<\/p>\n<p>Fundamentals ist Teil der Sotogrande International School, die den Kindern die M\u00f6glichkeit bietet, dort die Grundschule zu besuchen.<\/p>\n<p><strong>Grundlagen<\/strong><br \/>\nAnschrift: Calle Ramiro el Monje, 11310, Sotogrande<br \/>\nTelefon: <a href=\"tel:+34956796188\">956796188<\/a><\/p>","protected":false},"excerpt":{"rendered":"<p>Fundamentals in Sotogrande ist ein Kindergarten, der sich fr\u00fcher in einer nat\u00fcrlichen Umgebung neben den Polospielfeldern befand. Heute ist Fundamentals Teil der Sotogrande International School, die sich in La Reserva, Sotogrande, befindet. Die fr\u00fchkindliche Erziehung in Fundamentals orientiert sich an der Philosophie von Reggio Emilia und f\u00f6rdert Selbstst\u00e4ndigkeit, Selbsthilfekompetenz und Kreativit\u00e4t. Fundamentals ... <a title=\"Grundlagen\" class=\"read-more\" href=\"https:\/\/www.sotograndeguide.com\/de\/sotogrande-schools\/fundamentals\/\" aria-label=\"Mehr Informationen \u00fcber Grundlagen\">Mehr lesen<\/a><\/p>","protected":false},"author":1,"featured_media":34844,"parent":66,"menu_order":0,"comment_status":"closed","ping_status":"closed","template":"","meta":{"footnotes":""},"class_list":["post-34829","page","type-page","status-publish","has-post-thumbnail"],"yoast_head":"<!-- This site is optimized with the Yoast SEO Premium plugin v20.5 (Yoast SEO v27.5) - https:\/\/yoast.com\/product\/yoast-seo-premium-wordpress\/ -->\n<title>Fundamentals<\/title>\n<meta name=\"robots\" content=\"index, follow, max-snippet:-1, max-image-preview:large, max-video-preview:-1\" \/>\n<link rel=\"canonical\" href=\"https:\/\/www.sotograndeguide.com\/de\/schulen-in-sotogrande\/grundlagen\/\" \/>\n<meta property=\"og:locale\" content=\"de_DE\" \/>\n<meta property=\"og:type\" content=\"article\" \/>\n<meta property=\"og:title\" content=\"Fundamentals\" \/>\n<meta property=\"og:description\" content=\"Fundamentals in Sotogrande is a nursery school that used to be located in a natural surrounding next to the Polo playing fields. Today, Fundamentals is part of the Sotogrande International School, located in La Reserva, Sotogrande. At Fundamentals early childhood education is inspired by the Reggio Emilia philosophy, fostering independence, self-help skills and creativity. Fundamentals ... Read more\" \/>\n<meta property=\"og:url\" content=\"https:\/\/www.sotograndeguide.com\/de\/schulen-in-sotogrande\/grundlagen\/\" \/>\n<meta property=\"og:site_name\" content=\"Sotogrande Guide\" \/>\n<meta property=\"article:publisher\" content=\"https:\/\/www.facebook.com\/sotograndeguide\" \/>\n<meta property=\"article:modified_time\" content=\"2023-04-17T08:47:05+00:00\" \/>\n<meta property=\"og:image\" content=\"https:\/\/www.sotograndeguide.com\/wp-content\/uploads\/2018\/11\/Schools-in-Sotogrande-5.jpg\" \/>\n\t<meta property=\"og:image:width\" content=\"960\" \/>\n\t<meta property=\"og:image:height\" content=\"600\" \/>\n\t<meta property=\"og:image:type\" content=\"image\/jpeg\" \/>\n<meta name=\"twitter:card\" content=\"summary_large_image\" \/>\n<meta name=\"twitter:site\" content=\"@sotograndeguide\" \/>\n<!-- \/ Yoast SEO Premium plugin. -->","yoast_head_json":{"title":"Grundlagen","robots":{"index":"index","follow":"follow","max-snippet":"max-snippet:-1","max-image-preview":"max-image-preview:large","max-video-preview":"max-video-preview:-1"},"canonical":"https:\/\/www.sotograndeguide.com\/de\/schulen-in-sotogrande\/grundlagen\/","og_locale":"de_DE","og_type":"article","og_title":"Fundamentals","og_description":"Fundamentals in Sotogrande is a nursery school that used to be located in a natural surrounding next to the Polo playing fields. Today, Fundamentals is part of the Sotogrande International School, located in La Reserva, Sotogrande. At Fundamentals early childhood education is inspired by the Reggio Emilia philosophy, fostering independence, self-help skills and creativity. Fundamentals ... Read more","og_url":"https:\/\/www.sotograndeguide.com\/de\/schulen-in-sotogrande\/grundlagen\/","og_site_name":"Sotogrande Guide","article_publisher":"https:\/\/www.facebook.com\/sotograndeguide","article_modified_time":"2023-04-17T08:47:05+00:00","og_image":[{"width":960,"height":600,"url":"https:\/\/www.sotograndeguide.com\/wp-content\/uploads\/2018\/11\/Schools-in-Sotogrande-5.jpg","type":"image\/jpeg"}],"twitter_card":"summary_large_image","twitter_site":"@sotograndeguide","schema":{"@context":"https:\/\/schema.org","@graph":[{"@type":"WebPage","@id":"https:\/\/www.sotograndeguide.com\/sotogrande-schools\/fundamentals\/","url":"https:\/\/www.sotograndeguide.com\/sotogrande-schools\/fundamentals\/","name":"Grundlagen","isPartOf":{"@id":"https:\/\/www.sotograndeguide.com\/#website"},"primaryImageOfPage":{"@id":"https:\/\/www.sotograndeguide.com\/sotogrande-schools\/fundamentals\/#primaryimage"},"image":{"@id":"https:\/\/www.sotograndeguide.com\/sotogrande-schools\/fundamentals\/#primaryimage"},"thumbnailUrl":"https:\/\/www.sotograndeguide.com\/wp-content\/uploads\/2018\/11\/Schools-in-Sotogrande-5.jpg","datePublished":"2018-11-18T22:24:51+00:00","dateModified":"2023-04-17T08:47:05+00:00","breadcrumb":{"@id":"https:\/\/www.sotograndeguide.com\/sotogrande-schools\/fundamentals\/#breadcrumb"},"inLanguage":"de","potentialAction":[{"@type":"ReadAction","target":["https:\/\/www.sotograndeguide.com\/sotogrande-schools\/fundamentals\/"]}]},{"@type":"ImageObject","inLanguage":"de","@id":"https:\/\/www.sotograndeguide.com\/sotogrande-schools\/fundamentals\/#primaryimage","url":"https:\/\/www.sotograndeguide.com\/wp-content\/uploads\/2018\/11\/Schools-in-Sotogrande-5.jpg","contentUrl":"https:\/\/www.sotograndeguide.com\/wp-content\/uploads\/2018\/11\/Schools-in-Sotogrande-5.jpg","width":960,"height":600,"caption":"Fundamentals"},{"@type":"BreadcrumbList","@id":"https:\/\/www.sotograndeguide.com\/sotogrande-schools\/fundamentals\/#breadcrumb","itemListElement":[{"@type":"ListItem","position":1,"name":"Home","item":"https:\/\/www.sotograndeguide.com\/"},{"@type":"ListItem","position":2,"name":"Sotogrande Schools","item":"https:\/\/www.sotograndeguide.com\/sotogrande-schools\/"},{"@type":"ListItem","position":3,"name":"Fundamentals"}]},{"@type":"WebSite","@id":"https:\/\/www.sotograndeguide.com\/#website","url":"https:\/\/www.sotograndeguide.com\/","name":"Sotogrande Reisef\u00fchrer","description":"Nachrichten, Tipps, Veranstaltungen und Rezensionen","publisher":{"@id":"https:\/\/www.sotograndeguide.com\/#organization"},"potentialAction":[{"@type":"SearchAction","target":{"@type":"EntryPoint","urlTemplate":"https:\/\/www.sotograndeguide.com\/?s={search_term_string}"},"query-input":{"@type":"PropertyValueSpecification","valueRequired":true,"valueName":"search_term_string"}}],"inLanguage":"de"},{"@type":"Organization","@id":"https:\/\/www.sotograndeguide.com\/#organization","name":"Sotogrande Reisef\u00fchrer","url":"https:\/\/www.sotograndeguide.com\/","logo":{"@type":"ImageObject","inLanguage":"de","@id":"https:\/\/www.sotograndeguide.com\/#\/schema\/logo\/image\/","url":"https:\/\/www.sotograndeguide.com\/wp-content\/uploads\/2017\/03\/Sotogrande-Logo-GUIDE.png","contentUrl":"https:\/\/www.sotograndeguide.com\/wp-content\/uploads\/2017\/03\/Sotogrande-Logo-GUIDE.png","width":300,"height":300,"caption":"Sotogrande Guide"},"image":{"@id":"https:\/\/www.sotograndeguide.com\/#\/schema\/logo\/image\/"},"sameAs":["https:\/\/www.facebook.com\/sotograndeguide","https:\/\/x.com\/sotograndeguide","https:\/\/www.tiktok.com\/@sotograndeguide","https:\/\/www.youtube.com\/@SotograndeGuide"]}]}},"jetpack_sharing_enabled":true,"_links":{"self":[{"href":"https:\/\/www.sotograndeguide.com\/de\/wp-json\/wp\/v2\/pages\/34829","targetHints":{"allow":["GET"]}}],"collection":[{"href":"https:\/\/www.sotograndeguide.com\/de\/wp-json\/wp\/v2\/pages"}],"about":[{"href":"https:\/\/www.sotograndeguide.com\/de\/wp-json\/wp\/v2\/types\/page"}],"author":[{"embeddable":true,"href":"https:\/\/www.sotograndeguide.com\/de\/wp-json\/wp\/v2\/users\/1"}],"replies":[{"embeddable":true,"href":"https:\/\/www.sotograndeguide.com\/de\/wp-json\/wp\/v2\/comments?post=34829"}],"version-history":[{"count":0,"href":"https:\/\/www.sotograndeguide.com\/de\/wp-json\/wp\/v2\/pages\/34829\/revisions"}],"up":[{"embeddable":true,"href":"https:\/\/www.sotograndeguide.com\/de\/wp-json\/wp\/v2\/pages\/66"}],"wp:featuredmedia":[{"embeddable":true,"href":"https:\/\/www.sotograndeguide.com\/de\/wp-json\/wp\/v2\/media\/34844"}],"wp:attachment":[{"href":"https:\/\/www.sotograndeguide.com\/de\/wp-json\/wp\/v2\/media?parent=34829"}],"curies":[{"name":"wp","href":"https:\/\/api.w.org\/{rel}","templated":true}]}}