{"id":34826,"date":"2018-11-18T22:18:25","date_gmt":"2018-11-18T22:18:25","guid":{"rendered":"https:\/\/www.sotograndeguide.com\/?page_id=34826"},"modified":"2020-01-16T09:53:20","modified_gmt":"2020-01-16T09:53:20","slug":"internationale-schule-sotogrande","status":"publish","type":"page","link":"https:\/\/www.sotograndeguide.com\/de\/sotogrande-schools\/sotogrande-international-school\/","title":{"rendered":"Internationale Schule Sotogrande"},"content":{"rendered":"<p>Die Sotogrande International School (SIS) ist eine private internationale Internats- und Tagesschule mit Sitz in Sotogrande, S\u00fcdspanien. Die Schule folgt dem IB-Programm von 3-18 Jahren und beherbergt eine leidenschaftliche Lerngemeinschaft, die zum Lernen und interkulturellen Verst\u00e4ndnis inspiriert und ermutigt und Bildung als eine Kraft f\u00fcr das Gute in der Welt f\u00f6rdert.<\/p>\n<p>Die akademischen Ergebnisse sind durchweg hervorragend, wobei sowohl die MYP- als auch die Diplomsch\u00fcler Jahr f\u00fcr Jahr weit \u00fcber dem weltweiten Durchschnitt liegen. Infolge der beeindruckenden Durchschnittspunktzahl von 34,2 im Jahr 2019 erhielten 90% der Sch\u00fcler einen Platz an ihrer Wunschuniversit\u00e4t.<\/p>\n<p><img decoding=\"async\" class=\"alignnone wp-image-35471 size-full\" src=\"https:\/\/www.sotograndeguide.com\/wp-content\/uploads\/2020\/01\/Sotogrande-School-Aerial-Photo.jpg\" alt=\"Luftaufnahme der Schule von Sotogrande\" width=\"1800\" height=\"1247\" srcset=\"https:\/\/www.sotograndeguide.com\/wp-content\/uploads\/2020\/01\/Sotogrande-School-Aerial-Photo.jpg 1800w, https:\/\/www.sotograndeguide.com\/wp-content\/uploads\/2020\/01\/Sotogrande-School-Aerial-Photo-300x208.jpg 300w, https:\/\/www.sotograndeguide.com\/wp-content\/uploads\/2020\/01\/Sotogrande-School-Aerial-Photo-1024x709.jpg 1024w, https:\/\/www.sotograndeguide.com\/wp-content\/uploads\/2020\/01\/Sotogrande-School-Aerial-Photo-768x532.jpg 768w, https:\/\/www.sotograndeguide.com\/wp-content\/uploads\/2020\/01\/Sotogrande-School-Aerial-Photo-1536x1064.jpg 1536w, https:\/\/www.sotograndeguide.com\/wp-content\/uploads\/2020\/01\/Sotogrande-School-Aerial-Photo-150x105.jpg 150w\" sizes=\"(max-width: 1800px) 100vw, 1800px\" \/><\/p>\n<p>Sotogrande International hat derzeit \u00fcber 1.000 Sch\u00fcler aus mehr als 50 verschiedenen L\u00e4ndern. Im Rahmen der IB-Programme bieten international qualifizierte Lehrer eine anspruchsvolle, f\u00f6rdernde und akademisch strenge Ausbildung. Spezielle Programme in den Bereichen Golf, Tennis und Musik bieten talentierten Sch\u00fclern die M\u00f6glichkeit, sich hervorzutun.<\/p>\n<div id='gallery-1' class='gallery galleryid-34826 gallery-columns-3 gallery-size-large'><figure class='gallery-item'>\n\t\t\t<div class='gallery-icon landscape'>\n\t\t\t\t<a href='https:\/\/www.sotograndeguide.com\/wp-content\/uploads\/2020\/01\/Children-at-Sotogrande-International-School.jpg'><img decoding=\"async\" width=\"1024\" height=\"683\" src=\"https:\/\/www.sotograndeguide.com\/wp-content\/uploads\/2020\/01\/Children-at-Sotogrande-International-School-1024x683.jpg\" class=\"attachment-large size-large\" alt=\"Kinder an der Internationalen Schule Sotogrande\" srcset=\"https:\/\/www.sotograndeguide.com\/wp-content\/uploads\/2020\/01\/Children-at-Sotogrande-International-School-1024x683.jpg 1024w, https:\/\/www.sotograndeguide.com\/wp-content\/uploads\/2020\/01\/Children-at-Sotogrande-International-School-300x200.jpg 300w, https:\/\/www.sotograndeguide.com\/wp-content\/uploads\/2020\/01\/Children-at-Sotogrande-International-School-768x512.jpg 768w, https:\/\/www.sotograndeguide.com\/wp-content\/uploads\/2020\/01\/Children-at-Sotogrande-International-School-1536x1024.jpg 1536w, https:\/\/www.sotograndeguide.com\/wp-content\/uploads\/2020\/01\/Children-at-Sotogrande-International-School.jpg 1900w\" sizes=\"(max-width: 1024px) 100vw, 1024px\" \/><\/a>\n\t\t\t<\/div><\/figure><figure class='gallery-item'>\n\t\t\t<div class='gallery-icon landscape'>\n\t\t\t\t<a href='https:\/\/www.sotograndeguide.com\/wp-content\/uploads\/2020\/01\/Exterior-Sotogrande-School.jpg'><img decoding=\"async\" width=\"1024\" height=\"681\" src=\"https:\/\/www.sotograndeguide.com\/wp-content\/uploads\/2020\/01\/Exterior-Sotogrande-School-1024x681.jpg\" class=\"attachment-large size-large\" alt=\"Au\u00dfenbereich der Schule Sotogrande\" srcset=\"https:\/\/www.sotograndeguide.com\/wp-content\/uploads\/2020\/01\/Exterior-Sotogrande-School-1024x681.jpg 1024w, https:\/\/www.sotograndeguide.com\/wp-content\/uploads\/2020\/01\/Exterior-Sotogrande-School-300x200.jpg 300w, https:\/\/www.sotograndeguide.com\/wp-content\/uploads\/2020\/01\/Exterior-Sotogrande-School-768x511.jpg 768w, https:\/\/www.sotograndeguide.com\/wp-content\/uploads\/2020\/01\/Exterior-Sotogrande-School.jpg 1500w\" sizes=\"(max-width: 1024px) 100vw, 1024px\" \/><\/a>\n\t\t\t<\/div><\/figure><figure class='gallery-item'>\n\t\t\t<div class='gallery-icon landscape'>\n\t\t\t\t<a href='https:\/\/www.sotograndeguide.com\/wp-content\/uploads\/2020\/01\/IB-High-School-Graduation.jpg'><img decoding=\"async\" width=\"1024\" height=\"681\" src=\"https:\/\/www.sotograndeguide.com\/wp-content\/uploads\/2020\/01\/IB-High-School-Graduation-1024x681.jpg\" class=\"attachment-large size-large\" alt=\"IB-Highschool-Abschluss\" srcset=\"https:\/\/www.sotograndeguide.com\/wp-content\/uploads\/2020\/01\/IB-High-School-Graduation-1024x681.jpg 1024w, https:\/\/www.sotograndeguide.com\/wp-content\/uploads\/2020\/01\/IB-High-School-Graduation-300x200.jpg 300w, https:\/\/www.sotograndeguide.com\/wp-content\/uploads\/2020\/01\/IB-High-School-Graduation-768x511.jpg 768w, https:\/\/www.sotograndeguide.com\/wp-content\/uploads\/2020\/01\/IB-High-School-Graduation-1536x1022.jpg 1536w, https:\/\/www.sotograndeguide.com\/wp-content\/uploads\/2020\/01\/IB-High-School-Graduation.jpg 1623w\" sizes=\"(max-width: 1024px) 100vw, 1024px\" \/><\/a>\n\t\t\t<\/div><\/figure><figure class='gallery-item'>\n\t\t\t<div class='gallery-icon landscape'>\n\t\t\t\t<a href='https:\/\/www.sotograndeguide.com\/wp-content\/uploads\/2020\/01\/IB-Students-Sotogrande.jpg'><img decoding=\"async\" width=\"1024\" height=\"683\" src=\"https:\/\/www.sotograndeguide.com\/wp-content\/uploads\/2020\/01\/IB-Students-Sotogrande-1024x683.jpg\" class=\"attachment-large size-large\" alt=\"IB-Sch\u00fcler Sotogrande\" srcset=\"https:\/\/www.sotograndeguide.com\/wp-content\/uploads\/2020\/01\/IB-Students-Sotogrande-1024x683.jpg 1024w, https:\/\/www.sotograndeguide.com\/wp-content\/uploads\/2020\/01\/IB-Students-Sotogrande-300x200.jpg 300w, https:\/\/www.sotograndeguide.com\/wp-content\/uploads\/2020\/01\/IB-Students-Sotogrande-768x512.jpg 768w, https:\/\/www.sotograndeguide.com\/wp-content\/uploads\/2020\/01\/IB-Students-Sotogrande-1536x1024.jpg 1536w, https:\/\/www.sotograndeguide.com\/wp-content\/uploads\/2020\/01\/IB-Students-Sotogrande.jpg 1620w\" sizes=\"(max-width: 1024px) 100vw, 1024px\" \/><\/a>\n\t\t\t<\/div><\/figure><figure class='gallery-item'>\n\t\t\t<div class='gallery-icon landscape'>\n\t\t\t\t<a href='https:\/\/www.sotograndeguide.com\/wp-content\/uploads\/2020\/01\/Primary-School-Sotogrande.jpg'><img decoding=\"async\" width=\"1024\" height=\"683\" src=\"https:\/\/www.sotograndeguide.com\/wp-content\/uploads\/2020\/01\/Primary-School-Sotogrande-1024x683.jpg\" class=\"attachment-large size-large\" alt=\"Grundschule Sotogrande\" srcset=\"https:\/\/www.sotograndeguide.com\/wp-content\/uploads\/2020\/01\/Primary-School-Sotogrande-1024x683.jpg 1024w, https:\/\/www.sotograndeguide.com\/wp-content\/uploads\/2020\/01\/Primary-School-Sotogrande-300x200.jpg 300w, https:\/\/www.sotograndeguide.com\/wp-content\/uploads\/2020\/01\/Primary-School-Sotogrande-768x512.jpg 768w, https:\/\/www.sotograndeguide.com\/wp-content\/uploads\/2020\/01\/Primary-School-Sotogrande-1536x1024.jpg 1536w, https:\/\/www.sotograndeguide.com\/wp-content\/uploads\/2020\/01\/Primary-School-Sotogrande.jpg 1620w\" sizes=\"(max-width: 1024px) 100vw, 1024px\" \/><\/a>\n\t\t\t<\/div><\/figure><figure class='gallery-item'>\n\t\t\t<div class='gallery-icon landscape'>\n\t\t\t\t<a href='https:\/\/www.sotograndeguide.com\/wp-content\/uploads\/2020\/01\/Science-Laboratory-at-Sotogrande-International-School.jpg'><img decoding=\"async\" width=\"1024\" height=\"683\" src=\"https:\/\/www.sotograndeguide.com\/wp-content\/uploads\/2020\/01\/Science-Laboratory-at-Sotogrande-International-School-1024x683.jpg\" class=\"attachment-large size-large\" alt=\"\" srcset=\"https:\/\/www.sotograndeguide.com\/wp-content\/uploads\/2020\/01\/Science-Laboratory-at-Sotogrande-International-School-1024x683.jpg 1024w, https:\/\/www.sotograndeguide.com\/wp-content\/uploads\/2020\/01\/Science-Laboratory-at-Sotogrande-International-School-300x200.jpg 300w, https:\/\/www.sotograndeguide.com\/wp-content\/uploads\/2020\/01\/Science-Laboratory-at-Sotogrande-International-School-768x512.jpg 768w, https:\/\/www.sotograndeguide.com\/wp-content\/uploads\/2020\/01\/Science-Laboratory-at-Sotogrande-International-School-1536x1024.jpg 1536w, https:\/\/www.sotograndeguide.com\/wp-content\/uploads\/2020\/01\/Science-Laboratory-at-Sotogrande-International-School.jpg 1620w\" sizes=\"(max-width: 1024px) 100vw, 1024px\" \/><\/a>\n\t\t\t<\/div><\/figure><figure class='gallery-item'>\n\t\t\t<div class='gallery-icon landscape'>\n\t\t\t\t<a href='https:\/\/www.sotograndeguide.com\/wp-content\/uploads\/2020\/01\/Sotogrande-School-Graduation.jpg'><img decoding=\"async\" width=\"1024\" height=\"681\" src=\"https:\/\/www.sotograndeguide.com\/wp-content\/uploads\/2020\/01\/Sotogrande-School-Graduation-1024x681.jpg\" class=\"attachment-large size-large\" alt=\"Abschluss der Schule in Sotogrande\" srcset=\"https:\/\/www.sotograndeguide.com\/wp-content\/uploads\/2020\/01\/Sotogrande-School-Graduation-1024x681.jpg 1024w, https:\/\/www.sotograndeguide.com\/wp-content\/uploads\/2020\/01\/Sotogrande-School-Graduation-300x200.jpg 300w, https:\/\/www.sotograndeguide.com\/wp-content\/uploads\/2020\/01\/Sotogrande-School-Graduation-768x511.jpg 768w, https:\/\/www.sotograndeguide.com\/wp-content\/uploads\/2020\/01\/Sotogrande-School-Graduation-1536x1022.jpg 1536w, https:\/\/www.sotograndeguide.com\/wp-content\/uploads\/2020\/01\/Sotogrande-School-Graduation.jpg 1623w\" sizes=\"(max-width: 1024px) 100vw, 1024px\" \/><\/a>\n\t\t\t<\/div><\/figure><figure class='gallery-item'>\n\t\t\t<div class='gallery-icon landscape'>\n\t\t\t\t<a href='https:\/\/www.sotograndeguide.com\/wp-content\/uploads\/2020\/01\/Sports-at-Sotogrande-School-Spain.jpg'><img decoding=\"async\" width=\"1024\" height=\"683\" src=\"https:\/\/www.sotograndeguide.com\/wp-content\/uploads\/2020\/01\/Sports-at-Sotogrande-School-Spain-1024x683.jpg\" class=\"attachment-large size-large\" alt=\"Sport in der Schule von Sotogrande Spanien\" srcset=\"https:\/\/www.sotograndeguide.com\/wp-content\/uploads\/2020\/01\/Sports-at-Sotogrande-School-Spain-1024x683.jpg 1024w, https:\/\/www.sotograndeguide.com\/wp-content\/uploads\/2020\/01\/Sports-at-Sotogrande-School-Spain-300x200.jpg 300w, https:\/\/www.sotograndeguide.com\/wp-content\/uploads\/2020\/01\/Sports-at-Sotogrande-School-Spain-768x512.jpg 768w, https:\/\/www.sotograndeguide.com\/wp-content\/uploads\/2020\/01\/Sports-at-Sotogrande-School-Spain-1536x1024.jpg 1536w, https:\/\/www.sotograndeguide.com\/wp-content\/uploads\/2020\/01\/Sports-at-Sotogrande-School-Spain.jpg 1620w\" sizes=\"(max-width: 1024px) 100vw, 1024px\" \/><\/a>\n\t\t\t<\/div><\/figure><figure class='gallery-item'>\n\t\t\t<div class='gallery-icon landscape'>\n\t\t\t\t<a href='https:\/\/www.sotograndeguide.com\/wp-content\/uploads\/2020\/01\/Theatre-Play-at-Sotogrand-International-School.jpg'><img decoding=\"async\" width=\"1024\" height=\"647\" src=\"https:\/\/www.sotograndeguide.com\/wp-content\/uploads\/2020\/01\/Theatre-Play-at-Sotogrand-International-School-1024x647.jpg\" class=\"attachment-large size-large\" alt=\"Theaterst\u00fcck an der Sotogrand International School\" srcset=\"https:\/\/www.sotograndeguide.com\/wp-content\/uploads\/2020\/01\/Theatre-Play-at-Sotogrand-International-School-1024x647.jpg 1024w, https:\/\/www.sotograndeguide.com\/wp-content\/uploads\/2020\/01\/Theatre-Play-at-Sotogrand-International-School-300x190.jpg 300w, https:\/\/www.sotograndeguide.com\/wp-content\/uploads\/2020\/01\/Theatre-Play-at-Sotogrand-International-School-768x485.jpg 768w, https:\/\/www.sotograndeguide.com\/wp-content\/uploads\/2020\/01\/Theatre-Play-at-Sotogrand-International-School-1536x971.jpg 1536w, https:\/\/www.sotograndeguide.com\/wp-content\/uploads\/2020\/01\/Theatre-Play-at-Sotogrand-International-School.jpg 1709w\" sizes=\"(max-width: 1024px) 100vw, 1024px\" \/><\/a>\n\t\t\t<\/div><\/figure>\n\t\t<\/div>\n\n<p>Als \"Apple Distinguished School\" wird der Einsatz von Technologie f\u00fcr alle Sch\u00fcler ab dem dritten Lebensjahr kreativ in den Lehrplan eingebettet, w\u00e4hrend das Programm \"F1 in Schools\" und die \"Hyperbaric Challenge\" den Sch\u00fclern eine spannende M\u00f6glichkeit bieten, sich mit den Themen Wissenschaft, Technologie, Ingenieurwesen und Mathematik (MINT) auseinanderzusetzen. Die Sch\u00fcler werden ermutigt, unabh\u00e4ngig und kritisch zu denken, ihre einzigartigen Interessen, Begabungen und Talente zu entwickeln und die Gelegenheit zu nutzen, das Beste aus sich herauszuholen.<\/p>\n<p>Sotogrande International Boarding House ist eine warme, lebendige Gemeinschaft, in der sich die Mitarbeiter um jeden Einzelnen k\u00fcmmern und das Beste aus ihm herausholen. Die akademische Unterst\u00fctzung, die die Sch\u00fcler erhalten, spiegelt sich in den Ergebnissen der IB-Diplompr\u00fcfung wider. In den letzten zwei Jahren waren die leistungsst\u00e4rksten Sch\u00fcler beide Internatssch\u00fcler, von denen einer die maximale IB-Punktzahl von 45 Punkten erreichte.<\/p>\n<p><iframe title=\"Internationale Schule Sotogrande\" width=\"1200\" height=\"675\" src=\"https:\/\/www.youtube.com\/embed\/5OtzQW2U15U?feature=oembed\" frameborder=\"0\" allow=\"accelerometer; autoplay; clipboard-write; encrypted-media; gyroscope; picture-in-picture\" allowfullscreen><\/iframe><\/p>\n<p>Leiter: Herr James Kearney<br \/>\nKoordinatorin des Diploms: H\u00e9l\u00e8ne Caillet<br \/>\nMYP-Koordinatorin: Bel\u00e9n Gonz\u00e1lez<br \/>\nPYP-Koordinatorin: Andrea Bennett<br \/>\nVerb\u00e4nde: IB, ECIS, CIS, NEASC, NABSS, ACADE<\/p>\n<p><strong>Internationale Schule Sotogrande<\/strong><br \/>\nAnschrift: Avenida Reserva, s\/n, 11310 Sotogrande, C\u00e1diz<br \/>\nTelefon: <a href=\"tel:+34956795902\">956795902<\/a><\/p>","protected":false},"excerpt":{"rendered":"<p>Die Sotogrande International School (SIS) ist eine private internationale Internats- und Tagesschule mit Sitz in Sotogrande, S\u00fcdspanien. Die Schule folgt dem IB-Programm von 3-18 Jahren und beherbergt eine leidenschaftliche Lerngemeinschaft, die das Lernen und das interkulturelle Verst\u00e4ndnis inspiriert und f\u00f6rdert und Bildung als eine Kraft f\u00fcr das Gute in der Welt einsetzt. Akademische Ergebnisse sind ... <a title=\"Internationale Schule Sotogrande\" class=\"read-more\" href=\"https:\/\/www.sotograndeguide.com\/de\/sotogrande-schools\/sotogrande-international-school\/\" aria-label=\"Mehr Informationen \u00fcber die Internationale Schule Sotogrande\">Mehr lesen<\/a><\/p>","protected":false},"author":1,"featured_media":34843,"parent":66,"menu_order":0,"comment_status":"closed","ping_status":"closed","template":"","meta":{"footnotes":""},"class_list":["post-34826","page","type-page","status-publish","has-post-thumbnail"],"yoast_head":"<!-- This site is optimized with the Yoast SEO Premium plugin v20.5 (Yoast SEO v27.4) - https:\/\/yoast.com\/product\/yoast-seo-premium-wordpress\/ -->\n<title>Sotogrande International School<\/title>\n<meta name=\"description\" content=\"Sotogrande International School (SIS) is a private international boarding and day school based in Sotogrande, southern Spain.\" \/>\n<meta name=\"robots\" content=\"index, follow, max-snippet:-1, max-image-preview:large, max-video-preview:-1\" \/>\n<link rel=\"canonical\" href=\"https:\/\/www.sotograndeguide.com\/de\/schulen-in-sotogrande\/internationale-schule-sotogrande\/\" \/>\n<meta property=\"og:locale\" content=\"de_DE\" \/>\n<meta property=\"og:type\" content=\"article\" \/>\n<meta property=\"og:title\" content=\"Sotogrande International School\" \/>\n<meta property=\"og:description\" content=\"Sotogrande International School (SIS) is a private international boarding and day school based in Sotogrande, southern Spain.\" \/>\n<meta property=\"og:url\" content=\"https:\/\/www.sotograndeguide.com\/de\/schulen-in-sotogrande\/internationale-schule-sotogrande\/\" \/>\n<meta property=\"og:site_name\" content=\"Sotogrande Guide\" \/>\n<meta property=\"article:publisher\" content=\"https:\/\/www.facebook.com\/sotograndeguide\" \/>\n<meta property=\"article:modified_time\" content=\"2020-01-16T09:53:20+00:00\" \/>\n<meta property=\"og:image\" content=\"https:\/\/www.sotograndeguide.com\/wp-content\/uploads\/2018\/11\/Schools-in-Sotogrande-4.jpg\" \/>\n\t<meta property=\"og:image:width\" content=\"960\" \/>\n\t<meta property=\"og:image:height\" content=\"600\" \/>\n\t<meta property=\"og:image:type\" content=\"image\/jpeg\" \/>\n<meta name=\"twitter:card\" content=\"summary_large_image\" \/>\n<meta name=\"twitter:site\" content=\"@sotograndeguide\" \/>\n<meta name=\"twitter:label1\" content=\"Gesch\u00e4tzte Lesezeit\" \/>\n\t<meta name=\"twitter:data1\" content=\"2\u00a0Minuten\" \/>\n<!-- \/ Yoast SEO Premium plugin. -->","yoast_head_json":{"title":"Internationale Schule Sotogrande","description":"Die Sotogrande International School (SIS) ist eine private internationale Internats- und Tagesschule mit Sitz in Sotogrande, S\u00fcdspanien.","robots":{"index":"index","follow":"follow","max-snippet":"max-snippet:-1","max-image-preview":"max-image-preview:large","max-video-preview":"max-video-preview:-1"},"canonical":"https:\/\/www.sotograndeguide.com\/de\/schulen-in-sotogrande\/internationale-schule-sotogrande\/","og_locale":"de_DE","og_type":"article","og_title":"Sotogrande International School","og_description":"Sotogrande International School (SIS) is a private international boarding and day school based in Sotogrande, southern Spain.","og_url":"https:\/\/www.sotograndeguide.com\/de\/schulen-in-sotogrande\/internationale-schule-sotogrande\/","og_site_name":"Sotogrande Guide","article_publisher":"https:\/\/www.facebook.com\/sotograndeguide","article_modified_time":"2020-01-16T09:53:20+00:00","og_image":[{"width":960,"height":600,"url":"https:\/\/www.sotograndeguide.com\/wp-content\/uploads\/2018\/11\/Schools-in-Sotogrande-4.jpg","type":"image\/jpeg"}],"twitter_card":"summary_large_image","twitter_site":"@sotograndeguide","twitter_misc":{"Gesch\u00e4tzte Lesezeit":"2\u00a0Minuten"},"schema":{"@context":"https:\/\/schema.org","@graph":[{"@type":"WebPage","@id":"https:\/\/www.sotograndeguide.com\/sotogrande-schools\/sotogrande-international-school\/","url":"https:\/\/www.sotograndeguide.com\/sotogrande-schools\/sotogrande-international-school\/","name":"Internationale Schule Sotogrande","isPartOf":{"@id":"https:\/\/www.sotograndeguide.com\/#website"},"primaryImageOfPage":{"@id":"https:\/\/www.sotograndeguide.com\/sotogrande-schools\/sotogrande-international-school\/#primaryimage"},"image":{"@id":"https:\/\/www.sotograndeguide.com\/sotogrande-schools\/sotogrande-international-school\/#primaryimage"},"thumbnailUrl":"https:\/\/www.sotograndeguide.com\/wp-content\/uploads\/2018\/11\/Schools-in-Sotogrande-4.jpg","datePublished":"2018-11-18T22:18:25+00:00","dateModified":"2020-01-16T09:53:20+00:00","description":"Die Sotogrande International School (SIS) ist eine private internationale Internats- und Tagesschule mit Sitz in Sotogrande, S\u00fcdspanien.","breadcrumb":{"@id":"https:\/\/www.sotograndeguide.com\/sotogrande-schools\/sotogrande-international-school\/#breadcrumb"},"inLanguage":"de","potentialAction":[{"@type":"ReadAction","target":["https:\/\/www.sotograndeguide.com\/sotogrande-schools\/sotogrande-international-school\/"]}]},{"@type":"ImageObject","inLanguage":"de","@id":"https:\/\/www.sotograndeguide.com\/sotogrande-schools\/sotogrande-international-school\/#primaryimage","url":"https:\/\/www.sotograndeguide.com\/wp-content\/uploads\/2018\/11\/Schools-in-Sotogrande-4.jpg","contentUrl":"https:\/\/www.sotograndeguide.com\/wp-content\/uploads\/2018\/11\/Schools-in-Sotogrande-4.jpg","width":960,"height":600,"caption":"Sotogrande International School"},{"@type":"BreadcrumbList","@id":"https:\/\/www.sotograndeguide.com\/sotogrande-schools\/sotogrande-international-school\/#breadcrumb","itemListElement":[{"@type":"ListItem","position":1,"name":"Home","item":"https:\/\/www.sotograndeguide.com\/"},{"@type":"ListItem","position":2,"name":"Sotogrande Schools","item":"https:\/\/www.sotograndeguide.com\/sotogrande-schools\/"},{"@type":"ListItem","position":3,"name":"Sotogrande International School"}]},{"@type":"WebSite","@id":"https:\/\/www.sotograndeguide.com\/#website","url":"https:\/\/www.sotograndeguide.com\/","name":"Sotogrande Reisef\u00fchrer","description":"Nachrichten, Tipps, Veranstaltungen und Rezensionen","publisher":{"@id":"https:\/\/www.sotograndeguide.com\/#organization"},"potentialAction":[{"@type":"SearchAction","target":{"@type":"EntryPoint","urlTemplate":"https:\/\/www.sotograndeguide.com\/?s={search_term_string}"},"query-input":{"@type":"PropertyValueSpecification","valueRequired":true,"valueName":"search_term_string"}}],"inLanguage":"de"},{"@type":"Organization","@id":"https:\/\/www.sotograndeguide.com\/#organization","name":"Sotogrande Reisef\u00fchrer","url":"https:\/\/www.sotograndeguide.com\/","logo":{"@type":"ImageObject","inLanguage":"de","@id":"https:\/\/www.sotograndeguide.com\/#\/schema\/logo\/image\/","url":"https:\/\/www.sotograndeguide.com\/wp-content\/uploads\/2017\/03\/Sotogrande-Logo-GUIDE.png","contentUrl":"https:\/\/www.sotograndeguide.com\/wp-content\/uploads\/2017\/03\/Sotogrande-Logo-GUIDE.png","width":300,"height":300,"caption":"Sotogrande Guide"},"image":{"@id":"https:\/\/www.sotograndeguide.com\/#\/schema\/logo\/image\/"},"sameAs":["https:\/\/www.facebook.com\/sotograndeguide","https:\/\/x.com\/sotograndeguide","https:\/\/www.tiktok.com\/@sotograndeguide","https:\/\/www.youtube.com\/@SotograndeGuide"]}]}},"jetpack_sharing_enabled":true,"_links":{"self":[{"href":"https:\/\/www.sotograndeguide.com\/de\/wp-json\/wp\/v2\/pages\/34826","targetHints":{"allow":["GET"]}}],"collection":[{"href":"https:\/\/www.sotograndeguide.com\/de\/wp-json\/wp\/v2\/pages"}],"about":[{"href":"https:\/\/www.sotograndeguide.com\/de\/wp-json\/wp\/v2\/types\/page"}],"author":[{"embeddable":true,"href":"https:\/\/www.sotograndeguide.com\/de\/wp-json\/wp\/v2\/users\/1"}],"replies":[{"embeddable":true,"href":"https:\/\/www.sotograndeguide.com\/de\/wp-json\/wp\/v2\/comments?post=34826"}],"version-history":[{"count":0,"href":"https:\/\/www.sotograndeguide.com\/de\/wp-json\/wp\/v2\/pages\/34826\/revisions"}],"up":[{"embeddable":true,"href":"https:\/\/www.sotograndeguide.com\/de\/wp-json\/wp\/v2\/pages\/66"}],"wp:featuredmedia":[{"embeddable":true,"href":"https:\/\/www.sotograndeguide.com\/de\/wp-json\/wp\/v2\/media\/34843"}],"wp:attachment":[{"href":"https:\/\/www.sotograndeguide.com\/de\/wp-json\/wp\/v2\/media?parent=34826"}],"curies":[{"name":"wp","href":"https:\/\/api.w.org\/{rel}","templated":true}]}}