{"id":34825,"date":"2018-11-18T22:17:42","date_gmt":"2018-11-18T22:17:42","guid":{"rendered":"https:\/\/www.sotograndeguide.com\/?page_id=34825"},"modified":"2019-07-07T19:56:10","modified_gmt":"2019-07-07T19:56:10","slug":"cameron-international-primary-school","status":"publish","type":"page","link":"https:\/\/www.sotograndeguide.com\/de\/sotogrande-schools\/cameron-international-primary-school\/","title":{"rendered":"Internationale Cameron-Grundschule"},"content":{"rendered":"<p>Die Cameron International Primary School liegt nur f\u00fcnf Autominuten vom Zentrum von Sotogrande entfernt. Die Schule befindet sich in der Gesch\u00e4ftssiedlung San Roque Club, direkt an der Stra\u00dfe N-340. <\/p>\n<p>Die Cameron International Primary School oder CIPS, wie sie genannt wird, bietet Grundschulunterricht in Englisch und Spanisch an. Die Schule nimmt derzeit Kinder im Grundschulalter (3-5 Jahre) und in der Grundschule (5-14 Jahre) auf.<\/p>\n<p><iframe title=\"Internationale Cameron-Grundschule\" width=\"1200\" height=\"675\" src=\"https:\/\/www.youtube.com\/embed\/TsIHUB3Hfpg?feature=oembed\" frameborder=\"0\" allow=\"accelerometer; autoplay; clipboard-write; encrypted-media; gyroscope; picture-in-picture\" allowfullscreen><\/iframe><\/p>\n<p><strong>Internationale Cameron-Grundschule<\/strong><br \/>\nAnschrift: Calle Mesilla del Diente, Handelszentrum San Roque<br \/>\nTelefon: <a href=\"tel:+34956797078\">956797078<\/a><\/p>","protected":false},"excerpt":{"rendered":"<p>Die Cameron International Primary School liegt nur f\u00fcnf Autominuten vom Zentrum von Sotogrande entfernt. Die Schule befindet sich in dem Gewerbegebiet San Roque Club, direkt an der N-340. Die Cameron International Primary School oder CIPS, wie sie auch genannt wird, bietet Grundschulunterricht in Englisch und Spanisch an. Die Schule unterrichtet derzeit ... <a title=\"Internationale Cameron-Grundschule\" class=\"read-more\" href=\"https:\/\/www.sotograndeguide.com\/de\/sotogrande-schools\/cameron-international-primary-school\/\" aria-label=\"Mehr Informationen \u00fcber die Cameron International Primary School\">Mehr lesen<\/a><\/p>","protected":false},"author":1,"featured_media":34846,"parent":66,"menu_order":0,"comment_status":"closed","ping_status":"closed","template":"","meta":{"footnotes":""},"class_list":["post-34825","page","type-page","status-publish","has-post-thumbnail"],"yoast_head":"<!-- This site is optimized with the Yoast SEO Premium plugin v20.5 (Yoast SEO v27.4) - https:\/\/yoast.com\/product\/yoast-seo-premium-wordpress\/ -->\n<title>Cameron International Primary School<\/title>\n<meta name=\"robots\" content=\"index, follow, max-snippet:-1, max-image-preview:large, max-video-preview:-1\" \/>\n<link rel=\"canonical\" href=\"https:\/\/www.sotograndeguide.com\/de\/schulen-in-sotogrande\/cameron-international-primary-school\/\" \/>\n<meta property=\"og:locale\" content=\"de_DE\" \/>\n<meta property=\"og:type\" content=\"article\" \/>\n<meta property=\"og:title\" content=\"Cameron International Primary School\" \/>\n<meta property=\"og:description\" content=\"Cameron International Primary School is just a five minutes drive from the heart of Sotogrande. The school is located in the commercial development of San Roque Club, just off the N-340 road. Cameron International Primary School or CIPS as it is known as offers primary education in both English and Spanish. The school currently caters ... Read more\" \/>\n<meta property=\"og:url\" content=\"https:\/\/www.sotograndeguide.com\/de\/schulen-in-sotogrande\/cameron-international-primary-school\/\" \/>\n<meta property=\"og:site_name\" content=\"Sotogrande Guide\" \/>\n<meta property=\"article:publisher\" content=\"https:\/\/www.facebook.com\/sotograndeguide\" \/>\n<meta property=\"article:modified_time\" content=\"2019-07-07T19:56:10+00:00\" \/>\n<meta property=\"og:image\" content=\"https:\/\/www.sotograndeguide.com\/wp-content\/uploads\/2018\/11\/Schools-in-Sotogrande-1.jpg\" \/>\n\t<meta property=\"og:image:width\" content=\"960\" \/>\n\t<meta property=\"og:image:height\" content=\"600\" \/>\n\t<meta property=\"og:image:type\" content=\"image\/jpeg\" \/>\n<meta name=\"twitter:card\" content=\"summary_large_image\" \/>\n<meta name=\"twitter:site\" content=\"@sotograndeguide\" \/>\n<!-- \/ Yoast SEO Premium plugin. -->","yoast_head_json":{"title":"Internationale Cameron-Grundschule","robots":{"index":"index","follow":"follow","max-snippet":"max-snippet:-1","max-image-preview":"max-image-preview:large","max-video-preview":"max-video-preview:-1"},"canonical":"https:\/\/www.sotograndeguide.com\/de\/schulen-in-sotogrande\/cameron-international-primary-school\/","og_locale":"de_DE","og_type":"article","og_title":"Cameron International Primary School","og_description":"Cameron International Primary School is just a five minutes drive from the heart of Sotogrande. The school is located in the commercial development of San Roque Club, just off the N-340 road. Cameron International Primary School or CIPS as it is known as offers primary education in both English and Spanish. The school currently caters ... Read more","og_url":"https:\/\/www.sotograndeguide.com\/de\/schulen-in-sotogrande\/cameron-international-primary-school\/","og_site_name":"Sotogrande Guide","article_publisher":"https:\/\/www.facebook.com\/sotograndeguide","article_modified_time":"2019-07-07T19:56:10+00:00","og_image":[{"width":960,"height":600,"url":"https:\/\/www.sotograndeguide.com\/wp-content\/uploads\/2018\/11\/Schools-in-Sotogrande-1.jpg","type":"image\/jpeg"}],"twitter_card":"summary_large_image","twitter_site":"@sotograndeguide","schema":{"@context":"https:\/\/schema.org","@graph":[{"@type":"WebPage","@id":"https:\/\/www.sotograndeguide.com\/sotogrande-schools\/cameron-international-primary-school\/","url":"https:\/\/www.sotograndeguide.com\/sotogrande-schools\/cameron-international-primary-school\/","name":"Internationale Cameron-Grundschule","isPartOf":{"@id":"https:\/\/www.sotograndeguide.com\/#website"},"primaryImageOfPage":{"@id":"https:\/\/www.sotograndeguide.com\/sotogrande-schools\/cameron-international-primary-school\/#primaryimage"},"image":{"@id":"https:\/\/www.sotograndeguide.com\/sotogrande-schools\/cameron-international-primary-school\/#primaryimage"},"thumbnailUrl":"https:\/\/www.sotograndeguide.com\/wp-content\/uploads\/2018\/11\/Schools-in-Sotogrande-1.jpg","datePublished":"2018-11-18T22:17:42+00:00","dateModified":"2019-07-07T19:56:10+00:00","breadcrumb":{"@id":"https:\/\/www.sotograndeguide.com\/sotogrande-schools\/cameron-international-primary-school\/#breadcrumb"},"inLanguage":"de","potentialAction":[{"@type":"ReadAction","target":["https:\/\/www.sotograndeguide.com\/sotogrande-schools\/cameron-international-primary-school\/"]}]},{"@type":"ImageObject","inLanguage":"de","@id":"https:\/\/www.sotograndeguide.com\/sotogrande-schools\/cameron-international-primary-school\/#primaryimage","url":"https:\/\/www.sotograndeguide.com\/wp-content\/uploads\/2018\/11\/Schools-in-Sotogrande-1.jpg","contentUrl":"https:\/\/www.sotograndeguide.com\/wp-content\/uploads\/2018\/11\/Schools-in-Sotogrande-1.jpg","width":960,"height":600,"caption":"Cameron International Primary School"},{"@type":"BreadcrumbList","@id":"https:\/\/www.sotograndeguide.com\/sotogrande-schools\/cameron-international-primary-school\/#breadcrumb","itemListElement":[{"@type":"ListItem","position":1,"name":"Home","item":"https:\/\/www.sotograndeguide.com\/"},{"@type":"ListItem","position":2,"name":"Sotogrande Schools","item":"https:\/\/www.sotograndeguide.com\/sotogrande-schools\/"},{"@type":"ListItem","position":3,"name":"Cameron International Primary School"}]},{"@type":"WebSite","@id":"https:\/\/www.sotograndeguide.com\/#website","url":"https:\/\/www.sotograndeguide.com\/","name":"Sotogrande Reisef\u00fchrer","description":"Nachrichten, Tipps, Veranstaltungen und Rezensionen","publisher":{"@id":"https:\/\/www.sotograndeguide.com\/#organization"},"potentialAction":[{"@type":"SearchAction","target":{"@type":"EntryPoint","urlTemplate":"https:\/\/www.sotograndeguide.com\/?s={search_term_string}"},"query-input":{"@type":"PropertyValueSpecification","valueRequired":true,"valueName":"search_term_string"}}],"inLanguage":"de"},{"@type":"Organization","@id":"https:\/\/www.sotograndeguide.com\/#organization","name":"Sotogrande Reisef\u00fchrer","url":"https:\/\/www.sotograndeguide.com\/","logo":{"@type":"ImageObject","inLanguage":"de","@id":"https:\/\/www.sotograndeguide.com\/#\/schema\/logo\/image\/","url":"https:\/\/www.sotograndeguide.com\/wp-content\/uploads\/2017\/03\/Sotogrande-Logo-GUIDE.png","contentUrl":"https:\/\/www.sotograndeguide.com\/wp-content\/uploads\/2017\/03\/Sotogrande-Logo-GUIDE.png","width":300,"height":300,"caption":"Sotogrande Guide"},"image":{"@id":"https:\/\/www.sotograndeguide.com\/#\/schema\/logo\/image\/"},"sameAs":["https:\/\/www.facebook.com\/sotograndeguide","https:\/\/x.com\/sotograndeguide","https:\/\/www.tiktok.com\/@sotograndeguide","https:\/\/www.youtube.com\/@SotograndeGuide"]}]}},"jetpack_sharing_enabled":true,"_links":{"self":[{"href":"https:\/\/www.sotograndeguide.com\/de\/wp-json\/wp\/v2\/pages\/34825","targetHints":{"allow":["GET"]}}],"collection":[{"href":"https:\/\/www.sotograndeguide.com\/de\/wp-json\/wp\/v2\/pages"}],"about":[{"href":"https:\/\/www.sotograndeguide.com\/de\/wp-json\/wp\/v2\/types\/page"}],"author":[{"embeddable":true,"href":"https:\/\/www.sotograndeguide.com\/de\/wp-json\/wp\/v2\/users\/1"}],"replies":[{"embeddable":true,"href":"https:\/\/www.sotograndeguide.com\/de\/wp-json\/wp\/v2\/comments?post=34825"}],"version-history":[{"count":0,"href":"https:\/\/www.sotograndeguide.com\/de\/wp-json\/wp\/v2\/pages\/34825\/revisions"}],"up":[{"embeddable":true,"href":"https:\/\/www.sotograndeguide.com\/de\/wp-json\/wp\/v2\/pages\/66"}],"wp:featuredmedia":[{"embeddable":true,"href":"https:\/\/www.sotograndeguide.com\/de\/wp-json\/wp\/v2\/media\/34846"}],"wp:attachment":[{"href":"https:\/\/www.sotograndeguide.com\/de\/wp-json\/wp\/v2\/media?parent=34825"}],"curies":[{"name":"wp","href":"https:\/\/api.w.org\/{rel}","templated":true}]}}