{"id":34531,"date":"2018-05-24T11:39:46","date_gmt":"2018-05-24T11:39:46","guid":{"rendered":"https:\/\/www.sotograndeguide.com\/?page_id=34531"},"modified":"2019-05-21T20:41:12","modified_gmt":"2019-05-21T20:41:12","slug":"benesse","status":"publish","type":"page","link":"https:\/\/www.sotograndeguide.com\/de\/sotogrande-restaurants\/benesse\/","title":{"rendered":"Benesse"},"content":{"rendered":"<p>Benesse ist eine neue Bistro-Bar und ein Restaurant in Sotogrande, das im Mai 2018 er\u00f6ffnet wurde.<\/p>\n<p>Bei Benesse gibt es Galettes aus glutenfreiem Buchweizen, Smoothie-Bowls und ein erweitertes Fr\u00fchst\u00fcck oder ein schnelles Mittagessen sowie ein Abendessen.<\/p>\n<p>Benesses Sotogrande bietet jetzt wochentags ein erschwingliches Mittagsmen\u00fc \"menu del dia\" an.<\/p>\n<p><strong>Benesse Sotogrande<\/strong><br \/>\nK\u00fcche: International<br \/>\nAnschrift: Centro Comercial Sotomarket, Local 3C, 11310 Sotogrande, San Roque, C\u00e1diz<br \/>\nTelefon: <a href=\"tel:+34646941011\">646941011<\/a><\/p>\n<p><strong>Besitzen Sie dieses Restaurant? <a href=\"https:\/\/www.sotograndeguide.com\/de\/kontakt\/\" rel=\"noopener noreferrer\" target=\"_blank\">Kontaktieren Sie uns, um Fotos, Ereignisse, Nachrichten oder Beschreibungen hinzuzuf\u00fcgen<\/a>.<\/strong><\/p>","protected":false},"excerpt":{"rendered":"<p>Benesse ist eine neue Bistro-Bar und ein Restaurant in Sotogrande, das im Mai 2018 er\u00f6ffnet wurde. Bei Benesse werden Galettes aus glutenfreiem Buchweizen sowie Smoothie-Bowls und ein erweitertes Fr\u00fchst\u00fcck oder schnelles Mittagessen sowie Abendessen serviert. Benesses Sotogrande serviert jetzt wochentags ein erschwingliches \"menu del dia\"-Mittagsmen\u00fc. Benesse Sotogrande ... <a title=\"Benesse\" class=\"read-more\" href=\"https:\/\/www.sotograndeguide.com\/de\/sotogrande-restaurants\/benesse\/\" aria-label=\"Mehr Informationen \u00fcber Benesse\">Mehr lesen<\/a><\/p>","protected":false},"author":1,"featured_media":34534,"parent":91,"menu_order":0,"comment_status":"closed","ping_status":"closed","template":"","meta":{"footnotes":""},"class_list":["post-34531","page","type-page","status-publish","has-post-thumbnail"],"yoast_head":"<!-- This site is optimized with the Yoast SEO Premium plugin v20.5 (Yoast SEO v27.4) - https:\/\/yoast.com\/product\/yoast-seo-premium-wordpress\/ -->\n<title>Benesse<\/title>\n<meta name=\"robots\" content=\"index, follow, max-snippet:-1, max-image-preview:large, max-video-preview:-1\" \/>\n<link rel=\"canonical\" href=\"https:\/\/www.sotograndeguide.com\/de\/restaurants-in-sotogrande\/benesse\/\" \/>\n<meta property=\"og:locale\" content=\"de_DE\" \/>\n<meta property=\"og:type\" content=\"article\" \/>\n<meta property=\"og:title\" content=\"Benesse\" \/>\n<meta property=\"og:description\" content=\"Benesse is a new Bistro bar and restaurant in Sotogrande, launched in May 2018. At Benesse they serve Galettes, made of gluten free buckwheat as well as smoothie bowls and extended breakfast or fast lunches as well as dinner. Benesses Sotogrande is now serving an affordable &#8220;menu del dia&#8221; lunch menu during weekdays. Benesse Sotogrande ... Read more\" \/>\n<meta property=\"og:url\" content=\"https:\/\/www.sotograndeguide.com\/de\/restaurants-in-sotogrande\/benesse\/\" \/>\n<meta property=\"og:site_name\" content=\"Sotogrande Guide\" \/>\n<meta property=\"article:publisher\" content=\"https:\/\/www.facebook.com\/sotograndeguide\" \/>\n<meta property=\"article:modified_time\" content=\"2019-05-21T20:41:12+00:00\" \/>\n<meta property=\"og:image\" content=\"https:\/\/www.sotograndeguide.com\/wp-content\/uploads\/2018\/05\/Benesse.jpg\" \/>\n\t<meta property=\"og:image:width\" content=\"960\" \/>\n\t<meta property=\"og:image:height\" content=\"640\" \/>\n\t<meta property=\"og:image:type\" content=\"image\/jpeg\" \/>\n<meta name=\"twitter:card\" content=\"summary_large_image\" \/>\n<meta name=\"twitter:site\" content=\"@sotograndeguide\" \/>\n<!-- \/ Yoast SEO Premium plugin. -->","yoast_head_json":{"title":"Benesse","robots":{"index":"index","follow":"follow","max-snippet":"max-snippet:-1","max-image-preview":"max-image-preview:large","max-video-preview":"max-video-preview:-1"},"canonical":"https:\/\/www.sotograndeguide.com\/de\/restaurants-in-sotogrande\/benesse\/","og_locale":"de_DE","og_type":"article","og_title":"Benesse","og_description":"Benesse is a new Bistro bar and restaurant in Sotogrande, launched in May 2018. At Benesse they serve Galettes, made of gluten free buckwheat as well as smoothie bowls and extended breakfast or fast lunches as well as dinner. Benesses Sotogrande is now serving an affordable &#8220;menu del dia&#8221; lunch menu during weekdays. Benesse Sotogrande ... Read more","og_url":"https:\/\/www.sotograndeguide.com\/de\/restaurants-in-sotogrande\/benesse\/","og_site_name":"Sotogrande Guide","article_publisher":"https:\/\/www.facebook.com\/sotograndeguide","article_modified_time":"2019-05-21T20:41:12+00:00","og_image":[{"width":960,"height":640,"url":"https:\/\/www.sotograndeguide.com\/wp-content\/uploads\/2018\/05\/Benesse.jpg","type":"image\/jpeg"}],"twitter_card":"summary_large_image","twitter_site":"@sotograndeguide","schema":{"@context":"https:\/\/schema.org","@graph":[{"@type":"WebPage","@id":"https:\/\/www.sotograndeguide.com\/sotogrande-restaurants\/benesse\/","url":"https:\/\/www.sotograndeguide.com\/sotogrande-restaurants\/benesse\/","name":"Benesse","isPartOf":{"@id":"https:\/\/www.sotograndeguide.com\/#website"},"primaryImageOfPage":{"@id":"https:\/\/www.sotograndeguide.com\/sotogrande-restaurants\/benesse\/#primaryimage"},"image":{"@id":"https:\/\/www.sotograndeguide.com\/sotogrande-restaurants\/benesse\/#primaryimage"},"thumbnailUrl":"https:\/\/www.sotograndeguide.com\/wp-content\/uploads\/2018\/05\/Benesse.jpg","datePublished":"2018-05-24T11:39:46+00:00","dateModified":"2019-05-21T20:41:12+00:00","breadcrumb":{"@id":"https:\/\/www.sotograndeguide.com\/sotogrande-restaurants\/benesse\/#breadcrumb"},"inLanguage":"de","potentialAction":[{"@type":"ReadAction","target":["https:\/\/www.sotograndeguide.com\/sotogrande-restaurants\/benesse\/"]}]},{"@type":"ImageObject","inLanguage":"de","@id":"https:\/\/www.sotograndeguide.com\/sotogrande-restaurants\/benesse\/#primaryimage","url":"https:\/\/www.sotograndeguide.com\/wp-content\/uploads\/2018\/05\/Benesse.jpg","contentUrl":"https:\/\/www.sotograndeguide.com\/wp-content\/uploads\/2018\/05\/Benesse.jpg","width":960,"height":640,"caption":"Benesse"},{"@type":"BreadcrumbList","@id":"https:\/\/www.sotograndeguide.com\/sotogrande-restaurants\/benesse\/#breadcrumb","itemListElement":[{"@type":"ListItem","position":1,"name":"Home","item":"https:\/\/www.sotograndeguide.com\/"},{"@type":"ListItem","position":2,"name":"Sotogrande Restaurants","item":"https:\/\/www.sotograndeguide.com\/sotogrande-restaurants\/"},{"@type":"ListItem","position":3,"name":"Benesse"}]},{"@type":"WebSite","@id":"https:\/\/www.sotograndeguide.com\/#website","url":"https:\/\/www.sotograndeguide.com\/","name":"Sotogrande Reisef\u00fchrer","description":"Nachrichten, Tipps, Veranstaltungen und Rezensionen","publisher":{"@id":"https:\/\/www.sotograndeguide.com\/#organization"},"potentialAction":[{"@type":"SearchAction","target":{"@type":"EntryPoint","urlTemplate":"https:\/\/www.sotograndeguide.com\/?s={search_term_string}"},"query-input":{"@type":"PropertyValueSpecification","valueRequired":true,"valueName":"search_term_string"}}],"inLanguage":"de"},{"@type":"Organization","@id":"https:\/\/www.sotograndeguide.com\/#organization","name":"Sotogrande Reisef\u00fchrer","url":"https:\/\/www.sotograndeguide.com\/","logo":{"@type":"ImageObject","inLanguage":"de","@id":"https:\/\/www.sotograndeguide.com\/#\/schema\/logo\/image\/","url":"https:\/\/www.sotograndeguide.com\/wp-content\/uploads\/2017\/03\/Sotogrande-Logo-GUIDE.png","contentUrl":"https:\/\/www.sotograndeguide.com\/wp-content\/uploads\/2017\/03\/Sotogrande-Logo-GUIDE.png","width":300,"height":300,"caption":"Sotogrande Guide"},"image":{"@id":"https:\/\/www.sotograndeguide.com\/#\/schema\/logo\/image\/"},"sameAs":["https:\/\/www.facebook.com\/sotograndeguide","https:\/\/x.com\/sotograndeguide","https:\/\/www.tiktok.com\/@sotograndeguide","https:\/\/www.youtube.com\/@SotograndeGuide"]}]}},"jetpack_sharing_enabled":true,"_links":{"self":[{"href":"https:\/\/www.sotograndeguide.com\/de\/wp-json\/wp\/v2\/pages\/34531","targetHints":{"allow":["GET"]}}],"collection":[{"href":"https:\/\/www.sotograndeguide.com\/de\/wp-json\/wp\/v2\/pages"}],"about":[{"href":"https:\/\/www.sotograndeguide.com\/de\/wp-json\/wp\/v2\/types\/page"}],"author":[{"embeddable":true,"href":"https:\/\/www.sotograndeguide.com\/de\/wp-json\/wp\/v2\/users\/1"}],"replies":[{"embeddable":true,"href":"https:\/\/www.sotograndeguide.com\/de\/wp-json\/wp\/v2\/comments?post=34531"}],"version-history":[{"count":0,"href":"https:\/\/www.sotograndeguide.com\/de\/wp-json\/wp\/v2\/pages\/34531\/revisions"}],"up":[{"embeddable":true,"href":"https:\/\/www.sotograndeguide.com\/de\/wp-json\/wp\/v2\/pages\/91"}],"wp:featuredmedia":[{"embeddable":true,"href":"https:\/\/www.sotograndeguide.com\/de\/wp-json\/wp\/v2\/media\/34534"}],"wp:attachment":[{"href":"https:\/\/www.sotograndeguide.com\/de\/wp-json\/wp\/v2\/media?parent=34531"}],"curies":[{"name":"wp","href":"https:\/\/api.w.org\/{rel}","templated":true}]}}