{"id":33575,"date":"2017-11-15T03:50:02","date_gmt":"2017-11-15T03:50:02","guid":{"rendered":"https:\/\/www.sotograndeguide.com\/?page_id=33575"},"modified":"2019-07-07T20:07:32","modified_gmt":"2019-07-07T20:07:32","slug":"hotel-alcaidesa","status":"publish","type":"page","link":"https:\/\/www.sotograndeguide.com\/de\/sotogrande-hotels\/hotel-alcaidesa\/","title":{"rendered":"Hotel Alcaidesa"},"content":{"rendered":"<p><a href=\"http:\/\/www.booking.com\/hotel\/es\/alcaidesa.en.html?aid=1233189&amp;no_rooms=1&amp;group_adults=1&amp;label=sotograndeguide\" target=\"_blank\" rel=\"noopener noreferrer\">Hotel Alcaidesa<\/a> wurde 2017 als Boutique-Hotel wiederer\u00f6ffnet. Das 4-Sterne-Hotel verf\u00fcgt \u00fcber 8 Zimmer, ein Restaurant und eine Pub-Terrasse.<\/p>\n<p>Es handelt sich um ein kleines Hotel mit viel Liebe zum Detail und g\u00fcnstiger Lage in Strandn\u00e4he (5 Minuten zu Fu\u00df).<\/p>\n<p><a href=\"http:\/\/www.booking.com\/hotel\/es\/alcaidesa.en.html?aid=1233189&amp;no_rooms=1&amp;group_adults=1&amp;label=sotograndeguide\">Erkundigen Sie sich nach den besten Tarifen f\u00fcr das Hotel Alcaidesa<\/a>.<br \/>\n<a href=\"https:\/\/www.sotograndeguide.com\/de\/sotogrande-hotels\/\">Sehen Sie sich andere Hotels in und um Sotogrande an<\/a>.<br \/>\n<a href=\"https:\/\/www.sotograndeguide.com\/de\/sotogrande-concierge\/\" target=\"_blank\" rel=\"noopener noreferrer\">Haben Sie Fragen zu diesem Hotel? Sprechen Sie mit dem Concierge von Sotogrande<\/a>.<\/p>\n<p><strong>Hotel Alcaidesa<\/strong><br \/>\nAnschrift: Calle de la Villa Real, La Alcaidesa, 11315 La L\u00ednea de la Concepci\u00f3n, C\u00e1diz<br \/>\nTelefon: <a href=\"tel:+34956792008\">956792008<\/a><\/p>","protected":false},"excerpt":{"rendered":"<p>Das Hotel Alcaidesa wurde 2017 als Boutique-Hotel wiederer\u00f6ffnet. Das 4-Sterne-Hotel verf\u00fcgt \u00fcber 8 Zimmer, ein eigenes Restaurant und eine Pub-Terrasse. Es ist ein kleines Hotel mit viel Liebe zum Detail und liegt g\u00fcnstig in der N\u00e4he des Strandes (5 Minuten zu Fu\u00df). Pr\u00fcfen Sie die besten Tarife f\u00fcr das Hotel Alcaidesa. Schauen Sie sich andere ... <a title=\"Hotel Alcaidesa\" class=\"read-more\" href=\"https:\/\/www.sotograndeguide.com\/de\/sotogrande-hotels\/hotel-alcaidesa\/\" aria-label=\"Mehr Informationen \u00fcber das Hotel Alcaidesa\">Mehr lesen<\/a><\/p>","protected":false},"author":1,"featured_media":33577,"parent":94,"menu_order":0,"comment_status":"closed","ping_status":"closed","template":"","meta":{"footnotes":""},"class_list":["post-33575","page","type-page","status-publish","has-post-thumbnail"],"yoast_head":"<!-- This site is optimized with the Yoast SEO Premium plugin v20.5 (Yoast SEO v27.5) - https:\/\/yoast.com\/product\/yoast-seo-premium-wordpress\/ -->\n<title>Hotel Alcaidesa - Sotogrande Guide \ud83d\udc59 Hotel Near The Beach<\/title>\n<meta name=\"description\" content=\"Hotel Alcaidesa is the boutique hotel of choice for travellers who want to enjoy Alcadeisa, Sotogrande and the stunning beaches.\" \/>\n<meta name=\"robots\" content=\"index, follow, max-snippet:-1, max-image-preview:large, max-video-preview:-1\" \/>\n<link rel=\"canonical\" href=\"https:\/\/www.sotograndeguide.com\/de\/sotogrande-hotels\/hotel-alcaidesa\/\" \/>\n<meta property=\"og:locale\" content=\"de_DE\" \/>\n<meta property=\"og:type\" content=\"article\" \/>\n<meta property=\"og:title\" content=\"Hotel Alcaidesa\" \/>\n<meta property=\"og:description\" content=\"Hotel Alcaidesa is the boutique hotel of choice for travellers who want to enjoy Alcadeisa, Sotogrande and the stunning beaches.\" \/>\n<meta property=\"og:url\" content=\"https:\/\/www.sotograndeguide.com\/de\/sotogrande-hotels\/hotel-alcaidesa\/\" \/>\n<meta property=\"og:site_name\" content=\"Sotogrande Guide\" \/>\n<meta property=\"article:publisher\" content=\"https:\/\/www.facebook.com\/sotograndeguide\" \/>\n<meta property=\"article:modified_time\" content=\"2019-07-07T20:07:32+00:00\" \/>\n<meta property=\"og:image\" content=\"https:\/\/www.sotograndeguide.com\/wp-content\/uploads\/2017\/11\/Hotel-Alcaidesa.jpg\" \/>\n\t<meta property=\"og:image:width\" content=\"1200\" \/>\n\t<meta property=\"og:image:height\" content=\"774\" \/>\n\t<meta property=\"og:image:type\" content=\"image\/jpeg\" \/>\n<meta name=\"twitter:card\" content=\"summary_large_image\" \/>\n<meta name=\"twitter:site\" content=\"@sotograndeguide\" \/>\n<!-- \/ Yoast SEO Premium plugin. -->","yoast_head_json":{"title":"Hotel Alcaidesa - Sotogrande Reisef\u00fchrer \ud83d\udc59 Hotel in Strandn\u00e4he","description":"Das Hotel Alcaidesa ist das Boutiquehotel der Wahl f\u00fcr Reisende, die Alcadeisa, Sotogrande und die herrlichen Str\u00e4nde genie\u00dfen m\u00f6chten.","robots":{"index":"index","follow":"follow","max-snippet":"max-snippet:-1","max-image-preview":"max-image-preview:large","max-video-preview":"max-video-preview:-1"},"canonical":"https:\/\/www.sotograndeguide.com\/de\/sotogrande-hotels\/hotel-alcaidesa\/","og_locale":"de_DE","og_type":"article","og_title":"Hotel Alcaidesa","og_description":"Hotel Alcaidesa is the boutique hotel of choice for travellers who want to enjoy Alcadeisa, Sotogrande and the stunning beaches.","og_url":"https:\/\/www.sotograndeguide.com\/de\/sotogrande-hotels\/hotel-alcaidesa\/","og_site_name":"Sotogrande Guide","article_publisher":"https:\/\/www.facebook.com\/sotograndeguide","article_modified_time":"2019-07-07T20:07:32+00:00","og_image":[{"width":1200,"height":774,"url":"https:\/\/www.sotograndeguide.com\/wp-content\/uploads\/2017\/11\/Hotel-Alcaidesa.jpg","type":"image\/jpeg"}],"twitter_card":"summary_large_image","twitter_site":"@sotograndeguide","schema":{"@context":"https:\/\/schema.org","@graph":[{"@type":"WebPage","@id":"https:\/\/www.sotograndeguide.com\/sotogrande-hotels\/hotel-alcaidesa\/","url":"https:\/\/www.sotograndeguide.com\/sotogrande-hotels\/hotel-alcaidesa\/","name":"Hotel Alcaidesa - Sotogrande Reisef\u00fchrer \ud83d\udc59 Hotel in Strandn\u00e4he","isPartOf":{"@id":"https:\/\/www.sotograndeguide.com\/#website"},"primaryImageOfPage":{"@id":"https:\/\/www.sotograndeguide.com\/sotogrande-hotels\/hotel-alcaidesa\/#primaryimage"},"image":{"@id":"https:\/\/www.sotograndeguide.com\/sotogrande-hotels\/hotel-alcaidesa\/#primaryimage"},"thumbnailUrl":"https:\/\/www.sotograndeguide.com\/wp-content\/uploads\/2017\/11\/Hotel-Alcaidesa.jpg","datePublished":"2017-11-15T03:50:02+00:00","dateModified":"2019-07-07T20:07:32+00:00","description":"Das Hotel Alcaidesa ist das Boutiquehotel der Wahl f\u00fcr Reisende, die Alcadeisa, Sotogrande und die herrlichen Str\u00e4nde genie\u00dfen m\u00f6chten.","breadcrumb":{"@id":"https:\/\/www.sotograndeguide.com\/sotogrande-hotels\/hotel-alcaidesa\/#breadcrumb"},"inLanguage":"de","potentialAction":[{"@type":"ReadAction","target":["https:\/\/www.sotograndeguide.com\/sotogrande-hotels\/hotel-alcaidesa\/"]}]},{"@type":"ImageObject","inLanguage":"de","@id":"https:\/\/www.sotograndeguide.com\/sotogrande-hotels\/hotel-alcaidesa\/#primaryimage","url":"https:\/\/www.sotograndeguide.com\/wp-content\/uploads\/2017\/11\/Hotel-Alcaidesa.jpg","contentUrl":"https:\/\/www.sotograndeguide.com\/wp-content\/uploads\/2017\/11\/Hotel-Alcaidesa.jpg","width":1200,"height":774,"caption":"Hotel Alcaidesa"},{"@type":"BreadcrumbList","@id":"https:\/\/www.sotograndeguide.com\/sotogrande-hotels\/hotel-alcaidesa\/#breadcrumb","itemListElement":[{"@type":"ListItem","position":1,"name":"Home","item":"https:\/\/www.sotograndeguide.com\/"},{"@type":"ListItem","position":2,"name":"Sotogrande Hotels","item":"https:\/\/www.sotograndeguide.com\/sotogrande-hotels\/"},{"@type":"ListItem","position":3,"name":"Hotel Alcaidesa"}]},{"@type":"WebSite","@id":"https:\/\/www.sotograndeguide.com\/#website","url":"https:\/\/www.sotograndeguide.com\/","name":"Sotogrande Reisef\u00fchrer","description":"Nachrichten, Tipps, Veranstaltungen und Rezensionen","publisher":{"@id":"https:\/\/www.sotograndeguide.com\/#organization"},"potentialAction":[{"@type":"SearchAction","target":{"@type":"EntryPoint","urlTemplate":"https:\/\/www.sotograndeguide.com\/?s={search_term_string}"},"query-input":{"@type":"PropertyValueSpecification","valueRequired":true,"valueName":"search_term_string"}}],"inLanguage":"de"},{"@type":"Organization","@id":"https:\/\/www.sotograndeguide.com\/#organization","name":"Sotogrande Reisef\u00fchrer","url":"https:\/\/www.sotograndeguide.com\/","logo":{"@type":"ImageObject","inLanguage":"de","@id":"https:\/\/www.sotograndeguide.com\/#\/schema\/logo\/image\/","url":"https:\/\/www.sotograndeguide.com\/wp-content\/uploads\/2017\/03\/Sotogrande-Logo-GUIDE.png","contentUrl":"https:\/\/www.sotograndeguide.com\/wp-content\/uploads\/2017\/03\/Sotogrande-Logo-GUIDE.png","width":300,"height":300,"caption":"Sotogrande Guide"},"image":{"@id":"https:\/\/www.sotograndeguide.com\/#\/schema\/logo\/image\/"},"sameAs":["https:\/\/www.facebook.com\/sotograndeguide","https:\/\/x.com\/sotograndeguide","https:\/\/www.tiktok.com\/@sotograndeguide","https:\/\/www.youtube.com\/@SotograndeGuide"]}]}},"jetpack_sharing_enabled":true,"_links":{"self":[{"href":"https:\/\/www.sotograndeguide.com\/de\/wp-json\/wp\/v2\/pages\/33575","targetHints":{"allow":["GET"]}}],"collection":[{"href":"https:\/\/www.sotograndeguide.com\/de\/wp-json\/wp\/v2\/pages"}],"about":[{"href":"https:\/\/www.sotograndeguide.com\/de\/wp-json\/wp\/v2\/types\/page"}],"author":[{"embeddable":true,"href":"https:\/\/www.sotograndeguide.com\/de\/wp-json\/wp\/v2\/users\/1"}],"replies":[{"embeddable":true,"href":"https:\/\/www.sotograndeguide.com\/de\/wp-json\/wp\/v2\/comments?post=33575"}],"version-history":[{"count":0,"href":"https:\/\/www.sotograndeguide.com\/de\/wp-json\/wp\/v2\/pages\/33575\/revisions"}],"up":[{"embeddable":true,"href":"https:\/\/www.sotograndeguide.com\/de\/wp-json\/wp\/v2\/pages\/94"}],"wp:featuredmedia":[{"embeddable":true,"href":"https:\/\/www.sotograndeguide.com\/de\/wp-json\/wp\/v2\/media\/33577"}],"wp:attachment":[{"href":"https:\/\/www.sotograndeguide.com\/de\/wp-json\/wp\/v2\/media?parent=33575"}],"curies":[{"name":"wp","href":"https:\/\/api.w.org\/{rel}","templated":true}]}}