{"id":33572,"date":"2017-11-15T04:31:40","date_gmt":"2017-11-15T04:31:40","guid":{"rendered":"https:\/\/www.sotograndeguide.com\/?page_id=33572"},"modified":"2019-07-07T20:04:59","modified_gmt":"2019-07-07T20:04:59","slug":"finca-cortesin-hotel-golf-spa","status":"publish","type":"page","link":"https:\/\/www.sotograndeguide.com\/de\/sotogrande-hotels\/finca-cortesin-hotel-golf-spa\/","title":{"rendered":"Finca Cortesin Hotel Golf &amp; Spa"},"content":{"rendered":"<p><a href=\"http:\/\/www.booking.com\/hotel\/es\/finca-cortesin-golf-spa.en-gb.html?aid=1233189&amp;no_rooms=1&amp;group_adults=1&amp;label=sotograndeguide\" target=\"_blank\" rel=\"noopener noreferrer\">Finca Cortesin Hotel Golf &amp; Spa<\/a> ist das einzige F\u00fcnf-Sterne-Hotel in der Umgebung von Sotogrande. Es liegt in den Ausl\u00e4ufern von Casares, 15 Autominuten von Sotogrande entfernt.<\/p>\n<p>Das exklusive 5-Sterne-Haus liegt auf einem 215 Hektar gro\u00dfen Privatgel\u00e4nde und verf\u00fcgt \u00fcber einen eigenen Golfplatz und ein spektakul\u00e4res Spa.<\/p>\n<p>Zweifellos ist dies die richtige Wahl f\u00fcr den anspruchsvollen Reisenden, der in der N\u00e4he von Sotogrande, aber nicht unbedingt in Sotogrande sein m\u00f6chte.<\/p>\n<h3>Finca Cortesin Hotel Golf &amp; Spa Fotogalerie<\/h3>\n<div id='gallery-1' class='gallery galleryid-33572 gallery-columns-4 gallery-size-medium'><figure class='gallery-item'>\n\t\t\t<div class='gallery-icon landscape'>\n\t\t\t\t<a href='https:\/\/www.sotograndeguide.com\/wp-content\/uploads\/2018\/11\/Finca-Cortesin-Hotel-Golf-Spa-5.jpeg'><img decoding=\"async\" width=\"300\" height=\"180\" src=\"https:\/\/www.sotograndeguide.com\/wp-content\/uploads\/2018\/11\/Finca-Cortesin-Hotel-Golf-Spa-5-300x180.jpeg\" class=\"attachment-medium size-medium\" alt=\"Zimmer mit Meerblick\" srcset=\"https:\/\/www.sotograndeguide.com\/wp-content\/uploads\/2018\/11\/Finca-Cortesin-Hotel-Golf-Spa-5-300x180.jpeg 300w, https:\/\/www.sotograndeguide.com\/wp-content\/uploads\/2018\/11\/Finca-Cortesin-Hotel-Golf-Spa-5-768x461.jpeg 768w, https:\/\/www.sotograndeguide.com\/wp-content\/uploads\/2018\/11\/Finca-Cortesin-Hotel-Golf-Spa-5-1024x614.jpeg 1024w, https:\/\/www.sotograndeguide.com\/wp-content\/uploads\/2018\/11\/Finca-Cortesin-Hotel-Golf-Spa-5.jpeg 1920w\" sizes=\"(max-width: 300px) 100vw, 300px\" \/><\/a>\n\t\t\t<\/div><\/figure><figure class='gallery-item'>\n\t\t\t<div class='gallery-icon landscape'>\n\t\t\t\t<a href='https:\/\/www.sotograndeguide.com\/wp-content\/uploads\/2018\/11\/Finca-Cortesin-Hotel-Golf-Spa-2.jpeg'><img decoding=\"async\" width=\"300\" height=\"180\" src=\"https:\/\/www.sotograndeguide.com\/wp-content\/uploads\/2018\/11\/Finca-Cortesin-Hotel-Golf-Spa-2-300x180.jpeg\" class=\"attachment-medium size-medium\" alt=\"Das Hotel-Hallenbad\" srcset=\"https:\/\/www.sotograndeguide.com\/wp-content\/uploads\/2018\/11\/Finca-Cortesin-Hotel-Golf-Spa-2-300x180.jpeg 300w, https:\/\/www.sotograndeguide.com\/wp-content\/uploads\/2018\/11\/Finca-Cortesin-Hotel-Golf-Spa-2-768x461.jpeg 768w, https:\/\/www.sotograndeguide.com\/wp-content\/uploads\/2018\/11\/Finca-Cortesin-Hotel-Golf-Spa-2-1024x614.jpeg 1024w, https:\/\/www.sotograndeguide.com\/wp-content\/uploads\/2018\/11\/Finca-Cortesin-Hotel-Golf-Spa-2.jpeg 1920w\" sizes=\"(max-width: 300px) 100vw, 300px\" \/><\/a>\n\t\t\t<\/div><\/figure><figure class='gallery-item'>\n\t\t\t<div class='gallery-icon landscape'>\n\t\t\t\t<a href='https:\/\/www.sotograndeguide.com\/wp-content\/uploads\/2018\/11\/Finca-Cortesin-Hotel-Golf-Spa-8.jpeg'><img decoding=\"async\" width=\"300\" height=\"180\" src=\"https:\/\/www.sotograndeguide.com\/wp-content\/uploads\/2018\/11\/Finca-Cortesin-Hotel-Golf-Spa-8-300x180.jpeg\" class=\"attachment-medium size-medium\" alt=\"Die Suiten\" srcset=\"https:\/\/www.sotograndeguide.com\/wp-content\/uploads\/2018\/11\/Finca-Cortesin-Hotel-Golf-Spa-8-300x180.jpeg 300w, https:\/\/www.sotograndeguide.com\/wp-content\/uploads\/2018\/11\/Finca-Cortesin-Hotel-Golf-Spa-8-768x461.jpeg 768w, https:\/\/www.sotograndeguide.com\/wp-content\/uploads\/2018\/11\/Finca-Cortesin-Hotel-Golf-Spa-8-1024x614.jpeg 1024w, https:\/\/www.sotograndeguide.com\/wp-content\/uploads\/2018\/11\/Finca-Cortesin-Hotel-Golf-Spa-8.jpeg 1920w\" sizes=\"(max-width: 300px) 100vw, 300px\" \/><\/a>\n\t\t\t<\/div><\/figure><figure class='gallery-item'>\n\t\t\t<div class='gallery-icon landscape'>\n\t\t\t\t<a href='https:\/\/www.sotograndeguide.com\/wp-content\/uploads\/2018\/11\/Finca-Cortesin-Hotel-Golf-Spa-6.jpeg'><img decoding=\"async\" width=\"300\" height=\"180\" src=\"https:\/\/www.sotograndeguide.com\/wp-content\/uploads\/2018\/11\/Finca-Cortesin-Hotel-Golf-Spa-6-300x180.jpeg\" class=\"attachment-medium size-medium\" alt=\"Finca Cortesin Hotel Golf &amp; Spa\" srcset=\"https:\/\/www.sotograndeguide.com\/wp-content\/uploads\/2018\/11\/Finca-Cortesin-Hotel-Golf-Spa-6-300x180.jpeg 300w, https:\/\/www.sotograndeguide.com\/wp-content\/uploads\/2018\/11\/Finca-Cortesin-Hotel-Golf-Spa-6-768x461.jpeg 768w, https:\/\/www.sotograndeguide.com\/wp-content\/uploads\/2018\/11\/Finca-Cortesin-Hotel-Golf-Spa-6-1024x614.jpeg 1024w, https:\/\/www.sotograndeguide.com\/wp-content\/uploads\/2018\/11\/Finca-Cortesin-Hotel-Golf-Spa-6.jpeg 1920w\" sizes=\"(max-width: 300px) 100vw, 300px\" \/><\/a>\n\t\t\t<\/div><\/figure><figure class='gallery-item'>\n\t\t\t<div class='gallery-icon landscape'>\n\t\t\t\t<a href='https:\/\/www.sotograndeguide.com\/wp-content\/uploads\/2018\/11\/Finca-Cortesin-Hotel-Golf-Spa-1.jpeg'><img decoding=\"async\" width=\"300\" height=\"180\" src=\"https:\/\/www.sotograndeguide.com\/wp-content\/uploads\/2018\/11\/Finca-Cortesin-Hotel-Golf-Spa-1-300x180.jpeg\" class=\"attachment-medium size-medium\" alt=\"Finca Cortesin Hotel Golf &amp; Spa\" srcset=\"https:\/\/www.sotograndeguide.com\/wp-content\/uploads\/2018\/11\/Finca-Cortesin-Hotel-Golf-Spa-1-300x180.jpeg 300w, https:\/\/www.sotograndeguide.com\/wp-content\/uploads\/2018\/11\/Finca-Cortesin-Hotel-Golf-Spa-1-768x461.jpeg 768w, https:\/\/www.sotograndeguide.com\/wp-content\/uploads\/2018\/11\/Finca-Cortesin-Hotel-Golf-Spa-1-1024x614.jpeg 1024w, https:\/\/www.sotograndeguide.com\/wp-content\/uploads\/2018\/11\/Finca-Cortesin-Hotel-Golf-Spa-1.jpeg 1920w\" sizes=\"(max-width: 300px) 100vw, 300px\" \/><\/a>\n\t\t\t<\/div><\/figure><figure class='gallery-item'>\n\t\t\t<div class='gallery-icon landscape'>\n\t\t\t\t<a href='https:\/\/www.sotograndeguide.com\/wp-content\/uploads\/2018\/11\/Finca-Cortesin-Hotel-Golf-Spa-4.jpeg'><img decoding=\"async\" width=\"300\" height=\"180\" src=\"https:\/\/www.sotograndeguide.com\/wp-content\/uploads\/2018\/11\/Finca-Cortesin-Hotel-Golf-Spa-4-300x180.jpeg\" class=\"attachment-medium size-medium\" alt=\"Erstaunliches Au\u00dfenschwimmbad\" srcset=\"https:\/\/www.sotograndeguide.com\/wp-content\/uploads\/2018\/11\/Finca-Cortesin-Hotel-Golf-Spa-4-300x180.jpeg 300w, https:\/\/www.sotograndeguide.com\/wp-content\/uploads\/2018\/11\/Finca-Cortesin-Hotel-Golf-Spa-4-768x461.jpeg 768w, https:\/\/www.sotograndeguide.com\/wp-content\/uploads\/2018\/11\/Finca-Cortesin-Hotel-Golf-Spa-4-1024x614.jpeg 1024w, https:\/\/www.sotograndeguide.com\/wp-content\/uploads\/2018\/11\/Finca-Cortesin-Hotel-Golf-Spa-4.jpeg 1920w\" sizes=\"(max-width: 300px) 100vw, 300px\" \/><\/a>\n\t\t\t<\/div><\/figure><figure class='gallery-item'>\n\t\t\t<div class='gallery-icon landscape'>\n\t\t\t\t<a href='https:\/\/www.sotograndeguide.com\/wp-content\/uploads\/2018\/11\/Finca-Cortesin-Hotel-Golf-Spa-3.jpeg'><img decoding=\"async\" width=\"300\" height=\"180\" src=\"https:\/\/www.sotograndeguide.com\/wp-content\/uploads\/2018\/11\/Finca-Cortesin-Hotel-Golf-Spa-3-300x180.jpeg\" class=\"attachment-medium size-medium\" alt=\"Finca Cortesin Hotel Golf &amp; Spa\" srcset=\"https:\/\/www.sotograndeguide.com\/wp-content\/uploads\/2018\/11\/Finca-Cortesin-Hotel-Golf-Spa-3-300x180.jpeg 300w, https:\/\/www.sotograndeguide.com\/wp-content\/uploads\/2018\/11\/Finca-Cortesin-Hotel-Golf-Spa-3-768x461.jpeg 768w, https:\/\/www.sotograndeguide.com\/wp-content\/uploads\/2018\/11\/Finca-Cortesin-Hotel-Golf-Spa-3-1024x614.jpeg 1024w, https:\/\/www.sotograndeguide.com\/wp-content\/uploads\/2018\/11\/Finca-Cortesin-Hotel-Golf-Spa-3.jpeg 1920w\" sizes=\"(max-width: 300px) 100vw, 300px\" \/><\/a>\n\t\t\t<\/div><\/figure><figure class='gallery-item'>\n\t\t\t<div class='gallery-icon landscape'>\n\t\t\t\t<a href='https:\/\/www.sotograndeguide.com\/wp-content\/uploads\/2018\/11\/Finca-Cortesin-Hotel-Golf-Spa-7.jpeg'><img decoding=\"async\" width=\"300\" height=\"180\" src=\"https:\/\/www.sotograndeguide.com\/wp-content\/uploads\/2018\/11\/Finca-Cortesin-Hotel-Golf-Spa-7-300x180.jpeg\" class=\"attachment-medium size-medium\" alt=\"Der Au\u00dfenbereich des Hotels\" srcset=\"https:\/\/www.sotograndeguide.com\/wp-content\/uploads\/2018\/11\/Finca-Cortesin-Hotel-Golf-Spa-7-300x180.jpeg 300w, https:\/\/www.sotograndeguide.com\/wp-content\/uploads\/2018\/11\/Finca-Cortesin-Hotel-Golf-Spa-7-768x461.jpeg 768w, https:\/\/www.sotograndeguide.com\/wp-content\/uploads\/2018\/11\/Finca-Cortesin-Hotel-Golf-Spa-7-1024x614.jpeg 1024w, https:\/\/www.sotograndeguide.com\/wp-content\/uploads\/2018\/11\/Finca-Cortesin-Hotel-Golf-Spa-7.jpeg 1920w\" sizes=\"(max-width: 300px) 100vw, 300px\" \/><\/a>\n\t\t\t<\/div><\/figure>\n\t\t<\/div>\n\n<p><a href=\"http:\/\/www.booking.com\/hotel\/es\/finca-cortesin-golf-spa.en-gb.html?aid=1233189&amp;no_rooms=1&amp;group_adults=1&amp;label=sotograndeguide\" target=\"_blank\" rel=\"noopener noreferrer\">Erkundigen Sie sich nach den besten Preisen f\u00fcr das Finca Cortesin Hotel Golf &amp; Spa<\/a>.<br \/>\n<a href=\"https:\/\/www.sotograndeguide.com\/de\/sotogrande-hotels\/\">Sehen Sie sich andere Hotels in und um Sotogrande an<\/a>.<br \/>\n<a href=\"https:\/\/www.sotograndeguide.com\/de\/sotogrande-concierge\/\" target=\"_blank\" rel=\"noopener noreferrer\">Haben Sie Fragen zu diesem Hotel? Sprechen Sie mit dem Concierge von Sotogrande<\/a>.<\/p>\n<p><strong>Finca Cortesin Hotel Golf &amp; Spa<\/strong><br \/>\nAnschrift: Caretera Casares, s\/n, 29690 Casares, M\u00e1laga<br \/>\nTelefon: <a href=\"tel:+34952937800\">952937800<\/a><\/p>","protected":false},"excerpt":{"rendered":"<p>Das Finca Cortesin Hotel Golf &amp; Spa ist das einzige F\u00fcnf-Sterne-Hotel in der Umgebung von Sotogrande und liegt in den Ausl\u00e4ufern von Casares, 15 Autominuten von Sotogrande entfernt. Das exklusive 5-Sterne-Hotel befindet sich auf einem 215 Hektar gro\u00dfen Privatgrundst\u00fcck und verf\u00fcgt \u00fcber einen eigenen Golfplatz und ein spektakul\u00e4res Spa. Zweifelsohne ist dies die richtige Wahl f\u00fcr anspruchsvolle Reisende ... <a title=\"Finca Cortesin Hotel Golf &amp; Spa\" class=\"read-more\" href=\"https:\/\/www.sotograndeguide.com\/de\/sotogrande-hotels\/finca-cortesin-hotel-golf-spa\/\" aria-label=\"Mehr Informationen \u00fcber Finca Cortesin Hotel Golf &amp; Spa\">Mehr lesen<\/a><\/p>","protected":false},"author":1,"featured_media":33617,"parent":94,"menu_order":0,"comment_status":"closed","ping_status":"closed","template":"","meta":{"footnotes":""},"class_list":["post-33572","page","type-page","status-publish","has-post-thumbnail"],"yoast_head":"<!-- This site is optimized with the Yoast SEO Premium plugin v20.5 (Yoast SEO v27.3) - https:\/\/yoast.com\/product\/yoast-seo-premium-wordpress\/ -->\n<title>Finca Cortesin Hotel Golf &amp; Spa - Sotogrande Guide \ud83d\udc8e Best Luxury Hotel<\/title>\n<meta name=\"description\" content=\"The Finca Cortesin Hotel Golf &amp; Spa is without a doubt the best luxury hotel near Sotogrande. If you plan to stay here, you will love it! \ud83d\ude0d\" \/>\n<meta name=\"robots\" content=\"index, follow, max-snippet:-1, max-image-preview:large, max-video-preview:-1\" \/>\n<link rel=\"canonical\" href=\"https:\/\/www.sotograndeguide.com\/de\/sotogrande-hotels\/finca-cortesin-hotel-golf-spa\/\" \/>\n<meta property=\"og:locale\" content=\"de_DE\" \/>\n<meta property=\"og:type\" content=\"article\" \/>\n<meta property=\"og:title\" content=\"Finca Cortesin Hotel Golf &amp; Spa\" \/>\n<meta property=\"og:description\" content=\"The Finca Cortesin Hotel Golf &amp; Spa is without a doubt the best luxury hotel near Sotogrande. If you plan to stay here, you will love it! \ud83d\ude0d\" \/>\n<meta property=\"og:url\" content=\"https:\/\/www.sotograndeguide.com\/de\/sotogrande-hotels\/finca-cortesin-hotel-golf-spa\/\" \/>\n<meta property=\"og:site_name\" content=\"Sotogrande Guide\" \/>\n<meta property=\"article:publisher\" content=\"https:\/\/www.facebook.com\/sotograndeguide\" \/>\n<meta property=\"article:modified_time\" content=\"2019-07-07T20:04:59+00:00\" \/>\n<meta property=\"og:image\" content=\"https:\/\/www.sotograndeguide.com\/wp-content\/uploads\/2017\/11\/Finca-Cortesin-Hotel-Golf-Spa.jpeg\" \/>\n\t<meta property=\"og:image:width\" content=\"1600\" \/>\n\t<meta property=\"og:image:height\" content=\"960\" \/>\n\t<meta property=\"og:image:type\" content=\"image\/jpeg\" \/>\n<meta name=\"twitter:card\" content=\"summary_large_image\" \/>\n<meta name=\"twitter:site\" content=\"@sotograndeguide\" \/>\n<meta name=\"twitter:label1\" content=\"Gesch\u00e4tzte Lesezeit\" \/>\n\t<meta name=\"twitter:data1\" content=\"1\u00a0Minute\" \/>\n<!-- \/ Yoast SEO Premium plugin. -->","yoast_head_json":{"title":"Finca Cortesin Hotel Golf &amp; Spa - Sotogrande Reisef\u00fchrer \ud83d\udc8e Bestes Luxushotel","description":"Das Finca Cortesin Hotel Golf &amp; Spa ist zweifelsohne das beste Luxushotel in der N\u00e4he von Sotogrande. Wenn Sie einen Aufenthalt hier planen, werden Sie es lieben! \ud83d\ude0d","robots":{"index":"index","follow":"follow","max-snippet":"max-snippet:-1","max-image-preview":"max-image-preview:large","max-video-preview":"max-video-preview:-1"},"canonical":"https:\/\/www.sotograndeguide.com\/de\/sotogrande-hotels\/finca-cortesin-hotel-golf-spa\/","og_locale":"de_DE","og_type":"article","og_title":"Finca Cortesin Hotel Golf & Spa","og_description":"The Finca Cortesin Hotel Golf & Spa is without a doubt the best luxury hotel near Sotogrande. If you plan to stay here, you will love it! \ud83d\ude0d","og_url":"https:\/\/www.sotograndeguide.com\/de\/sotogrande-hotels\/finca-cortesin-hotel-golf-spa\/","og_site_name":"Sotogrande Guide","article_publisher":"https:\/\/www.facebook.com\/sotograndeguide","article_modified_time":"2019-07-07T20:04:59+00:00","og_image":[{"width":1600,"height":960,"url":"https:\/\/www.sotograndeguide.com\/wp-content\/uploads\/2017\/11\/Finca-Cortesin-Hotel-Golf-Spa.jpeg","type":"image\/jpeg"}],"twitter_card":"summary_large_image","twitter_site":"@sotograndeguide","twitter_misc":{"Gesch\u00e4tzte Lesezeit":"1\u00a0Minute"},"schema":{"@context":"https:\/\/schema.org","@graph":[{"@type":"WebPage","@id":"https:\/\/www.sotograndeguide.com\/sotogrande-hotels\/finca-cortesin-hotel-golf-spa\/","url":"https:\/\/www.sotograndeguide.com\/sotogrande-hotels\/finca-cortesin-hotel-golf-spa\/","name":"Finca Cortesin Hotel Golf &amp; Spa - Sotogrande Reisef\u00fchrer \ud83d\udc8e Bestes Luxushotel","isPartOf":{"@id":"https:\/\/www.sotograndeguide.com\/#website"},"primaryImageOfPage":{"@id":"https:\/\/www.sotograndeguide.com\/sotogrande-hotels\/finca-cortesin-hotel-golf-spa\/#primaryimage"},"image":{"@id":"https:\/\/www.sotograndeguide.com\/sotogrande-hotels\/finca-cortesin-hotel-golf-spa\/#primaryimage"},"thumbnailUrl":"https:\/\/www.sotograndeguide.com\/wp-content\/uploads\/2017\/11\/Finca-Cortesin-Hotel-Golf-Spa.jpeg","datePublished":"2017-11-15T04:31:40+00:00","dateModified":"2019-07-07T20:04:59+00:00","description":"Das Finca Cortesin Hotel Golf &amp; Spa ist zweifelsohne das beste Luxushotel in der N\u00e4he von Sotogrande. Wenn Sie einen Aufenthalt hier planen, werden Sie es lieben! \ud83d\ude0d","breadcrumb":{"@id":"https:\/\/www.sotograndeguide.com\/sotogrande-hotels\/finca-cortesin-hotel-golf-spa\/#breadcrumb"},"inLanguage":"de","potentialAction":[{"@type":"ReadAction","target":["https:\/\/www.sotograndeguide.com\/sotogrande-hotels\/finca-cortesin-hotel-golf-spa\/"]}]},{"@type":"ImageObject","inLanguage":"de","@id":"https:\/\/www.sotograndeguide.com\/sotogrande-hotels\/finca-cortesin-hotel-golf-spa\/#primaryimage","url":"https:\/\/www.sotograndeguide.com\/wp-content\/uploads\/2017\/11\/Finca-Cortesin-Hotel-Golf-Spa.jpeg","contentUrl":"https:\/\/www.sotograndeguide.com\/wp-content\/uploads\/2017\/11\/Finca-Cortesin-Hotel-Golf-Spa.jpeg","width":1600,"height":960,"caption":"Finca Cortesin Hotel Golf & Spa"},{"@type":"BreadcrumbList","@id":"https:\/\/www.sotograndeguide.com\/sotogrande-hotels\/finca-cortesin-hotel-golf-spa\/#breadcrumb","itemListElement":[{"@type":"ListItem","position":1,"name":"Home","item":"https:\/\/www.sotograndeguide.com\/"},{"@type":"ListItem","position":2,"name":"Sotogrande Hotels","item":"https:\/\/www.sotograndeguide.com\/sotogrande-hotels\/"},{"@type":"ListItem","position":3,"name":"Finca Cortesin Hotel Golf &#038; Spa"}]},{"@type":"WebSite","@id":"https:\/\/www.sotograndeguide.com\/#website","url":"https:\/\/www.sotograndeguide.com\/","name":"Sotogrande Reisef\u00fchrer","description":"Nachrichten, Tipps, Veranstaltungen und Rezensionen","publisher":{"@id":"https:\/\/www.sotograndeguide.com\/#organization"},"potentialAction":[{"@type":"SearchAction","target":{"@type":"EntryPoint","urlTemplate":"https:\/\/www.sotograndeguide.com\/?s={search_term_string}"},"query-input":{"@type":"PropertyValueSpecification","valueRequired":true,"valueName":"search_term_string"}}],"inLanguage":"de"},{"@type":"Organization","@id":"https:\/\/www.sotograndeguide.com\/#organization","name":"Sotogrande Reisef\u00fchrer","url":"https:\/\/www.sotograndeguide.com\/","logo":{"@type":"ImageObject","inLanguage":"de","@id":"https:\/\/www.sotograndeguide.com\/#\/schema\/logo\/image\/","url":"https:\/\/www.sotograndeguide.com\/wp-content\/uploads\/2017\/03\/Sotogrande-Logo-GUIDE.png","contentUrl":"https:\/\/www.sotograndeguide.com\/wp-content\/uploads\/2017\/03\/Sotogrande-Logo-GUIDE.png","width":300,"height":300,"caption":"Sotogrande Guide"},"image":{"@id":"https:\/\/www.sotograndeguide.com\/#\/schema\/logo\/image\/"},"sameAs":["https:\/\/www.facebook.com\/sotograndeguide","https:\/\/x.com\/sotograndeguide","https:\/\/www.tiktok.com\/@sotograndeguide","https:\/\/www.youtube.com\/@SotograndeGuide"]}]}},"jetpack_sharing_enabled":true,"_links":{"self":[{"href":"https:\/\/www.sotograndeguide.com\/de\/wp-json\/wp\/v2\/pages\/33572","targetHints":{"allow":["GET"]}}],"collection":[{"href":"https:\/\/www.sotograndeguide.com\/de\/wp-json\/wp\/v2\/pages"}],"about":[{"href":"https:\/\/www.sotograndeguide.com\/de\/wp-json\/wp\/v2\/types\/page"}],"author":[{"embeddable":true,"href":"https:\/\/www.sotograndeguide.com\/de\/wp-json\/wp\/v2\/users\/1"}],"replies":[{"embeddable":true,"href":"https:\/\/www.sotograndeguide.com\/de\/wp-json\/wp\/v2\/comments?post=33572"}],"version-history":[{"count":0,"href":"https:\/\/www.sotograndeguide.com\/de\/wp-json\/wp\/v2\/pages\/33572\/revisions"}],"up":[{"embeddable":true,"href":"https:\/\/www.sotograndeguide.com\/de\/wp-json\/wp\/v2\/pages\/94"}],"wp:featuredmedia":[{"embeddable":true,"href":"https:\/\/www.sotograndeguide.com\/de\/wp-json\/wp\/v2\/media\/33617"}],"wp:attachment":[{"href":"https:\/\/www.sotograndeguide.com\/de\/wp-json\/wp\/v2\/media?parent=33572"}],"curies":[{"name":"wp","href":"https:\/\/api.w.org\/{rel}","templated":true}]}}