{"id":33570,"date":"2017-11-15T04:23:52","date_gmt":"2017-11-15T04:23:52","guid":{"rendered":"https:\/\/www.sotograndeguide.com\/?page_id=33570"},"modified":"2019-07-07T20:05:32","modified_gmt":"2019-07-07T20:05:32","slug":"hotel-monasterio-de-san-martin","status":"publish","type":"page","link":"https:\/\/www.sotograndeguide.com\/de\/sotogrande-hotels\/hotel-monasterio-de-san-martin\/","title":{"rendered":"Hotel Monasterio de San Martin"},"content":{"rendered":"<p><a href=\"http:\/\/www.booking.com\/hotel\/es\/monasterio-de-san-martin.html?aid=1233189&amp;no_rooms=1&amp;group_adults=1&amp;label=sotograndeguide\" target=\"_blank\" rel=\"noopener noreferrer\">Hotel Monasterio de San Martin<\/a> ist ein einzigartiges Hotel im Landesinneren, nur 20 Autominuten vom Hafen von Sotogrande entfernt.<\/p>\n<p>Es handelt sich um ein ehemaliges Kloster aus dem 18. Jahrhundert, das in ein gehobenes Boutique-Hotel umgewandelt wurde und auch ein sehr beliebter Ort f\u00fcr Hochzeiten und Einkehrtage ist.<\/p>\n<p>Die rustikalen Zimmer sind mit geschnitztem dunklem Holz eingerichtet und verf\u00fcgen \u00fcber Flachbildschirme, kostenloses WLAN und teilweise \u00fcber freiliegende Backsteinw\u00e4nde.<\/p>\n<p>Das Hotel Monasterio ist eine sehr beliebte Wahl f\u00fcr R\u00fcckzugsorte und Hochzeitsfeiern.<\/p>\n<h3>Hotel Monasterio de San Martin Fotogalerie<\/h3>\n<div id='gallery-1' class='gallery galleryid-33570 gallery-columns-4 gallery-size-medium'><figure class='gallery-item'>\n\t\t\t<div class='gallery-icon landscape'>\n\t\t\t\t<a href='https:\/\/www.sotograndeguide.com\/wp-content\/uploads\/2018\/11\/Hotel-Monasterio-de-San-Martin-2.jpg'><img decoding=\"async\" width=\"300\" height=\"200\" src=\"https:\/\/www.sotograndeguide.com\/wp-content\/uploads\/2018\/11\/Hotel-Monasterio-de-San-Martin-2-300x200.jpg\" class=\"attachment-medium size-medium\" alt=\"Hotel Monasterio de San Martin\" srcset=\"https:\/\/www.sotograndeguide.com\/wp-content\/uploads\/2018\/11\/Hotel-Monasterio-de-San-Martin-2-300x200.jpg 300w, https:\/\/www.sotograndeguide.com\/wp-content\/uploads\/2018\/11\/Hotel-Monasterio-de-San-Martin-2-768x512.jpg 768w, https:\/\/www.sotograndeguide.com\/wp-content\/uploads\/2018\/11\/Hotel-Monasterio-de-San-Martin-2-1024x683.jpg 1024w, https:\/\/www.sotograndeguide.com\/wp-content\/uploads\/2018\/11\/Hotel-Monasterio-de-San-Martin-2.jpg 1200w\" sizes=\"(max-width: 300px) 100vw, 300px\" \/><\/a>\n\t\t\t<\/div><\/figure><figure class='gallery-item'>\n\t\t\t<div class='gallery-icon landscape'>\n\t\t\t\t<a href='https:\/\/www.sotograndeguide.com\/wp-content\/uploads\/2018\/11\/Hotel-Monasterio-de-San-Martin-3.jpg'><img decoding=\"async\" width=\"300\" height=\"200\" src=\"https:\/\/www.sotograndeguide.com\/wp-content\/uploads\/2018\/11\/Hotel-Monasterio-de-San-Martin-3-300x200.jpg\" class=\"attachment-medium size-medium\" alt=\"Hotel Monasterio de San Martin\" srcset=\"https:\/\/www.sotograndeguide.com\/wp-content\/uploads\/2018\/11\/Hotel-Monasterio-de-San-Martin-3-300x200.jpg 300w, https:\/\/www.sotograndeguide.com\/wp-content\/uploads\/2018\/11\/Hotel-Monasterio-de-San-Martin-3-768x512.jpg 768w, https:\/\/www.sotograndeguide.com\/wp-content\/uploads\/2018\/11\/Hotel-Monasterio-de-San-Martin-3-1024x683.jpg 1024w, https:\/\/www.sotograndeguide.com\/wp-content\/uploads\/2018\/11\/Hotel-Monasterio-de-San-Martin-3.jpg 1200w\" sizes=\"(max-width: 300px) 100vw, 300px\" \/><\/a>\n\t\t\t<\/div><\/figure><figure class='gallery-item'>\n\t\t\t<div class='gallery-icon landscape'>\n\t\t\t\t<a href='https:\/\/www.sotograndeguide.com\/wp-content\/uploads\/2018\/11\/Hotel-Monasterio-de-San-Martin-4.jpg'><img decoding=\"async\" width=\"300\" height=\"200\" src=\"https:\/\/www.sotograndeguide.com\/wp-content\/uploads\/2018\/11\/Hotel-Monasterio-de-San-Martin-4-300x200.jpg\" class=\"attachment-medium size-medium\" alt=\"Hotel Monasterio de San Martin\" srcset=\"https:\/\/www.sotograndeguide.com\/wp-content\/uploads\/2018\/11\/Hotel-Monasterio-de-San-Martin-4-300x200.jpg 300w, https:\/\/www.sotograndeguide.com\/wp-content\/uploads\/2018\/11\/Hotel-Monasterio-de-San-Martin-4-768x512.jpg 768w, https:\/\/www.sotograndeguide.com\/wp-content\/uploads\/2018\/11\/Hotel-Monasterio-de-San-Martin-4-1024x683.jpg 1024w, https:\/\/www.sotograndeguide.com\/wp-content\/uploads\/2018\/11\/Hotel-Monasterio-de-San-Martin-4.jpg 1200w\" sizes=\"(max-width: 300px) 100vw, 300px\" \/><\/a>\n\t\t\t<\/div><\/figure><figure class='gallery-item'>\n\t\t\t<div class='gallery-icon landscape'>\n\t\t\t\t<a href='https:\/\/www.sotograndeguide.com\/wp-content\/uploads\/2018\/11\/Hotel-Monasterio-de-San-Martin-1.jpg'><img decoding=\"async\" width=\"300\" height=\"200\" src=\"https:\/\/www.sotograndeguide.com\/wp-content\/uploads\/2018\/11\/Hotel-Monasterio-de-San-Martin-1-300x200.jpg\" class=\"attachment-medium size-medium\" alt=\"Hotel Monasterio de San Martin\" srcset=\"https:\/\/www.sotograndeguide.com\/wp-content\/uploads\/2018\/11\/Hotel-Monasterio-de-San-Martin-1-300x200.jpg 300w, https:\/\/www.sotograndeguide.com\/wp-content\/uploads\/2018\/11\/Hotel-Monasterio-de-San-Martin-1-768x512.jpg 768w, https:\/\/www.sotograndeguide.com\/wp-content\/uploads\/2018\/11\/Hotel-Monasterio-de-San-Martin-1-1024x683.jpg 1024w, https:\/\/www.sotograndeguide.com\/wp-content\/uploads\/2018\/11\/Hotel-Monasterio-de-San-Martin-1.jpg 1200w\" sizes=\"(max-width: 300px) 100vw, 300px\" \/><\/a>\n\t\t\t<\/div><\/figure>\n\t\t<\/div>\n\n<p><a href=\"http:\/\/www.booking.com\/hotel\/es\/monasterio-de-san-martin.html?aid=1233189&amp;no_rooms=1&amp;group_adults=1&amp;label=sotograndeguide\" target=\"_blank\" rel=\"noopener noreferrer\">Erkundigen Sie sich nach den besten Preisen f\u00fcr das Hotel Monasterio de San Martin<\/a>.<br \/>\n<a href=\"https:\/\/www.sotograndeguide.com\/de\/sotogrande-hotels\/\">Sehen Sie sich andere Hotels in und um Sotogrande an<\/a>.<br \/>\n<a href=\"https:\/\/www.sotograndeguide.com\/de\/sotogrande-concierge\/\" target=\"_blank\" rel=\"noopener noreferrer\">Haben Sie Fragen zu diesem Hotel? Sprechen Sie mit dem Concierge von Sotogrande<\/a>.<\/p>\n<p><strong>Hotel Monasterio de San Martin<\/strong><br \/>\nAnschrift: Lugar Montenegral Alto, 0, 11349 Montenegral, C\u00e1diz<br \/>\nTelefon: <a href=\"tel:+34956618515\">956618515<\/a><\/p>","protected":false},"excerpt":{"rendered":"<p>Das Hotel Monasterio de San Martin ist ein einzigartiges Hotel im Landesinneren, nur 20 Autominuten vom Hafen von Sotogrande entfernt. Es handelt sich um ein ehemaliges Kloster aus dem 18. Jahrhundert, das in ein gehobenes Boutique-Hotel umgewandelt wurde und auch ein sehr beliebter Ort f\u00fcr Hochzeiten und R\u00fcckzugsorte ist. Die rustikalen Zimmer sind mit geschnitztem dunklem Holz eingerichtet und verf\u00fcgen \u00fcber Flachbildschirme und kostenlosen ... <a title=\"Hotel Monasterio de San Martin\" class=\"read-more\" href=\"https:\/\/www.sotograndeguide.com\/de\/sotogrande-hotels\/hotel-monasterio-de-san-martin\/\" aria-label=\"Mehr Informationen \u00fcber das Hotel Monasterio de San Martin\">Mehr lesen<\/a><\/p>","protected":false},"author":1,"featured_media":33613,"parent":94,"menu_order":0,"comment_status":"closed","ping_status":"closed","template":"","meta":{"footnotes":""},"class_list":["post-33570","page","type-page","status-publish","has-post-thumbnail"],"yoast_head":"<!-- This site is optimized with the Yoast SEO Premium plugin v20.5 (Yoast SEO v27.5) - https:\/\/yoast.com\/product\/yoast-seo-premium-wordpress\/ -->\n<title>Hotel Monasterio de San Martin - Sotogrande Guide \ud83d\udc8d Wedding Venue<\/title>\n<meta name=\"description\" content=\"The perfect wedding venue hotel: Hotel Monasterio de San Martin, a short drive from Sotogrande. A hotel for retreat, peace and recovery. Book today.\" \/>\n<meta name=\"robots\" content=\"index, follow, max-snippet:-1, max-image-preview:large, max-video-preview:-1\" \/>\n<link rel=\"canonical\" href=\"https:\/\/www.sotograndeguide.com\/de\/sotogrande-hotels\/hotel-monasterio-de-san-martin\/\" \/>\n<meta property=\"og:locale\" content=\"de_DE\" \/>\n<meta property=\"og:type\" content=\"article\" \/>\n<meta property=\"og:title\" content=\"Hotel Monasterio de San Martin\" \/>\n<meta property=\"og:description\" content=\"The perfect wedding venue hotel: Hotel Monasterio de San Martin, a short drive from Sotogrande. A hotel for retreat, peace and recovery. Book today.\" \/>\n<meta property=\"og:url\" content=\"https:\/\/www.sotograndeguide.com\/de\/sotogrande-hotels\/hotel-monasterio-de-san-martin\/\" \/>\n<meta property=\"og:site_name\" content=\"Sotogrande Guide\" \/>\n<meta property=\"article:publisher\" content=\"https:\/\/www.facebook.com\/sotograndeguide\" \/>\n<meta property=\"article:modified_time\" content=\"2019-07-07T20:05:32+00:00\" \/>\n<meta property=\"og:image\" content=\"https:\/\/www.sotograndeguide.com\/wp-content\/uploads\/2017\/11\/Hotel-Monasterio-de-San-Martin.jpg\" \/>\n\t<meta property=\"og:image:width\" content=\"1024\" \/>\n\t<meta property=\"og:image:height\" content=\"629\" \/>\n\t<meta property=\"og:image:type\" content=\"image\/jpeg\" \/>\n<meta name=\"twitter:card\" content=\"summary_large_image\" \/>\n<meta name=\"twitter:site\" content=\"@sotograndeguide\" \/>\n<meta name=\"twitter:label1\" content=\"Gesch\u00e4tzte Lesezeit\" \/>\n\t<meta name=\"twitter:data1\" content=\"1\u00a0Minute\" \/>\n<!-- \/ Yoast SEO Premium plugin. -->","yoast_head_json":{"title":"Hotel Monasterio de San Martin - Sotogrande Reisef\u00fchrer \ud83d\udc8d Veranstaltungsort f\u00fcr Hochzeiten","description":"Das perfekte Hotel f\u00fcr eine Hochzeit: Das Hotel Monasterio de San Martin, eine kurze Fahrt von Sotogrande entfernt. Ein Hotel f\u00fcr R\u00fcckzug, Ruhe und Erholung. Buchen Sie noch heute.","robots":{"index":"index","follow":"follow","max-snippet":"max-snippet:-1","max-image-preview":"max-image-preview:large","max-video-preview":"max-video-preview:-1"},"canonical":"https:\/\/www.sotograndeguide.com\/de\/sotogrande-hotels\/hotel-monasterio-de-san-martin\/","og_locale":"de_DE","og_type":"article","og_title":"Hotel Monasterio de San Martin","og_description":"The perfect wedding venue hotel: Hotel Monasterio de San Martin, a short drive from Sotogrande. A hotel for retreat, peace and recovery. Book today.","og_url":"https:\/\/www.sotograndeguide.com\/de\/sotogrande-hotels\/hotel-monasterio-de-san-martin\/","og_site_name":"Sotogrande Guide","article_publisher":"https:\/\/www.facebook.com\/sotograndeguide","article_modified_time":"2019-07-07T20:05:32+00:00","og_image":[{"width":1024,"height":629,"url":"https:\/\/www.sotograndeguide.com\/wp-content\/uploads\/2017\/11\/Hotel-Monasterio-de-San-Martin.jpg","type":"image\/jpeg"}],"twitter_card":"summary_large_image","twitter_site":"@sotograndeguide","twitter_misc":{"Gesch\u00e4tzte Lesezeit":"1\u00a0Minute"},"schema":{"@context":"https:\/\/schema.org","@graph":[{"@type":"WebPage","@id":"https:\/\/www.sotograndeguide.com\/sotogrande-hotels\/hotel-monasterio-de-san-martin\/","url":"https:\/\/www.sotograndeguide.com\/sotogrande-hotels\/hotel-monasterio-de-san-martin\/","name":"Hotel Monasterio de San Martin - Sotogrande Reisef\u00fchrer \ud83d\udc8d Veranstaltungsort f\u00fcr Hochzeiten","isPartOf":{"@id":"https:\/\/www.sotograndeguide.com\/#website"},"primaryImageOfPage":{"@id":"https:\/\/www.sotograndeguide.com\/sotogrande-hotels\/hotel-monasterio-de-san-martin\/#primaryimage"},"image":{"@id":"https:\/\/www.sotograndeguide.com\/sotogrande-hotels\/hotel-monasterio-de-san-martin\/#primaryimage"},"thumbnailUrl":"https:\/\/www.sotograndeguide.com\/wp-content\/uploads\/2017\/11\/Hotel-Monasterio-de-San-Martin.jpg","datePublished":"2017-11-15T04:23:52+00:00","dateModified":"2019-07-07T20:05:32+00:00","description":"Das perfekte Hotel f\u00fcr eine Hochzeit: Das Hotel Monasterio de San Martin, eine kurze Fahrt von Sotogrande entfernt. Ein Hotel f\u00fcr R\u00fcckzug, Ruhe und Erholung. Buchen Sie noch heute.","breadcrumb":{"@id":"https:\/\/www.sotograndeguide.com\/sotogrande-hotels\/hotel-monasterio-de-san-martin\/#breadcrumb"},"inLanguage":"de","potentialAction":[{"@type":"ReadAction","target":["https:\/\/www.sotograndeguide.com\/sotogrande-hotels\/hotel-monasterio-de-san-martin\/"]}]},{"@type":"ImageObject","inLanguage":"de","@id":"https:\/\/www.sotograndeguide.com\/sotogrande-hotels\/hotel-monasterio-de-san-martin\/#primaryimage","url":"https:\/\/www.sotograndeguide.com\/wp-content\/uploads\/2017\/11\/Hotel-Monasterio-de-San-Martin.jpg","contentUrl":"https:\/\/www.sotograndeguide.com\/wp-content\/uploads\/2017\/11\/Hotel-Monasterio-de-San-Martin.jpg","width":1024,"height":629,"caption":"Hotel Monasterio de San Martin"},{"@type":"BreadcrumbList","@id":"https:\/\/www.sotograndeguide.com\/sotogrande-hotels\/hotel-monasterio-de-san-martin\/#breadcrumb","itemListElement":[{"@type":"ListItem","position":1,"name":"Home","item":"https:\/\/www.sotograndeguide.com\/"},{"@type":"ListItem","position":2,"name":"Sotogrande Hotels","item":"https:\/\/www.sotograndeguide.com\/sotogrande-hotels\/"},{"@type":"ListItem","position":3,"name":"Hotel Monasterio de San Martin"}]},{"@type":"WebSite","@id":"https:\/\/www.sotograndeguide.com\/#website","url":"https:\/\/www.sotograndeguide.com\/","name":"Sotogrande Reisef\u00fchrer","description":"Nachrichten, Tipps, Veranstaltungen und Rezensionen","publisher":{"@id":"https:\/\/www.sotograndeguide.com\/#organization"},"potentialAction":[{"@type":"SearchAction","target":{"@type":"EntryPoint","urlTemplate":"https:\/\/www.sotograndeguide.com\/?s={search_term_string}"},"query-input":{"@type":"PropertyValueSpecification","valueRequired":true,"valueName":"search_term_string"}}],"inLanguage":"de"},{"@type":"Organization","@id":"https:\/\/www.sotograndeguide.com\/#organization","name":"Sotogrande Reisef\u00fchrer","url":"https:\/\/www.sotograndeguide.com\/","logo":{"@type":"ImageObject","inLanguage":"de","@id":"https:\/\/www.sotograndeguide.com\/#\/schema\/logo\/image\/","url":"https:\/\/www.sotograndeguide.com\/wp-content\/uploads\/2017\/03\/Sotogrande-Logo-GUIDE.png","contentUrl":"https:\/\/www.sotograndeguide.com\/wp-content\/uploads\/2017\/03\/Sotogrande-Logo-GUIDE.png","width":300,"height":300,"caption":"Sotogrande Guide"},"image":{"@id":"https:\/\/www.sotograndeguide.com\/#\/schema\/logo\/image\/"},"sameAs":["https:\/\/www.facebook.com\/sotograndeguide","https:\/\/x.com\/sotograndeguide","https:\/\/www.tiktok.com\/@sotograndeguide","https:\/\/www.youtube.com\/@SotograndeGuide"]}]}},"jetpack_sharing_enabled":true,"_links":{"self":[{"href":"https:\/\/www.sotograndeguide.com\/de\/wp-json\/wp\/v2\/pages\/33570","targetHints":{"allow":["GET"]}}],"collection":[{"href":"https:\/\/www.sotograndeguide.com\/de\/wp-json\/wp\/v2\/pages"}],"about":[{"href":"https:\/\/www.sotograndeguide.com\/de\/wp-json\/wp\/v2\/types\/page"}],"author":[{"embeddable":true,"href":"https:\/\/www.sotograndeguide.com\/de\/wp-json\/wp\/v2\/users\/1"}],"replies":[{"embeddable":true,"href":"https:\/\/www.sotograndeguide.com\/de\/wp-json\/wp\/v2\/comments?post=33570"}],"version-history":[{"count":0,"href":"https:\/\/www.sotograndeguide.com\/de\/wp-json\/wp\/v2\/pages\/33570\/revisions"}],"up":[{"embeddable":true,"href":"https:\/\/www.sotograndeguide.com\/de\/wp-json\/wp\/v2\/pages\/94"}],"wp:featuredmedia":[{"embeddable":true,"href":"https:\/\/www.sotograndeguide.com\/de\/wp-json\/wp\/v2\/media\/33613"}],"wp:attachment":[{"href":"https:\/\/www.sotograndeguide.com\/de\/wp-json\/wp\/v2\/media?parent=33570"}],"curies":[{"name":"wp","href":"https:\/\/api.w.org\/{rel}","templated":true}]}}