{"id":33565,"date":"2017-11-15T04:03:09","date_gmt":"2017-11-15T04:03:09","guid":{"rendered":"https:\/\/www.sotograndeguide.com\/?page_id=33565"},"modified":"2019-07-07T20:08:22","modified_gmt":"2019-07-07T20:08:22","slug":"san-roque-suiten","status":"publish","type":"page","link":"https:\/\/www.sotograndeguide.com\/de\/sotogrande-hotels\/san-roque-suites\/","title":{"rendered":"San Roque Suiten"},"content":{"rendered":"<p>Die <a href=\"https:\/\/www.booking.com\/hotel\/es\/san-roque-suites-san-roque.html?aid=1233189&amp;no_rooms=1&amp;group_adults=1&amp;label=sotograndeguide\" target=\"_blank\" rel=\"noopener noreferrer\">San Roque Suites Hotel<\/a> liegt nur f\u00fcnf Minuten von Sotogrande entfernt, direkt neben dem Golfclub San Roque.<\/p>\n<p>Die niedrigen Geb\u00e4ude liegen inmitten von G\u00e4rten, und die Zimmer sind auf Bungalows verteilt, die als Suiten mit Kochnische und Wohnzimmer angeboten werden.<\/p>\n<p>Zu den Annehmlichkeiten des San Roque Suites Hotel geh\u00f6ren ein Spa, ein Fitnessstudio und 2 Restaurants sowie ein eigener Golfplatz, der San Roque Club Golf.<\/p>\n<p>Au\u00dferdem gibt es ein Reitzentrum, einen Kinderclub und einen Au\u00dfenpool mit einer Swim-up-Bar.<\/p>\n<h3>Hotel San Roque Suites Fotogalerie<\/h3>\n<div id='gallery-1' class='gallery galleryid-33565 gallery-columns-5 gallery-size-large'><figure class='gallery-item'>\n\t\t\t<div class='gallery-icon landscape'>\n\t\t\t\t<a href='https:\/\/www.sotograndeguide.com\/wp-content\/uploads\/2019\/01\/Hotel-San-Roque-Suites-Swimming-Pool.jpg'><img decoding=\"async\" width=\"1024\" height=\"768\" src=\"https:\/\/www.sotograndeguide.com\/wp-content\/uploads\/2019\/01\/Hotel-San-Roque-Suites-Swimming-Pool-1024x768.jpg\" class=\"attachment-large size-large\" alt=\"Hotel San Roque Suites Schwimmbad\" srcset=\"https:\/\/www.sotograndeguide.com\/wp-content\/uploads\/2019\/01\/Hotel-San-Roque-Suites-Swimming-Pool.jpg 1024w, https:\/\/www.sotograndeguide.com\/wp-content\/uploads\/2019\/01\/Hotel-San-Roque-Suites-Swimming-Pool-300x225.jpg 300w, https:\/\/www.sotograndeguide.com\/wp-content\/uploads\/2019\/01\/Hotel-San-Roque-Suites-Swimming-Pool-768x576.jpg 768w\" sizes=\"(max-width: 1024px) 100vw, 1024px\" \/><\/a>\n\t\t\t<\/div><\/figure><figure class='gallery-item'>\n\t\t\t<div class='gallery-icon landscape'>\n\t\t\t\t<a href='https:\/\/www.sotograndeguide.com\/wp-content\/uploads\/2019\/01\/Hotel-San-Roque-Suites-Rooms.jpg'><img decoding=\"async\" width=\"1024\" height=\"768\" src=\"https:\/\/www.sotograndeguide.com\/wp-content\/uploads\/2019\/01\/Hotel-San-Roque-Suites-Rooms-1024x768.jpg\" class=\"attachment-large size-large\" alt=\"Hotel San Roque Suites Zimmer\" srcset=\"https:\/\/www.sotograndeguide.com\/wp-content\/uploads\/2019\/01\/Hotel-San-Roque-Suites-Rooms.jpg 1024w, https:\/\/www.sotograndeguide.com\/wp-content\/uploads\/2019\/01\/Hotel-San-Roque-Suites-Rooms-300x225.jpg 300w, https:\/\/www.sotograndeguide.com\/wp-content\/uploads\/2019\/01\/Hotel-San-Roque-Suites-Rooms-768x576.jpg 768w\" sizes=\"(max-width: 1024px) 100vw, 1024px\" \/><\/a>\n\t\t\t<\/div><\/figure><figure class='gallery-item'>\n\t\t\t<div class='gallery-icon landscape'>\n\t\t\t\t<a href='https:\/\/www.sotograndeguide.com\/wp-content\/uploads\/2019\/01\/Hotel-San-Roque-Suites.jpg'><img decoding=\"async\" width=\"1024\" height=\"768\" src=\"https:\/\/www.sotograndeguide.com\/wp-content\/uploads\/2019\/01\/Hotel-San-Roque-Suites-1024x768.jpg\" class=\"attachment-large size-large\" alt=\"Hotel San Roque Suites\" srcset=\"https:\/\/www.sotograndeguide.com\/wp-content\/uploads\/2019\/01\/Hotel-San-Roque-Suites.jpg 1024w, https:\/\/www.sotograndeguide.com\/wp-content\/uploads\/2019\/01\/Hotel-San-Roque-Suites-300x225.jpg 300w, https:\/\/www.sotograndeguide.com\/wp-content\/uploads\/2019\/01\/Hotel-San-Roque-Suites-768x576.jpg 768w\" sizes=\"(max-width: 1024px) 100vw, 1024px\" \/><\/a>\n\t\t\t<\/div><\/figure><figure class='gallery-item'>\n\t\t\t<div class='gallery-icon landscape'>\n\t\t\t\t<a href='https:\/\/www.sotograndeguide.com\/wp-content\/uploads\/2019\/01\/Hotel-San-Roque-Suites-Exterior.jpg'><img decoding=\"async\" width=\"1024\" height=\"768\" src=\"https:\/\/www.sotograndeguide.com\/wp-content\/uploads\/2019\/01\/Hotel-San-Roque-Suites-Exterior-1024x768.jpg\" class=\"attachment-large size-large\" alt=\"Hotel San Roque Suites Au\u00dfenbereich\" srcset=\"https:\/\/www.sotograndeguide.com\/wp-content\/uploads\/2019\/01\/Hotel-San-Roque-Suites-Exterior.jpg 1024w, https:\/\/www.sotograndeguide.com\/wp-content\/uploads\/2019\/01\/Hotel-San-Roque-Suites-Exterior-300x225.jpg 300w, https:\/\/www.sotograndeguide.com\/wp-content\/uploads\/2019\/01\/Hotel-San-Roque-Suites-Exterior-768x576.jpg 768w\" sizes=\"(max-width: 1024px) 100vw, 1024px\" \/><\/a>\n\t\t\t<\/div><\/figure><figure class='gallery-item'>\n\t\t\t<div class='gallery-icon landscape'>\n\t\t\t\t<a href='https:\/\/www.sotograndeguide.com\/wp-content\/uploads\/2019\/01\/Hotel-San-Roque-Suites-Double-Room.jpg'><img decoding=\"async\" width=\"1024\" height=\"768\" src=\"https:\/\/www.sotograndeguide.com\/wp-content\/uploads\/2019\/01\/Hotel-San-Roque-Suites-Double-Room-1024x768.jpg\" class=\"attachment-large size-large\" alt=\"Hotel San Roque Suites Doppelzimmer\" srcset=\"https:\/\/www.sotograndeguide.com\/wp-content\/uploads\/2019\/01\/Hotel-San-Roque-Suites-Double-Room.jpg 1024w, https:\/\/www.sotograndeguide.com\/wp-content\/uploads\/2019\/01\/Hotel-San-Roque-Suites-Double-Room-300x225.jpg 300w, https:\/\/www.sotograndeguide.com\/wp-content\/uploads\/2019\/01\/Hotel-San-Roque-Suites-Double-Room-768x576.jpg 768w\" sizes=\"(max-width: 1024px) 100vw, 1024px\" \/><\/a>\n\t\t\t<\/div><\/figure>\n\t\t<\/div>\n\n<p><a href=\"https:\/\/www.booking.com\/hotel\/es\/san-roque-suites-san-roque.html?aid=1233189&amp;no_rooms=1&amp;group_adults=1&amp;label=sotograndeguide\" target=\"_blank\" rel=\"noopener noreferrer\">Erkundigen Sie sich nach den besten Preisen f\u00fcr das Hotel Almenara in Sotogrande<\/a>.<br \/>\n<a href=\"https:\/\/www.sotograndeguide.com\/de\/sotogrande-hotels\/\">Sehen Sie sich andere Hotels in und um Sotogrande an<\/a>.<br \/>\n<a href=\"https:\/\/www.sotograndeguide.com\/de\/sotogrande-concierge\/\" target=\"_blank\" rel=\"noopener noreferrer\">Haben Sie Fragen zu diesem Hotel? Sprechen Sie mit dem Concierge von Sotogrande<\/a>.<\/p>\n<p><strong>San Roque Suiten<\/strong><br \/>\nAnschrift: Carretera N-340, Km 127, 11360 San Roque, C\u00e1diz<br \/>\nTelefon: <a href=\"tel:+34956613323\">956613323<\/a><\/p>","protected":false},"excerpt":{"rendered":"<p>Das Hotel San Roque Suites liegt nur f\u00fcnf Minuten von Sotogrande entfernt, direkt neben dem Golfclub San Roque. Die niedrigen Geb\u00e4ude liegen inmitten von angelegten G\u00e4rten und die Zimmer sind auf Bungalows verteilt, die als Suiten mit K\u00fcchenzeile und Wohnzimmer angeboten werden. Zu den Annehmlichkeiten des San Roque Suites Hotel geh\u00f6ren ein Spa, ein Fitnessstudio und 2 ... <a title=\"San Roque Suiten\" class=\"read-more\" href=\"https:\/\/www.sotograndeguide.com\/de\/sotogrande-hotels\/san-roque-suites\/\" aria-label=\"Mehr Informationen \u00fcber San Roque Suites\">Mehr lesen<\/a><\/p>","protected":false},"author":1,"featured_media":33597,"parent":94,"menu_order":0,"comment_status":"closed","ping_status":"closed","template":"","meta":{"footnotes":""},"class_list":["post-33565","page","type-page","status-publish","has-post-thumbnail"],"yoast_head":"<!-- This site is optimized with the Yoast SEO Premium plugin v20.5 (Yoast SEO v27.4) - https:\/\/yoast.com\/product\/yoast-seo-premium-wordpress\/ -->\n<title>San Roque Suites - Sotogrande Guide \u26f3 Recommended Golf Hotel<\/title>\n<meta name=\"description\" content=\"San Roque Suites Hotel Resort is located in San Roque Club, just five minutes drive from Sotogrande and a popular choice for Golf lovers and families.\" \/>\n<meta name=\"robots\" content=\"index, follow, max-snippet:-1, max-image-preview:large, max-video-preview:-1\" \/>\n<link rel=\"canonical\" href=\"https:\/\/www.sotograndeguide.com\/de\/sotogrande-hotels\/san-roque-suiten\/\" \/>\n<meta property=\"og:locale\" content=\"de_DE\" \/>\n<meta property=\"og:type\" content=\"article\" \/>\n<meta property=\"og:title\" content=\"San Roque Suites\" \/>\n<meta property=\"og:description\" content=\"San Roque Suites Hotel Resort is located in San Roque Club, just five minutes drive from Sotogrande and a popular choice for Golf lovers and families.\" \/>\n<meta property=\"og:url\" content=\"https:\/\/www.sotograndeguide.com\/de\/sotogrande-hotels\/san-roque-suiten\/\" \/>\n<meta property=\"og:site_name\" content=\"Sotogrande Guide\" \/>\n<meta property=\"article:publisher\" content=\"https:\/\/www.facebook.com\/sotograndeguide\" \/>\n<meta property=\"article:modified_time\" content=\"2019-07-07T20:08:22+00:00\" \/>\n<meta property=\"og:image\" content=\"https:\/\/www.sotograndeguide.com\/wp-content\/uploads\/2017\/11\/San-Roque-Suites.jpg\" \/>\n\t<meta property=\"og:image:width\" content=\"1261\" \/>\n\t<meta property=\"og:image:height\" content=\"793\" \/>\n\t<meta property=\"og:image:type\" content=\"image\/jpeg\" \/>\n<meta name=\"twitter:card\" content=\"summary_large_image\" \/>\n<meta name=\"twitter:site\" content=\"@sotograndeguide\" \/>\n<meta name=\"twitter:label1\" content=\"Gesch\u00e4tzte Lesezeit\" \/>\n\t<meta name=\"twitter:data1\" content=\"1\u00a0Minute\" \/>\n<!-- \/ Yoast SEO Premium plugin. -->","yoast_head_json":{"title":"San Roque Suites - Sotogrande Reisef\u00fchrer \u26f3 Empfohlenes Golfhotel","description":"Das San Roque Suites Hotel Resort befindet sich im San Roque Club, nur f\u00fcnf Autominuten von Sotogrande entfernt und ist eine beliebte Wahl f\u00fcr Golfliebhaber und Familien.","robots":{"index":"index","follow":"follow","max-snippet":"max-snippet:-1","max-image-preview":"max-image-preview:large","max-video-preview":"max-video-preview:-1"},"canonical":"https:\/\/www.sotograndeguide.com\/de\/sotogrande-hotels\/san-roque-suiten\/","og_locale":"de_DE","og_type":"article","og_title":"San Roque Suites","og_description":"San Roque Suites Hotel Resort is located in San Roque Club, just five minutes drive from Sotogrande and a popular choice for Golf lovers and families.","og_url":"https:\/\/www.sotograndeguide.com\/de\/sotogrande-hotels\/san-roque-suiten\/","og_site_name":"Sotogrande Guide","article_publisher":"https:\/\/www.facebook.com\/sotograndeguide","article_modified_time":"2019-07-07T20:08:22+00:00","og_image":[{"width":1261,"height":793,"url":"https:\/\/www.sotograndeguide.com\/wp-content\/uploads\/2017\/11\/San-Roque-Suites.jpg","type":"image\/jpeg"}],"twitter_card":"summary_large_image","twitter_site":"@sotograndeguide","twitter_misc":{"Gesch\u00e4tzte Lesezeit":"1\u00a0Minute"},"schema":{"@context":"https:\/\/schema.org","@graph":[{"@type":"WebPage","@id":"https:\/\/www.sotograndeguide.com\/sotogrande-hotels\/san-roque-suites\/","url":"https:\/\/www.sotograndeguide.com\/sotogrande-hotels\/san-roque-suites\/","name":"San Roque Suites - Sotogrande Reisef\u00fchrer \u26f3 Empfohlenes Golfhotel","isPartOf":{"@id":"https:\/\/www.sotograndeguide.com\/#website"},"primaryImageOfPage":{"@id":"https:\/\/www.sotograndeguide.com\/sotogrande-hotels\/san-roque-suites\/#primaryimage"},"image":{"@id":"https:\/\/www.sotograndeguide.com\/sotogrande-hotels\/san-roque-suites\/#primaryimage"},"thumbnailUrl":"https:\/\/www.sotograndeguide.com\/wp-content\/uploads\/2017\/11\/San-Roque-Suites.jpg","datePublished":"2017-11-15T04:03:09+00:00","dateModified":"2019-07-07T20:08:22+00:00","description":"Das San Roque Suites Hotel Resort befindet sich im San Roque Club, nur f\u00fcnf Autominuten von Sotogrande entfernt und ist eine beliebte Wahl f\u00fcr Golfliebhaber und Familien.","breadcrumb":{"@id":"https:\/\/www.sotograndeguide.com\/sotogrande-hotels\/san-roque-suites\/#breadcrumb"},"inLanguage":"de","potentialAction":[{"@type":"ReadAction","target":["https:\/\/www.sotograndeguide.com\/sotogrande-hotels\/san-roque-suites\/"]}]},{"@type":"ImageObject","inLanguage":"de","@id":"https:\/\/www.sotograndeguide.com\/sotogrande-hotels\/san-roque-suites\/#primaryimage","url":"https:\/\/www.sotograndeguide.com\/wp-content\/uploads\/2017\/11\/San-Roque-Suites.jpg","contentUrl":"https:\/\/www.sotograndeguide.com\/wp-content\/uploads\/2017\/11\/San-Roque-Suites.jpg","width":1261,"height":793,"caption":"San Roque Suites"},{"@type":"BreadcrumbList","@id":"https:\/\/www.sotograndeguide.com\/sotogrande-hotels\/san-roque-suites\/#breadcrumb","itemListElement":[{"@type":"ListItem","position":1,"name":"Home","item":"https:\/\/www.sotograndeguide.com\/"},{"@type":"ListItem","position":2,"name":"Sotogrande Hotels","item":"https:\/\/www.sotograndeguide.com\/sotogrande-hotels\/"},{"@type":"ListItem","position":3,"name":"San Roque Suites"}]},{"@type":"WebSite","@id":"https:\/\/www.sotograndeguide.com\/#website","url":"https:\/\/www.sotograndeguide.com\/","name":"Sotogrande Reisef\u00fchrer","description":"Nachrichten, Tipps, Veranstaltungen und Rezensionen","publisher":{"@id":"https:\/\/www.sotograndeguide.com\/#organization"},"potentialAction":[{"@type":"SearchAction","target":{"@type":"EntryPoint","urlTemplate":"https:\/\/www.sotograndeguide.com\/?s={search_term_string}"},"query-input":{"@type":"PropertyValueSpecification","valueRequired":true,"valueName":"search_term_string"}}],"inLanguage":"de"},{"@type":"Organization","@id":"https:\/\/www.sotograndeguide.com\/#organization","name":"Sotogrande Reisef\u00fchrer","url":"https:\/\/www.sotograndeguide.com\/","logo":{"@type":"ImageObject","inLanguage":"de","@id":"https:\/\/www.sotograndeguide.com\/#\/schema\/logo\/image\/","url":"https:\/\/www.sotograndeguide.com\/wp-content\/uploads\/2017\/03\/Sotogrande-Logo-GUIDE.png","contentUrl":"https:\/\/www.sotograndeguide.com\/wp-content\/uploads\/2017\/03\/Sotogrande-Logo-GUIDE.png","width":300,"height":300,"caption":"Sotogrande Guide"},"image":{"@id":"https:\/\/www.sotograndeguide.com\/#\/schema\/logo\/image\/"},"sameAs":["https:\/\/www.facebook.com\/sotograndeguide","https:\/\/x.com\/sotograndeguide","https:\/\/www.tiktok.com\/@sotograndeguide","https:\/\/www.youtube.com\/@SotograndeGuide"]}]}},"jetpack_sharing_enabled":true,"_links":{"self":[{"href":"https:\/\/www.sotograndeguide.com\/de\/wp-json\/wp\/v2\/pages\/33565","targetHints":{"allow":["GET"]}}],"collection":[{"href":"https:\/\/www.sotograndeguide.com\/de\/wp-json\/wp\/v2\/pages"}],"about":[{"href":"https:\/\/www.sotograndeguide.com\/de\/wp-json\/wp\/v2\/types\/page"}],"author":[{"embeddable":true,"href":"https:\/\/www.sotograndeguide.com\/de\/wp-json\/wp\/v2\/users\/1"}],"replies":[{"embeddable":true,"href":"https:\/\/www.sotograndeguide.com\/de\/wp-json\/wp\/v2\/comments?post=33565"}],"version-history":[{"count":0,"href":"https:\/\/www.sotograndeguide.com\/de\/wp-json\/wp\/v2\/pages\/33565\/revisions"}],"up":[{"embeddable":true,"href":"https:\/\/www.sotograndeguide.com\/de\/wp-json\/wp\/v2\/pages\/94"}],"wp:featuredmedia":[{"embeddable":true,"href":"https:\/\/www.sotograndeguide.com\/de\/wp-json\/wp\/v2\/media\/33597"}],"wp:attachment":[{"href":"https:\/\/www.sotograndeguide.com\/de\/wp-json\/wp\/v2\/media?parent=33565"}],"curies":[{"name":"wp","href":"https:\/\/api.w.org\/{rel}","templated":true}]}}