{"id":33381,"date":"2017-06-30T07:47:47","date_gmt":"2017-06-30T07:47:47","guid":{"rendered":"http:\/\/www.sotograndeguide.com\/?page_id=33381"},"modified":"2018-05-13T11:20:31","modified_gmt":"2018-05-13T11:20:31","slug":"versach-schonheitssalon-und-friseursalon","status":"publish","type":"page","link":"https:\/\/www.sotograndeguide.com\/de\/sotogrande-hairdressers\/versach-beauty-and-hair-salon\/","title":{"rendered":"Versach Sch\u00f6nheits- und Friseursalon"},"content":{"rendered":"<p>Die Qualit\u00e4t, die Erfahrung, die Innovation und Ihr Vertrauen haben uns erlaubt, zu wachsen, um anders zu sein, heute einen Platz des Prestiges innerhalb des Sektors des Bildes in der Zone besetzend. Mit einer intensiven und bemerkenswerten Karriere, in VERSACH bieten wir, zus\u00e4tzlich zu einer langen Erfahrung, die ganze Kraft und Dynamik eines leidenschaftlichen professionellen Teams, das das solide Wissen und die Kreativit\u00e4t der jungen H\u00e4nde und in st\u00e4ndiger Entwicklung, mit den neuesten Technologien im Friseurhandwerk, \u00c4sthetik, \u00e4sthetische Medizin und Ern\u00e4hrung kombiniert.<\/p>\n<p>Wir bei VERSACH sind die perfekte Kombination aus Technik und Kunst in der Welt der Image- und Integralpflege. Bei VERSACH verstehen wir unsere Aufgabe darin, Stil zu kreieren und Vorschl\u00e4ge mit Pers\u00f6nlichkeit f\u00fcr ein anspruchsvolles Publikum anzubieten. Die aktuellste Mode, eine pers\u00f6nliche Interpretation der neuesten Trends, ausgezeichnete Qualit\u00e4t der verwendeten Produkte, Pflege und Kundenservice und exklusive Beauty-Designs sind einige der Elemente, die den Unterschied in unserem neuen Projekt ausmachen werden.<\/p>\n<div id='gallery-1' class='gallery galleryid-33381 gallery-columns-3 gallery-size-medium'><figure class='gallery-item'>\n\t\t\t<div class='gallery-icon landscape'>\n\t\t\t\t<a href='https:\/\/www.sotograndeguide.com\/wp-content\/uploads\/2017\/01\/VERSACH-Sotogrande-Beauty-and-Hair-Salon-1.jpg'><img decoding=\"async\" width=\"300\" height=\"200\" src=\"https:\/\/www.sotograndeguide.com\/wp-content\/uploads\/2017\/01\/VERSACH-Sotogrande-Beauty-and-Hair-Salon-1-300x200.jpg\" class=\"attachment-medium size-medium\" alt=\"Versach Sch\u00f6nheits- und Friseursalon\" srcset=\"https:\/\/www.sotograndeguide.com\/wp-content\/uploads\/2017\/01\/VERSACH-Sotogrande-Beauty-and-Hair-Salon-1-300x200.jpg 300w, https:\/\/www.sotograndeguide.com\/wp-content\/uploads\/2017\/01\/VERSACH-Sotogrande-Beauty-and-Hair-Salon-1-768x512.jpg 768w, https:\/\/www.sotograndeguide.com\/wp-content\/uploads\/2017\/01\/VERSACH-Sotogrande-Beauty-and-Hair-Salon-1-1024x683.jpg 1024w, https:\/\/www.sotograndeguide.com\/wp-content\/uploads\/2017\/01\/VERSACH-Sotogrande-Beauty-and-Hair-Salon-1.jpg 1440w\" sizes=\"(max-width: 300px) 100vw, 300px\" \/><\/a>\n\t\t\t<\/div><\/figure><figure class='gallery-item'>\n\t\t\t<div class='gallery-icon landscape'>\n\t\t\t\t<a href='https:\/\/www.sotograndeguide.com\/wp-content\/uploads\/2017\/01\/VERSACH-Sotogrande-Beauty-and-Hair-Salon-3.jpg'><img decoding=\"async\" width=\"300\" height=\"200\" src=\"https:\/\/www.sotograndeguide.com\/wp-content\/uploads\/2017\/01\/VERSACH-Sotogrande-Beauty-and-Hair-Salon-3-300x200.jpg\" class=\"attachment-medium size-medium\" alt=\"Versach Sch\u00f6nheits- und Friseursalon\" srcset=\"https:\/\/www.sotograndeguide.com\/wp-content\/uploads\/2017\/01\/VERSACH-Sotogrande-Beauty-and-Hair-Salon-3-300x200.jpg 300w, https:\/\/www.sotograndeguide.com\/wp-content\/uploads\/2017\/01\/VERSACH-Sotogrande-Beauty-and-Hair-Salon-3-768x512.jpg 768w, https:\/\/www.sotograndeguide.com\/wp-content\/uploads\/2017\/01\/VERSACH-Sotogrande-Beauty-and-Hair-Salon-3-1024x683.jpg 1024w, https:\/\/www.sotograndeguide.com\/wp-content\/uploads\/2017\/01\/VERSACH-Sotogrande-Beauty-and-Hair-Salon-3.jpg 1413w\" sizes=\"(max-width: 300px) 100vw, 300px\" \/><\/a>\n\t\t\t<\/div><\/figure><figure class='gallery-item'>\n\t\t\t<div class='gallery-icon landscape'>\n\t\t\t\t<a href='https:\/\/www.sotograndeguide.com\/wp-content\/uploads\/2017\/01\/VERSACH-Sotogrande-Beauty-and-Hair-Salon-2.jpg'><img decoding=\"async\" width=\"300\" height=\"200\" src=\"https:\/\/www.sotograndeguide.com\/wp-content\/uploads\/2017\/01\/VERSACH-Sotogrande-Beauty-and-Hair-Salon-2-300x200.jpg\" class=\"attachment-medium size-medium\" alt=\"Versach Sch\u00f6nheits- und Friseursalon\" srcset=\"https:\/\/www.sotograndeguide.com\/wp-content\/uploads\/2017\/01\/VERSACH-Sotogrande-Beauty-and-Hair-Salon-2-300x200.jpg 300w, https:\/\/www.sotograndeguide.com\/wp-content\/uploads\/2017\/01\/VERSACH-Sotogrande-Beauty-and-Hair-Salon-2-768x512.jpg 768w, https:\/\/www.sotograndeguide.com\/wp-content\/uploads\/2017\/01\/VERSACH-Sotogrande-Beauty-and-Hair-Salon-2-1024x683.jpg 1024w, https:\/\/www.sotograndeguide.com\/wp-content\/uploads\/2017\/01\/VERSACH-Sotogrande-Beauty-and-Hair-Salon-2.jpg 1440w\" sizes=\"(max-width: 300px) 100vw, 300px\" \/><\/a>\n\t\t\t<\/div><\/figure>\n\t\t<\/div>\n\n<p><strong>Versach Sch\u00f6nheits- und Friseursalon<\/strong><br \/>\nAnschrift: Carretera N-340 km 134.2 Edificio Laxmor, Local Bajo, 11310 Sotogrande, C\u00e1diz, Spanien<br \/>\nTelefon: <a href=\"tel:+34669469761\">669469761<\/a><\/p>","protected":false},"excerpt":{"rendered":"<p>Die Qualit\u00e4t, die Erfahrung, die Innovation und Ihr Vertrauen haben uns erlaubt, zu wachsen, um anders zu sein, heute einen Platz des Prestiges innerhalb des Sektors des Bildes in der Zone besetzend. Mit einer intensiven und ausgezeichneten Karriere, in VERSACH bieten wir, zus\u00e4tzlich zu einer langen Erfahrung, die ganze Kraft und die Dynamik eines ... <a title=\"Versach Sch\u00f6nheits- und Friseursalon\" class=\"read-more\" href=\"https:\/\/www.sotograndeguide.com\/de\/sotogrande-hairdressers\/versach-beauty-and-hair-salon\/\" aria-label=\"Mehr Informationen \u00fcber Versach Beauty and Hair Salon\">Mehr lesen<\/a><\/p>","protected":false},"author":1,"featured_media":33920,"parent":79,"menu_order":0,"comment_status":"closed","ping_status":"closed","template":"","meta":{"footnotes":""},"class_list":["post-33381","page","type-page","status-publish","has-post-thumbnail"],"yoast_head":"<!-- This site is optimized with the Yoast SEO Premium plugin v20.5 (Yoast SEO v27.4) - https:\/\/yoast.com\/product\/yoast-seo-premium-wordpress\/ -->\n<title>Versach Beauty and Hair Salon<\/title>\n<meta name=\"robots\" content=\"index, follow, max-snippet:-1, max-image-preview:large, max-video-preview:-1\" \/>\n<link rel=\"canonical\" href=\"https:\/\/www.sotograndeguide.com\/de\/sotogrande-friseure\/versach-schonheitssalon-und-friseursalon\/\" \/>\n<meta property=\"og:locale\" content=\"de_DE\" \/>\n<meta property=\"og:type\" content=\"article\" \/>\n<meta property=\"og:title\" content=\"Versach Beauty and Hair Salon\" \/>\n<meta property=\"og:description\" content=\"The quality, the experience, the innovation and your confidence have allowed us to grow to be different, occupying today a place of prestige within the sector of the image in the zone. With an intense and distinguished career, in VERSACH we offer, in addition to a long experience, all the strength and dynamism of a ... Read more\" \/>\n<meta property=\"og:url\" content=\"https:\/\/www.sotograndeguide.com\/de\/sotogrande-friseure\/versach-schonheitssalon-und-friseursalon\/\" \/>\n<meta property=\"og:site_name\" content=\"Sotogrande Guide\" \/>\n<meta property=\"article:publisher\" content=\"https:\/\/www.facebook.com\/sotograndeguide\" \/>\n<meta property=\"article:modified_time\" content=\"2018-05-13T11:20:31+00:00\" \/>\n<meta property=\"og:image\" content=\"https:\/\/www.sotograndeguide.com\/wp-content\/uploads\/2018\/01\/Versach-Sotogrande-1.jpg\" \/>\n\t<meta property=\"og:image:width\" content=\"960\" \/>\n\t<meta property=\"og:image:height\" content=\"640\" \/>\n\t<meta property=\"og:image:type\" content=\"image\/jpeg\" \/>\n<meta name=\"twitter:card\" content=\"summary_large_image\" \/>\n<meta name=\"twitter:site\" content=\"@sotograndeguide\" \/>\n<meta name=\"twitter:label1\" content=\"Gesch\u00e4tzte Lesezeit\" \/>\n\t<meta name=\"twitter:data1\" content=\"1\u00a0Minute\" \/>\n<!-- \/ Yoast SEO Premium plugin. -->","yoast_head_json":{"title":"Versach Sch\u00f6nheits- und Friseursalon","robots":{"index":"index","follow":"follow","max-snippet":"max-snippet:-1","max-image-preview":"max-image-preview:large","max-video-preview":"max-video-preview:-1"},"canonical":"https:\/\/www.sotograndeguide.com\/de\/sotogrande-friseure\/versach-schonheitssalon-und-friseursalon\/","og_locale":"de_DE","og_type":"article","og_title":"Versach Beauty and Hair Salon","og_description":"The quality, the experience, the innovation and your confidence have allowed us to grow to be different, occupying today a place of prestige within the sector of the image in the zone. With an intense and distinguished career, in VERSACH we offer, in addition to a long experience, all the strength and dynamism of a ... Read more","og_url":"https:\/\/www.sotograndeguide.com\/de\/sotogrande-friseure\/versach-schonheitssalon-und-friseursalon\/","og_site_name":"Sotogrande Guide","article_publisher":"https:\/\/www.facebook.com\/sotograndeguide","article_modified_time":"2018-05-13T11:20:31+00:00","og_image":[{"width":960,"height":640,"url":"https:\/\/www.sotograndeguide.com\/wp-content\/uploads\/2018\/01\/Versach-Sotogrande-1.jpg","type":"image\/jpeg"}],"twitter_card":"summary_large_image","twitter_site":"@sotograndeguide","twitter_misc":{"Gesch\u00e4tzte Lesezeit":"1\u00a0Minute"},"schema":{"@context":"https:\/\/schema.org","@graph":[{"@type":"WebPage","@id":"https:\/\/www.sotograndeguide.com\/sotogrande-hairdressers\/versach-beauty-and-hair-salon\/","url":"https:\/\/www.sotograndeguide.com\/sotogrande-hairdressers\/versach-beauty-and-hair-salon\/","name":"Versach Sch\u00f6nheits- und Friseursalon","isPartOf":{"@id":"https:\/\/www.sotograndeguide.com\/#website"},"primaryImageOfPage":{"@id":"https:\/\/www.sotograndeguide.com\/sotogrande-hairdressers\/versach-beauty-and-hair-salon\/#primaryimage"},"image":{"@id":"https:\/\/www.sotograndeguide.com\/sotogrande-hairdressers\/versach-beauty-and-hair-salon\/#primaryimage"},"thumbnailUrl":"https:\/\/www.sotograndeguide.com\/wp-content\/uploads\/2018\/01\/Versach-Sotogrande-1.jpg","datePublished":"2017-06-30T07:47:47+00:00","dateModified":"2018-05-13T11:20:31+00:00","breadcrumb":{"@id":"https:\/\/www.sotograndeguide.com\/sotogrande-hairdressers\/versach-beauty-and-hair-salon\/#breadcrumb"},"inLanguage":"de","potentialAction":[{"@type":"ReadAction","target":["https:\/\/www.sotograndeguide.com\/sotogrande-hairdressers\/versach-beauty-and-hair-salon\/"]}]},{"@type":"ImageObject","inLanguage":"de","@id":"https:\/\/www.sotograndeguide.com\/sotogrande-hairdressers\/versach-beauty-and-hair-salon\/#primaryimage","url":"https:\/\/www.sotograndeguide.com\/wp-content\/uploads\/2018\/01\/Versach-Sotogrande-1.jpg","contentUrl":"https:\/\/www.sotograndeguide.com\/wp-content\/uploads\/2018\/01\/Versach-Sotogrande-1.jpg","width":960,"height":640,"caption":"Versach Sotogrande"},{"@type":"BreadcrumbList","@id":"https:\/\/www.sotograndeguide.com\/sotogrande-hairdressers\/versach-beauty-and-hair-salon\/#breadcrumb","itemListElement":[{"@type":"ListItem","position":1,"name":"Home","item":"https:\/\/www.sotograndeguide.com\/"},{"@type":"ListItem","position":2,"name":"Sotogrande Hairdressers","item":"https:\/\/www.sotograndeguide.com\/sotogrande-hairdressers\/"},{"@type":"ListItem","position":3,"name":"Versach Beauty and Hair Salon"}]},{"@type":"WebSite","@id":"https:\/\/www.sotograndeguide.com\/#website","url":"https:\/\/www.sotograndeguide.com\/","name":"Sotogrande Reisef\u00fchrer","description":"Nachrichten, Tipps, Veranstaltungen und Rezensionen","publisher":{"@id":"https:\/\/www.sotograndeguide.com\/#organization"},"potentialAction":[{"@type":"SearchAction","target":{"@type":"EntryPoint","urlTemplate":"https:\/\/www.sotograndeguide.com\/?s={search_term_string}"},"query-input":{"@type":"PropertyValueSpecification","valueRequired":true,"valueName":"search_term_string"}}],"inLanguage":"de"},{"@type":"Organization","@id":"https:\/\/www.sotograndeguide.com\/#organization","name":"Sotogrande Reisef\u00fchrer","url":"https:\/\/www.sotograndeguide.com\/","logo":{"@type":"ImageObject","inLanguage":"de","@id":"https:\/\/www.sotograndeguide.com\/#\/schema\/logo\/image\/","url":"https:\/\/www.sotograndeguide.com\/wp-content\/uploads\/2017\/03\/Sotogrande-Logo-GUIDE.png","contentUrl":"https:\/\/www.sotograndeguide.com\/wp-content\/uploads\/2017\/03\/Sotogrande-Logo-GUIDE.png","width":300,"height":300,"caption":"Sotogrande Guide"},"image":{"@id":"https:\/\/www.sotograndeguide.com\/#\/schema\/logo\/image\/"},"sameAs":["https:\/\/www.facebook.com\/sotograndeguide","https:\/\/x.com\/sotograndeguide","https:\/\/www.tiktok.com\/@sotograndeguide","https:\/\/www.youtube.com\/@SotograndeGuide"]}]}},"jetpack_sharing_enabled":true,"_links":{"self":[{"href":"https:\/\/www.sotograndeguide.com\/de\/wp-json\/wp\/v2\/pages\/33381","targetHints":{"allow":["GET"]}}],"collection":[{"href":"https:\/\/www.sotograndeguide.com\/de\/wp-json\/wp\/v2\/pages"}],"about":[{"href":"https:\/\/www.sotograndeguide.com\/de\/wp-json\/wp\/v2\/types\/page"}],"author":[{"embeddable":true,"href":"https:\/\/www.sotograndeguide.com\/de\/wp-json\/wp\/v2\/users\/1"}],"replies":[{"embeddable":true,"href":"https:\/\/www.sotograndeguide.com\/de\/wp-json\/wp\/v2\/comments?post=33381"}],"version-history":[{"count":0,"href":"https:\/\/www.sotograndeguide.com\/de\/wp-json\/wp\/v2\/pages\/33381\/revisions"}],"up":[{"embeddable":true,"href":"https:\/\/www.sotograndeguide.com\/de\/wp-json\/wp\/v2\/pages\/79"}],"wp:featuredmedia":[{"embeddable":true,"href":"https:\/\/www.sotograndeguide.com\/de\/wp-json\/wp\/v2\/media\/33920"}],"wp:attachment":[{"href":"https:\/\/www.sotograndeguide.com\/de\/wp-json\/wp\/v2\/media?parent=33381"}],"curies":[{"name":"wp","href":"https:\/\/api.w.org\/{rel}","templated":true}]}}