{"id":33328,"date":"2017-06-07T19:47:50","date_gmt":"2017-06-07T19:47:50","guid":{"rendered":"http:\/\/www.sotograndeguide.com\/?page_id=33328"},"modified":"2019-05-21T20:47:44","modified_gmt":"2019-05-21T20:47:44","slug":"bucintoro","status":"publish","type":"page","link":"https:\/\/www.sotograndeguide.com\/de\/sotogrande-restaurants\/bucintoro\/","title":{"rendered":"Bucintoro"},"content":{"rendered":"<p>Das italienische Restaurant Bucintoro im Gewerbegebiet San Roque Club ist eines der beliebtesten italienischen Restaurants in und um Sotogrande. Es bietet eine frische und vielseitige Speisekarte, die sowohl italienische als auch mediterrane und europ\u00e4ische K\u00fcche umfasst.<\/p>\n<p>Das Bucintoro beeindruckt mit einer gro\u00dfen Auswahl an erschwinglichen Weinen und frischen Zutaten f\u00fcr alle Gerichte.<\/p>\n<p>Das Restaurant Bucintoro ist ein ger\u00e4umiges und modernes Lokal mit einer gro\u00dfen Terrasse und ausreichend Parkpl\u00e4tzen.<\/p>\n<p>K\u00fcche: Italienisch, Mediterran, Europ\u00e4isch<br \/>\nAnschrift: CN-340, km 127, 11360 San Roque, Spanien<br \/>\nTelefon: <a href=\"tel:+34956613260\">956613260<\/a><\/p>","protected":false},"excerpt":{"rendered":"<p>Das italienische Restaurant Bucintoro im Gewerbegebiet San Roque Club ist eines der beliebtesten italienischen Restaurants in und um Sotogrande. Es bietet eine frische und vielseitige Speisekarte, die sowohl italienische als auch mediterrane und europ\u00e4ische K\u00fcche umfasst. Bucintoro beeindruckt immer wieder mit einer gro\u00dfen Auswahl an erschwinglichen Weinen und frischen Zutaten ... <a title=\"Bucintoro\" class=\"read-more\" href=\"https:\/\/www.sotograndeguide.com\/de\/sotogrande-restaurants\/bucintoro\/\" aria-label=\"Mehr Informationen \u00fcber Bucintoro\">Mehr lesen<\/a><\/p>","protected":false},"author":1,"featured_media":33752,"parent":91,"menu_order":0,"comment_status":"closed","ping_status":"closed","template":"","meta":{"footnotes":""},"class_list":["post-33328","page","type-page","status-publish","has-post-thumbnail"],"yoast_head":"<!-- This site is optimized with the Yoast SEO Premium plugin v20.5 (Yoast SEO v27.4) - https:\/\/yoast.com\/product\/yoast-seo-premium-wordpress\/ -->\n<title>Bucintoro Italian Restaurant Sotogrande - Sotogrande Guide<\/title>\n<meta name=\"robots\" content=\"index, follow, max-snippet:-1, max-image-preview:large, max-video-preview:-1\" \/>\n<link rel=\"canonical\" href=\"https:\/\/www.sotograndeguide.com\/de\/restaurants-in-sotogrande\/bucintoro\/\" \/>\n<meta property=\"og:locale\" content=\"de_DE\" \/>\n<meta property=\"og:type\" content=\"article\" \/>\n<meta property=\"og:title\" content=\"Bucintoro\" \/>\n<meta property=\"og:description\" content=\"The Italian Restaurant Bucintoro located in the San Roque Club commercial development is one of the most popular Italian restaurants in and around Sotogrande, serving a fresh and eclectic menu that includes Italian as well as Mediterranean and European cuisine. Bucintoro never fails to impress, with a great selection of affordable wines and fresh ingredients ... Read more\" \/>\n<meta property=\"og:url\" content=\"https:\/\/www.sotograndeguide.com\/de\/restaurants-in-sotogrande\/bucintoro\/\" \/>\n<meta property=\"og:site_name\" content=\"Sotogrande Guide\" \/>\n<meta property=\"article:publisher\" content=\"https:\/\/www.facebook.com\/sotograndeguide\" \/>\n<meta property=\"article:modified_time\" content=\"2019-05-21T20:47:44+00:00\" \/>\n<meta property=\"og:image\" content=\"https:\/\/www.sotograndeguide.com\/wp-content\/uploads\/2017\/12\/Ristorante-Bucintoro-Sotogrande.jpg\" \/>\n\t<meta property=\"og:image:width\" content=\"960\" \/>\n\t<meta property=\"og:image:height\" content=\"640\" \/>\n\t<meta property=\"og:image:type\" content=\"image\/jpeg\" \/>\n<meta name=\"twitter:card\" content=\"summary_large_image\" \/>\n<meta name=\"twitter:site\" content=\"@sotograndeguide\" \/>\n<!-- \/ Yoast SEO Premium plugin. -->","yoast_head_json":{"title":"Bucintoro Italienisches Restaurant Sotogrande - Sotogrande Reisef\u00fchrer","robots":{"index":"index","follow":"follow","max-snippet":"max-snippet:-1","max-image-preview":"max-image-preview:large","max-video-preview":"max-video-preview:-1"},"canonical":"https:\/\/www.sotograndeguide.com\/de\/restaurants-in-sotogrande\/bucintoro\/","og_locale":"de_DE","og_type":"article","og_title":"Bucintoro","og_description":"The Italian Restaurant Bucintoro located in the San Roque Club commercial development is one of the most popular Italian restaurants in and around Sotogrande, serving a fresh and eclectic menu that includes Italian as well as Mediterranean and European cuisine. Bucintoro never fails to impress, with a great selection of affordable wines and fresh ingredients ... Read more","og_url":"https:\/\/www.sotograndeguide.com\/de\/restaurants-in-sotogrande\/bucintoro\/","og_site_name":"Sotogrande Guide","article_publisher":"https:\/\/www.facebook.com\/sotograndeguide","article_modified_time":"2019-05-21T20:47:44+00:00","og_image":[{"width":960,"height":640,"url":"https:\/\/www.sotograndeguide.com\/wp-content\/uploads\/2017\/12\/Ristorante-Bucintoro-Sotogrande.jpg","type":"image\/jpeg"}],"twitter_card":"summary_large_image","twitter_site":"@sotograndeguide","schema":{"@context":"https:\/\/schema.org","@graph":[{"@type":"WebPage","@id":"https:\/\/www.sotograndeguide.com\/sotogrande-restaurants\/bucintoro\/","url":"https:\/\/www.sotograndeguide.com\/sotogrande-restaurants\/bucintoro\/","name":"Bucintoro Italienisches Restaurant Sotogrande - Sotogrande Reisef\u00fchrer","isPartOf":{"@id":"https:\/\/www.sotograndeguide.com\/#website"},"primaryImageOfPage":{"@id":"https:\/\/www.sotograndeguide.com\/sotogrande-restaurants\/bucintoro\/#primaryimage"},"image":{"@id":"https:\/\/www.sotograndeguide.com\/sotogrande-restaurants\/bucintoro\/#primaryimage"},"thumbnailUrl":"https:\/\/www.sotograndeguide.com\/wp-content\/uploads\/2017\/12\/Ristorante-Bucintoro-Sotogrande.jpg","datePublished":"2017-06-07T19:47:50+00:00","dateModified":"2019-05-21T20:47:44+00:00","breadcrumb":{"@id":"https:\/\/www.sotograndeguide.com\/sotogrande-restaurants\/bucintoro\/#breadcrumb"},"inLanguage":"de","potentialAction":[{"@type":"ReadAction","target":["https:\/\/www.sotograndeguide.com\/sotogrande-restaurants\/bucintoro\/"]}]},{"@type":"ImageObject","inLanguage":"de","@id":"https:\/\/www.sotograndeguide.com\/sotogrande-restaurants\/bucintoro\/#primaryimage","url":"https:\/\/www.sotograndeguide.com\/wp-content\/uploads\/2017\/12\/Ristorante-Bucintoro-Sotogrande.jpg","contentUrl":"https:\/\/www.sotograndeguide.com\/wp-content\/uploads\/2017\/12\/Ristorante-Bucintoro-Sotogrande.jpg","width":960,"height":640,"caption":"Ristorante Bucintoro Sotogrande"},{"@type":"BreadcrumbList","@id":"https:\/\/www.sotograndeguide.com\/sotogrande-restaurants\/bucintoro\/#breadcrumb","itemListElement":[{"@type":"ListItem","position":1,"name":"Home","item":"https:\/\/www.sotograndeguide.com\/"},{"@type":"ListItem","position":2,"name":"Sotogrande Restaurants","item":"https:\/\/www.sotograndeguide.com\/sotogrande-restaurants\/"},{"@type":"ListItem","position":3,"name":"Bucintoro"}]},{"@type":"WebSite","@id":"https:\/\/www.sotograndeguide.com\/#website","url":"https:\/\/www.sotograndeguide.com\/","name":"Sotogrande Reisef\u00fchrer","description":"Nachrichten, Tipps, Veranstaltungen und Rezensionen","publisher":{"@id":"https:\/\/www.sotograndeguide.com\/#organization"},"potentialAction":[{"@type":"SearchAction","target":{"@type":"EntryPoint","urlTemplate":"https:\/\/www.sotograndeguide.com\/?s={search_term_string}"},"query-input":{"@type":"PropertyValueSpecification","valueRequired":true,"valueName":"search_term_string"}}],"inLanguage":"de"},{"@type":"Organization","@id":"https:\/\/www.sotograndeguide.com\/#organization","name":"Sotogrande Reisef\u00fchrer","url":"https:\/\/www.sotograndeguide.com\/","logo":{"@type":"ImageObject","inLanguage":"de","@id":"https:\/\/www.sotograndeguide.com\/#\/schema\/logo\/image\/","url":"https:\/\/www.sotograndeguide.com\/wp-content\/uploads\/2017\/03\/Sotogrande-Logo-GUIDE.png","contentUrl":"https:\/\/www.sotograndeguide.com\/wp-content\/uploads\/2017\/03\/Sotogrande-Logo-GUIDE.png","width":300,"height":300,"caption":"Sotogrande Guide"},"image":{"@id":"https:\/\/www.sotograndeguide.com\/#\/schema\/logo\/image\/"},"sameAs":["https:\/\/www.facebook.com\/sotograndeguide","https:\/\/x.com\/sotograndeguide","https:\/\/www.tiktok.com\/@sotograndeguide","https:\/\/www.youtube.com\/@SotograndeGuide"]}]}},"jetpack_sharing_enabled":true,"_links":{"self":[{"href":"https:\/\/www.sotograndeguide.com\/de\/wp-json\/wp\/v2\/pages\/33328","targetHints":{"allow":["GET"]}}],"collection":[{"href":"https:\/\/www.sotograndeguide.com\/de\/wp-json\/wp\/v2\/pages"}],"about":[{"href":"https:\/\/www.sotograndeguide.com\/de\/wp-json\/wp\/v2\/types\/page"}],"author":[{"embeddable":true,"href":"https:\/\/www.sotograndeguide.com\/de\/wp-json\/wp\/v2\/users\/1"}],"replies":[{"embeddable":true,"href":"https:\/\/www.sotograndeguide.com\/de\/wp-json\/wp\/v2\/comments?post=33328"}],"version-history":[{"count":0,"href":"https:\/\/www.sotograndeguide.com\/de\/wp-json\/wp\/v2\/pages\/33328\/revisions"}],"up":[{"embeddable":true,"href":"https:\/\/www.sotograndeguide.com\/de\/wp-json\/wp\/v2\/pages\/91"}],"wp:featuredmedia":[{"embeddable":true,"href":"https:\/\/www.sotograndeguide.com\/de\/wp-json\/wp\/v2\/media\/33752"}],"wp:attachment":[{"href":"https:\/\/www.sotograndeguide.com\/de\/wp-json\/wp\/v2\/media?parent=33328"}],"curies":[{"name":"wp","href":"https:\/\/api.w.org\/{rel}","templated":true}]}}