{"id":31594,"date":"2017-04-27T16:51:28","date_gmt":"2017-04-27T16:51:28","guid":{"rendered":"http:\/\/www.sotograndeguide.com\/?page_id=31594"},"modified":"2019-05-21T20:43:24","modified_gmt":"2019-05-21T20:43:24","slug":"ke-bar","status":"publish","type":"page","link":"https:\/\/www.sotograndeguide.com\/de\/sotogrande-restaurants\/ke-bar\/","title":{"rendered":"KE Bar"},"content":{"rendered":"<p>Die KE Bar ist zweifelsohne eines der meistbesuchten Lokale in Sotogrande, nicht unbedingt wegen des Essens, sondern wegen der Atmosph\u00e4re. Direkt am Hafen von Sotogrande gelegen, \u00fcberblickt dieses Lokal den Hafen und ist der Ort, um zu sehen und gesehen zu werden. <\/p>\n<p>Die KE Bar serviert haupts\u00e4chlich mediterrane K\u00fcche mit einigen japanischen Sushi-Gerichten. Die Getr\u00e4nke sind erschwinglich und das Personal ist sehr professionell. Die KE Bar ist sowohl bei Einheimischen als auch bei Touristen beliebt und das ganze Jahr \u00fcber gut besucht. W\u00e4hrend des Sommers sollten Sie einen Tisch reservieren, wenn Sie mit einer Gruppe zu Mittag oder zu Abend essen m\u00f6chten. Wenn Sie in der Hochsaison einfach ohne Reservierung kommen, m\u00fcssen Sie wahrscheinlich auf einen Tisch warten.<\/p>\n<p>Es handelt sich um ein ger\u00e4umiges Lokal mit einer gro\u00dfen Terrasse. Die Einrichtung ist sauber und modern und spricht Jung und Alt gleicherma\u00dfen an. Aufgrund ihrer Lage, umgeben von Freifl\u00e4chen, ist die KE Bar auch bei Familien sehr beliebt, da die Kinder in der N\u00e4he spielen k\u00f6nnen und die Eltern sie im Auge behalten k\u00f6nnen.<\/p>\n<p>Die K\u00fcche: Mittelmeer<br \/>\nAnschrift: Paseo del Puerto, Puerto Deportivo, 11310, Sotogrande, Spanien<br \/>\nTelefon: <a href=\"tel:+34956790301\">956790301<\/a><\/p>","protected":false},"excerpt":{"rendered":"<p>Die KE Bar ist zweifelsohne eines der meistbesuchten Lokale in Sotogrande, nicht unbedingt wegen des Essens, sondern wegen der Atmosph\u00e4re. Direkt am Hafen von Sotogrande gelegen, \u00fcberblickt dieses Lokal den Hafen und ist der Ort, an dem man sehen und gesehen werden will. Die KE Bar serviert haupts\u00e4chlich mediterrane K\u00fcche mit ... <a title=\"KE Bar\" class=\"read-more\" href=\"https:\/\/www.sotograndeguide.com\/de\/sotogrande-restaurants\/ke-bar\/\" aria-label=\"Mehr Informationen \u00fcber KE Bar\">Mehr lesen<\/a><\/p>","protected":false},"author":1,"featured_media":33243,"parent":91,"menu_order":0,"comment_status":"closed","ping_status":"closed","template":"","meta":{"footnotes":""},"class_list":["post-31594","page","type-page","status-publish","has-post-thumbnail"],"yoast_head":"<!-- This site is optimized with the Yoast SEO Premium plugin v20.5 (Yoast SEO v27.4) - https:\/\/yoast.com\/product\/yoast-seo-premium-wordpress\/ -->\n<title>KE Bar<\/title>\n<meta name=\"robots\" content=\"index, follow, max-snippet:-1, max-image-preview:large, max-video-preview:-1\" \/>\n<link rel=\"canonical\" href=\"https:\/\/www.sotograndeguide.com\/de\/restaurants-in-sotogrande\/ke-bar\/\" \/>\n<meta property=\"og:locale\" content=\"de_DE\" \/>\n<meta property=\"og:type\" content=\"article\" \/>\n<meta property=\"og:title\" content=\"KE Bar\" \/>\n<meta property=\"og:description\" content=\"The KE Bar is without a doubt one of the most frequented venues in Sotogrande, not necessarily for its food but for its atmosphere. Located frontline in the Sotogrande Port, this venue overlooks the harbour and is the place to go to see and be seen. The KE Bar mainly serves a Mediterranean cuisine with ... Read more\" \/>\n<meta property=\"og:url\" content=\"https:\/\/www.sotograndeguide.com\/de\/restaurants-in-sotogrande\/ke-bar\/\" \/>\n<meta property=\"og:site_name\" content=\"Sotogrande Guide\" \/>\n<meta property=\"article:publisher\" content=\"https:\/\/www.facebook.com\/sotograndeguide\" \/>\n<meta property=\"article:modified_time\" content=\"2019-05-21T20:43:24+00:00\" \/>\n<meta property=\"og:image\" content=\"https:\/\/www.sotograndeguide.com\/wp-content\/uploads\/2017\/02\/Ke-Sotogrande.jpg\" \/>\n\t<meta property=\"og:image:width\" content=\"2048\" \/>\n\t<meta property=\"og:image:height\" content=\"1365\" \/>\n\t<meta property=\"og:image:type\" content=\"image\/jpeg\" \/>\n<meta name=\"twitter:card\" content=\"summary_large_image\" \/>\n<meta name=\"twitter:site\" content=\"@sotograndeguide\" \/>\n<meta name=\"twitter:label1\" content=\"Gesch\u00e4tzte Lesezeit\" \/>\n\t<meta name=\"twitter:data1\" content=\"1\u00a0Minute\" \/>\n<!-- \/ Yoast SEO Premium plugin. -->","yoast_head_json":{"title":"KE Bar","robots":{"index":"index","follow":"follow","max-snippet":"max-snippet:-1","max-image-preview":"max-image-preview:large","max-video-preview":"max-video-preview:-1"},"canonical":"https:\/\/www.sotograndeguide.com\/de\/restaurants-in-sotogrande\/ke-bar\/","og_locale":"de_DE","og_type":"article","og_title":"KE Bar","og_description":"The KE Bar is without a doubt one of the most frequented venues in Sotogrande, not necessarily for its food but for its atmosphere. Located frontline in the Sotogrande Port, this venue overlooks the harbour and is the place to go to see and be seen. The KE Bar mainly serves a Mediterranean cuisine with ... Read more","og_url":"https:\/\/www.sotograndeguide.com\/de\/restaurants-in-sotogrande\/ke-bar\/","og_site_name":"Sotogrande Guide","article_publisher":"https:\/\/www.facebook.com\/sotograndeguide","article_modified_time":"2019-05-21T20:43:24+00:00","og_image":[{"width":2048,"height":1365,"url":"https:\/\/www.sotograndeguide.com\/wp-content\/uploads\/2017\/02\/Ke-Sotogrande.jpg","type":"image\/jpeg"}],"twitter_card":"summary_large_image","twitter_site":"@sotograndeguide","twitter_misc":{"Gesch\u00e4tzte Lesezeit":"1\u00a0Minute"},"schema":{"@context":"https:\/\/schema.org","@graph":[{"@type":"WebPage","@id":"https:\/\/www.sotograndeguide.com\/sotogrande-restaurants\/ke-bar\/","url":"https:\/\/www.sotograndeguide.com\/sotogrande-restaurants\/ke-bar\/","name":"KE Bar","isPartOf":{"@id":"https:\/\/www.sotograndeguide.com\/#website"},"primaryImageOfPage":{"@id":"https:\/\/www.sotograndeguide.com\/sotogrande-restaurants\/ke-bar\/#primaryimage"},"image":{"@id":"https:\/\/www.sotograndeguide.com\/sotogrande-restaurants\/ke-bar\/#primaryimage"},"thumbnailUrl":"https:\/\/www.sotograndeguide.com\/wp-content\/uploads\/2017\/02\/Ke-Sotogrande.jpg","datePublished":"2017-04-27T16:51:28+00:00","dateModified":"2019-05-21T20:43:24+00:00","breadcrumb":{"@id":"https:\/\/www.sotograndeguide.com\/sotogrande-restaurants\/ke-bar\/#breadcrumb"},"inLanguage":"de","potentialAction":[{"@type":"ReadAction","target":["https:\/\/www.sotograndeguide.com\/sotogrande-restaurants\/ke-bar\/"]}]},{"@type":"ImageObject","inLanguage":"de","@id":"https:\/\/www.sotograndeguide.com\/sotogrande-restaurants\/ke-bar\/#primaryimage","url":"https:\/\/www.sotograndeguide.com\/wp-content\/uploads\/2017\/02\/Ke-Sotogrande.jpg","contentUrl":"https:\/\/www.sotograndeguide.com\/wp-content\/uploads\/2017\/02\/Ke-Sotogrande.jpg","width":"2048","height":"1365","caption":"Ke Sotogrande"},{"@type":"BreadcrumbList","@id":"https:\/\/www.sotograndeguide.com\/sotogrande-restaurants\/ke-bar\/#breadcrumb","itemListElement":[{"@type":"ListItem","position":1,"name":"Home","item":"https:\/\/www.sotograndeguide.com\/"},{"@type":"ListItem","position":2,"name":"Sotogrande Restaurants","item":"https:\/\/www.sotograndeguide.com\/sotogrande-restaurants\/"},{"@type":"ListItem","position":3,"name":"KE Bar"}]},{"@type":"WebSite","@id":"https:\/\/www.sotograndeguide.com\/#website","url":"https:\/\/www.sotograndeguide.com\/","name":"Sotogrande Reisef\u00fchrer","description":"Nachrichten, Tipps, Veranstaltungen und Rezensionen","publisher":{"@id":"https:\/\/www.sotograndeguide.com\/#organization"},"potentialAction":[{"@type":"SearchAction","target":{"@type":"EntryPoint","urlTemplate":"https:\/\/www.sotograndeguide.com\/?s={search_term_string}"},"query-input":{"@type":"PropertyValueSpecification","valueRequired":true,"valueName":"search_term_string"}}],"inLanguage":"de"},{"@type":"Organization","@id":"https:\/\/www.sotograndeguide.com\/#organization","name":"Sotogrande Reisef\u00fchrer","url":"https:\/\/www.sotograndeguide.com\/","logo":{"@type":"ImageObject","inLanguage":"de","@id":"https:\/\/www.sotograndeguide.com\/#\/schema\/logo\/image\/","url":"https:\/\/www.sotograndeguide.com\/wp-content\/uploads\/2017\/03\/Sotogrande-Logo-GUIDE.png","contentUrl":"https:\/\/www.sotograndeguide.com\/wp-content\/uploads\/2017\/03\/Sotogrande-Logo-GUIDE.png","width":300,"height":300,"caption":"Sotogrande Guide"},"image":{"@id":"https:\/\/www.sotograndeguide.com\/#\/schema\/logo\/image\/"},"sameAs":["https:\/\/www.facebook.com\/sotograndeguide","https:\/\/x.com\/sotograndeguide","https:\/\/www.tiktok.com\/@sotograndeguide","https:\/\/www.youtube.com\/@SotograndeGuide"]}]}},"jetpack_sharing_enabled":true,"_links":{"self":[{"href":"https:\/\/www.sotograndeguide.com\/de\/wp-json\/wp\/v2\/pages\/31594","targetHints":{"allow":["GET"]}}],"collection":[{"href":"https:\/\/www.sotograndeguide.com\/de\/wp-json\/wp\/v2\/pages"}],"about":[{"href":"https:\/\/www.sotograndeguide.com\/de\/wp-json\/wp\/v2\/types\/page"}],"author":[{"embeddable":true,"href":"https:\/\/www.sotograndeguide.com\/de\/wp-json\/wp\/v2\/users\/1"}],"replies":[{"embeddable":true,"href":"https:\/\/www.sotograndeguide.com\/de\/wp-json\/wp\/v2\/comments?post=31594"}],"version-history":[{"count":0,"href":"https:\/\/www.sotograndeguide.com\/de\/wp-json\/wp\/v2\/pages\/31594\/revisions"}],"up":[{"embeddable":true,"href":"https:\/\/www.sotograndeguide.com\/de\/wp-json\/wp\/v2\/pages\/91"}],"wp:featuredmedia":[{"embeddable":true,"href":"https:\/\/www.sotograndeguide.com\/de\/wp-json\/wp\/v2\/media\/33243"}],"wp:attachment":[{"href":"https:\/\/www.sotograndeguide.com\/de\/wp-json\/wp\/v2\/media?parent=31594"}],"curies":[{"name":"wp","href":"https:\/\/api.w.org\/{rel}","templated":true}]}}