{"id":31590,"date":"2017-04-27T16:27:09","date_gmt":"2017-04-27T16:27:09","guid":{"rendered":"http:\/\/www.sotograndeguide.com\/?page_id=31590"},"modified":"2023-04-10T19:05:39","modified_gmt":"2023-04-10T19:05:39","slug":"trocadero","status":"publish","type":"page","link":"https:\/\/www.sotograndeguide.com\/de\/sotogrande-restaurants\/trocadero\/","title":{"rendered":"Trocadero Sotogrande"},"content":{"rendered":"<p>Der Trocadero Beach Club ist ein beeindruckender Ort am Strand mit einem sehr gro\u00dfen Restaurant in Sotogrande Costa, direkt an der prestigetr\u00e4chtigen Paseo del Parque-Allee. Schon beim Betreten des Clubs sprechen Design und Dekoration alle Sinne an.<\/p>\n<p>Es gibt zwei k\u00fchle Swimmingpools, eine gro\u00dfe Freifl\u00e4che mit Sonnenliegen und balinesischen Betten sowie eine Vielzahl von Essbereichen im Innen- und Au\u00dfenbereich. Der Trocadero Beach Club ist mehr als nur ein Restaurant, er ist ein Ort, an dem man sich entspannen, etwas trinken, Sonne tanken und das Leben in vollen Z\u00fcgen genie\u00dfen kann. Im Sommer kann es im Trocadero sehr voll werden, also haben Sie etwas Geduld und Sie werden nicht entt\u00e4uscht sein.<\/p>\n<p>Das Essen ist mediterran-kreativ mit einigen japanischen Optionen, mit einer gro\u00dfen Auswahl f\u00fcr alle Geschm\u00e4cker und die Bar bietet eine gro\u00dfe Auswahl an Cocktails. Die Bar bietet eine gro\u00dfe Auswahl an Cocktails. Das Lokal ist auch eines der wenigen, die das Nachtleben in Sotogrande ansprechen, mit DJs, die bis sp\u00e4t in die Nacht Musik spielen.<\/p>\n<p><strong>Trocadero<\/strong><br \/>\nDie K\u00fcche: Mediterran, Japanisch<br \/>\nAnschrift: Paseo del Parque, s\/n, 11310 Sotogrande, San Roque, Spanien<br \/>\nTelefon: <a href=\"tel:+34956795012\">956795012<\/a><\/p>","protected":false},"excerpt":{"rendered":"<p>Der Trocadero Beach Club ist ein beeindruckender Ort am Strand mit einem sehr gro\u00dfen Restaurant in Sotogrande Costa, direkt an der prestigetr\u00e4chtigen Paseo del Parque-Allee gelegen. Schon beim Betreten des Clubs sprechen das Design und die Einrichtung alle Sinne an. Es gibt zwei k\u00fchle Swimmingpools, eine gro\u00dfe Freifl\u00e4che mit Liegest\u00fchlen und balinesischen Betten ... <a title=\"Trocadero Sotogrande\" class=\"read-more\" href=\"https:\/\/www.sotograndeguide.com\/de\/sotogrande-restaurants\/trocadero\/\" aria-label=\"Mehr Informationen \u00fcber Trocadero Sotogrande\">Mehr lesen<\/a><\/p>","protected":false},"author":1,"featured_media":33238,"parent":91,"menu_order":0,"comment_status":"closed","ping_status":"closed","template":"","meta":{"footnotes":""},"class_list":["post-31590","page","type-page","status-publish","has-post-thumbnail"],"yoast_head":"<!-- This site is optimized with the Yoast SEO Premium plugin v20.5 (Yoast SEO v27.3) - https:\/\/yoast.com\/product\/yoast-seo-premium-wordpress\/ -->\n<title>Trocadero Sotogrande Beach Club &amp; Restaurant - Sotogrande Guide<\/title>\n<meta name=\"robots\" content=\"index, follow, max-snippet:-1, max-image-preview:large, max-video-preview:-1\" \/>\n<link rel=\"canonical\" href=\"https:\/\/www.sotograndeguide.com\/de\/restaurants-in-sotogrande\/trocadero\/\" \/>\n<meta property=\"og:locale\" content=\"de_DE\" \/>\n<meta property=\"og:type\" content=\"article\" \/>\n<meta property=\"og:title\" content=\"Trocadero Sotogrande\" \/>\n<meta property=\"og:description\" content=\"The Trocadero beach club is an impressive beachfront venue with a very large Restaurant, located in Sotogrande Costa, just off the prestigious Paseo del Parque avenue. From the moment you walk in, the design and decor attract all your senses. There are two cool swimming pools, large open area with sun loungers and balinese beds ... Read more\" \/>\n<meta property=\"og:url\" content=\"https:\/\/www.sotograndeguide.com\/de\/restaurants-in-sotogrande\/trocadero\/\" \/>\n<meta property=\"og:site_name\" content=\"Sotogrande Guide\" \/>\n<meta property=\"article:publisher\" content=\"https:\/\/www.facebook.com\/sotograndeguide\" \/>\n<meta property=\"article:modified_time\" content=\"2023-04-10T19:05:39+00:00\" \/>\n<meta property=\"og:image\" content=\"https:\/\/www.sotograndeguide.com\/wp-content\/uploads\/2017\/04\/Trocadero-Sotogrande.jpg\" \/>\n\t<meta property=\"og:image:width\" content=\"1000\" \/>\n\t<meta property=\"og:image:height\" content=\"667\" \/>\n\t<meta property=\"og:image:type\" content=\"image\/jpeg\" \/>\n<meta name=\"twitter:card\" content=\"summary_large_image\" \/>\n<meta name=\"twitter:site\" content=\"@sotograndeguide\" \/>\n<meta name=\"twitter:label1\" content=\"Gesch\u00e4tzte Lesezeit\" \/>\n\t<meta name=\"twitter:data1\" content=\"1\u00a0Minute\" \/>\n<!-- \/ Yoast SEO Premium plugin. -->","yoast_head_json":{"title":"Trocadero Sotogrande Beach Club &amp; Restaurant - Sotogrande Reisef\u00fchrer","robots":{"index":"index","follow":"follow","max-snippet":"max-snippet:-1","max-image-preview":"max-image-preview:large","max-video-preview":"max-video-preview:-1"},"canonical":"https:\/\/www.sotograndeguide.com\/de\/restaurants-in-sotogrande\/trocadero\/","og_locale":"de_DE","og_type":"article","og_title":"Trocadero Sotogrande","og_description":"The Trocadero beach club is an impressive beachfront venue with a very large Restaurant, located in Sotogrande Costa, just off the prestigious Paseo del Parque avenue. From the moment you walk in, the design and decor attract all your senses. There are two cool swimming pools, large open area with sun loungers and balinese beds ... Read more","og_url":"https:\/\/www.sotograndeguide.com\/de\/restaurants-in-sotogrande\/trocadero\/","og_site_name":"Sotogrande Guide","article_publisher":"https:\/\/www.facebook.com\/sotograndeguide","article_modified_time":"2023-04-10T19:05:39+00:00","og_image":[{"width":1000,"height":667,"url":"https:\/\/www.sotograndeguide.com\/wp-content\/uploads\/2017\/04\/Trocadero-Sotogrande.jpg","type":"image\/jpeg"}],"twitter_card":"summary_large_image","twitter_site":"@sotograndeguide","twitter_misc":{"Gesch\u00e4tzte Lesezeit":"1\u00a0Minute"},"schema":{"@context":"https:\/\/schema.org","@graph":[{"@type":"WebPage","@id":"https:\/\/www.sotograndeguide.com\/sotogrande-restaurants\/trocadero\/","url":"https:\/\/www.sotograndeguide.com\/sotogrande-restaurants\/trocadero\/","name":"Trocadero Sotogrande Beach Club &amp; Restaurant - Sotogrande Reisef\u00fchrer","isPartOf":{"@id":"https:\/\/www.sotograndeguide.com\/#website"},"primaryImageOfPage":{"@id":"https:\/\/www.sotograndeguide.com\/sotogrande-restaurants\/trocadero\/#primaryimage"},"image":{"@id":"https:\/\/www.sotograndeguide.com\/sotogrande-restaurants\/trocadero\/#primaryimage"},"thumbnailUrl":"https:\/\/www.sotograndeguide.com\/wp-content\/uploads\/2017\/04\/Trocadero-Sotogrande.jpg","datePublished":"2017-04-27T16:27:09+00:00","dateModified":"2023-04-10T19:05:39+00:00","breadcrumb":{"@id":"https:\/\/www.sotograndeguide.com\/sotogrande-restaurants\/trocadero\/#breadcrumb"},"inLanguage":"de","potentialAction":[{"@type":"ReadAction","target":["https:\/\/www.sotograndeguide.com\/sotogrande-restaurants\/trocadero\/"]}]},{"@type":"ImageObject","inLanguage":"de","@id":"https:\/\/www.sotograndeguide.com\/sotogrande-restaurants\/trocadero\/#primaryimage","url":"https:\/\/www.sotograndeguide.com\/wp-content\/uploads\/2017\/04\/Trocadero-Sotogrande.jpg","contentUrl":"https:\/\/www.sotograndeguide.com\/wp-content\/uploads\/2017\/04\/Trocadero-Sotogrande.jpg","width":"1000","height":"667","caption":"Trocadero Sotogrande"},{"@type":"BreadcrumbList","@id":"https:\/\/www.sotograndeguide.com\/sotogrande-restaurants\/trocadero\/#breadcrumb","itemListElement":[{"@type":"ListItem","position":1,"name":"Home","item":"https:\/\/www.sotograndeguide.com\/"},{"@type":"ListItem","position":2,"name":"Sotogrande Restaurants","item":"https:\/\/www.sotograndeguide.com\/sotogrande-restaurants\/"},{"@type":"ListItem","position":3,"name":"Trocadero Sotogrande"}]},{"@type":"WebSite","@id":"https:\/\/www.sotograndeguide.com\/#website","url":"https:\/\/www.sotograndeguide.com\/","name":"Sotogrande Reisef\u00fchrer","description":"Nachrichten, Tipps, Veranstaltungen und Rezensionen","publisher":{"@id":"https:\/\/www.sotograndeguide.com\/#organization"},"potentialAction":[{"@type":"SearchAction","target":{"@type":"EntryPoint","urlTemplate":"https:\/\/www.sotograndeguide.com\/?s={search_term_string}"},"query-input":{"@type":"PropertyValueSpecification","valueRequired":true,"valueName":"search_term_string"}}],"inLanguage":"de"},{"@type":"Organization","@id":"https:\/\/www.sotograndeguide.com\/#organization","name":"Sotogrande Reisef\u00fchrer","url":"https:\/\/www.sotograndeguide.com\/","logo":{"@type":"ImageObject","inLanguage":"de","@id":"https:\/\/www.sotograndeguide.com\/#\/schema\/logo\/image\/","url":"https:\/\/www.sotograndeguide.com\/wp-content\/uploads\/2017\/03\/Sotogrande-Logo-GUIDE.png","contentUrl":"https:\/\/www.sotograndeguide.com\/wp-content\/uploads\/2017\/03\/Sotogrande-Logo-GUIDE.png","width":300,"height":300,"caption":"Sotogrande Guide"},"image":{"@id":"https:\/\/www.sotograndeguide.com\/#\/schema\/logo\/image\/"},"sameAs":["https:\/\/www.facebook.com\/sotograndeguide","https:\/\/x.com\/sotograndeguide","https:\/\/www.tiktok.com\/@sotograndeguide","https:\/\/www.youtube.com\/@SotograndeGuide"]}]}},"jetpack_sharing_enabled":true,"_links":{"self":[{"href":"https:\/\/www.sotograndeguide.com\/de\/wp-json\/wp\/v2\/pages\/31590","targetHints":{"allow":["GET"]}}],"collection":[{"href":"https:\/\/www.sotograndeguide.com\/de\/wp-json\/wp\/v2\/pages"}],"about":[{"href":"https:\/\/www.sotograndeguide.com\/de\/wp-json\/wp\/v2\/types\/page"}],"author":[{"embeddable":true,"href":"https:\/\/www.sotograndeguide.com\/de\/wp-json\/wp\/v2\/users\/1"}],"replies":[{"embeddable":true,"href":"https:\/\/www.sotograndeguide.com\/de\/wp-json\/wp\/v2\/comments?post=31590"}],"version-history":[{"count":0,"href":"https:\/\/www.sotograndeguide.com\/de\/wp-json\/wp\/v2\/pages\/31590\/revisions"}],"up":[{"embeddable":true,"href":"https:\/\/www.sotograndeguide.com\/de\/wp-json\/wp\/v2\/pages\/91"}],"wp:featuredmedia":[{"embeddable":true,"href":"https:\/\/www.sotograndeguide.com\/de\/wp-json\/wp\/v2\/media\/33238"}],"wp:attachment":[{"href":"https:\/\/www.sotograndeguide.com\/de\/wp-json\/wp\/v2\/media?parent=31590"}],"curies":[{"name":"wp","href":"https:\/\/api.w.org\/{rel}","templated":true}]}}