{"id":31589,"date":"2017-02-19T22:45:31","date_gmt":"2017-02-19T22:45:31","guid":{"rendered":"http:\/\/www.sotograndeguide.com\/?page_id=31589"},"modified":"2019-05-21T20:37:06","modified_gmt":"2019-05-21T20:37:06","slug":"mara","status":"publish","type":"page","link":"https:\/\/www.sotograndeguide.com\/de\/sotogrande-restaurants\/mara\/","title":{"rendered":"Mara"},"content":{"rendered":"<p>Das Restaurant Mara ist eines der etabliertesten Restaurants in Sotogrande und verf\u00fcgt \u00fcber zwei Standorte, einen in Sotovila, Pueblo Nuevo de Guadiaro und einen im Hafen von Sotogrande, in zweiter Reihe an der Plaza de Los Naranjos.<\/p>\n<p>Das Restaurant Mara im Hafen von Sotogrande ist ganzj\u00e4hrig ge\u00f6ffnet und serviert eine k\u00f6stliche und typisch mediterrane Auswahl an Gerichten, darunter die beliebten Calameres fritos, Gambas al Pil Pil. Nicht zu verpassen, wenn Sie Thunfisch lieben: das Atun Macerado.<\/p>\n<p>Im Mara herrscht eine unpr\u00e4tenti\u00f6se Atmosph\u00e4re, in der das Essen im Mittelpunkt steht. Im Inneren befindet sich ein Aquarium, in dem frischer Hummer herumschwimmt, und es wird hochwertiger Fisch serviert, der immer frisch ist.<\/p>\n<p>Die Preise sind erschwinglich und die Lage ist g\u00fcnstig, da es fast das ganze Jahr \u00fcber gen\u00fcgend Parkpl\u00e4tze gibt (im Sommer ist dies nicht der Fall).<\/p>\n<p><strong>Gastst\u00e4tte Mara<\/strong><br \/>\nDie K\u00fcche: Mittelmeer, Fisch<br \/>\nAnschrift: Plaza de Los Naranjos, 15, Hafen Sotogrande, 11310, Sotogrande, Spanien<br \/>\nTelefon: <a href=\"tel:+34650208251\">650208251<\/a><\/p>","protected":false},"excerpt":{"rendered":"<p>Das Restaurant Mara ist eines der etabliertesten Restaurants in der Gegend von Sotogrande, mit zwei Standorten, einem in Sotovila, Pueblo Nuevo de Guadiaro und einem im Hafen von Sotogrande, in zweiter Reihe an der Plaza de Los Naranjos. Das Restaurant Mara im Hafen von Sotogrande ist ganzj\u00e4hrig ge\u00f6ffnet und serviert eine k\u00f6stliche und typisch mediterrane Vielfalt an Gerichten, ... <a title=\"Mara\" class=\"read-more\" href=\"https:\/\/www.sotograndeguide.com\/de\/sotogrande-restaurants\/mara\/\" aria-label=\"Mehr Informationen \u00fcber Mara\">Mehr lesen<\/a><\/p>","protected":false},"author":1,"featured_media":33290,"parent":91,"menu_order":0,"comment_status":"closed","ping_status":"closed","template":"","meta":{"footnotes":""},"class_list":["post-31589","page","type-page","status-publish","has-post-thumbnail"],"yoast_head":"<!-- This site is optimized with the Yoast SEO Premium plugin v20.5 (Yoast SEO v27.5) - https:\/\/yoast.com\/product\/yoast-seo-premium-wordpress\/ -->\n<title>Mara Restaurant - Sotogrande Guide<\/title>\n<meta name=\"robots\" content=\"index, follow, max-snippet:-1, max-image-preview:large, max-video-preview:-1\" \/>\n<link rel=\"canonical\" href=\"https:\/\/www.sotograndeguide.com\/de\/restaurants-in-sotogrande\/mara\/\" \/>\n<meta property=\"og:locale\" content=\"de_DE\" \/>\n<meta property=\"og:type\" content=\"article\" \/>\n<meta property=\"og:title\" content=\"Mara\" \/>\n<meta property=\"og:description\" content=\"Mara Restaurant is one of the most established restaurants in the Sotogrande area, with two locations, one in Sotovila, Pueblo Nuevo de Guadiaro and one in Sotogrande Port, second line on the Plaza de Los Naranjos. The Mara Restaurant in Sotogrande Port is open all year, serving a delicious and typical Mediterranean variety of dishes, ... Read more\" \/>\n<meta property=\"og:url\" content=\"https:\/\/www.sotograndeguide.com\/de\/restaurants-in-sotogrande\/mara\/\" \/>\n<meta property=\"og:site_name\" content=\"Sotogrande Guide\" \/>\n<meta property=\"article:publisher\" content=\"https:\/\/www.facebook.com\/sotograndeguide\" \/>\n<meta property=\"article:modified_time\" content=\"2019-05-21T20:37:06+00:00\" \/>\n<meta property=\"og:image\" content=\"https:\/\/www.sotograndeguide.com\/wp-content\/uploads\/2017\/02\/Restaurante-Mara-Sotogrande.jpg\" \/>\n\t<meta property=\"og:image:width\" content=\"850\" \/>\n\t<meta property=\"og:image:height\" content=\"572\" \/>\n\t<meta property=\"og:image:type\" content=\"image\/jpeg\" \/>\n<meta name=\"twitter:card\" content=\"summary_large_image\" \/>\n<meta name=\"twitter:site\" content=\"@sotograndeguide\" \/>\n<meta name=\"twitter:label1\" content=\"Gesch\u00e4tzte Lesezeit\" \/>\n\t<meta name=\"twitter:data1\" content=\"1\u00a0Minute\" \/>\n<!-- \/ Yoast SEO Premium plugin. -->","yoast_head_json":{"title":"Mara Restaurant - Sotogrande Reisef\u00fchrer","robots":{"index":"index","follow":"follow","max-snippet":"max-snippet:-1","max-image-preview":"max-image-preview:large","max-video-preview":"max-video-preview:-1"},"canonical":"https:\/\/www.sotograndeguide.com\/de\/restaurants-in-sotogrande\/mara\/","og_locale":"de_DE","og_type":"article","og_title":"Mara","og_description":"Mara Restaurant is one of the most established restaurants in the Sotogrande area, with two locations, one in Sotovila, Pueblo Nuevo de Guadiaro and one in Sotogrande Port, second line on the Plaza de Los Naranjos. The Mara Restaurant in Sotogrande Port is open all year, serving a delicious and typical Mediterranean variety of dishes, ... Read more","og_url":"https:\/\/www.sotograndeguide.com\/de\/restaurants-in-sotogrande\/mara\/","og_site_name":"Sotogrande Guide","article_publisher":"https:\/\/www.facebook.com\/sotograndeguide","article_modified_time":"2019-05-21T20:37:06+00:00","og_image":[{"width":850,"height":572,"url":"https:\/\/www.sotograndeguide.com\/wp-content\/uploads\/2017\/02\/Restaurante-Mara-Sotogrande.jpg","type":"image\/jpeg"}],"twitter_card":"summary_large_image","twitter_site":"@sotograndeguide","twitter_misc":{"Gesch\u00e4tzte Lesezeit":"1\u00a0Minute"},"schema":{"@context":"https:\/\/schema.org","@graph":[{"@type":"WebPage","@id":"https:\/\/www.sotograndeguide.com\/sotogrande-restaurants\/mara\/","url":"https:\/\/www.sotograndeguide.com\/sotogrande-restaurants\/mara\/","name":"Mara Restaurant - Sotogrande Reisef\u00fchrer","isPartOf":{"@id":"https:\/\/www.sotograndeguide.com\/#website"},"primaryImageOfPage":{"@id":"https:\/\/www.sotograndeguide.com\/sotogrande-restaurants\/mara\/#primaryimage"},"image":{"@id":"https:\/\/www.sotograndeguide.com\/sotogrande-restaurants\/mara\/#primaryimage"},"thumbnailUrl":"https:\/\/www.sotograndeguide.com\/wp-content\/uploads\/2017\/02\/Restaurante-Mara-Sotogrande.jpg","datePublished":"2017-02-19T22:45:31+00:00","dateModified":"2019-05-21T20:37:06+00:00","breadcrumb":{"@id":"https:\/\/www.sotograndeguide.com\/sotogrande-restaurants\/mara\/#breadcrumb"},"inLanguage":"de","potentialAction":[{"@type":"ReadAction","target":["https:\/\/www.sotograndeguide.com\/sotogrande-restaurants\/mara\/"]}]},{"@type":"ImageObject","inLanguage":"de","@id":"https:\/\/www.sotograndeguide.com\/sotogrande-restaurants\/mara\/#primaryimage","url":"https:\/\/www.sotograndeguide.com\/wp-content\/uploads\/2017\/02\/Restaurante-Mara-Sotogrande.jpg","contentUrl":"https:\/\/www.sotograndeguide.com\/wp-content\/uploads\/2017\/02\/Restaurante-Mara-Sotogrande.jpg","width":"850","height":"572","caption":"Restaurante Mara Sotogrande"},{"@type":"BreadcrumbList","@id":"https:\/\/www.sotograndeguide.com\/sotogrande-restaurants\/mara\/#breadcrumb","itemListElement":[{"@type":"ListItem","position":1,"name":"Home","item":"https:\/\/www.sotograndeguide.com\/"},{"@type":"ListItem","position":2,"name":"Sotogrande Restaurants","item":"https:\/\/www.sotograndeguide.com\/sotogrande-restaurants\/"},{"@type":"ListItem","position":3,"name":"Mara"}]},{"@type":"WebSite","@id":"https:\/\/www.sotograndeguide.com\/#website","url":"https:\/\/www.sotograndeguide.com\/","name":"Sotogrande Reisef\u00fchrer","description":"Nachrichten, Tipps, Veranstaltungen und Rezensionen","publisher":{"@id":"https:\/\/www.sotograndeguide.com\/#organization"},"potentialAction":[{"@type":"SearchAction","target":{"@type":"EntryPoint","urlTemplate":"https:\/\/www.sotograndeguide.com\/?s={search_term_string}"},"query-input":{"@type":"PropertyValueSpecification","valueRequired":true,"valueName":"search_term_string"}}],"inLanguage":"de"},{"@type":"Organization","@id":"https:\/\/www.sotograndeguide.com\/#organization","name":"Sotogrande Reisef\u00fchrer","url":"https:\/\/www.sotograndeguide.com\/","logo":{"@type":"ImageObject","inLanguage":"de","@id":"https:\/\/www.sotograndeguide.com\/#\/schema\/logo\/image\/","url":"https:\/\/www.sotograndeguide.com\/wp-content\/uploads\/2017\/03\/Sotogrande-Logo-GUIDE.png","contentUrl":"https:\/\/www.sotograndeguide.com\/wp-content\/uploads\/2017\/03\/Sotogrande-Logo-GUIDE.png","width":300,"height":300,"caption":"Sotogrande Guide"},"image":{"@id":"https:\/\/www.sotograndeguide.com\/#\/schema\/logo\/image\/"},"sameAs":["https:\/\/www.facebook.com\/sotograndeguide","https:\/\/x.com\/sotograndeguide","https:\/\/www.tiktok.com\/@sotograndeguide","https:\/\/www.youtube.com\/@SotograndeGuide"]}]}},"jetpack_sharing_enabled":true,"_links":{"self":[{"href":"https:\/\/www.sotograndeguide.com\/de\/wp-json\/wp\/v2\/pages\/31589","targetHints":{"allow":["GET"]}}],"collection":[{"href":"https:\/\/www.sotograndeguide.com\/de\/wp-json\/wp\/v2\/pages"}],"about":[{"href":"https:\/\/www.sotograndeguide.com\/de\/wp-json\/wp\/v2\/types\/page"}],"author":[{"embeddable":true,"href":"https:\/\/www.sotograndeguide.com\/de\/wp-json\/wp\/v2\/users\/1"}],"replies":[{"embeddable":true,"href":"https:\/\/www.sotograndeguide.com\/de\/wp-json\/wp\/v2\/comments?post=31589"}],"version-history":[{"count":0,"href":"https:\/\/www.sotograndeguide.com\/de\/wp-json\/wp\/v2\/pages\/31589\/revisions"}],"up":[{"embeddable":true,"href":"https:\/\/www.sotograndeguide.com\/de\/wp-json\/wp\/v2\/pages\/91"}],"wp:featuredmedia":[{"embeddable":true,"href":"https:\/\/www.sotograndeguide.com\/de\/wp-json\/wp\/v2\/media\/33290"}],"wp:attachment":[{"href":"https:\/\/www.sotograndeguide.com\/de\/wp-json\/wp\/v2\/media?parent=31589"}],"curies":[{"name":"wp","href":"https:\/\/api.w.org\/{rel}","templated":true}]}}