{"id":31588,"date":"2017-02-19T22:45:03","date_gmt":"2017-02-19T22:45:03","guid":{"rendered":"http:\/\/www.sotograndeguide.com\/?page_id=31588"},"modified":"2019-05-21T20:44:11","modified_gmt":"2019-05-21T20:44:11","slug":"puratapa","status":"publish","type":"page","link":"https:\/\/www.sotograndeguide.com\/de\/sotogrande-restaurants\/puratapa\/","title":{"rendered":"PuraTapa"},"content":{"rendered":"<p>Die PuraTapa-Gastrobar wird in beliebten Bewertungs- und Rezensionsportalen, Reisef\u00fchrern und Gastro-Verzeichnissen oft auf den vorderen Pl\u00e4tzen gef\u00fchrt. Das PuraTapa in Torreguadiaro ist ein kleines Restaurant im Boutique-Stil, das kreative Tapas serviert.<\/p>\n<p>Das Restaurant PuraTapa bietet ein gastronomisches Erlebnis, das Einheimische und Touristen gleicherma\u00dfen anspricht. Es wurde erst 2011 er\u00f6ffnet, entwickelte sich aber schnell zu einem der beliebtesten Lokale in Sotogrande und er\u00f6ffnete Ende 2016 ein zweites Lokal namens Bokana im Jachthafen von Sotogrande.<\/p>\n<p>Die Einrichtung ist einfach und sauber. Die Speisekarte ist auf einem schwarzen Brett abgebildet und die Kellner sind immer freundlich und bereit, Vorschl\u00e4ge zu machen.<\/p>\n<p>Das PuraTapa ist mittags oft sehr gut besucht. Wenn Sie also mit einer Gruppe kommen m\u00f6chten, empfiehlt sich eine Reservierung.<\/p>\n<p><strong>PuraTapa<\/strong><br \/>\nDie K\u00fcche: Kreativ, Tapas<br \/>\nAnschrift: Avd Mar Del Sur S\/N, Torreguadiaro, 11312, Sotogrande, Spanien<br \/>\nTelefon: <a href=\"tel:+34956615366\">956615366<\/a><\/p>","protected":false},"excerpt":{"rendered":"<p>Die PuraTapa-Gastrobar wird in beliebten Bewertungs- und Rezensionsportalen, Reisef\u00fchrern und Gastro-Verzeichnissen oft auf den vorderen Pl\u00e4tzen gef\u00fchrt. Das PuraTapa in Torreguadiaro ist ein kleines Restaurant im Boutique-Stil, das kreative Tapas serviert. Das PuraTapa Restaurant bietet ein gastronomisches Erlebnis, das Einheimische und Touristen gleicherma\u00dfen anspricht. Es wurde erst 2011 er\u00f6ffnet, hat sich aber schnell ... <a title=\"PuraTapa\" class=\"read-more\" href=\"https:\/\/www.sotograndeguide.com\/de\/sotogrande-restaurants\/puratapa\/\" aria-label=\"Mehr Informationen \u00fcber PuraTapa\">Mehr lesen<\/a><\/p>","protected":false},"author":1,"featured_media":33291,"parent":91,"menu_order":0,"comment_status":"closed","ping_status":"closed","template":"","meta":{"footnotes":""},"class_list":["post-31588","page","type-page","status-publish","has-post-thumbnail"],"yoast_head":"<!-- This site is optimized with the Yoast SEO Premium plugin v20.5 (Yoast SEO v27.4) - https:\/\/yoast.com\/product\/yoast-seo-premium-wordpress\/ -->\n<title>PuraTapa Tapas Bar Restaurant - Sotogrande Guide<\/title>\n<meta name=\"robots\" content=\"index, follow, max-snippet:-1, max-image-preview:large, max-video-preview:-1\" \/>\n<link rel=\"canonical\" href=\"https:\/\/www.sotograndeguide.com\/de\/restaurants-in-sotogrande\/puratapa\/\" \/>\n<meta property=\"og:locale\" content=\"de_DE\" \/>\n<meta property=\"og:type\" content=\"article\" \/>\n<meta property=\"og:title\" content=\"PuraTapa\" \/>\n<meta property=\"og:description\" content=\"The PuraTapa gastrobar is often rated in the top positions on popular reviews and ratings portals, travel guides and gastro directories. Located in Torreguadiaro, PuraTapa is a small boutique style restaurant serving creative tapas. The PuraTapa restaurant offers a gastronomic experience that caters to locals and tourists alike. They only opened in 2011 but quickly ... Read more\" \/>\n<meta property=\"og:url\" content=\"https:\/\/www.sotograndeguide.com\/de\/restaurants-in-sotogrande\/puratapa\/\" \/>\n<meta property=\"og:site_name\" content=\"Sotogrande Guide\" \/>\n<meta property=\"article:publisher\" content=\"https:\/\/www.facebook.com\/sotograndeguide\" \/>\n<meta property=\"article:modified_time\" content=\"2019-05-21T20:44:11+00:00\" \/>\n<meta property=\"og:image\" content=\"https:\/\/www.sotograndeguide.com\/wp-content\/uploads\/2017\/02\/PuraTapa-Torreguadiaro-Sotogrande.jpg\" \/>\n\t<meta property=\"og:image:width\" content=\"900\" \/>\n\t<meta property=\"og:image:height\" content=\"600\" \/>\n\t<meta property=\"og:image:type\" content=\"image\/jpeg\" \/>\n<meta name=\"twitter:card\" content=\"summary_large_image\" \/>\n<meta name=\"twitter:site\" content=\"@sotograndeguide\" \/>\n<meta name=\"twitter:label1\" content=\"Gesch\u00e4tzte Lesezeit\" \/>\n\t<meta name=\"twitter:data1\" content=\"1\u00a0Minute\" \/>\n<!-- \/ Yoast SEO Premium plugin. -->","yoast_head_json":{"title":"PuraTapa Tapas Bar Restaurant - Sotogrande Reisef\u00fchrer","robots":{"index":"index","follow":"follow","max-snippet":"max-snippet:-1","max-image-preview":"max-image-preview:large","max-video-preview":"max-video-preview:-1"},"canonical":"https:\/\/www.sotograndeguide.com\/de\/restaurants-in-sotogrande\/puratapa\/","og_locale":"de_DE","og_type":"article","og_title":"PuraTapa","og_description":"The PuraTapa gastrobar is often rated in the top positions on popular reviews and ratings portals, travel guides and gastro directories. Located in Torreguadiaro, PuraTapa is a small boutique style restaurant serving creative tapas. The PuraTapa restaurant offers a gastronomic experience that caters to locals and tourists alike. They only opened in 2011 but quickly ... Read more","og_url":"https:\/\/www.sotograndeguide.com\/de\/restaurants-in-sotogrande\/puratapa\/","og_site_name":"Sotogrande Guide","article_publisher":"https:\/\/www.facebook.com\/sotograndeguide","article_modified_time":"2019-05-21T20:44:11+00:00","og_image":[{"width":900,"height":600,"url":"https:\/\/www.sotograndeguide.com\/wp-content\/uploads\/2017\/02\/PuraTapa-Torreguadiaro-Sotogrande.jpg","type":"image\/jpeg"}],"twitter_card":"summary_large_image","twitter_site":"@sotograndeguide","twitter_misc":{"Gesch\u00e4tzte Lesezeit":"1\u00a0Minute"},"schema":{"@context":"https:\/\/schema.org","@graph":[{"@type":"WebPage","@id":"https:\/\/www.sotograndeguide.com\/sotogrande-restaurants\/puratapa\/","url":"https:\/\/www.sotograndeguide.com\/sotogrande-restaurants\/puratapa\/","name":"PuraTapa Tapas Bar Restaurant - Sotogrande Reisef\u00fchrer","isPartOf":{"@id":"https:\/\/www.sotograndeguide.com\/#website"},"primaryImageOfPage":{"@id":"https:\/\/www.sotograndeguide.com\/sotogrande-restaurants\/puratapa\/#primaryimage"},"image":{"@id":"https:\/\/www.sotograndeguide.com\/sotogrande-restaurants\/puratapa\/#primaryimage"},"thumbnailUrl":"https:\/\/www.sotograndeguide.com\/wp-content\/uploads\/2017\/02\/PuraTapa-Torreguadiaro-Sotogrande.jpg","datePublished":"2017-02-19T22:45:03+00:00","dateModified":"2019-05-21T20:44:11+00:00","breadcrumb":{"@id":"https:\/\/www.sotograndeguide.com\/sotogrande-restaurants\/puratapa\/#breadcrumb"},"inLanguage":"de","potentialAction":[{"@type":"ReadAction","target":["https:\/\/www.sotograndeguide.com\/sotogrande-restaurants\/puratapa\/"]}]},{"@type":"ImageObject","inLanguage":"de","@id":"https:\/\/www.sotograndeguide.com\/sotogrande-restaurants\/puratapa\/#primaryimage","url":"https:\/\/www.sotograndeguide.com\/wp-content\/uploads\/2017\/02\/PuraTapa-Torreguadiaro-Sotogrande.jpg","contentUrl":"https:\/\/www.sotograndeguide.com\/wp-content\/uploads\/2017\/02\/PuraTapa-Torreguadiaro-Sotogrande.jpg","width":"900","height":"600","caption":"PuraTapa Torreguadiaro Sotogrande"},{"@type":"BreadcrumbList","@id":"https:\/\/www.sotograndeguide.com\/sotogrande-restaurants\/puratapa\/#breadcrumb","itemListElement":[{"@type":"ListItem","position":1,"name":"Home","item":"https:\/\/www.sotograndeguide.com\/"},{"@type":"ListItem","position":2,"name":"Sotogrande Restaurants","item":"https:\/\/www.sotograndeguide.com\/sotogrande-restaurants\/"},{"@type":"ListItem","position":3,"name":"PuraTapa"}]},{"@type":"WebSite","@id":"https:\/\/www.sotograndeguide.com\/#website","url":"https:\/\/www.sotograndeguide.com\/","name":"Sotogrande Reisef\u00fchrer","description":"Nachrichten, Tipps, Veranstaltungen und Rezensionen","publisher":{"@id":"https:\/\/www.sotograndeguide.com\/#organization"},"potentialAction":[{"@type":"SearchAction","target":{"@type":"EntryPoint","urlTemplate":"https:\/\/www.sotograndeguide.com\/?s={search_term_string}"},"query-input":{"@type":"PropertyValueSpecification","valueRequired":true,"valueName":"search_term_string"}}],"inLanguage":"de"},{"@type":"Organization","@id":"https:\/\/www.sotograndeguide.com\/#organization","name":"Sotogrande Reisef\u00fchrer","url":"https:\/\/www.sotograndeguide.com\/","logo":{"@type":"ImageObject","inLanguage":"de","@id":"https:\/\/www.sotograndeguide.com\/#\/schema\/logo\/image\/","url":"https:\/\/www.sotograndeguide.com\/wp-content\/uploads\/2017\/03\/Sotogrande-Logo-GUIDE.png","contentUrl":"https:\/\/www.sotograndeguide.com\/wp-content\/uploads\/2017\/03\/Sotogrande-Logo-GUIDE.png","width":300,"height":300,"caption":"Sotogrande Guide"},"image":{"@id":"https:\/\/www.sotograndeguide.com\/#\/schema\/logo\/image\/"},"sameAs":["https:\/\/www.facebook.com\/sotograndeguide","https:\/\/x.com\/sotograndeguide","https:\/\/www.tiktok.com\/@sotograndeguide","https:\/\/www.youtube.com\/@SotograndeGuide"]}]}},"jetpack_sharing_enabled":true,"_links":{"self":[{"href":"https:\/\/www.sotograndeguide.com\/de\/wp-json\/wp\/v2\/pages\/31588","targetHints":{"allow":["GET"]}}],"collection":[{"href":"https:\/\/www.sotograndeguide.com\/de\/wp-json\/wp\/v2\/pages"}],"about":[{"href":"https:\/\/www.sotograndeguide.com\/de\/wp-json\/wp\/v2\/types\/page"}],"author":[{"embeddable":true,"href":"https:\/\/www.sotograndeguide.com\/de\/wp-json\/wp\/v2\/users\/1"}],"replies":[{"embeddable":true,"href":"https:\/\/www.sotograndeguide.com\/de\/wp-json\/wp\/v2\/comments?post=31588"}],"version-history":[{"count":0,"href":"https:\/\/www.sotograndeguide.com\/de\/wp-json\/wp\/v2\/pages\/31588\/revisions"}],"up":[{"embeddable":true,"href":"https:\/\/www.sotograndeguide.com\/de\/wp-json\/wp\/v2\/pages\/91"}],"wp:featuredmedia":[{"embeddable":true,"href":"https:\/\/www.sotograndeguide.com\/de\/wp-json\/wp\/v2\/media\/33291"}],"wp:attachment":[{"href":"https:\/\/www.sotograndeguide.com\/de\/wp-json\/wp\/v2\/media?parent=31588"}],"curies":[{"name":"wp","href":"https:\/\/api.w.org\/{rel}","templated":true}]}}