{"id":1257,"date":"2017-02-01T09:26:09","date_gmt":"2017-02-01T09:26:09","guid":{"rendered":"http:\/\/www.sotograndeguide.com\/?page_id=1257"},"modified":"2017-02-01T09:26:09","modified_gmt":"2017-02-01T09:26:09","slug":"datenschutz","status":"publish","type":"page","link":"https:\/\/www.sotograndeguide.com\/de\/privacy\/","title":{"rendered":"Datenschutz"},"content":{"rendered":"<p>Diese Datenschutzerkl\u00e4rung beschreibt, wie wir mit den von unseren Nutzern bereitgestellten personenbezogenen Daten umgehen. Wir sammeln, speichern in Dateien, verwenden und teilen solche pers\u00f6nlichen Daten, um das Funktionieren der Website SotograndeGuide.com (\"SotograndeGuide.com\") zu unterst\u00fctzen und um sie sicher zu halten (Details unten). SotograndeGuide.com handelt selbst und durch seine Tochtergesellschaften und ist der \"Datenverantwortliche\" f\u00fcr diese pers\u00f6nlichen Daten. Wenn Sie auf SotograndeGuide.com zugreifen (und insbesondere, wenn Sie uns Ihre pers\u00f6nlichen Daten zur Verf\u00fcgung stellen), akzeptieren Sie die in dieser Richtlinie enthaltenen Bedingungen und erteilen SotograndeGuide.com Ihre Zustimmung zur Durchf\u00fchrung der hierin vorgesehenen Datenverarbeitung.) Diese Politik ist wirksam 01\/01\/2017.<\/p>\n<p>ERSCHEINUNG. Die auf SotograndeGuide.com ver\u00f6ffentlichten Informationen sind nat\u00fcrlich \u00f6ffentlich zug\u00e4nglich. Unsere Server befinden sich in den Vereinigten Staaten und in der Europ\u00e4ischen Union. Wenn Sie sich entscheiden, uns pers\u00f6nliche Daten zu \u00fcbermitteln, stimmen Sie der \u00dcbertragung und Speicherung dieser Daten auf unseren Servern in den Vereinigten Staaten und der Europ\u00e4ischen Union zu. Wir sammeln und speichern die folgenden personenbezogenen Daten in Dateien:<\/p>\n<p>E-Mail-Adresse, physische Kontaktinformationen und (je nach verwendetem Dienst) manchmal Telefonnummern;<br \/>\nComputer-Anmeldedaten, Statistiken \u00fcber Seitenaufrufe, Verkehr zu und von SotograndeGuide.com und Werbedaten (alle durch Cookies - Sie k\u00f6nnen Schritte unternehmen, um die Cookies in Ihrem Browser zu deaktivieren, obwohl dies wahrscheinlich Ihre F\u00e4higkeit, die Website zu nutzen, beeintr\u00e4chtigen wird);<br \/>\nandere Informationen, einschlie\u00dflich der IP-Adresse des Nutzers und Standard-Webprotokolldaten.<\/p>\n<p>VERWENDUNG. Wir verwenden die pers\u00f6nlichen Informationen der Benutzer, um:<\/p>\n<p>unsere Dienstleistungen anbieten;<br \/>\nBeilegung von Streitigkeiten, Einziehung von Geb\u00fchren und Behebung von Problemen;<br \/>\nden sicheren Handel zu f\u00f6rdern und unsere Politik durchzusetzen;<br \/>\ndie Erfahrungen der Nutzer anzupassen, das Interesse an unseren Dienstleistungen zu messen, unsere Dienstleistungen zu verbessern und die Nutzer \u00fcber Dienstleistungen und Aktualisierungen zu informieren;<br \/>\nIhnen Marketing- und Werbeangebote entsprechend Ihren Pr\u00e4ferenzen zukommen zu lassen;<br \/>\nandere Dinge f\u00fcr die Nutzer tun, wie bei der Erfassung der Informationen beschrieben.<\/p>\n<p>OFFENLEGUNG. Wir verkaufen oder vermieten Ihre pers\u00f6nlichen Daten nicht ohne Ihre ausdr\u00fcckliche Zustimmung an Dritte zu deren Marketingzwecken. Wir k\u00f6nnen personenbezogene Daten offenlegen, um auf gesetzliche Anforderungen zu reagieren, unsere Richtlinien durchzusetzen, auf Behauptungen zu reagieren, dass ein Beitrag oder ein anderer Inhalt die Rechte anderer verletzt, oder die Rechte, das Eigentum oder die Sicherheit anderer zu sch\u00fctzen. Wir k\u00f6nnen Ihre pers\u00f6nlichen Daten auch weitergeben, um potenziell illegale Handlungen und Verst\u00f6\u00dfe gegen unsere Richtlinien aufzudecken und zu verhindern und um Entscheidungen \u00fcber unsere Produkte, Dienstleistungen und Kommunikation zu treffen. Die Mitglieder unserer Unternehmensfamilie verwenden diese Informationen nur dann, um Ihnen Marketingmitteilungen zu senden, wenn Sie deren Dienste angefordert haben.<\/p>\n<p>VERWENDUNG VON INFORMATIONEN VON SotograndeGuide.com. Sie d\u00fcrfen die von SotograndeGuide.com gesammelten pers\u00f6nlichen Informationen nur verwenden, um mit einem anderen Benutzer \u00fcber ein bestimmtes Angebot in Kontakt zu treten, nicht um Spam zu versenden oder pers\u00f6nliche Daten von jemandem zu sammeln, der dem nicht zugestimmt hat.<\/p>\n<p>KOMMUNIKATION UND E-MAIL-TOOLS. Sie erkl\u00e4ren sich damit einverstanden, Marketingmitteilungen von uns und unseren Partnern zu erhalten, es sei denn, Sie teilen uns mit, dass Sie solche Mitteilungen nicht erhalten m\u00f6chten. Wenn Sie keine Marketingmitteilungen von uns erhalten m\u00f6chten, geben Sie einfach Ihre Pr\u00e4ferenz an, indem Sie den Anweisungen folgen, die in der Mitteilung enthalten sind.<\/p>\n<p>Sie d\u00fcrfen unsere Website oder unsere Kommunikationstools nicht zum Sammeln von Adressen, zum Versenden von Spam oder f\u00fcr andere Verst\u00f6\u00dfe gegen unsere Nutzungsbedingungen oder Datenschutzrichtlinien verwenden. Wir k\u00f6nnen Nachrichten, die \u00fcber unsere Kommunikationstools gesendet werden, automatisch scannen und manuell auf b\u00f6sartige Aktivit\u00e4ten oder verbotene Inhalte filtern, aber wir speichern solche Nachrichten nicht dauerhaft. Wenn Sie unsere Tools verwenden, um Inhalte an einen Freund zu senden, speichern wir die Adressen Ihrer Freunde nicht dauerhaft und verwenden oder geben sie nicht f\u00fcr Marketingzwecke weiter. Um Spam von anderen Nutzern zu melden, wenden Sie sich bitte an den Kundendienst.<\/p>\n<p>ZUGANG, \u00c4NDERUNG, L\u00d6SCHUNG UND EINSPRUCH. Sie k\u00f6nnen auf die meisten Ihrer pers\u00f6nlichen Daten zugreifen, sie \u00e4ndern, l\u00f6schen oder der Verarbeitung dieser pers\u00f6nlichen Daten widersprechen, indem Sie Ihr Posting oder Ihre Kontostatusseite \u00fcberpr\u00fcfen. Wenden Sie sich an den Kundendienst, um alle pers\u00f6nlichen Daten einzusehen, die wir speichern und die nicht auf SotograndeGuide.com verf\u00fcgbar sind. F\u00fcr solche Anfragen k\u00f6nnen Geb\u00fchren anfallen, die jedoch die gesetzlich zul\u00e4ssigen Betr\u00e4ge nicht \u00fcberschreiten werden. Wir l\u00f6schen pers\u00f6nliche Daten, wenn wir sie nicht mehr f\u00fcr die oben beschriebenen Zwecke ben\u00f6tigen. Wir speichern personenbezogene Daten, soweit dies gesetzlich zul\u00e4ssig ist, um Streitigkeiten beizulegen, unsere Richtlinien durchzusetzen und zu verhindern, dass b\u00f6se Buben zur\u00fcckkommen.<\/p>\n<p>SICHERHEIT. Wir verwenden viele Instrumente (Verschl\u00fcsselung, Passw\u00f6rter, physische Sicherheit), um Ihre pers\u00f6nlichen Daten vor unbefugtem Zugriff und Offenlegung zu sch\u00fctzen, aber wie Sie wahrscheinlich wissen, ist nichts perfekt, so dass wir keine Garantien geben.<\/p>\n<p>ALLGEMEINES. Wir k\u00f6nnen diese Richtlinie jederzeit aktualisieren, wobei Aktualisierungen in Kraft treten, wenn Sie SotograndeGuide.com das n\u00e4chste Mal nutzen oder nach 30 Tagen, je nachdem, was fr\u00fcher eintritt. Wenn wir oder unsere Tochtergesellschaften in eine Fusion oder \u00dcbernahme involviert sind, k\u00f6nnen wir pers\u00f6nliche Daten mit einem anderen Unternehmen teilen, aber diese Richtlinie wird weiterhin gelten. Senden Sie Fragen zu dieser Richtlinie an den Kundensupport.<\/p>","protected":false},"excerpt":{"rendered":"<p>Diese Datenschutzerkl\u00e4rung beschreibt, wie wir mit den von unseren Nutzern bereitgestellten personenbezogenen Daten umgehen. Wir sammeln, speichern in Dateien, verwenden und teilen solche pers\u00f6nlichen Daten, um das Funktionieren der Website SotograndeGuide.com (\"SotograndeGuide.com\") zu unterst\u00fctzen und um sie sicher zu halten (Details unten). SotograndeGuide.com handelt selbst und durch seine Tochtergesellschaften, ist der \"Datenverantwortliche\" dieser pers\u00f6nlichen Daten. ... <a title=\"Datenschutz\" class=\"read-more\" href=\"https:\/\/www.sotograndeguide.com\/de\/privacy\/\" aria-label=\"Mehr Informationen zum Datenschutz\">Mehr lesen<\/a><\/p>","protected":false},"author":1,"featured_media":0,"parent":0,"menu_order":0,"comment_status":"closed","ping_status":"closed","template":"","meta":{"footnotes":""},"class_list":["post-1257","page","type-page","status-publish"],"yoast_head":"<!-- This site is optimized with the Yoast SEO Premium plugin v20.5 (Yoast SEO v27.5) - https:\/\/yoast.com\/product\/yoast-seo-premium-wordpress\/ -->\n<title>Privacy<\/title>\n<meta name=\"robots\" content=\"index, follow, max-snippet:-1, max-image-preview:large, max-video-preview:-1\" \/>\n<link rel=\"canonical\" href=\"https:\/\/www.sotograndeguide.com\/de\/datenschutz\/\" \/>\n<meta property=\"og:locale\" content=\"de_DE\" \/>\n<meta property=\"og:type\" content=\"article\" \/>\n<meta property=\"og:title\" content=\"Privacy\" \/>\n<meta property=\"og:description\" content=\"This privacy policy describes how we handle the personal data provided by our users. We collect, store in data files, use, and share such personal data to help the SotograndeGuide.com website (\u201cSotograndeGuide.com\u201d) work and to keep it safe (details below). SotograndeGuide.com acting itself and through its subsidiaries, is the \u201cdata controller\u201d of such personal data. ... Read more\" \/>\n<meta property=\"og:url\" content=\"https:\/\/www.sotograndeguide.com\/de\/datenschutz\/\" \/>\n<meta property=\"og:site_name\" content=\"Sotogrande Guide\" \/>\n<meta property=\"article:publisher\" content=\"https:\/\/www.facebook.com\/sotograndeguide\" \/>\n<meta property=\"og:image\" content=\"https:\/\/www.sotograndeguide.com\/wp-content\/uploads\/2017\/03\/Sotogrande-Logo-GUIDE.png\" \/>\n\t<meta property=\"og:image:width\" content=\"300\" \/>\n\t<meta property=\"og:image:height\" content=\"300\" \/>\n\t<meta property=\"og:image:type\" content=\"image\/png\" \/>\n<meta name=\"twitter:card\" content=\"summary_large_image\" \/>\n<meta name=\"twitter:site\" content=\"@sotograndeguide\" \/>\n<meta name=\"twitter:label1\" content=\"Gesch\u00e4tzte Lesezeit\" \/>\n\t<meta name=\"twitter:data1\" content=\"4\u00a0Minuten\" \/>\n<!-- \/ Yoast SEO Premium plugin. -->","yoast_head_json":{"title":"Datenschutz","robots":{"index":"index","follow":"follow","max-snippet":"max-snippet:-1","max-image-preview":"max-image-preview:large","max-video-preview":"max-video-preview:-1"},"canonical":"https:\/\/www.sotograndeguide.com\/de\/datenschutz\/","og_locale":"de_DE","og_type":"article","og_title":"Privacy","og_description":"This privacy policy describes how we handle the personal data provided by our users. We collect, store in data files, use, and share such personal data to help the SotograndeGuide.com website (\u201cSotograndeGuide.com\u201d) work and to keep it safe (details below). SotograndeGuide.com acting itself and through its subsidiaries, is the \u201cdata controller\u201d of such personal data. ... Read more","og_url":"https:\/\/www.sotograndeguide.com\/de\/datenschutz\/","og_site_name":"Sotogrande Guide","article_publisher":"https:\/\/www.facebook.com\/sotograndeguide","og_image":[{"width":300,"height":300,"url":"https:\/\/www.sotograndeguide.com\/wp-content\/uploads\/2017\/03\/Sotogrande-Logo-GUIDE.png","type":"image\/png"}],"twitter_card":"summary_large_image","twitter_site":"@sotograndeguide","twitter_misc":{"Gesch\u00e4tzte Lesezeit":"4\u00a0Minuten"},"schema":{"@context":"https:\/\/schema.org","@graph":[{"@type":"WebPage","@id":"https:\/\/www.sotograndeguide.com\/privacy\/","url":"https:\/\/www.sotograndeguide.com\/privacy\/","name":"Datenschutz","isPartOf":{"@id":"https:\/\/www.sotograndeguide.com\/#website"},"datePublished":"2017-02-01T09:26:09+00:00","breadcrumb":{"@id":"https:\/\/www.sotograndeguide.com\/privacy\/#breadcrumb"},"inLanguage":"de","potentialAction":[{"@type":"ReadAction","target":["https:\/\/www.sotograndeguide.com\/privacy\/"]}]},{"@type":"BreadcrumbList","@id":"https:\/\/www.sotograndeguide.com\/privacy\/#breadcrumb","itemListElement":[{"@type":"ListItem","position":1,"name":"Home","item":"https:\/\/www.sotograndeguide.com\/"},{"@type":"ListItem","position":2,"name":"Privacy"}]},{"@type":"WebSite","@id":"https:\/\/www.sotograndeguide.com\/#website","url":"https:\/\/www.sotograndeguide.com\/","name":"Sotogrande Reisef\u00fchrer","description":"Nachrichten, Tipps, Veranstaltungen und Rezensionen","publisher":{"@id":"https:\/\/www.sotograndeguide.com\/#organization"},"potentialAction":[{"@type":"SearchAction","target":{"@type":"EntryPoint","urlTemplate":"https:\/\/www.sotograndeguide.com\/?s={search_term_string}"},"query-input":{"@type":"PropertyValueSpecification","valueRequired":true,"valueName":"search_term_string"}}],"inLanguage":"de"},{"@type":"Organization","@id":"https:\/\/www.sotograndeguide.com\/#organization","name":"Sotogrande Reisef\u00fchrer","url":"https:\/\/www.sotograndeguide.com\/","logo":{"@type":"ImageObject","inLanguage":"de","@id":"https:\/\/www.sotograndeguide.com\/#\/schema\/logo\/image\/","url":"https:\/\/www.sotograndeguide.com\/wp-content\/uploads\/2017\/03\/Sotogrande-Logo-GUIDE.png","contentUrl":"https:\/\/www.sotograndeguide.com\/wp-content\/uploads\/2017\/03\/Sotogrande-Logo-GUIDE.png","width":300,"height":300,"caption":"Sotogrande Guide"},"image":{"@id":"https:\/\/www.sotograndeguide.com\/#\/schema\/logo\/image\/"},"sameAs":["https:\/\/www.facebook.com\/sotograndeguide","https:\/\/x.com\/sotograndeguide","https:\/\/www.tiktok.com\/@sotograndeguide","https:\/\/www.youtube.com\/@SotograndeGuide"]}]}},"jetpack_sharing_enabled":true,"_links":{"self":[{"href":"https:\/\/www.sotograndeguide.com\/de\/wp-json\/wp\/v2\/pages\/1257","targetHints":{"allow":["GET"]}}],"collection":[{"href":"https:\/\/www.sotograndeguide.com\/de\/wp-json\/wp\/v2\/pages"}],"about":[{"href":"https:\/\/www.sotograndeguide.com\/de\/wp-json\/wp\/v2\/types\/page"}],"author":[{"embeddable":true,"href":"https:\/\/www.sotograndeguide.com\/de\/wp-json\/wp\/v2\/users\/1"}],"replies":[{"embeddable":true,"href":"https:\/\/www.sotograndeguide.com\/de\/wp-json\/wp\/v2\/comments?post=1257"}],"version-history":[{"count":0,"href":"https:\/\/www.sotograndeguide.com\/de\/wp-json\/wp\/v2\/pages\/1257\/revisions"}],"wp:attachment":[{"href":"https:\/\/www.sotograndeguide.com\/de\/wp-json\/wp\/v2\/media?parent=1257"}],"curies":[{"name":"wp","href":"https:\/\/api.w.org\/{rel}","templated":true}]}}