{"id":101,"date":"2017-01-30T19:12:23","date_gmt":"2017-01-30T19:12:23","guid":{"rendered":"http:\/\/www.sotograndeguide.com\/?page_id=101"},"modified":"2019-01-28T21:23:35","modified_gmt":"2019-01-28T21:23:35","slug":"sotogrande-nutzliche-informationen","status":"publish","type":"page","link":"https:\/\/www.sotograndeguide.com\/de\/sotogrande-useful-info\/","title":{"rendered":"Sotogrande N\u00fctzliche Informationen"},"content":{"rendered":"<p>Wenn Sie gerade erst nach Sotogrande gezogen sind, empfehlen wir Ihnen, sich die folgenden Telefonnummern zu merken. Sie enthalten die wichtigsten Kontakte f\u00fcr Notf\u00e4lle oder f\u00fcr besondere Orte von Interesse in und um Sotogrande:<\/p>\n<p>Sicherheit Paniagua 956795194<br \/>\nSicherheit Soto Alto 956795165<br \/>\nSicherheit Sotogrande 956794191<br \/>\nSicherheit Marina 956790100<br \/>\nKontrollturm Hafen 956790000<\/p>\n<p>Postamt Sotogrande Hafen 956790040<br \/>\nPostamt Guadiaro Pueblo 956614074<\/p>\n<p>Notf\u00e4lle 112<br \/>\nNationale Polizei 091<br \/>\nLokale Polizei 956682174<br \/>\nGuardia Civil 062 oder 956794304<br \/>\nFeuerwehr 085<br \/>\nGesundheitliche Notf\u00e4lle 061<br \/>\nMedizinisches Zentrum San Enrique 24h 902505061 oder 956615199<br \/>\nMedizinisches Zentrum Guadiaro 956614040<br \/>\nRotes Kreuz 956684896<\/p>\n<p style=\"text-align: center;\">Vermissen Sie etwas? Nehmen Sie Kontakt mit SotograndeGuide.com auf!<\/p>\n\n<div class=\"wpcf7 no-js\" id=\"wpcf7-f38-o1\" lang=\"en-US\" dir=\"ltr\" data-wpcf7-id=\"38\">\n<div class=\"screen-reader-response\"><p role=\"status\" aria-live=\"polite\" aria-atomic=\"true\"><\/p> <ul><\/ul><\/div>\n<form action=\"\/de\/wp-json\/wp\/v2\/pages\/101#wpcf7-f38-o1\" method=\"post\" class=\"wpcf7-form init\" aria-label=\"Kontakt-Formular\" novalidate=\"novalidate\" data-status=\"init\" data-trp-original-action=\"\/de\/wp-json\/wp\/v2\/pages\/101#wpcf7-f38-o1\">\n<fieldset class=\"hidden-fields-container\"><input type=\"hidden\" name=\"_wpcf7\" value=\"38\" \/><input type=\"hidden\" name=\"_wpcf7_version\" value=\"6.1.5\" \/><input type=\"hidden\" name=\"_wpcf7_locale\" value=\"en_US\" \/><input type=\"hidden\" name=\"_wpcf7_unit_tag\" value=\"wpcf7-f38-o1\" \/><input type=\"hidden\" name=\"_wpcf7_container_post\" value=\"0\" \/><input type=\"hidden\" name=\"_wpcf7_posted_data_hash\" value=\"\" \/><input type=\"hidden\" name=\"_wpcf7_recaptcha_response\" value=\"\" \/>\n<\/fieldset>\n<div id=\"responsive-form\" class=\"clearfix\">\n\t<div class=\"form-row\">\n\t\t<div class=\"column-half\">\n\t\t\t<p><span class=\"wpcf7-form-control-wrap\" data-name=\"your-name\"><input size=\"40\" maxlength=\"400\" class=\"wpcf7-form-control wpcf7-text wpcf7-validates-as-required cf7r-fb-first-name\" aria-required=\"true\" aria-invalid=\"false\" placeholder=\"Vorname\" value=\"\" type=\"text\" name=\"your-name\" \/><\/span>\n\t\t\t<\/p>\n\t\t<\/div>\n\t\t<div class=\"column-half\">\n\t\t\t<p><span class=\"wpcf7-form-control-wrap\" data-name=\"your-surname\"><input size=\"40\" maxlength=\"400\" class=\"wpcf7-form-control wpcf7-text wpcf7-validates-as-required cf7r-fb-last-name\" aria-required=\"true\" aria-invalid=\"false\" placeholder=\"Nachname\" value=\"\" type=\"text\" name=\"your-surname\" \/><\/span>\n\t\t\t<\/p>\n\t\t<\/div>\n\t<\/div>\n\t<div class=\"form-row\">\n\t\t<div class=\"column-half\">\n\t\t\t<p><span class=\"wpcf7-form-control-wrap\" data-name=\"your-email\"><input size=\"40\" maxlength=\"400\" class=\"wpcf7-form-control wpcf7-email wpcf7-validates-as-required wpcf7-text wpcf7-validates-as-email cf7r-fb-email\" aria-required=\"true\" aria-invalid=\"false\" placeholder=\"Deine E-Mail\" value=\"\" type=\"email\" name=\"your-email\" \/><\/span>\n\t\t\t<\/p>\n\t\t<\/div>\n\t\t<div class=\"column-half\">\n\t\t\t<p><span class=\"wpcf7-form-control-wrap your-tel\"><input class=\"wpcf7-form-control wpcf7-intl_tel wpcf7-intl-tel\" aria-invalid=\"false\" placeholder=\"Ihr Telefon\" size=\"40\" value=\"\" type=\"tel\" name=\"your-tel-cf7it-national\" \/><input name=\"your-tel\" type=\"hidden\" class=\"wpcf7-intl-tel-full\" \/><input type=\"hidden\" name=\"your-tel-cf7it-country-name\" class=\"wpcf7-intl-tel-country-name\" \/><input type=\"hidden\" name=\"your-tel-cf7it-country-code\" class=\"wpcf7-intl-tel-country-code\" \/><\/span>\n\t\t\t<\/p>\n\t\t<\/div>\n\t<\/div>\n\t<div class=\"form-row\">\n\t\t<div class=\"column-full\">\n\t\t\t<p><span class=\"wpcf7-form-control-wrap\" data-name=\"your-message\"><textarea cols=\"10\" rows=\"10\" maxlength=\"2000\" class=\"wpcf7-form-control wpcf7-textarea\" aria-invalid=\"false\" placeholder=\"Haben Sie Fragen oder besondere W\u00fcnsche? Nennen Sie sie hier...\" name=\"your-message\"><\/textarea><\/span>\n\t\t\t<\/p>\n\t\t<\/div>\n\t<\/div>\n\t<div class=\"form-row\">\n\t\t<div class=\"column-full\">\n\t\t\t<p><input class=\"wpcf7-form-control wpcf7-submit has-spinner\" type=\"submit\" value=\"Meine Anfrage jetzt abschicken\" \/>\n\t\t\t<\/p>\n\t\t<\/div>\n\t<\/div>\n<\/div><!--end responsive-form-->\n<p style=\"text-align: center;\"><small>Diese Website ist durch reCAPTCHA und das Google <a href=\"https:\/\/policies.google.com\/privacy\">Datenschutzbestimmungen<\/a> und <a href=\"https:\/\/policies.google.com\/terms\">Bedingungen der Dienstleistung<\/a> anwenden.<\/small>\n<\/p><div class=\"wpcf7-response-output\" aria-hidden=\"true\"><\/div>\n<input type=\"hidden\" name=\"trp-form-language\" value=\"de\"\/><\/form>\n<\/div>\n\n<p><a href= \"http:\/\/www.willgoto.com\">Weltreiseverzeichnis<\/a><\/p>","protected":false},"excerpt":{"rendered":"<p>Wenn Sie gerade erst nach Sotogrande gezogen sind, empfehlen wir Ihnen, sich die folgenden Telefonnummern zu notieren. Sie enthalten die wichtigsten Kontakte f\u00fcr Notf\u00e4lle oder f\u00fcr besondere Orte von Interesse in und um Sotogrande: Sicherheit Paniagua 956795194 Sicherheit Soto Alto 956795165 Sicherheit Sotogrande 956794191 Sicherheit Marina 956790100 Kontrollturm Hafen 956790000 Post ... <a title=\"Sotogrande N\u00fctzliche Informationen\" class=\"read-more\" href=\"https:\/\/www.sotograndeguide.com\/de\/sotogrande-useful-info\/\" aria-label=\"Mehr Informationen \u00fcber Sotogrande N\u00fctzliche Infos\">Mehr lesen<\/a><\/p>","protected":false},"author":1,"featured_media":0,"parent":0,"menu_order":0,"comment_status":"closed","ping_status":"closed","template":"","meta":{"footnotes":""},"class_list":["post-101","page","type-page","status-publish"],"yoast_head":"<!-- This site is optimized with the Yoast SEO Premium plugin v20.5 (Yoast SEO v27.4) - https:\/\/yoast.com\/product\/yoast-seo-premium-wordpress\/ -->\n<title>Sotogrande Useful Info<\/title>\n<meta name=\"robots\" content=\"index, follow, max-snippet:-1, max-image-preview:large, max-video-preview:-1\" \/>\n<link rel=\"canonical\" href=\"https:\/\/www.sotograndeguide.com\/de\/sotogrande-nutzliche-informationen\/\" \/>\n<meta property=\"og:locale\" content=\"de_DE\" \/>\n<meta property=\"og:type\" content=\"article\" \/>\n<meta property=\"og:title\" content=\"Sotogrande Useful Info\" \/>\n<meta property=\"og:description\" content=\"If you have just moved to Sotogrande, we recommend you take note of the following telephone numbers, which include the most important contacts in case of emergencies or for special locations of interest, in and around Sotogrande: Security Paniagua 956795194 Security Soto Alto 956795165 Security Sotogrande 956794191 Security Marina 956790100 Control Tower Port 956790000 Post ... Read more\" \/>\n<meta property=\"og:url\" content=\"https:\/\/www.sotograndeguide.com\/de\/sotogrande-nutzliche-informationen\/\" \/>\n<meta property=\"og:site_name\" content=\"Sotogrande Guide\" \/>\n<meta property=\"article:publisher\" content=\"https:\/\/www.facebook.com\/sotograndeguide\" \/>\n<meta property=\"article:modified_time\" content=\"2019-01-28T21:23:35+00:00\" \/>\n<meta property=\"og:image\" content=\"https:\/\/www.sotograndeguide.com\/wp-content\/uploads\/2017\/03\/Sotogrande-Logo-GUIDE.png\" \/>\n\t<meta property=\"og:image:width\" content=\"300\" \/>\n\t<meta property=\"og:image:height\" content=\"300\" \/>\n\t<meta property=\"og:image:type\" content=\"image\/png\" \/>\n<meta name=\"twitter:card\" content=\"summary_large_image\" \/>\n<meta name=\"twitter:site\" content=\"@sotograndeguide\" \/>\n<!-- \/ Yoast SEO Premium plugin. -->","yoast_head_json":{"title":"Sotogrande N\u00fctzliche Informationen","robots":{"index":"index","follow":"follow","max-snippet":"max-snippet:-1","max-image-preview":"max-image-preview:large","max-video-preview":"max-video-preview:-1"},"canonical":"https:\/\/www.sotograndeguide.com\/de\/sotogrande-nutzliche-informationen\/","og_locale":"de_DE","og_type":"article","og_title":"Sotogrande Useful Info","og_description":"If you have just moved to Sotogrande, we recommend you take note of the following telephone numbers, which include the most important contacts in case of emergencies or for special locations of interest, in and around Sotogrande: Security Paniagua 956795194 Security Soto Alto 956795165 Security Sotogrande 956794191 Security Marina 956790100 Control Tower Port 956790000 Post ... Read more","og_url":"https:\/\/www.sotograndeguide.com\/de\/sotogrande-nutzliche-informationen\/","og_site_name":"Sotogrande Guide","article_publisher":"https:\/\/www.facebook.com\/sotograndeguide","article_modified_time":"2019-01-28T21:23:35+00:00","og_image":[{"width":300,"height":300,"url":"https:\/\/www.sotograndeguide.com\/wp-content\/uploads\/2017\/03\/Sotogrande-Logo-GUIDE.png","type":"image\/png"}],"twitter_card":"summary_large_image","twitter_site":"@sotograndeguide","schema":{"@context":"https:\/\/schema.org","@graph":[{"@type":"WebPage","@id":"https:\/\/www.sotograndeguide.com\/sotogrande-useful-info\/","url":"https:\/\/www.sotograndeguide.com\/sotogrande-useful-info\/","name":"Sotogrande N\u00fctzliche Informationen","isPartOf":{"@id":"https:\/\/www.sotograndeguide.com\/#website"},"datePublished":"2017-01-30T19:12:23+00:00","dateModified":"2019-01-28T21:23:35+00:00","breadcrumb":{"@id":"https:\/\/www.sotograndeguide.com\/sotogrande-useful-info\/#breadcrumb"},"inLanguage":"de","potentialAction":[{"@type":"ReadAction","target":["https:\/\/www.sotograndeguide.com\/sotogrande-useful-info\/"]}]},{"@type":"BreadcrumbList","@id":"https:\/\/www.sotograndeguide.com\/sotogrande-useful-info\/#breadcrumb","itemListElement":[{"@type":"ListItem","position":1,"name":"Home","item":"https:\/\/www.sotograndeguide.com\/"},{"@type":"ListItem","position":2,"name":"Sotogrande Useful Info"}]},{"@type":"WebSite","@id":"https:\/\/www.sotograndeguide.com\/#website","url":"https:\/\/www.sotograndeguide.com\/","name":"Sotogrande Reisef\u00fchrer","description":"Nachrichten, Tipps, Veranstaltungen und Rezensionen","publisher":{"@id":"https:\/\/www.sotograndeguide.com\/#organization"},"potentialAction":[{"@type":"SearchAction","target":{"@type":"EntryPoint","urlTemplate":"https:\/\/www.sotograndeguide.com\/?s={search_term_string}"},"query-input":{"@type":"PropertyValueSpecification","valueRequired":true,"valueName":"search_term_string"}}],"inLanguage":"de"},{"@type":"Organization","@id":"https:\/\/www.sotograndeguide.com\/#organization","name":"Sotogrande Reisef\u00fchrer","url":"https:\/\/www.sotograndeguide.com\/","logo":{"@type":"ImageObject","inLanguage":"de","@id":"https:\/\/www.sotograndeguide.com\/#\/schema\/logo\/image\/","url":"https:\/\/www.sotograndeguide.com\/wp-content\/uploads\/2017\/03\/Sotogrande-Logo-GUIDE.png","contentUrl":"https:\/\/www.sotograndeguide.com\/wp-content\/uploads\/2017\/03\/Sotogrande-Logo-GUIDE.png","width":300,"height":300,"caption":"Sotogrande Guide"},"image":{"@id":"https:\/\/www.sotograndeguide.com\/#\/schema\/logo\/image\/"},"sameAs":["https:\/\/www.facebook.com\/sotograndeguide","https:\/\/x.com\/sotograndeguide","https:\/\/www.tiktok.com\/@sotograndeguide","https:\/\/www.youtube.com\/@SotograndeGuide"]}]}},"jetpack_sharing_enabled":true,"_links":{"self":[{"href":"https:\/\/www.sotograndeguide.com\/de\/wp-json\/wp\/v2\/pages\/101","targetHints":{"allow":["GET"]}}],"collection":[{"href":"https:\/\/www.sotograndeguide.com\/de\/wp-json\/wp\/v2\/pages"}],"about":[{"href":"https:\/\/www.sotograndeguide.com\/de\/wp-json\/wp\/v2\/types\/page"}],"author":[{"embeddable":true,"href":"https:\/\/www.sotograndeguide.com\/de\/wp-json\/wp\/v2\/users\/1"}],"replies":[{"embeddable":true,"href":"https:\/\/www.sotograndeguide.com\/de\/wp-json\/wp\/v2\/comments?post=101"}],"version-history":[{"count":0,"href":"https:\/\/www.sotograndeguide.com\/de\/wp-json\/wp\/v2\/pages\/101\/revisions"}],"wp:attachment":[{"href":"https:\/\/www.sotograndeguide.com\/de\/wp-json\/wp\/v2\/media?parent=101"}],"curies":[{"name":"wp","href":"https:\/\/api.w.org\/{rel}","templated":true}]}}